{"id":3189,"date":"2025-12-16T02:55:32","date_gmt":"2025-12-16T02:55:32","guid":{"rendered":"https:\/\/www.robotlawnsmower.com\/?post_type=product&#038;p=3189"},"modified":"2025-12-18T03:44:20","modified_gmt":"2025-12-18T03:44:20","slug":"daljinsko-upravljanje-dvokrilna-kosilnica-z-nicelnim-obracanjem-na-gosenicah-1000-mm","status":"publish","type":"product","link":"https:\/\/www.robotlawnsmower.com\/sl\/product\/remote-control-twin-blade-zero-turn-mower-on-tracks-1000mm\/","title":{"rendered":"Daljinsko upravljanje Dvojno rezilo kosilnica z ni\u010delnim obra\u010danjem na gosenicah 1100 mm"},"content":{"rendered":"<div data-elementor-type=\"product-post\" data-elementor-id=\"3189\" class=\"elementor elementor-3189\" data-elementor-post-type=\"product\">\n\t\t\t\t\t\t<section class=\"elementor-section elementor-top-section elementor-element elementor-element-947b6ce elementor-section-boxed elementor-section-height-default elementor-section-height-default\" data-id=\"947b6ce\" data-element_type=\"section\" data-e-type=\"section\">\n\t\t\t\t\t\t<div class=\"elementor-container elementor-column-gap-default\">\n\t\t\t\t\t<div class=\"elementor-column elementor-col-100 elementor-top-column elementor-element elementor-element-9a70de4\" data-id=\"9a70de4\" data-element_type=\"column\" data-e-type=\"column\">\n\t\t\t<div class=\"elementor-widget-wrap elementor-element-populated\">\n\t\t\t\t\t\t<div class=\"elementor-element elementor-element-0c15f7e elementor-widget elementor-widget-heading\" data-id=\"0c15f7e\" data-element_type=\"widget\" data-e-type=\"widget\" data-widget_type=\"heading.default\">\n\t\t\t\t<div class=\"elementor-widget-container\">\n\t\t\t\t\t<h2 class=\"elementor-heading-title elementor-size-default\">Predstavljamo prihodnost nege travnikov: najbolj\u0161a komercialna kosilnica z ni\u010delnim obra\u010danjem na gosenicah, z dvojnim rezilom<\/h2>\t\t\t\t<\/div>\n\t\t\t\t<\/div>\n\t\t\t\t<div class=\"elementor-element elementor-element-cf09778 elementor-widget elementor-widget-text-editor\" data-id=\"cf09778\" data-element_type=\"widget\" data-e-type=\"widget\" data-widget_type=\"text-editor.default\">\n\t\t\t\t<div class=\"elementor-widget-container\">\n\t\t\t\t\t\t\t\t\t<p>Ste utrujeni od neskon\u010dnih ur pod soncem, ko potiskate in manevrirate tradicionalno kosilnico po svojem vrtu? Poslovite se od ro\u010dnega dela in pozdravite prihodnost nege travnika z na\u0161im revolucionarnim daljinskim upravljalnikom z dvojnim rezilom. <a class=\"wpil_keyword_link\" title=\"Zero Turn Kosilnica\" href=\"https:\/\/www.robotlawnsmower.com\/sl\/product\/gosenicna-zero-turn-rc-vrtna-kosilnica-1000-mm-16-km\/\" target=\"_blank\" rel=\"noopener\" data-wpil-keyword-link=\"linked\">Zero Turn Kosilnica<\/a> na progah.<\/p><p>Minili so dnevi boja z zajetnimi stroji in omejenimi manevrskimi sposobnostmi. Na\u0161a inovativna najbolj\u0161a komercialna kosilnica z ni\u010delnim vrtenjem zdru\u017euje natan\u010dnost tehnologije daljinskega upravljanja z okretnostjo zmo\u017enosti ni\u010delnega vrtenja in stabilnostjo gosenic, kar vsaki\u010d zagotavlja vrhunsko izku\u0161njo ko\u0161nje.<\/p><p>Zakaj izbrati na\u0161e <a href=\"https:\/\/www.robotlawnsmower.com\/sl\/nega-trate-prihodnost-raziscite-kosilnice-z-nicelnim-obratom-na-daljinskem-upravljalniku-uvod\/\" target=\"_blank\">Dvojno rezilo komercialna kosilnica z ni\u010delnim obra\u010danjem<\/a><\/p><p>Predstavljajte si, da brez napora vodite svojo kosilnico okoli ovir, skozi ozke prostore in po neravnem terenu, vse iz udobja svojega doma. Z na\u0161im sistemom daljinskega upravljanja imate popoln nadzor nad hitrostjo, smerjo in vi\u0161ino reza, kar vam omogo\u010da doseganje rezultatov profesionalne kakovosti z minimalnim naporom.<\/p><p>A prednosti se tu ne kon\u010dajo. Z vklju\u010ditvijo gosenic v na\u0161o zasnovo smo odpravili omejitve tradicionalnih kosilnic na kolesih. Ne glede na to, ali se spopadate z <a href=\"https:\/\/www.robotlawnsmower.com\/sl\/kako-kositi-strma-pobocja\/\" title=\"Kako kositi strma pobo\u010dja\" target=\"_blank\" rel=\"noopener\"  data-wpil-monitor-id=\"14\">strma pobo\u010dja<\/a>, mokra trava ali neraven teren, na\u0161a kosilnica zagotavlja neprimerljivo stabilnost in oprijem, kar omogo\u010da gladko in enakomerno ko\u0161njo v vseh pogojih.<\/p><p>Poslovite se od napornega ro\u010dnega ko\u0161nje in pozdravite udobje tehnologije daljinskega upravljanja. Z na\u0161o kosilnico Zero Turn Mower na gosenicah, <a href=\"https:\/\/www.robotlawnsmower.com\/sl\/najbolje-ocenjena-rc-kosilnica-za-ucinkovito-nego-trate-in-zatiranje-plevela\/\" title=\"Najbolje ocenjena RC kosilnica za u\u010dinkovito nego trate in zatiranje plevela\" target=\"_blank\" rel=\"noopener\"  data-wpil-monitor-id=\"13\">skrb za trato \u0161e nikoli ni bila la\u017eja in u\u010dinkovitej\u0161a<\/a>. Porabite manj \u010dasa za delo in ve\u010d \u010dasa za u\u017eivanje na prostem, hkrati pa dose\u017eite popolnoma urejena travnika, ki bo zavidljiva za va\u0161e sosede.<\/p><p>Do\u017eivite prihodnost nege travnika \u017ee danes z na\u0161im <a class=\"wpil_keyword_link\" title=\"Kosilnica z ni\u010delnim vrtenjem na daljinskem upravljalniku na gosenicah\" href=\"https:\/\/www.robotlawnsmower.com\/sl\/product\/remote-control-zero-turn-mower-on-tracks-1000mm-20hp\/\" target=\"_blank\" rel=\"noopener\" data-wpil-keyword-link=\"linked\" data-wpil-monitor-id=\"10\">Daljinsko upravljanje Dvojno rezilo Zero Turn kosilnica na gosenicah<\/a>. \u010cas je, da revolucionarno spremenite na\u010din ko\u0161nje.<\/p>\t\t\t\t\t\t\t\t<\/div>\n\t\t\t\t<\/div>\n\t\t\t\t<div class=\"elementor-element elementor-element-91c747f elementor-widget elementor-widget-video\" data-id=\"91c747f\" data-element_type=\"widget\" data-e-type=\"widget\" data-settings=\"{&quot;youtube_url&quot;:&quot;https:\\\/\\\/youtu.be\\\/swKe5rc86To&quot;,&quot;video_type&quot;:&quot;youtube&quot;,&quot;controls&quot;:&quot;yes&quot;}\" data-widget_type=\"video.default\">\n\t\t\t\t<div class=\"elementor-widget-container\">\n\t\t\t\t\t\t\t<div class=\"elementor-wrapper elementor-open-inline\">\n\t\t\t<div class=\"elementor-video\"><\/div>\t\t<\/div>\n\t\t\t\t\t\t<\/div>\n\t\t\t\t<\/div>\n\t\t\t\t<div class=\"elementor-element elementor-element-0345354 elementor-widget elementor-widget-text-editor\" data-id=\"0345354\" data-element_type=\"widget\" data-e-type=\"widget\" data-widget_type=\"text-editor.default\">\n\t\t\t\t<div class=\"elementor-widget-container\">\n\t\t\t\t\t\t\t\t\t<h2>&nbsp;&nbsp; R1100 Daljinsko upravljanje komercialna kosilnica z dvojnim rezilom in ni\u010delnim obra\u010danjem na gosenicah parametri<\/h2>\n<ul>\n<li>Na\u010din zagona: elektri\u010dni<\/li>\n<li>Znamka motorja: Loncin Vertikalna os \u0161tiritaktni<\/li>\n<li>Nazivna mo\u010d: 20 KM, 25 KM, 27 KM<\/li>\n<li>\u0160irina reza: 1100 mm<\/li>\n<li>Vi\u0161ina reza: 20-180 mm<\/li>\n<li>Nastavitev vi\u0161ine rezila: 10-180 mm<\/li>\n<li>Hitrost hoje: 0-4,7 km\/h<\/li>\n<li>Najve\u010dji delovni naklon: 45\u00b0<\/li>\n<li>Na\u010din polnjenja: sistem samopolnjenja<\/li>\n<li>Na\u010din delovanja: Daljinski upravljalnik na hoji, na daljavo<\/li>\n<li>Na\u010din hoje: elektri\u010dni goseni\u010dar na lastni pogon<\/li>\n<li>N.W\/G.W: 300 kg\/370 kg<\/li>\n<li>Dimenzije: 1220*1400*620 mm<\/li>\n<li>Velikost paketa: 1270*1450*760 mm<\/li>\n<\/ul>\n<div data-id=\"2d1aae3\" data-element_type=\"widget\" data-widget_type=\"text-editor.default\">\n<div>\n<p><strong>Na\u0161 <a href=\"https:\/\/www.robotlawnsmower.com\/sl\/revolucionarni-vzpon-kosilnic-z-nicelnim-obratom-na-daljinskem-upravljanju-na-gosenicah\/\" target=\"_blank\">Daljinsko upravljanje Dvojno rezilo kosilnica z ni\u010delnim obra\u010danjem na gosenicah<\/a> imajo certifikat CE in so opremljeni z bencinskimi motorji, ki izpolnjujejo emisijske standarde Euro V za necestna vozila in EPA.<\/strong><\/p>\n<\/div>\n<\/div>\n<div data-id=\"2362afc\" data-element_type=\"widget\" data-widget_type=\"heading.default\">\n<div>\n<h2>R1100 Daljinsko upravljana komercialna kosilnica z ni\u010delnim obra\u010danjem na gosenicah, koliko povr\u0161ine lahko pokosi v eni uri?<\/h2>\n<\/div>\n<\/div>\n<div data-id=\"459e826\" data-element_type=\"widget\" data-widget_type=\"text-editor.default\">\n<div>\n<p>Serija R1100 <a class=\"wpil_keyword_link\" title=\"kosilnica na gosenicah z daljinskim upravljanjem\" href=\"https:\/\/www.robotlawnsmower.com\/sl\/product\/kosilnica-na-gosenicah-na-daljinsko-upravljanje-550-mm-9-0-km\/\" target=\"_blank\" rel=\"noopener\" data-wpil-keyword-link=\"linked\" data-wpil-monitor-id=\"9\">kosilnica na gosenicah z daljinskim upravljanjem<\/a> v eni uri pokosi 0,71 akra (2860 kvadratnih metrov).<\/p>\n<\/div>\n<\/div>\t\t\t\t\t\t\t\t<\/div>\n\t\t\t\t<\/div>\n\t\t\t\t\t<\/div>\n\t\t<\/div>\n\t\t\t\t\t<\/div>\n\t\t<\/section>\n\t\t\t\t<\/div>\n\t\t<style>\r\n.lwrp.link-whisper-related-posts{\r\n            \r\n            margin-bottom: 0px;\nmargin-left: 0px;\r\n        }\r\n        .lwrp .lwrp-title{\r\n            \r\n            \r\n        }.lwrp .lwrp-description{\r\n            \r\n            \r\n\r\n        }\r\n        .lwrp .lwrp-list-container{\r\n        }\r\n        .lwrp .lwrp-list-multi-container{\r\n            display: flex;\r\n        }\r\n        .lwrp .lwrp-list-double{\r\n            width: 48%;\r\n        }\r\n        .lwrp .lwrp-list-triple{\r\n            width: 32%;\r\n        }\r\n        .lwrp .lwrp-list-row-container{\r\n            display: flex;\r\n            justify-content: space-between;\r\n        }\r\n        .lwrp .lwrp-list-row-container .lwrp-list-item{\r\n            width: calc(50% - 20px);\r\n        }\r\n        .lwrp .lwrp-list-item:not(.lwrp-no-posts-message-item){\r\n            \r\n            margin-top: 0px;\nmargin-right: 0px;\nmargin-bottom: 0px;\nmargin-left: 0px;\r\n        }\r\n        .lwrp .lwrp-list-item img{\r\n            max-width: 100%;\r\n            height: auto;\r\n            object-fit: cover;\r\n            aspect-ratio: 1 \/ 1;\r\n        }\r\n        .lwrp .lwrp-list-item.lwrp-empty-list-item{\r\n            background: initial !important;\r\n        }\r\n        .lwrp .lwrp-list-item .lwrp-list-link .lwrp-list-link-title-text,\r\n        .lwrp .lwrp-list-item .lwrp-list-no-posts-message{\r\n            \r\n            \r\n            \r\n            \r\n        }@media screen and (max-width: 480px) {\r\n            .lwrp.link-whisper-related-posts{\r\n                \r\n                margin-bottom: 0px;\nmargin-left: 0px;\r\n            }\r\n            .lwrp .lwrp-title{\r\n                \r\n                \r\n            }.lwrp .lwrp-description{\r\n                \r\n                \r\n            }\r\n            .lwrp .lwrp-list-multi-container{\r\n                flex-direction: column;\r\n            }\r\n            .lwrp .lwrp-list-multi-container ul.lwrp-list{\r\n                margin-top: 0px;\r\n                margin-bottom: 0px;\r\n                padding-top: 0px;\r\n                padding-bottom: 0px;\r\n            }\r\n            .lwrp .lwrp-list-double,\r\n            .lwrp .lwrp-list-triple{\r\n                width: 100%;\r\n            }\r\n            .lwrp .lwrp-list-row-container{\r\n                justify-content: initial;\r\n                flex-direction: column;\r\n            }\r\n            .lwrp .lwrp-list-row-container .lwrp-list-item{\r\n                width: 100%;\r\n            }\r\n            .lwrp .lwrp-list-item:not(.lwrp-no-posts-message-item){\r\n                \r\n                margin-top: 0px;\nmargin-right: 0px;\nmargin-bottom: 0px;\nmargin-left: 0px;\r\n            }\r\n            .lwrp .lwrp-list-item .lwrp-list-link .lwrp-list-link-title-text,\r\n            .lwrp .lwrp-list-item .lwrp-list-no-posts-message{\r\n                \r\n                \r\n                \r\n                \r\n            };\r\n        }<\/style>\r\n<div id=\"link-whisper-related-posts-widget\" class=\"link-whisper-related-posts lwrp\">\r\n            <h4 class=\"lwrp-title\">Sorodne objave<\/h4>    \r\n        <div class=\"lwrp-list-container\">\r\n                                            <div class=\"lwrp-list-multi-container\">\r\n                    <ul class=\"lwrp-list lwrp-list-double lwrp-list-left\">\r\n                        <li class=\"lwrp-list-item\"><a href=\"https:\/\/www.robotlawnsmower.com\/sl\/kosilnica-na-daljinsko-upravljanje-z-4wd4wd-rc-kosilnico\/\" class=\"lwrp-list-link\"><span class=\"lwrp-list-link-title-text\">kosilnica na daljinsko upravljanje s 4WD, 4WD rc kosilnico<\/span><\/a><\/li><li class=\"lwrp-list-item\"><a href=\"https:\/\/www.robotlawnsmower.com\/sl\/kaj-je-daljinsko-vodena-kosilnica-za-travo\/\" class=\"lwrp-list-link\"><span class=\"lwrp-list-link-title-text\">Kaj je daljinsko vodena kosilnica za travo?<\/span><\/a><\/li>                    <\/ul>\r\n                    <ul class=\"lwrp-list lwrp-list-double lwrp-list-right\">\r\n                        <li class=\"lwrp-list-item\"><a href=\"https:\/\/www.robotlawnsmower.com\/sl\/znanje-o-novicah\/\" class=\"lwrp-list-link\"><span class=\"lwrp-list-link-title-text\">Blog<\/span><\/a><\/li><li class=\"lwrp-list-item\"><a href=\"https:\/\/www.robotlawnsmower.com\/sl\/nudimo-kosilnice-na-daljinsko-upravljanje-oem\/\" class=\"lwrp-list-link\"><span class=\"lwrp-list-link-title-text\">Ponujamo OEM kosilnice na daljinsko upravljanje<\/span><\/a><\/li>                    <\/ul>\r\n                <\/div>\r\n                        <\/div>\r\n<\/div>","protected":false},"excerpt":{"rendered":"<p>Revolucionirajte nego trate z na\u0161o najbolj\u0161o komercialno kosilnico z ni\u010delnim obratom na gosenicah. Z lahkoto manevrirajte na ozkih prostorih in neravnem terenu za profesionalne rezultate.<br \/>\nDaljinsko upravljanje Kosilnica z dvojnim rezilom in ni\u010delnim obra\u010danjem, pasovni pogon u\u010dinkovito podalj\u0161uje \u017eivljenjsko dobo motorja in zni\u017euje stro\u0161ke obratovanja.<\/p>","protected":false},"featured_media":3205,"comment_status":"open","ping_status":"closed","template":"","meta":{"site-sidebar-layout":"no-sidebar","site-content-layout":"","ast-site-content-layout":"full-width-container","site-content-style":"default","site-sidebar-style":"default","ast-global-header-display":"","ast-banner-title-visibility":"","ast-main-header-display":"","ast-hfb-above-header-display":"","ast-hfb-below-header-display":"","ast-hfb-mobile-header-display":"","site-post-title":"disabled","ast-breadcrumbs-content":"","ast-featured-img":"","footer-sml-layout":"","ast-disable-related-posts":"","theme-transparent-header-meta":"default","adv-header-id-meta":"","stick-header-meta":"default","header-above-stick-meta":"","header-main-stick-meta":"","header-below-stick-meta":"","astra-migrate-meta-layouts":"set","ast-page-background-enabled":"default","ast-page-background-meta":{"desktop":{"background-color":"var(--ast-global-color-4)","background-image":"","background-repeat":"repeat","background-position":"center center","background-size":"auto","background-attachment":"scroll","background-type":"","background-media":"","overlay-type":"","overlay-color":"","overlay-opacity":"","overlay-gradient":""},"tablet":{"background-color":"","background-image":"","background-repeat":"repeat","background-position":"center center","background-size":"auto","background-attachment":"scroll","background-type":"","background-media":"","overlay-type":"","overlay-color":"","overlay-opacity":"","overlay-gradient":""},"mobile":{"background-color":"","background-image":"","background-repeat":"repeat","background-position":"center center","background-size":"auto","background-attachment":"scroll","background-type":"","background-media":"","overlay-type":"","overlay-color":"","overlay-opacity":"","overlay-gradient":""}},"ast-content-background-meta":{"desktop":{"background-color":"var(--ast-global-color-5)","background-image":"","background-repeat":"repeat","background-position":"center center","background-size":"auto","background-attachment":"scroll","background-type":"","background-media":"","overlay-type":"","overlay-color":"","overlay-opacity":"","overlay-gradient":""},"tablet":{"background-color":"var(--ast-global-color-5)","background-image":"","background-repeat":"repeat","background-position":"center center","background-size":"auto","background-attachment":"scroll","background-type":"","background-media":"","overlay-type":"","overlay-color":"","overlay-opacity":"","overlay-gradient":""},"mobile":{"background-color":"var(--ast-global-color-5)","background-image":"","background-repeat":"repeat","background-position":"center center","background-size":"auto","background-attachment":"scroll","background-type":"","background-media":"","overlay-type":"","overlay-color":"","overlay-opacity":"","overlay-gradient":""}}},"product_brand":[],"product_cat":[96],"product_tag":[339,173,156,159,174,252,166,54,55,181,103,253,172,247,140,101,262,263,264,160,238,167,266,267,63,268,269,105,270,102,147,117,271,272,106,149,175,239,236,273,107,148,274,150,275,108,177,155,276,168,109,112,110,114],"class_list":{"0":"post-3189","1":"product","2":"type-product","3":"status-publish","4":"has-post-thumbnail","6":"product_cat-remote-mower-with-tracks-45-slope","7":"product_tag-best-commercial-zero-turn-mower","8":"product_tag-best-remote-control-lawn-mower","9":"product_tag-commercial-remote-control-lawn-mower","10":"product_tag-remote-control-lawn-mower-commercial","11":"product_tag-remote-control-mower-with-tracks","12":"product_tag-remote-control-riding-lawn-mower","13":"product_tag-remote-control-robot-lawn-mower","14":"product_tag-remote-control-track-lawn-mower","15":"product_tag-remote-control-track-mower","16":"product_tag-remote-control-tracked-lawn-mower","17":"product_tag-remote-control-tracked-mower","18":"product_tag-remote-control-tractor-lawn-mower","19":"product_tag-remote-control-zero-turn-lawn-mower","20":"product_tag-remote-controll-lawn-mower","21":"product_tag-remote-controlled-lawn-mower","22":"product_tag-remote-lawn-mower-with-tracks","23":"product_tag-remote-mower-on-tracks","24":"product_tag-remote-track-mower","25":"product_tag-robot-lawn-mower-on-tracks","26":"product_tag-robot-remote-control-lawn-mower","27":"product_tag-robot-tracked-lawn-mower","28":"product_tag-robotic-remote-control-lawn-mower","29":"product_tag-track-drive-zero-turn-mower","30":"product_tag-track-driven-lawn-mowe","31":"product_tag-track-lawn-mower","32":"product_tag-track-lawn-mower-for-sale","33":"product_tag-track-loader-mower","34":"product_tag-track-mower","35":"product_tag-track-mower-for-sale","36":"product_tag-track-remote-control-mower","37":"product_tag-track-zero-turn-mower","38":"product_tag-track-zero-turn-mower-tracker-lawn-mower-tracked-mower-tracks-for-lawn-mower-mower-with-tracks","39":"product_tag-tracked-brush-mower","40":"product_tag-tracked-flail-mower","41":"product_tag-tracked-lawn-mower","42":"product_tag-tracked-mower","43":"product_tag-tracked-remote-control-lawn-mower","44":"product_tag-tracked-robot-mower","45":"product_tag-tracked-slope-mower","46":"product_tag-tracked-zero-turn-lawn-mower","47":"product_tag-tracked-zero-turn-mower","48":"product_tag-tracker-lawn-mower","49":"product_tag-tracks-for-a-zero-turn-mower","50":"product_tag-tracks-for-lawn-mower","51":"product_tag-tracks-for-mower","52":"product_tag-tracks-for-zero-turn-mower","53":"product_tag-tracks-on-zero-turn-mower","54":"product_tag-wireless-remote-control-lawn-mower","55":"product_tag-zero-turn-lawn-mower-tracks","56":"product_tag-zero-turn-lawn-mower-with-tracks","57":"product_tag-zero-turn-mower-on-tracks","58":"product_tag-zero-turn-mower-tracks","59":"product_tag-zero-turn-mower-with-tracks","60":"product_tag-zero-turn-track-mower","61":"desktop-align-left","62":"tablet-align-left","63":"mobile-align-left","64":"ast-product-gallery-layout-horizontal-slider","65":"ast-product-single-variable","66":"ast-product-tabs-layout-horizontal","68":"first","69":"instock","70":"sale","71":"shipping-taxable","72":"purchasable","73":"product-type-variable","74":"has-default-attributes","75":"wvs-archive-product-wrapper"},"jetpack_sharing_enabled":true,"_links":{"self":[{"href":"https:\/\/www.robotlawnsmower.com\/sl\/wp-json\/wp\/v2\/product\/3189","targetHints":{"allow":["GET"]}}],"collection":[{"href":"https:\/\/www.robotlawnsmower.com\/sl\/wp-json\/wp\/v2\/product"}],"about":[{"href":"https:\/\/www.robotlawnsmower.com\/sl\/wp-json\/wp\/v2\/types\/product"}],"replies":[{"embeddable":true,"href":"https:\/\/www.robotlawnsmower.com\/sl\/wp-json\/wp\/v2\/comments?post=3189"}],"version-history":[{"count":12,"href":"https:\/\/www.robotlawnsmower.com\/sl\/wp-json\/wp\/v2\/product\/3189\/revisions"}],"predecessor-version":[{"id":3218,"href":"https:\/\/www.robotlawnsmower.com\/sl\/wp-json\/wp\/v2\/product\/3189\/revisions\/3218"}],"wp:featuredmedia":[{"embeddable":true,"href":"https:\/\/www.robotlawnsmower.com\/sl\/wp-json\/wp\/v2\/media\/3205"}],"wp:attachment":[{"href":"https:\/\/www.robotlawnsmower.com\/sl\/wp-json\/wp\/v2\/media?parent=3189"}],"wp:term":[{"taxonomy":"product_brand","embeddable":true,"href":"https:\/\/www.robotlawnsmower.com\/sl\/wp-json\/wp\/v2\/product_brand?post=3189"},{"taxonomy":"product_cat","embeddable":true,"href":"https:\/\/www.robotlawnsmower.com\/sl\/wp-json\/wp\/v2\/product_cat?post=3189"},{"taxonomy":"product_tag","embeddable":true,"href":"https:\/\/www.robotlawnsmower.com\/sl\/wp-json\/wp\/v2\/product_tag?post=3189"}],"curies":[{"name":"wp","href":"https:\/\/api.w.org\/{rel}","templated":true}]}}