{"id":2700,"date":"2025-02-10T09:49:04","date_gmt":"2025-02-10T09:49:04","guid":{"rendered":"https:\/\/www.robotlawnsmower.com\/?post_type=product&#038;p=2700"},"modified":"2025-12-11T00:56:19","modified_gmt":"2025-12-11T00:56:19","slug":"snezna-freza-na-daljinsko-upravljanje","status":"publish","type":"product","link":"https:\/\/www.robotlawnsmower.com\/sl\/product\/remote-control-snow-blower\/","title":{"rendered":"Sne\u017ena freza na daljinsko upravljanje"},"content":{"rendered":"<p>**Izkusite neprimerljivo udobje z na\u0161o daljinsko vodeno sne\u017eno frezo!**<\/p>\n<p>Ste utrujeni od mukotrpnega dela odstranjevanja snega? Ne i\u0161\u010dite ve\u010d! Na\u0161a daljinsko vodena sne\u017ena freza je tukaj, da spremeni va\u0161e zimske izku\u0161nje.<\/p>\n<p>Ta inovativni stroj zdru\u017euje vrhunsko tehnologijo z uporabniku prijazno zasnovo, kar vam omogo\u010da enostavno \u010di\u0161\u010denje snega iz udobja va\u0161ega doma. S samo nekaj preprostimi ukazi z daljinskega upravljalnika ta zmogljiva sne\u017ena freza za\u010dne delovati in brez truda odstrani sneg z dovozov, sprehajalnih poti in teras.<\/p>\n<p>Daljinski upravljalnik ponuja natan\u010den nadzor nad smerjo in hitrostjo sne\u017ene freze, kar zagotavlja u\u010dinkovito in natan\u010dno odstranjevanje snega. Ne glede na to, ali imate opravka z mo\u010dnim sne\u017eenjem ali le z rahlimi nalivi, ima na\u0161a sne\u017ena freza mo\u010d in okretnost za vse.<\/p>\n<p>Ta sne\u017ena freza je opremljena z robustnim motorjem in vzdr\u017eljivo konstrukcijo, zato je zgrajena tako, da prenese te\u017eke zime. Je zanesljiv, enostaven za vzdr\u017eevanje in zasnovan tako, da zagotavlja leta zanesljive storitve.<\/p>\n<p>Naj vam sneg ne moti ve\u010d \u017eivljenja. Nadgradite na na\u0161o daljinsko vodeno sne\u017eno frezo \u0161e danes in u\u017eivajte v svobodi in udobju, ki ga prina\u0161a. Poslovite se od lopatanja in pozdravite raj brez snega!<\/p>\n<style>\r\n.lwrp.link-whisper-related-posts{\r\n            \r\n            margin-bottom: 0px;\nmargin-left: 0px;\r\n        }\r\n        .lwrp .lwrp-title{\r\n            \r\n            \r\n        }.lwrp .lwrp-description{\r\n            \r\n            \r\n\r\n        }\r\n        .lwrp .lwrp-list-container{\r\n        }\r\n        .lwrp .lwrp-list-multi-container{\r\n            display: flex;\r\n        }\r\n        .lwrp .lwrp-list-double{\r\n            width: 48%;\r\n        }\r\n        .lwrp .lwrp-list-triple{\r\n            width: 32%;\r\n        }\r\n        .lwrp .lwrp-list-row-container{\r\n            display: flex;\r\n            justify-content: space-between;\r\n        }\r\n        .lwrp .lwrp-list-row-container .lwrp-list-item{\r\n            width: calc(50% - 20px);\r\n        }\r\n        .lwrp .lwrp-list-item:not(.lwrp-no-posts-message-item){\r\n            \r\n            margin-top: 0px;\nmargin-right: 0px;\nmargin-bottom: 0px;\nmargin-left: 0px;\r\n        }\r\n        .lwrp .lwrp-list-item img{\r\n            max-width: 100%;\r\n            height: auto;\r\n            object-fit: cover;\r\n            aspect-ratio: 1 \/ 1;\r\n        }\r\n        .lwrp .lwrp-list-item.lwrp-empty-list-item{\r\n            background: initial !important;\r\n        }\r\n        .lwrp .lwrp-list-item .lwrp-list-link .lwrp-list-link-title-text,\r\n        .lwrp .lwrp-list-item .lwrp-list-no-posts-message{\r\n            \r\n            \r\n            \r\n            \r\n        }@media screen and (max-width: 480px) {\r\n            .lwrp.link-whisper-related-posts{\r\n                \r\n                margin-bottom: 0px;\nmargin-left: 0px;\r\n            }\r\n            .lwrp .lwrp-title{\r\n                \r\n                \r\n            }.lwrp .lwrp-description{\r\n                \r\n                \r\n            }\r\n            .lwrp .lwrp-list-multi-container{\r\n                flex-direction: column;\r\n            }\r\n            .lwrp .lwrp-list-multi-container ul.lwrp-list{\r\n                margin-top: 0px;\r\n                margin-bottom: 0px;\r\n                padding-top: 0px;\r\n                padding-bottom: 0px;\r\n            }\r\n            .lwrp .lwrp-list-double,\r\n            .lwrp .lwrp-list-triple{\r\n                width: 100%;\r\n            }\r\n            .lwrp .lwrp-list-row-container{\r\n                justify-content: initial;\r\n                flex-direction: column;\r\n            }\r\n            .lwrp .lwrp-list-row-container .lwrp-list-item{\r\n                width: 100%;\r\n            }\r\n            .lwrp .lwrp-list-item:not(.lwrp-no-posts-message-item){\r\n                \r\n                margin-top: 0px;\nmargin-right: 0px;\nmargin-bottom: 0px;\nmargin-left: 0px;\r\n            }\r\n            .lwrp .lwrp-list-item .lwrp-list-link .lwrp-list-link-title-text,\r\n            .lwrp .lwrp-list-item .lwrp-list-no-posts-message{\r\n                \r\n                \r\n                \r\n                \r\n            };\r\n        }<\/style>\r\n<div id=\"link-whisper-related-posts-widget\" class=\"link-whisper-related-posts lwrp\">\r\n            <h4 class=\"lwrp-title\">Sorodne objave<\/h4>    \r\n        <div class=\"lwrp-list-container\">\r\n                                            <div class=\"lwrp-list-multi-container\">\r\n                    <ul class=\"lwrp-list lwrp-list-double lwrp-list-left\">\r\n                        <li class=\"lwrp-list-item\"><a href=\"https:\/\/www.robotlawnsmower.com\/sl\/vozicek\/\" class=\"lwrp-list-link\"><span class=\"lwrp-list-link-title-text\">Vozi\u010dek<\/span><\/a><\/li><li class=\"lwrp-list-item\"><a href=\"https:\/\/www.robotlawnsmower.com\/sl\/zahtevajte-ponudbo\/\" class=\"lwrp-list-link\"><span class=\"lwrp-list-link-title-text\">Zahtevajte ponudbo<\/span><\/a><\/li>                    <\/ul>\r\n                    <ul class=\"lwrp-list lwrp-list-double lwrp-list-right\">\r\n                        <li class=\"lwrp-list-item\"><a href=\"https:\/\/www.robotlawnsmower.com\/sl\/product\/gosenicna-zero-turn-rc-vrtna-kosilnica-1000-mm-16-km\/\" class=\"lwrp-list-link\"><img width=\"1024\" height=\"1024\" src=\"https:\/\/www.robotlawnsmower.com\/wp-content\/uploads\/2024\/01\/Gasoline_Remote_Control_Crawler_Lawn_Mower_R550-L196_edited_1.png\" class=\"attachment- size- wvs-archive-product-image wp-post-image\" alt=\"\" srcset=\"https:\/\/www.robotlawnsmower.com\/wp-content\/uploads\/2024\/01\/Gasoline_Remote_Control_Crawler_Lawn_Mower_R550-L196_edited_1.png 1024w, https:\/\/www.robotlawnsmower.com\/wp-content\/uploads\/2024\/01\/Gasoline_Remote_Control_Crawler_Lawn_Mower_R550-L196_edited_1-300x300.png 300w, https:\/\/www.robotlawnsmower.com\/wp-content\/uploads\/2024\/01\/Gasoline_Remote_Control_Crawler_Lawn_Mower_R550-L196_edited_1-100x100.png 100w, https:\/\/www.robotlawnsmower.com\/wp-content\/uploads\/2024\/01\/Gasoline_Remote_Control_Crawler_Lawn_Mower_R550-L196_edited_1-600x600.png 600w, https:\/\/www.robotlawnsmower.com\/wp-content\/uploads\/2024\/01\/Gasoline_Remote_Control_Crawler_Lawn_Mower_R550-L196_edited_1-150x150.png 150w, https:\/\/www.robotlawnsmower.com\/wp-content\/uploads\/2024\/01\/Gasoline_Remote_Control_Crawler_Lawn_Mower_R550-L196_edited_1-768x768.png 768w\" sizes=\"(max-width: 1024px) 100vw, 1024px\" \/><br><span class=\"lwrp-list-link-title-text\">Goseni\u010dna zero-rot rc vrtna kosilnica 1000 mm 16HP<\/span><\/a><\/li><li class=\"lwrp-list-item\"><a href=\"https:\/\/www.robotlawnsmower.com\/sl\/kako-daljinsko-vodena-24v-kosilnica-kosi-travo\/\" class=\"lwrp-list-link\"><span class=\"lwrp-list-link-title-text\">Kako daljinsko vodena 24V kosilnica kosi travo?<\/span><\/a><\/li>                    <\/ul>\r\n                <\/div>\r\n                        <\/div>\r\n<\/div>","protected":false},"excerpt":{"rendered":"<p>Izkusite neprimerljivo udobje z na\u0161o daljinsko vodeno sne\u017eno frezo!<\/p>","protected":false},"featured_media":2699,"comment_status":"closed","ping_status":"closed","template":"","meta":{"site-sidebar-layout":"default","site-content-layout":"","ast-site-content-layout":"default","site-content-style":"default","site-sidebar-style":"default","ast-global-header-display":"","ast-banner-title-visibility":"","ast-main-header-display":"","ast-hfb-above-header-display":"","ast-hfb-below-header-display":"","ast-hfb-mobile-header-display":"","site-post-title":"","ast-breadcrumbs-content":"","ast-featured-img":"","footer-sml-layout":"","ast-disable-related-posts":"","theme-transparent-header-meta":"default","adv-header-id-meta":"","stick-header-meta":"default","header-above-stick-meta":"","header-main-stick-meta":"","header-below-stick-meta":"","astra-migrate-meta-layouts":"set","ast-page-background-enabled":"default","ast-page-background-meta":{"desktop":{"background-color":"var(--ast-global-color-4)","background-image":"","background-repeat":"repeat","background-position":"center center","background-size":"auto","background-attachment":"scroll","background-type":"","background-media":"","overlay-type":"","overlay-color":"","overlay-opacity":"","overlay-gradient":""},"tablet":{"background-color":"","background-image":"","background-repeat":"repeat","background-position":"center center","background-size":"auto","background-attachment":"scroll","background-type":"","background-media":"","overlay-type":"","overlay-color":"","overlay-opacity":"","overlay-gradient":""},"mobile":{"background-color":"","background-image":"","background-repeat":"repeat","background-position":"center center","background-size":"auto","background-attachment":"scroll","background-type":"","background-media":"","overlay-type":"","overlay-color":"","overlay-opacity":"","overlay-gradient":""}},"ast-content-background-meta":{"desktop":{"background-color":"var(--ast-global-color-5)","background-image":"","background-repeat":"repeat","background-position":"center center","background-size":"auto","background-attachment":"scroll","background-type":"","background-media":"","overlay-type":"","overlay-color":"","overlay-opacity":"","overlay-gradient":""},"tablet":{"background-color":"var(--ast-global-color-5)","background-image":"","background-repeat":"repeat","background-position":"center center","background-size":"auto","background-attachment":"scroll","background-type":"","background-media":"","overlay-type":"","overlay-color":"","overlay-opacity":"","overlay-gradient":""},"mobile":{"background-color":"var(--ast-global-color-5)","background-image":"","background-repeat":"repeat","background-position":"center center","background-size":"auto","background-attachment":"scroll","background-type":"","background-media":"","overlay-type":"","overlay-color":"","overlay-opacity":"","overlay-gradient":""}}},"product_brand":[],"product_cat":[15],"product_tag":[],"class_list":{"0":"post-2700","1":"product","2":"type-product","3":"status-publish","4":"has-post-thumbnail","6":"product_cat-uncategorized","7":"desktop-align-left","8":"tablet-align-left","9":"mobile-align-left","10":"ast-product-gallery-layout-horizontal-slider","11":"ast-product-single-variable","12":"ast-product-tabs-layout-horizontal","14":"first","15":"instock","16":"sale","17":"shipping-taxable","18":"purchasable","19":"product-type-variable","20":"wvs-archive-product-wrapper"},"yoast_head":"<!-- This site is optimized with the Yoast SEO Premium plugin v26.7 (Yoast SEO v27.4) - https:\/\/yoast.com\/product\/yoast-seo-premium-wordpress\/ -->\n<title>Remote control Snow blower - Robotlawnsmower<\/title>\n<meta name=\"description\" content=\"Remote-controlled snow thrower: effortlessly clear snow from anywhere with the convenience of remote operation!\" \/>\n<meta name=\"robots\" content=\"index, follow, max-snippet:-1, max-image-preview:large, max-video-preview:-1\" \/>\n<link rel=\"canonical\" href=\"https:\/\/www.robotlawnsmower.com\/sl\/product\/snezna-freza-na-daljinsko-upravljanje\/\" \/>\n<meta property=\"og:locale\" content=\"sl_SI\" \/>\n<meta property=\"og:type\" content=\"article\" \/>\n<meta property=\"og:title\" content=\"Remote control Snow blower\" \/>\n<meta property=\"og:description\" content=\"Remote-controlled snow thrower: effortlessly clear snow from anywhere with the convenience of remote operation!\" \/>\n<meta property=\"og:url\" content=\"https:\/\/www.robotlawnsmower.com\/sl\/product\/snezna-freza-na-daljinsko-upravljanje\/\" \/>\n<meta property=\"og:site_name\" content=\"Robotlawnsmower\" \/>\n<meta property=\"article:publisher\" content=\"https:\/\/www.facebook.com\/@rclawnmowers\" \/>\n<meta property=\"article:modified_time\" content=\"2025-12-11T00:56:19+00:00\" \/>\n<meta property=\"og:image\" content=\"https:\/\/www.robotlawnsmower.com\/wp-content\/uploads\/2025\/02\/snow-blower1.png\" \/>\n\t<meta property=\"og:image:width\" content=\"1417\" \/>\n\t<meta property=\"og:image:height\" content=\"1239\" \/>\n\t<meta property=\"og:image:type\" content=\"image\/png\" \/>\n<meta name=\"twitter:card\" content=\"summary_large_image\" \/>\n<meta name=\"twitter:site\" content=\"@rclawnmowers\" \/>\n<meta name=\"twitter:label1\" content=\"Availability\" \/>\n\t<meta name=\"twitter:data1\" content=\"In stock\" \/>\n<script type=\"application\/ld+json\" class=\"yoast-schema-graph\">{\"@context\":\"https:\\\/\\\/schema.org\",\"@graph\":[{\"@type\":\"WebPage\",\"@id\":\"https:\\\/\\\/www.robotlawnsmower.com\\\/product\\\/remote-control-snow-blower\\\/\",\"url\":\"https:\\\/\\\/www.robotlawnsmower.com\\\/product\\\/remote-control-snow-blower\\\/\",\"name\":\"Remote control Snow blower - Robotlawnsmower\",\"isPartOf\":{\"@id\":\"https:\\\/\\\/www.robotlawnsmower.com\\\/#website\"},\"primaryImageOfPage\":{\"@id\":\"https:\\\/\\\/www.robotlawnsmower.com\\\/product\\\/remote-control-snow-blower\\\/#primaryimage\"},\"image\":{\"@id\":\"https:\\\/\\\/www.robotlawnsmower.com\\\/product\\\/remote-control-snow-blower\\\/#primaryimage\"},\"thumbnailUrl\":\"https:\\\/\\\/www.robotlawnsmower.com\\\/wp-content\\\/uploads\\\/2025\\\/02\\\/snow-blower1.png\",\"datePublished\":\"2025-02-10T09:49:04+00:00\",\"dateModified\":\"2025-12-11T00:56:19+00:00\",\"description\":\"Remote-controlled snow thrower: effortlessly clear snow from anywhere with the convenience of remote operation!\",\"breadcrumb\":{\"@id\":\"https:\\\/\\\/www.robotlawnsmower.com\\\/product\\\/remote-control-snow-blower\\\/#breadcrumb\"},\"inLanguage\":\"sl-SI\",\"potentialAction\":[{\"@type\":\"ReadAction\",\"target\":[\"https:\\\/\\\/www.robotlawnsmower.com\\\/product\\\/remote-control-snow-blower\\\/\"]}]},{\"@type\":\"ImageObject\",\"inLanguage\":\"sl-SI\",\"@id\":\"https:\\\/\\\/www.robotlawnsmower.com\\\/product\\\/remote-control-snow-blower\\\/#primaryimage\",\"url\":\"https:\\\/\\\/www.robotlawnsmower.com\\\/wp-content\\\/uploads\\\/2025\\\/02\\\/snow-blower1.png\",\"contentUrl\":\"https:\\\/\\\/www.robotlawnsmower.com\\\/wp-content\\\/uploads\\\/2025\\\/02\\\/snow-blower1.png\",\"width\":1417,\"height\":1239,\"caption\":\"snow blower1\"},{\"@type\":\"BreadcrumbList\",\"@id\":\"https:\\\/\\\/www.robotlawnsmower.com\\\/product\\\/remote-control-snow-blower\\\/#breadcrumb\",\"itemListElement\":[{\"@type\":\"ListItem\",\"position\":1,\"name\":\"Home\",\"item\":\"https:\\\/\\\/www.robotlawnsmower.com\\\/\"},{\"@type\":\"ListItem\",\"position\":2,\"name\":\"Product\",\"item\":\"https:\\\/\\\/www.robotlawnsmower.com\\\/product\\\/\"},{\"@type\":\"ListItem\",\"position\":3,\"name\":\"Remote control Snow blower\"}]},{\"@type\":\"WebSite\",\"@id\":\"https:\\\/\\\/www.robotlawnsmower.com\\\/#website\",\"url\":\"https:\\\/\\\/www.robotlawnsmower.com\\\/\",\"name\":\"Robotlawnsmower\",\"description\":\"Robot remote control lawn mower supplier\",\"publisher\":{\"@id\":\"https:\\\/\\\/www.robotlawnsmower.com\\\/#organization\"},\"alternateName\":\"Remote control Robot lawn mower\",\"potentialAction\":[{\"@type\":\"SearchAction\",\"target\":{\"@type\":\"EntryPoint\",\"urlTemplate\":\"https:\\\/\\\/www.robotlawnsmower.com\\\/?s={search_term_string}\"},\"query-input\":{\"@type\":\"PropertyValueSpecification\",\"valueRequired\":true,\"valueName\":\"search_term_string\"}}],\"inLanguage\":\"sl-SI\"},{\"@type\":\"Organization\",\"@id\":\"https:\\\/\\\/www.robotlawnsmower.com\\\/#organization\",\"name\":\"SHANDONG LUSTRE INDUSTRIAL CO., LIMITED\",\"url\":\"https:\\\/\\\/www.robotlawnsmower.com\\\/\",\"logo\":{\"@type\":\"ImageObject\",\"inLanguage\":\"sl-SI\",\"@id\":\"https:\\\/\\\/www.robotlawnsmower.com\\\/#\\\/schema\\\/logo\\\/image\\\/\",\"url\":\"https:\\\/\\\/www.robotlawnsmower.com\\\/wp-content\\\/uploads\\\/2023\\\/11\\\/logo.png\",\"contentUrl\":\"https:\\\/\\\/www.robotlawnsmower.com\\\/wp-content\\\/uploads\\\/2023\\\/11\\\/logo.png\",\"width\":350,\"height\":100,\"caption\":\"SHANDONG LUSTRE INDUSTRIAL CO., LIMITED\"},\"image\":{\"@id\":\"https:\\\/\\\/www.robotlawnsmower.com\\\/#\\\/schema\\\/logo\\\/image\\\/\"},\"sameAs\":[\"https:\\\/\\\/www.facebook.com\\\/@rclawnmowers\",\"https:\\\/\\\/x.com\\\/rclawnmowers\"]}]}<\/script>\n<meta property=\"og:availability\" content=\"instock\" \/>\n<meta property=\"product:availability\" content=\"instock\" \/>\n<meta property=\"product:condition\" content=\"new\" \/>\n<!-- \/ Yoast SEO Premium plugin. -->","yoast_head_json":{"title":"Sne\u017ena freza na daljinsko upravljanje - robotska kosilnica","description":"Daljinsko vodena sne\u017ena freza: brez truda o\u010distite sneg od koder koli s priro\u010dnim upravljanjem na daljavo!","robots":{"index":"index","follow":"follow","max-snippet":"max-snippet:-1","max-image-preview":"max-image-preview:large","max-video-preview":"max-video-preview:-1"},"canonical":"https:\/\/www.robotlawnsmower.com\/sl\/product\/snezna-freza-na-daljinsko-upravljanje\/","og_locale":"sl_SI","og_type":"article","og_title":"Remote control Snow blower","og_description":"Remote-controlled snow thrower: effortlessly clear snow from anywhere with the convenience of remote operation!","og_url":"https:\/\/www.robotlawnsmower.com\/sl\/product\/snezna-freza-na-daljinsko-upravljanje\/","og_site_name":"Robotlawnsmower","article_publisher":"https:\/\/www.facebook.com\/@rclawnmowers","article_modified_time":"2025-12-11T00:56:19+00:00","og_image":[{"width":1417,"height":1239,"url":"https:\/\/www.robotlawnsmower.com\/wp-content\/uploads\/2025\/02\/snow-blower1.png","type":"image\/png"}],"twitter_card":"summary_large_image","twitter_site":"@rclawnmowers","twitter_misc":{"Availability":"In stock"},"schema":{"@context":"https:\/\/schema.org","@graph":[{"@type":"WebPage","@id":"https:\/\/www.robotlawnsmower.com\/product\/remote-control-snow-blower\/","url":"https:\/\/www.robotlawnsmower.com\/product\/remote-control-snow-blower\/","name":"Sne\u017ena freza na daljinsko upravljanje - robotska kosilnica","isPartOf":{"@id":"https:\/\/www.robotlawnsmower.com\/#website"},"primaryImageOfPage":{"@id":"https:\/\/www.robotlawnsmower.com\/product\/remote-control-snow-blower\/#primaryimage"},"image":{"@id":"https:\/\/www.robotlawnsmower.com\/product\/remote-control-snow-blower\/#primaryimage"},"thumbnailUrl":"https:\/\/www.robotlawnsmower.com\/wp-content\/uploads\/2025\/02\/snow-blower1.png","datePublished":"2025-02-10T09:49:04+00:00","dateModified":"2025-12-11T00:56:19+00:00","description":"Daljinsko vodena sne\u017ena freza: brez truda o\u010distite sneg od koder koli s priro\u010dnim upravljanjem na daljavo!","breadcrumb":{"@id":"https:\/\/www.robotlawnsmower.com\/product\/remote-control-snow-blower\/#breadcrumb"},"inLanguage":"sl-SI","potentialAction":[{"@type":"ReadAction","target":["https:\/\/www.robotlawnsmower.com\/product\/remote-control-snow-blower\/"]}]},{"@type":"ImageObject","inLanguage":"sl-SI","@id":"https:\/\/www.robotlawnsmower.com\/product\/remote-control-snow-blower\/#primaryimage","url":"https:\/\/www.robotlawnsmower.com\/wp-content\/uploads\/2025\/02\/snow-blower1.png","contentUrl":"https:\/\/www.robotlawnsmower.com\/wp-content\/uploads\/2025\/02\/snow-blower1.png","width":1417,"height":1239,"caption":"snow blower1"},{"@type":"BreadcrumbList","@id":"https:\/\/www.robotlawnsmower.com\/product\/remote-control-snow-blower\/#breadcrumb","itemListElement":[{"@type":"ListItem","position":1,"name":"Home","item":"https:\/\/www.robotlawnsmower.com\/"},{"@type":"ListItem","position":2,"name":"Product","item":"https:\/\/www.robotlawnsmower.com\/product\/"},{"@type":"ListItem","position":3,"name":"Remote control Snow blower"}]},{"@type":"WebSite","@id":"https:\/\/www.robotlawnsmower.com\/#website","url":"https:\/\/www.robotlawnsmower.com\/","name":"Robotska kosilnica","description":"Dobavitelj robotske kosilnice na daljinsko upravljanje","publisher":{"@id":"https:\/\/www.robotlawnsmower.com\/#organization"},"alternateName":"Remote control Robot lawn mower","potentialAction":[{"@type":"SearchAction","target":{"@type":"EntryPoint","urlTemplate":"https:\/\/www.robotlawnsmower.com\/?s={search_term_string}"},"query-input":{"@type":"PropertyValueSpecification","valueRequired":true,"valueName":"search_term_string"}}],"inLanguage":"sl-SI"},{"@type":"Organization","@id":"https:\/\/www.robotlawnsmower.com\/#organization","name":"SHANDONG LUSTER INDUSTRIAL CO., LIMITED","url":"https:\/\/www.robotlawnsmower.com\/","logo":{"@type":"ImageObject","inLanguage":"sl-SI","@id":"https:\/\/www.robotlawnsmower.com\/#\/schema\/logo\/image\/","url":"https:\/\/www.robotlawnsmower.com\/wp-content\/uploads\/2023\/11\/logo.png","contentUrl":"https:\/\/www.robotlawnsmower.com\/wp-content\/uploads\/2023\/11\/logo.png","width":350,"height":100,"caption":"SHANDONG LUSTRE INDUSTRIAL CO., LIMITED"},"image":{"@id":"https:\/\/www.robotlawnsmower.com\/#\/schema\/logo\/image\/"},"sameAs":["https:\/\/www.facebook.com\/@rclawnmowers","https:\/\/x.com\/rclawnmowers"]}]},"og_availability":"instock","product_availability":"instock","product_condition":"new"},"jetpack_sharing_enabled":true,"_links":{"self":[{"href":"https:\/\/www.robotlawnsmower.com\/sl\/wp-json\/wp\/v2\/product\/2700","targetHints":{"allow":["GET"]}}],"collection":[{"href":"https:\/\/www.robotlawnsmower.com\/sl\/wp-json\/wp\/v2\/product"}],"about":[{"href":"https:\/\/www.robotlawnsmower.com\/sl\/wp-json\/wp\/v2\/types\/product"}],"replies":[{"embeddable":true,"href":"https:\/\/www.robotlawnsmower.com\/sl\/wp-json\/wp\/v2\/comments?post=2700"}],"version-history":[{"count":1,"href":"https:\/\/www.robotlawnsmower.com\/sl\/wp-json\/wp\/v2\/product\/2700\/revisions"}],"predecessor-version":[{"id":2701,"href":"https:\/\/www.robotlawnsmower.com\/sl\/wp-json\/wp\/v2\/product\/2700\/revisions\/2701"}],"wp:featuredmedia":[{"embeddable":true,"href":"https:\/\/www.robotlawnsmower.com\/sl\/wp-json\/wp\/v2\/media\/2699"}],"wp:attachment":[{"href":"https:\/\/www.robotlawnsmower.com\/sl\/wp-json\/wp\/v2\/media?parent=2700"}],"wp:term":[{"taxonomy":"product_brand","embeddable":true,"href":"https:\/\/www.robotlawnsmower.com\/sl\/wp-json\/wp\/v2\/product_brand?post=2700"},{"taxonomy":"product_cat","embeddable":true,"href":"https:\/\/www.robotlawnsmower.com\/sl\/wp-json\/wp\/v2\/product_cat?post=2700"},{"taxonomy":"product_tag","embeddable":true,"href":"https:\/\/www.robotlawnsmower.com\/sl\/wp-json\/wp\/v2\/product_tag?post=2700"}],"curies":[{"name":"wp","href":"https:\/\/api.w.org\/{rel}","templated":true}]}}