{"id":21,"date":"2024-02-02T07:48:22","date_gmt":"2024-02-02T07:48:22","guid":{"rendered":"http:\/\/robotlawnsmower.com\/?page_id=21"},"modified":"2024-05-11T02:23:47","modified_gmt":"2024-05-11T02:23:47","slug":"vracilo-denarja","status":"publish","type":"page","link":"https:\/\/www.robotlawnsmower.com\/sl\/refundreturn\/","title":{"rendered":"Politika vra\u010dil in vra\u010dil"},"content":{"rendered":"<h1>Pregled<\/h1>\n<p>Na\u0161a politika vra\u010dil in vra\u010dil velja 7 dni. \u010ce je od va\u0161ega nakupa minilo 7 dni, vam ne moremo ponuditi celotnega vra\u010dila ali zamenjave.<\/p>\n<p>Da bi bil va\u0161 artikel upravi\u010den do vra\u010dila, mora biti neuporabljen in v enakem stanju, kot ste ga prejeli. Prav tako mora biti v originalni embala\u017ei.<\/p>\n<p>&nbsp;<\/p>\n<h1>Dodatni predmeti, ki jih ni mogo\u010de vrniti:<\/h1>\n<p>Vsak artikel, ki je vrnjen ve\u010d kot 30 dni po dostavi<\/p>\n<h1>Povra\u010dila<\/h1>\n<p>Ko bo va\u0161e vra\u010dilo prejeto in pregledano, vam bomo poslali e-po\u0161tno sporo\u010dilo, da vas bomo obvestili, da smo prejeli va\u0161 vrnjeni izdelek. Prav tako vas bomo obvestili o odobritvi ali zavrnitvi va\u0161ega vra\u010dila.<\/p>\n<p>\u010ce ste odobreni, bo va\u0161e vra\u010dilo obdelano, kredit pa bo samodejno pripisan va\u0161i kreditni kartici ali prvotni metodi <a href=\"https:\/\/www.robotlawnsmower.com\/sl\/placilo\/\" target=\"_blank\" rel=\"noopener\">pla\u010dilo<\/a>, v dolo\u010denem \u0161tevilu dni.<\/p>\n<p>Pozna ali manjkajo\u010da vra\u010dila<\/p>\n<p>\u010ce \u0161e niste prejeli vra\u010dila, najprej znova preverite svoj ban\u010dni ra\u010dun.<\/p>\n<p>Potem <a href=\"https:\/\/www.robotlawnsmower.com\/sl\/stik\/\" target=\"_blank\" rel=\"noopener\">stik<\/a> va\u0161ega izdajatelja kreditne kartice, lahko traja nekaj \u010dasa, preden bo va\u0161e vra\u010dilo uradno objavljeno.<\/p>\n<p>Nato se obrnite na svojo banko. Pogosto traja nekaj \u010dasa za obdelavo, preden je vra\u010dilo objavljeno.<\/p>\n<p>\u010ce ste storili vse to in \u0161e vedno niste prejeli vra\u010dila, nas kontaktirajte na {e-po\u0161tni naslov}.<\/p>\n<h2>Razprodajni artikli<\/h2>\n<p>Vra\u010dilo je mo\u017eno samo za izdelke po rednih cenah. Za artikle v prodaji ni mogo\u010de povrniti denarja.<\/p>\n<h2>Izmenjave<\/h2>\n<p>Artikle zamenjamo le, \u010de so okvarjeni ali po\u0161kodovani. \u010ce ga morate zamenjati za isti artikel, nam po\u0161ljite e-po\u0161to na alex@robotlawnsmower.com in po\u0161ljite svoj artikel na povratni naslov.<\/p>\n<h2>darila<\/h2>\n<p>\u010ce je bil artikel ob nakupu ozna\u010den kot darilo in <a href=\"https:\/\/www.robotlawnsmower.com\/sl\/posiljanje\/\" target=\"_blank\" rel=\"noopener\">poslano<\/a> neposredno vam, boste prejeli darilni dobropis v vrednosti va\u0161ega vra\u010dila. Po prejemu vrnjenega artikla vam bomo po po\u0161ti poslali darilni bon.<\/p>\n<p>\u010ce artikel ob nakupu ni bil ozna\u010den kot darilo ali je obdarovalec dal naro\u010dilo poslati sebi, da vam ga izro\u010di pozneje, bomo darilcu vrnili kupnino in izvedel bo za va\u0161e vra\u010dilo.<\/p>\n<h2>Po\u0161iljanje vra\u010dil<\/h2>\n<p>Kontaktirajte nas, da dobite povratni naslov <a href=\"mailto:albert@robotlawnsmower.com\" target=\"_blank\">albert@robotlawnsmower.com<\/a>.<\/p>\n<p>Sami boste odgovorni za pla\u010dilo stro\u0161kov po\u0161iljanja za vra\u010dilo va\u0161ega predmeta. Stro\u0161ki po\u0161iljanja so nevra\u010dljivi. \u010ce prejmete vra\u010dilo, bo stro\u0161ek povratne po\u0161iljke od\u0161tet od va\u0161ega vra\u010dila.<\/p>\n<p>Odvisno od tega, kje \u017eivite, se lahko \u010das, ki traja, da va\u0161 zamenjani izdelek dose\u017ee, razlikuje.<\/p>\n<p>\u010ce vra\u010date dra\u017eje izdelke, lahko razmislite o uporabi sledljive storitve po\u0161iljanja ali nakupu zavarovanja po\u0161iljanja. Ne jam\u010dimo, da bomo prejeli va\u0161 vrnjeni izdelek.<\/p>\n<h2>Potrebujete pomo\u010d?<\/h2>\n<p>Za vpra\u0161anja v zvezi z vra\u010dili in vra\u010dili nas kontaktirajte na albert@robotlawnsmower.com.<\/p>\n<style>\r\n.lwrp.link-whisper-related-posts{\r\n            \r\n            margin-bottom: 0px;\nmargin-left: 0px;\r\n        }\r\n        .lwrp .lwrp-title{\r\n            \r\n            \r\n        }.lwrp .lwrp-description{\r\n            \r\n            \r\n\r\n        }\r\n        .lwrp .lwrp-list-container{\r\n        }\r\n        .lwrp .lwrp-list-multi-container{\r\n            display: flex;\r\n        }\r\n        .lwrp .lwrp-list-double{\r\n            width: 48%;\r\n        }\r\n        .lwrp .lwrp-list-triple{\r\n            width: 32%;\r\n        }\r\n        .lwrp .lwrp-list-row-container{\r\n            display: flex;\r\n            justify-content: space-between;\r\n        }\r\n        .lwrp .lwrp-list-row-container .lwrp-list-item{\r\n            width: calc(50% - 20px);\r\n        }\r\n        .lwrp .lwrp-list-item:not(.lwrp-no-posts-message-item){\r\n            \r\n            margin-top: 0px;\nmargin-right: 0px;\nmargin-bottom: 0px;\nmargin-left: 0px;\r\n        }\r\n        .lwrp .lwrp-list-item img{\r\n            max-width: 100%;\r\n            height: auto;\r\n            object-fit: cover;\r\n            aspect-ratio: 1 \/ 1;\r\n        }\r\n        .lwrp .lwrp-list-item.lwrp-empty-list-item{\r\n            background: initial !important;\r\n        }\r\n        .lwrp .lwrp-list-item .lwrp-list-link .lwrp-list-link-title-text,\r\n        .lwrp .lwrp-list-item .lwrp-list-no-posts-message{\r\n            \r\n            \r\n            \r\n            \r\n        }@media screen and (max-width: 480px) {\r\n            .lwrp.link-whisper-related-posts{\r\n                \r\n                margin-bottom: 0px;\nmargin-left: 0px;\r\n            }\r\n            .lwrp .lwrp-title{\r\n                \r\n                \r\n            }.lwrp .lwrp-description{\r\n                \r\n                \r\n            }\r\n            .lwrp .lwrp-list-multi-container{\r\n                flex-direction: column;\r\n            }\r\n            .lwrp .lwrp-list-multi-container ul.lwrp-list{\r\n                margin-top: 0px;\r\n                margin-bottom: 0px;\r\n                padding-top: 0px;\r\n                padding-bottom: 0px;\r\n            }\r\n            .lwrp .lwrp-list-double,\r\n            .lwrp .lwrp-list-triple{\r\n                width: 100%;\r\n            }\r\n            .lwrp .lwrp-list-row-container{\r\n                justify-content: initial;\r\n                flex-direction: column;\r\n            }\r\n            .lwrp .lwrp-list-row-container .lwrp-list-item{\r\n                width: 100%;\r\n            }\r\n            .lwrp .lwrp-list-item:not(.lwrp-no-posts-message-item){\r\n                \r\n                margin-top: 0px;\nmargin-right: 0px;\nmargin-bottom: 0px;\nmargin-left: 0px;\r\n            }\r\n            .lwrp .lwrp-list-item .lwrp-list-link .lwrp-list-link-title-text,\r\n            .lwrp .lwrp-list-item .lwrp-list-no-posts-message{\r\n                \r\n                \r\n                \r\n                \r\n            };\r\n        }<\/style>\r\n<div id=\"link-whisper-related-posts-widget\" class=\"link-whisper-related-posts lwrp\">\r\n            <h4 class=\"lwrp-title\">Sorodne objave<\/h4>    \r\n        <div class=\"lwrp-list-container\">\r\n                                            <div class=\"lwrp-list-multi-container\">\r\n                    <ul class=\"lwrp-list lwrp-list-double lwrp-list-left\">\r\n                        <li class=\"lwrp-list-item\"><a href=\"https:\/\/www.robotlawnsmower.com\/sl\/zakaj-daljinske-kosilnice-ni-mogoce-zagnati-spomladi\/\" class=\"lwrp-list-link\"><span class=\"lwrp-list-link-title-text\">Zakaj daljinske kosilnice ni mogo\u010de zagnati spomladi?<\/span><\/a><\/li><li class=\"lwrp-list-item\"><a href=\"https:\/\/www.robotlawnsmower.com\/sl\/kako-izbrati-kosilnico-z-dvojno-mocjo-na-daljinsko-upravljanje\/\" class=\"lwrp-list-link\"><span class=\"lwrp-list-link-title-text\">Kako izbrati hibridno kosilnico na daljinsko upravljanje<\/span><\/a><\/li>                    <\/ul>\r\n                    <ul class=\"lwrp-list lwrp-list-double lwrp-list-right\">\r\n                        <li class=\"lwrp-list-item\"><a href=\"https:\/\/www.robotlawnsmower.com\/sl\/rc-traktorska-kosilnica\/\" class=\"lwrp-list-link\"><span class=\"lwrp-list-link-title-text\">Vrhunski vodnik o RC traktorskih vrtnih kosilnicah \u2013 revolucionarna nega trate<\/span><\/a><\/li><li class=\"lwrp-list-item\"><a href=\"https:\/\/www.robotlawnsmower.com\/sl\/nadgrajene-kosilnice-bodo-poslane-na-madzarsko\/\" class=\"lwrp-list-link\"><span class=\"lwrp-list-link-title-text\">Nadgrajene kosilnice bodo poslane na Mad\u017earsko<\/span><\/a><\/li>                    <\/ul>\r\n                <\/div>\r\n                        <\/div>\r\n<\/div>","protected":false},"excerpt":{"rendered":"<p>Overview Our refund and returns policy lasts 7 days. If 7 days have passed since your purchase, we can\u2019t offer you a full refund or exchange. To be eligible for a return, your item must be unused and in the same condition that you received it. It must also be in the original packaging. &nbsp; [&hellip;]<\/p>\n","protected":false},"author":1,"featured_media":0,"parent":0,"menu_order":0,"comment_status":"closed","ping_status":"closed","template":"","meta":{"site-sidebar-layout":"default","site-content-layout":"","ast-site-content-layout":"default","site-content-style":"default","site-sidebar-style":"default","ast-global-header-display":"","ast-banner-title-visibility":"","ast-main-header-display":"","ast-hfb-above-header-display":"","ast-hfb-below-header-display":"","ast-hfb-mobile-header-display":"","site-post-title":"","ast-breadcrumbs-content":"","ast-featured-img":"","footer-sml-layout":"","ast-disable-related-posts":"","theme-transparent-header-meta":"default","adv-header-id-meta":"","stick-header-meta":"default","header-above-stick-meta":"","header-main-stick-meta":"","header-below-stick-meta":"","astra-migrate-meta-layouts":"set","ast-page-background-enabled":"default","ast-page-background-meta":{"desktop":{"background-color":"var(--ast-global-color-4)","background-image":"","background-repeat":"repeat","background-position":"center center","background-size":"auto","background-attachment":"scroll","background-type":"","background-media":"","overlay-type":"","overlay-color":"","overlay-opacity":"","overlay-gradient":""},"tablet":{"background-color":"","background-image":"","background-repeat":"repeat","background-position":"center center","background-size":"auto","background-attachment":"scroll","background-type":"","background-media":"","overlay-type":"","overlay-color":"","overlay-opacity":"","overlay-gradient":""},"mobile":{"background-color":"","background-image":"","background-repeat":"repeat","background-position":"center center","background-size":"auto","background-attachment":"scroll","background-type":"","background-media":"","overlay-type":"","overlay-color":"","overlay-opacity":"","overlay-gradient":""}},"ast-content-background-meta":{"desktop":{"background-color":"var(--ast-global-color-5)","background-image":"","background-repeat":"repeat","background-position":"center center","background-size":"auto","background-attachment":"scroll","background-type":"","background-media":"","overlay-type":"","overlay-color":"","overlay-opacity":"","overlay-gradient":""},"tablet":{"background-color":"var(--ast-global-color-5)","background-image":"","background-repeat":"repeat","background-position":"center center","background-size":"auto","background-attachment":"scroll","background-type":"","background-media":"","overlay-type":"","overlay-color":"","overlay-opacity":"","overlay-gradient":""},"mobile":{"background-color":"var(--ast-global-color-5)","background-image":"","background-repeat":"repeat","background-position":"center center","background-size":"auto","background-attachment":"scroll","background-type":"","background-media":"","overlay-type":"","overlay-color":"","overlay-opacity":"","overlay-gradient":""}},"footnotes":""},"class_list":["post-21","page","type-page","status-publish","hentry"],"yoast_head":"<!-- This site is optimized with the Yoast SEO Premium plugin v26.7 (Yoast SEO v27.5) - https:\/\/yoast.com\/product\/yoast-seo-premium-wordpress\/ -->\n<title>Refund and Returns Policy - Robotlawnsmower<\/title>\n<meta name=\"description\" content=\"Refund and Returns Policy Robotlawnsmower\" \/>\n<meta name=\"robots\" content=\"index, follow, max-snippet:-1, max-image-preview:large, max-video-preview:-1\" \/>\n<link rel=\"canonical\" href=\"https:\/\/www.robotlawnsmower.com\/sl\/vracilo-denarja\/\" \/>\n<meta property=\"og:locale\" content=\"sl_SI\" \/>\n<meta property=\"og:type\" content=\"article\" \/>\n<meta property=\"og:title\" content=\"Refund and Returns Policy\" \/>\n<meta property=\"og:description\" content=\"Refund and Returns Policy Robotlawnsmower\" \/>\n<meta property=\"og:url\" content=\"https:\/\/www.robotlawnsmower.com\/sl\/vracilo-denarja\/\" \/>\n<meta property=\"og:site_name\" content=\"Robotlawnsmower\" \/>\n<meta property=\"article:publisher\" content=\"https:\/\/www.facebook.com\/@rclawnmowers\" \/>\n<meta property=\"article:modified_time\" content=\"2024-05-11T02:23:47+00:00\" \/>\n<meta property=\"og:image\" content=\"https:\/\/www.robotlawnsmower.com\/wp-content\/uploads\/2024\/01\/remote-control-lawn-mower.png\" \/>\n\t<meta property=\"og:image:width\" content=\"1600\" \/>\n\t<meta property=\"og:image:height\" content=\"649\" \/>\n\t<meta property=\"og:image:type\" content=\"image\/png\" \/>\n<meta name=\"twitter:card\" content=\"summary_large_image\" \/>\n<meta name=\"twitter:site\" content=\"@rclawnmowers\" \/>\n<meta name=\"twitter:label1\" content=\"Est. reading time\" \/>\n\t<meta name=\"twitter:data1\" content=\"2 minuti\" \/>\n<script type=\"application\/ld+json\" class=\"yoast-schema-graph\">{\"@context\":\"https:\\\/\\\/schema.org\",\"@graph\":[{\"@type\":\"WebPage\",\"@id\":\"https:\\\/\\\/www.robotlawnsmower.com\\\/refundreturn\\\/\",\"url\":\"https:\\\/\\\/www.robotlawnsmower.com\\\/refundreturn\\\/\",\"name\":\"Refund and Returns Policy - Robotlawnsmower\",\"isPartOf\":{\"@id\":\"https:\\\/\\\/www.robotlawnsmower.com\\\/#website\"},\"datePublished\":\"2024-02-02T07:48:22+00:00\",\"dateModified\":\"2024-05-11T02:23:47+00:00\",\"description\":\"Refund and Returns Policy Robotlawnsmower\",\"breadcrumb\":{\"@id\":\"https:\\\/\\\/www.robotlawnsmower.com\\\/refundreturn\\\/#breadcrumb\"},\"inLanguage\":\"sl-SI\",\"potentialAction\":[{\"@type\":\"ReadAction\",\"target\":[\"https:\\\/\\\/www.robotlawnsmower.com\\\/refundreturn\\\/\"]}]},{\"@type\":\"BreadcrumbList\",\"@id\":\"https:\\\/\\\/www.robotlawnsmower.com\\\/refundreturn\\\/#breadcrumb\",\"itemListElement\":[{\"@type\":\"ListItem\",\"position\":1,\"name\":\"Home\",\"item\":\"https:\\\/\\\/www.robotlawnsmower.com\\\/\"},{\"@type\":\"ListItem\",\"position\":2,\"name\":\"Refund and Returns Policy\"}]},{\"@type\":\"WebSite\",\"@id\":\"https:\\\/\\\/www.robotlawnsmower.com\\\/#website\",\"url\":\"https:\\\/\\\/www.robotlawnsmower.com\\\/\",\"name\":\"Robotlawnsmower\",\"description\":\"Robot remote control lawn mower supplier\",\"publisher\":{\"@id\":\"https:\\\/\\\/www.robotlawnsmower.com\\\/#organization\"},\"alternateName\":\"Remote control Robot lawn mower\",\"potentialAction\":[{\"@type\":\"SearchAction\",\"target\":{\"@type\":\"EntryPoint\",\"urlTemplate\":\"https:\\\/\\\/www.robotlawnsmower.com\\\/?s={search_term_string}\"},\"query-input\":{\"@type\":\"PropertyValueSpecification\",\"valueRequired\":true,\"valueName\":\"search_term_string\"}}],\"inLanguage\":\"sl-SI\"},{\"@type\":\"Organization\",\"@id\":\"https:\\\/\\\/www.robotlawnsmower.com\\\/#organization\",\"name\":\"SHANDONG LUSTRE INDUSTRIAL CO., LIMITED\",\"url\":\"https:\\\/\\\/www.robotlawnsmower.com\\\/\",\"logo\":{\"@type\":\"ImageObject\",\"inLanguage\":\"sl-SI\",\"@id\":\"https:\\\/\\\/www.robotlawnsmower.com\\\/#\\\/schema\\\/logo\\\/image\\\/\",\"url\":\"https:\\\/\\\/www.robotlawnsmower.com\\\/wp-content\\\/uploads\\\/2023\\\/11\\\/logo.png\",\"contentUrl\":\"https:\\\/\\\/www.robotlawnsmower.com\\\/wp-content\\\/uploads\\\/2023\\\/11\\\/logo.png\",\"width\":350,\"height\":100,\"caption\":\"SHANDONG LUSTRE INDUSTRIAL CO., LIMITED\"},\"image\":{\"@id\":\"https:\\\/\\\/www.robotlawnsmower.com\\\/#\\\/schema\\\/logo\\\/image\\\/\"},\"sameAs\":[\"https:\\\/\\\/www.facebook.com\\\/@rclawnmowers\",\"https:\\\/\\\/x.com\\\/rclawnmowers\"]}]}<\/script>\n<!-- \/ Yoast SEO Premium plugin. -->","yoast_head_json":{"title":"Politika vra\u010dil in vra\u010dil \u2013 robotska kosilnica","description":"Pravila o vra\u010dilu in vra\u010dilih Robotska kosilnica","robots":{"index":"index","follow":"follow","max-snippet":"max-snippet:-1","max-image-preview":"max-image-preview:large","max-video-preview":"max-video-preview:-1"},"canonical":"https:\/\/www.robotlawnsmower.com\/sl\/vracilo-denarja\/","og_locale":"sl_SI","og_type":"article","og_title":"Refund and Returns Policy","og_description":"Refund and Returns Policy Robotlawnsmower","og_url":"https:\/\/www.robotlawnsmower.com\/sl\/vracilo-denarja\/","og_site_name":"Robotlawnsmower","article_publisher":"https:\/\/www.facebook.com\/@rclawnmowers","article_modified_time":"2024-05-11T02:23:47+00:00","og_image":[{"width":1600,"height":649,"url":"https:\/\/www.robotlawnsmower.com\/wp-content\/uploads\/2024\/01\/remote-control-lawn-mower.png","type":"image\/png"}],"twitter_card":"summary_large_image","twitter_site":"@rclawnmowers","twitter_misc":{"Est. reading time":"2 minuti"},"schema":{"@context":"https:\/\/schema.org","@graph":[{"@type":"WebPage","@id":"https:\/\/www.robotlawnsmower.com\/refundreturn\/","url":"https:\/\/www.robotlawnsmower.com\/refundreturn\/","name":"Politika vra\u010dil in vra\u010dil \u2013 robotska kosilnica","isPartOf":{"@id":"https:\/\/www.robotlawnsmower.com\/#website"},"datePublished":"2024-02-02T07:48:22+00:00","dateModified":"2024-05-11T02:23:47+00:00","description":"Pravila o vra\u010dilu in vra\u010dilih Robotska kosilnica","breadcrumb":{"@id":"https:\/\/www.robotlawnsmower.com\/refundreturn\/#breadcrumb"},"inLanguage":"sl-SI","potentialAction":[{"@type":"ReadAction","target":["https:\/\/www.robotlawnsmower.com\/refundreturn\/"]}]},{"@type":"BreadcrumbList","@id":"https:\/\/www.robotlawnsmower.com\/refundreturn\/#breadcrumb","itemListElement":[{"@type":"ListItem","position":1,"name":"Home","item":"https:\/\/www.robotlawnsmower.com\/"},{"@type":"ListItem","position":2,"name":"Refund and Returns Policy"}]},{"@type":"WebSite","@id":"https:\/\/www.robotlawnsmower.com\/#website","url":"https:\/\/www.robotlawnsmower.com\/","name":"Robotska kosilnica","description":"Dobavitelj robotske kosilnice na daljinsko upravljanje","publisher":{"@id":"https:\/\/www.robotlawnsmower.com\/#organization"},"alternateName":"Remote control Robot lawn mower","potentialAction":[{"@type":"SearchAction","target":{"@type":"EntryPoint","urlTemplate":"https:\/\/www.robotlawnsmower.com\/?s={search_term_string}"},"query-input":{"@type":"PropertyValueSpecification","valueRequired":true,"valueName":"search_term_string"}}],"inLanguage":"sl-SI"},{"@type":"Organization","@id":"https:\/\/www.robotlawnsmower.com\/#organization","name":"SHANDONG LUSTER INDUSTRIAL CO., LIMITED","url":"https:\/\/www.robotlawnsmower.com\/","logo":{"@type":"ImageObject","inLanguage":"sl-SI","@id":"https:\/\/www.robotlawnsmower.com\/#\/schema\/logo\/image\/","url":"https:\/\/www.robotlawnsmower.com\/wp-content\/uploads\/2023\/11\/logo.png","contentUrl":"https:\/\/www.robotlawnsmower.com\/wp-content\/uploads\/2023\/11\/logo.png","width":350,"height":100,"caption":"SHANDONG LUSTRE INDUSTRIAL CO., LIMITED"},"image":{"@id":"https:\/\/www.robotlawnsmower.com\/#\/schema\/logo\/image\/"},"sameAs":["https:\/\/www.facebook.com\/@rclawnmowers","https:\/\/x.com\/rclawnmowers"]}]}},"jetpack_sharing_enabled":true,"_links":{"self":[{"href":"https:\/\/www.robotlawnsmower.com\/sl\/wp-json\/wp\/v2\/pages\/21","targetHints":{"allow":["GET"]}}],"collection":[{"href":"https:\/\/www.robotlawnsmower.com\/sl\/wp-json\/wp\/v2\/pages"}],"about":[{"href":"https:\/\/www.robotlawnsmower.com\/sl\/wp-json\/wp\/v2\/types\/page"}],"author":[{"embeddable":true,"href":"https:\/\/www.robotlawnsmower.com\/sl\/wp-json\/wp\/v2\/users\/1"}],"replies":[{"embeddable":true,"href":"https:\/\/www.robotlawnsmower.com\/sl\/wp-json\/wp\/v2\/comments?post=21"}],"version-history":[{"count":9,"href":"https:\/\/www.robotlawnsmower.com\/sl\/wp-json\/wp\/v2\/pages\/21\/revisions"}],"predecessor-version":[{"id":1548,"href":"https:\/\/www.robotlawnsmower.com\/sl\/wp-json\/wp\/v2\/pages\/21\/revisions\/1548"}],"wp:attachment":[{"href":"https:\/\/www.robotlawnsmower.com\/sl\/wp-json\/wp\/v2\/media?parent=21"}],"curies":[{"name":"wp","href":"https:\/\/api.w.org\/{rel}","templated":true}]}}