{"id":3189,"date":"2025-12-16T02:55:32","date_gmt":"2025-12-16T02:55:32","guid":{"rendered":"https:\/\/www.robotlawnsmower.com\/?post_type=product&#038;p=3189"},"modified":"2025-12-18T03:44:20","modified_gmt":"2025-12-18T03:44:20","slug":"tosaerba-a-doppio-taglio-con-controllo-remoto-e-raggio-di-sterzata-zero-su-cingoli-da-1000-mm","status":"publish","type":"product","link":"https:\/\/www.robotlawnsmower.com\/it\/product\/remote-control-twin-blade-zero-turn-mower-on-tracks-1000mm\/","title":{"rendered":"Tosaerba a doppio taglio con controllo remoto e raggio di sterzata zero su cingoli 1100 mm"},"content":{"rendered":"<div data-elementor-type=\"product-post\" data-elementor-id=\"3189\" class=\"elementor elementor-3189\" data-elementor-post-type=\"product\">\n\t\t\t\t\t\t<section class=\"elementor-section elementor-top-section elementor-element elementor-element-947b6ce elementor-section-boxed elementor-section-height-default elementor-section-height-default\" data-id=\"947b6ce\" data-element_type=\"section\" data-e-type=\"section\">\n\t\t\t\t\t\t<div class=\"elementor-container elementor-column-gap-default\">\n\t\t\t\t\t<div class=\"elementor-column elementor-col-100 elementor-top-column elementor-element elementor-element-9a70de4\" data-id=\"9a70de4\" data-element_type=\"column\" data-e-type=\"column\">\n\t\t\t<div class=\"elementor-widget-wrap elementor-element-populated\">\n\t\t\t\t\t\t<div class=\"elementor-element elementor-element-0c15f7e elementor-widget elementor-widget-heading\" data-id=\"0c15f7e\" data-element_type=\"widget\" data-e-type=\"widget\" data-widget_type=\"heading.default\">\n\t\t\t\t<div class=\"elementor-widget-container\">\n\t\t\t\t\t<h2 class=\"elementor-heading-title elementor-size-default\">Presentazione del futuro della cura del prato: il miglior tosaerba commerciale a raggio di sterzata zero su cingoli, con doppia lama<\/h2>\t\t\t\t<\/div>\n\t\t\t\t<\/div>\n\t\t\t\t<div class=\"elementor-element elementor-element-cf09778 elementor-widget elementor-widget-text-editor\" data-id=\"cf09778\" data-element_type=\"widget\" data-e-type=\"widget\" data-widget_type=\"text-editor.default\">\n\t\t\t\t<div class=\"elementor-widget-container\">\n\t\t\t\t\t\t\t\t\t<p>Sei stanco di passare ore sotto il sole a spingere e manovrare un tosaerba tradizionale nel tuo giardino? D\u00ec addio al lavoro manuale e dai il benvenuto al futuro della cura del prato con il nostro rivoluzionario tosaerba a doppia lama con telecomando. <a class=\"wpil_keyword_link\" title=\"Tosaerba a raggio di sterzata zero\" href=\"https:\/\/www.robotlawnsmower.com\/it\/product\/rasaerba-cingolato-zero-turn-rc-1000mm-16hp\/\" target=\"_blank\" rel=\"noopener\" data-wpil-keyword-link=\"linked\">Tosaerba a raggio di sterzata zero<\/a> sui binari.<\/p><p>Sono finiti i giorni in cui si lottava con macchine ingombranti e manovrabilit\u00e0 limitata. Il nostro innovativo tosaerba Best Commercial Zero Turn unisce la precisione della tecnologia di controllo remoto con l&#039;agilit\u00e0 delle capacit\u00e0 Zero Turn e la stabilit\u00e0 dei cingoli, assicurando ogni volta un&#039;esperienza di taglio superiore.<\/p><p>Perch\u00e9 scegliere il nostro <a href=\"https:\/\/www.robotlawnsmower.com\/it\/cura-del-prato-futuro-esplora-tosaerba-telecomandati-a-raggio-di-sterzata-zero-introduzione\/\" target=\"_blank\">Tosaerba commerciale a doppio taglio con raggio di sterzata zero<\/a><\/p><p>Immagina di guidare senza sforzo il tuo tosaerba attorno agli ostacoli, attraverso spazi ristretti e su terreni irregolari, il tutto dalla comodit\u00e0 di casa tua. Con il nostro sistema di controllo remoto, hai il controllo completo su velocit\u00e0, direzione e altezza di taglio, consentendoti di ottenere risultati di qualit\u00e0 professionale con il minimo sforzo.<\/p><p>Ma i vantaggi non finiscono qui. Incorporando i cingoli nel nostro design, abbiamo eliminato i limiti dei tradizionali tosaerba a ruote. Che tu stia affrontando <a href=\"https:\/\/www.robotlawnsmower.com\/it\/come-falciare-pendii-ripidi\/\" title=\"Come tagliare l&#039;erba su pendii ripidi\" target=\"_blank\" rel=\"noopener\"  data-wpil-monitor-id=\"14\">pendii ripidi<\/a>, erba bagnata o terreni accidentati, il nostro tosaerba offre stabilit\u00e0 e trazione senza pari, garantendo un taglio uniforme e costante in qualsiasi condizione.<\/p><p>Dite addio alla fatica della falciatura manuale e date il benvenuto alla comodit\u00e0 della tecnologia di controllo remoto. Con il nostro tosaerba a raggio di sterzata zero su cingoli, <a href=\"https:\/\/www.robotlawnsmower.com\/it\/tosaerba-rc-di-prima-qualita-per-una-cura-efficiente-del-prato-e-il-controllo-delle-erbacce\/\" title=\"Rasaerba RC di prima qualit\u00e0 per una cura efficiente del prato e il controllo delle erbacce\" target=\"_blank\" rel=\"noopener\"  data-wpil-monitor-id=\"13\">La cura del prato non \u00e8 mai stata cos\u00ec facile ed efficiente.<\/a>. Dedica meno tempo al lavoro e pi\u00f9 tempo a goderti il tuo spazio esterno, ottenendo al contempo un prato perfettamente curato che sar\u00e0 l'invidia del tuo vicinato.<\/p><p>Scopri oggi il futuro della cura del prato con il nostro <a class=\"wpil_keyword_link\" title=\"Rasaerba a raggio di sterzata zero con controllo remoto su cingoli\" href=\"https:\/\/www.robotlawnsmower.com\/it\/product\/remote-control-zero-turn-mower-on-tracks-1000mm-20hp\/\" target=\"_blank\" rel=\"noopener\" data-wpil-keyword-link=\"linked\" data-wpil-monitor-id=\"10\">Tosaerba a doppio taglio con controllo remoto e raggio di sterzata zero su cingoli<\/a>. \u00c8 ora di rivoluzionare il modo in cui falciate l'erba.<\/p>\t\t\t\t\t\t\t\t<\/div>\n\t\t\t\t<\/div>\n\t\t\t\t<div class=\"elementor-element elementor-element-91c747f elementor-widget elementor-widget-video\" data-id=\"91c747f\" data-element_type=\"widget\" data-e-type=\"widget\" data-settings=\"{&quot;youtube_url&quot;:&quot;https:\\\/\\\/youtu.be\\\/swKe5rc86To&quot;,&quot;video_type&quot;:&quot;youtube&quot;,&quot;controls&quot;:&quot;yes&quot;}\" data-widget_type=\"video.default\">\n\t\t\t\t<div class=\"elementor-widget-container\">\n\t\t\t\t\t\t\t<div class=\"elementor-wrapper elementor-open-inline\">\n\t\t\t<div class=\"elementor-video\"><\/div>\t\t<\/div>\n\t\t\t\t\t\t<\/div>\n\t\t\t\t<\/div>\n\t\t\t\t<div class=\"elementor-element elementor-element-0345354 elementor-widget elementor-widget-text-editor\" data-id=\"0345354\" data-element_type=\"widget\" data-e-type=\"widget\" data-widget_type=\"text-editor.default\">\n\t\t\t\t<div class=\"elementor-widget-container\">\n\t\t\t\t\t\t\t\t\t<h2>&nbsp;&nbsp; R1100 Tosaerba commerciale a doppio taglio con controllo remoto e rotazione zero su cingoli - Parametri<\/h2>\n<ul>\n<li>Metodo di avvio: elettrico<\/li>\n<li>Marca motore: Loncin a quattro tempi ad asse verticale<\/li>\n<li>Potenza nominale: 20 HP, 25 HP, 27 HP<\/li>\n<li>Larghezza di taglio: 1100 mm<\/li>\n<li>Altezza di taglio: 20-180 mm<\/li>\n<li>Regolazione altezza lama: 10-180 mm<\/li>\n<li>Velocit\u00e0 di camminata: 0-4,7 km\/h<\/li>\n<li>Pendenza massima di lavoro: 45\u00b0<\/li>\n<li>Metodo di ricarica: Sistema di auto-ricarica<\/li>\n<li>Metodo di funzionamento: telecomando a piedi, telecomando<\/li>\n<li>Metodo di camminata: Cingolato elettrico semovente<\/li>\n<li>N.W\/G.W: 300 kg\/370 kg<\/li>\n<li>Dimensioni: 1220*1400*620mm<\/li>\n<li>Dimensioni del pacco: 1270*1450*760mm<\/li>\n<\/ul>\n<div data-id=\"2d1aae3\" data-element_type=\"widget\" data-widget_type=\"text-editor.default\">\n<div>\n<p><strong>Nostro <a href=\"https:\/\/www.robotlawnsmower.com\/it\/lascesa-rivoluzionaria-dei-tosaerba-a-raggio-di-sterzata-zero-telecomandati-su-cingoli\/\" target=\"_blank\">Tosaerba a doppio taglio con controllo remoto e raggio di sterzata zero su cingoli<\/a> sono certificati CE e dotati di motori a benzina conformi agli standard Euro V non stradali e EPA sulle emissioni<\/strong><\/p>\n<\/div>\n<\/div>\n<div data-id=\"2362afc\" data-element_type=\"widget\" data-widget_type=\"heading.default\">\n<div>\n<h2>R1100 Tosaerba commerciale a raggio di sterzata zero con comando a distanza su cingoli, quale superficie \u00e8 in grado di falciare in un'ora?<\/h2>\n<\/div>\n<\/div>\n<div data-id=\"459e826\" data-element_type=\"widget\" data-widget_type=\"text-editor.default\">\n<div>\n<p>Serie R1100 <a class=\"wpil_keyword_link\" title=\"tosaerba telecomandato cingolato\" href=\"https:\/\/www.robotlawnsmower.com\/it\/product\/tosaerba-telecomandato-cingolato-550mm-9-0hp\/\" target=\"_blank\" rel=\"noopener\" data-wpil-keyword-link=\"linked\" data-wpil-monitor-id=\"9\">tosaerba telecomandato cingolato<\/a> falcia 0,71 acri (2860 metri quadrati) in un'ora.<\/p>\n<\/div>\n<\/div>\t\t\t\t\t\t\t\t<\/div>\n\t\t\t\t<\/div>\n\t\t\t\t\t<\/div>\n\t\t<\/div>\n\t\t\t\t\t<\/div>\n\t\t<\/section>\n\t\t\t\t<\/div>\n\t\t<style>\r\n.lwrp.link-whisper-related-posts{\r\n            \r\n            margin-bottom: 0px;\nmargin-left: 0px;\r\n        }\r\n        .lwrp .lwrp-title{\r\n            \r\n            \r\n        }.lwrp .lwrp-description{\r\n            \r\n            \r\n\r\n        }\r\n        .lwrp .lwrp-list-container{\r\n        }\r\n        .lwrp .lwrp-list-multi-container{\r\n            display: flex;\r\n        }\r\n        .lwrp .lwrp-list-double{\r\n            width: 48%;\r\n        }\r\n        .lwrp .lwrp-list-triple{\r\n            width: 32%;\r\n        }\r\n        .lwrp .lwrp-list-row-container{\r\n            display: flex;\r\n            justify-content: space-between;\r\n        }\r\n        .lwrp .lwrp-list-row-container .lwrp-list-item{\r\n            width: calc(50% - 20px);\r\n        }\r\n        .lwrp .lwrp-list-item:not(.lwrp-no-posts-message-item){\r\n            \r\n            margin-top: 0px;\nmargin-right: 0px;\nmargin-bottom: 0px;\nmargin-left: 0px;\r\n        }\r\n        .lwrp .lwrp-list-item img{\r\n            max-width: 100%;\r\n            height: auto;\r\n            object-fit: cover;\r\n            aspect-ratio: 1 \/ 1;\r\n        }\r\n        .lwrp .lwrp-list-item.lwrp-empty-list-item{\r\n            background: initial !important;\r\n        }\r\n        .lwrp .lwrp-list-item .lwrp-list-link .lwrp-list-link-title-text,\r\n        .lwrp .lwrp-list-item .lwrp-list-no-posts-message{\r\n            \r\n            \r\n            \r\n            \r\n        }@media screen and (max-width: 480px) {\r\n            .lwrp.link-whisper-related-posts{\r\n                \r\n                margin-bottom: 0px;\nmargin-left: 0px;\r\n            }\r\n            .lwrp .lwrp-title{\r\n                \r\n                \r\n            }.lwrp .lwrp-description{\r\n                \r\n                \r\n            }\r\n            .lwrp .lwrp-list-multi-container{\r\n                flex-direction: column;\r\n            }\r\n            .lwrp .lwrp-list-multi-container ul.lwrp-list{\r\n                margin-top: 0px;\r\n                margin-bottom: 0px;\r\n                padding-top: 0px;\r\n                padding-bottom: 0px;\r\n            }\r\n            .lwrp .lwrp-list-double,\r\n            .lwrp .lwrp-list-triple{\r\n                width: 100%;\r\n            }\r\n            .lwrp .lwrp-list-row-container{\r\n                justify-content: initial;\r\n                flex-direction: column;\r\n            }\r\n            .lwrp .lwrp-list-row-container .lwrp-list-item{\r\n                width: 100%;\r\n            }\r\n            .lwrp .lwrp-list-item:not(.lwrp-no-posts-message-item){\r\n                \r\n                margin-top: 0px;\nmargin-right: 0px;\nmargin-bottom: 0px;\nmargin-left: 0px;\r\n            }\r\n            .lwrp .lwrp-list-item .lwrp-list-link .lwrp-list-link-title-text,\r\n            .lwrp .lwrp-list-item .lwrp-list-no-posts-message{\r\n                \r\n                \r\n                \r\n                \r\n            };\r\n        }<\/style>\r\n<div id=\"link-whisper-related-posts-widget\" class=\"link-whisper-related-posts lwrp\">\r\n            <h4 class=\"lwrp-title\">Post correlati<\/h4>    \r\n        <div class=\"lwrp-list-container\">\r\n                                            <div class=\"lwrp-list-multi-container\">\r\n                    <ul class=\"lwrp-list lwrp-list-double lwrp-list-left\">\r\n                        <li class=\"lwrp-list-item\"><a href=\"https:\/\/www.robotlawnsmower.com\/it\/tosaerba-telecomandato-con-4wd4wd-tosaerba-rc\/\" class=\"lwrp-list-link\"><span class=\"lwrp-list-link-title-text\">tosaerba telecomandato con 4WD, tosaerba rc 4WD<\/span><\/a><\/li><li class=\"lwrp-list-item\"><a href=\"https:\/\/www.robotlawnsmower.com\/it\/cose-un-tosaerba-telecomandato\/\" class=\"lwrp-list-link\"><span class=\"lwrp-list-link-title-text\">Cos&#039;\u00e8 un tosaerba telecomandato?<\/span><\/a><\/li>                    <\/ul>\r\n                    <ul class=\"lwrp-list lwrp-list-double lwrp-list-right\">\r\n                        <li class=\"lwrp-list-item\"><a href=\"https:\/\/www.robotlawnsmower.com\/it\/conoscenza-delle-notizie\/\" class=\"lwrp-list-link\"><span class=\"lwrp-list-link-title-text\">Blog<\/span><\/a><\/li><li class=\"lwrp-list-item\"><a href=\"https:\/\/www.robotlawnsmower.com\/it\/offriamo-tosaerba-telecomandati-oem\/\" class=\"lwrp-list-link\"><span class=\"lwrp-list-link-title-text\">Offriamo tosaerba telecomandati OEM<\/span><\/a><\/li>                    <\/ul>\r\n                <\/div>\r\n                        <\/div>\r\n<\/div>","protected":false},"excerpt":{"rendered":"<p>Rivoluziona la cura del prato con il nostro miglior tosaerba commerciale a raggio di sterzata zero su cingoli. Manovra senza sforzo spazi ristretti e terreni irregolari per risultati professionali.<br \/>\nTosaerba a doppio taglio con controllo remoto e raggio di sterzata zero, il design con trasmissione a cinghia prolunga efficacemente la durata del motore e riduce i costi operativi.<\/p>","protected":false},"featured_media":3205,"comment_status":"open","ping_status":"closed","template":"","meta":{"site-sidebar-layout":"no-sidebar","site-content-layout":"","ast-site-content-layout":"full-width-container","site-content-style":"default","site-sidebar-style":"default","ast-global-header-display":"","ast-banner-title-visibility":"","ast-main-header-display":"","ast-hfb-above-header-display":"","ast-hfb-below-header-display":"","ast-hfb-mobile-header-display":"","site-post-title":"disabled","ast-breadcrumbs-content":"","ast-featured-img":"","footer-sml-layout":"","ast-disable-related-posts":"","theme-transparent-header-meta":"default","adv-header-id-meta":"","stick-header-meta":"default","header-above-stick-meta":"","header-main-stick-meta":"","header-below-stick-meta":"","astra-migrate-meta-layouts":"set","ast-page-background-enabled":"default","ast-page-background-meta":{"desktop":{"background-color":"var(--ast-global-color-4)","background-image":"","background-repeat":"repeat","background-position":"center center","background-size":"auto","background-attachment":"scroll","background-type":"","background-media":"","overlay-type":"","overlay-color":"","overlay-opacity":"","overlay-gradient":""},"tablet":{"background-color":"","background-image":"","background-repeat":"repeat","background-position":"center center","background-size":"auto","background-attachment":"scroll","background-type":"","background-media":"","overlay-type":"","overlay-color":"","overlay-opacity":"","overlay-gradient":""},"mobile":{"background-color":"","background-image":"","background-repeat":"repeat","background-position":"center center","background-size":"auto","background-attachment":"scroll","background-type":"","background-media":"","overlay-type":"","overlay-color":"","overlay-opacity":"","overlay-gradient":""}},"ast-content-background-meta":{"desktop":{"background-color":"var(--ast-global-color-5)","background-image":"","background-repeat":"repeat","background-position":"center center","background-size":"auto","background-attachment":"scroll","background-type":"","background-media":"","overlay-type":"","overlay-color":"","overlay-opacity":"","overlay-gradient":""},"tablet":{"background-color":"var(--ast-global-color-5)","background-image":"","background-repeat":"repeat","background-position":"center center","background-size":"auto","background-attachment":"scroll","background-type":"","background-media":"","overlay-type":"","overlay-color":"","overlay-opacity":"","overlay-gradient":""},"mobile":{"background-color":"var(--ast-global-color-5)","background-image":"","background-repeat":"repeat","background-position":"center center","background-size":"auto","background-attachment":"scroll","background-type":"","background-media":"","overlay-type":"","overlay-color":"","overlay-opacity":"","overlay-gradient":""}}},"product_brand":[],"product_cat":[96],"product_tag":[339,173,156,159,174,252,166,54,55,181,103,253,172,247,140,101,262,263,264,160,238,167,266,267,63,268,269,105,270,102,147,117,271,272,106,149,175,239,236,273,107,148,274,150,275,108,177,155,276,168,109,112,110,114],"class_list":{"0":"post-3189","1":"product","2":"type-product","3":"status-publish","4":"has-post-thumbnail","6":"product_cat-remote-mower-with-tracks-45-slope","7":"product_tag-best-commercial-zero-turn-mower","8":"product_tag-best-remote-control-lawn-mower","9":"product_tag-commercial-remote-control-lawn-mower","10":"product_tag-remote-control-lawn-mower-commercial","11":"product_tag-remote-control-mower-with-tracks","12":"product_tag-remote-control-riding-lawn-mower","13":"product_tag-remote-control-robot-lawn-mower","14":"product_tag-remote-control-track-lawn-mower","15":"product_tag-remote-control-track-mower","16":"product_tag-remote-control-tracked-lawn-mower","17":"product_tag-remote-control-tracked-mower","18":"product_tag-remote-control-tractor-lawn-mower","19":"product_tag-remote-control-zero-turn-lawn-mower","20":"product_tag-remote-controll-lawn-mower","21":"product_tag-remote-controlled-lawn-mower","22":"product_tag-remote-lawn-mower-with-tracks","23":"product_tag-remote-mower-on-tracks","24":"product_tag-remote-track-mower","25":"product_tag-robot-lawn-mower-on-tracks","26":"product_tag-robot-remote-control-lawn-mower","27":"product_tag-robot-tracked-lawn-mower","28":"product_tag-robotic-remote-control-lawn-mower","29":"product_tag-track-drive-zero-turn-mower","30":"product_tag-track-driven-lawn-mowe","31":"product_tag-track-lawn-mower","32":"product_tag-track-lawn-mower-for-sale","33":"product_tag-track-loader-mower","34":"product_tag-track-mower","35":"product_tag-track-mower-for-sale","36":"product_tag-track-remote-control-mower","37":"product_tag-track-zero-turn-mower","38":"product_tag-track-zero-turn-mower-tracker-lawn-mower-tracked-mower-tracks-for-lawn-mower-mower-with-tracks","39":"product_tag-tracked-brush-mower","40":"product_tag-tracked-flail-mower","41":"product_tag-tracked-lawn-mower","42":"product_tag-tracked-mower","43":"product_tag-tracked-remote-control-lawn-mower","44":"product_tag-tracked-robot-mower","45":"product_tag-tracked-slope-mower","46":"product_tag-tracked-zero-turn-lawn-mower","47":"product_tag-tracked-zero-turn-mower","48":"product_tag-tracker-lawn-mower","49":"product_tag-tracks-for-a-zero-turn-mower","50":"product_tag-tracks-for-lawn-mower","51":"product_tag-tracks-for-mower","52":"product_tag-tracks-for-zero-turn-mower","53":"product_tag-tracks-on-zero-turn-mower","54":"product_tag-wireless-remote-control-lawn-mower","55":"product_tag-zero-turn-lawn-mower-tracks","56":"product_tag-zero-turn-lawn-mower-with-tracks","57":"product_tag-zero-turn-mower-on-tracks","58":"product_tag-zero-turn-mower-tracks","59":"product_tag-zero-turn-mower-with-tracks","60":"product_tag-zero-turn-track-mower","61":"desktop-align-left","62":"tablet-align-left","63":"mobile-align-left","64":"ast-product-gallery-layout-horizontal-slider","65":"ast-product-single-variable","66":"ast-product-tabs-layout-horizontal","68":"first","69":"instock","70":"sale","71":"shipping-taxable","72":"purchasable","73":"product-type-variable","74":"has-default-attributes","75":"wvs-archive-product-wrapper"},"jetpack_sharing_enabled":true,"_links":{"self":[{"href":"https:\/\/www.robotlawnsmower.com\/it\/wp-json\/wp\/v2\/product\/3189","targetHints":{"allow":["GET"]}}],"collection":[{"href":"https:\/\/www.robotlawnsmower.com\/it\/wp-json\/wp\/v2\/product"}],"about":[{"href":"https:\/\/www.robotlawnsmower.com\/it\/wp-json\/wp\/v2\/types\/product"}],"replies":[{"embeddable":true,"href":"https:\/\/www.robotlawnsmower.com\/it\/wp-json\/wp\/v2\/comments?post=3189"}],"version-history":[{"count":12,"href":"https:\/\/www.robotlawnsmower.com\/it\/wp-json\/wp\/v2\/product\/3189\/revisions"}],"predecessor-version":[{"id":3218,"href":"https:\/\/www.robotlawnsmower.com\/it\/wp-json\/wp\/v2\/product\/3189\/revisions\/3218"}],"wp:featuredmedia":[{"embeddable":true,"href":"https:\/\/www.robotlawnsmower.com\/it\/wp-json\/wp\/v2\/media\/3205"}],"wp:attachment":[{"href":"https:\/\/www.robotlawnsmower.com\/it\/wp-json\/wp\/v2\/media?parent=3189"}],"wp:term":[{"taxonomy":"product_brand","embeddable":true,"href":"https:\/\/www.robotlawnsmower.com\/it\/wp-json\/wp\/v2\/product_brand?post=3189"},{"taxonomy":"product_cat","embeddable":true,"href":"https:\/\/www.robotlawnsmower.com\/it\/wp-json\/wp\/v2\/product_cat?post=3189"},{"taxonomy":"product_tag","embeddable":true,"href":"https:\/\/www.robotlawnsmower.com\/it\/wp-json\/wp\/v2\/product_tag?post=3189"}],"curies":[{"name":"wp","href":"https:\/\/api.w.org\/{rel}","templated":true}]}}