{"id":3189,"date":"2025-12-16T02:55:32","date_gmt":"2025-12-16T02:55:32","guid":{"rendered":"https:\/\/www.robotlawnsmower.com\/?post_type=product&#038;p=3189"},"modified":"2025-12-18T03:44:20","modified_gmt":"2025-12-18T03:44:20","slug":"taviranyitasu-ket-penges-nulla-fordulasi-sugaru-funyiro-lanctalpakon-1000-mm","status":"publish","type":"product","link":"https:\/\/www.robotlawnsmower.com\/hu\/product\/remote-control-twin-blade-zero-turn-mower-on-tracks-1000mm\/","title":{"rendered":"T\u00e1vir\u00e1ny\u00edt\u00e1s\u00fa, k\u00e9t peng\u00e9s, nulla fordul\u00e1si sug\u00e1r\u00fa, l\u00e1nctalpas f\u0171ny\u00edr\u00f3, 1100 mm"},"content":{"rendered":"<div data-elementor-type=\"product-post\" data-elementor-id=\"3189\" class=\"elementor elementor-3189\" data-elementor-post-type=\"product\">\n\t\t\t\t\t\t<section class=\"elementor-section elementor-top-section elementor-element elementor-element-947b6ce elementor-section-boxed elementor-section-height-default elementor-section-height-default\" data-id=\"947b6ce\" data-element_type=\"section\" data-e-type=\"section\">\n\t\t\t\t\t\t<div class=\"elementor-container elementor-column-gap-default\">\n\t\t\t\t\t<div class=\"elementor-column elementor-col-100 elementor-top-column elementor-element elementor-element-9a70de4\" data-id=\"9a70de4\" data-element_type=\"column\" data-e-type=\"column\">\n\t\t\t<div class=\"elementor-widget-wrap elementor-element-populated\">\n\t\t\t\t\t\t<div class=\"elementor-element elementor-element-0c15f7e elementor-widget elementor-widget-heading\" data-id=\"0c15f7e\" data-element_type=\"widget\" data-e-type=\"widget\" data-widget_type=\"heading.default\">\n\t\t\t\t<div class=\"elementor-widget-container\">\n\t\t\t\t\t<h2 class=\"elementor-heading-title elementor-size-default\">Bemutatjuk a gyep\u00e1pol\u00e1s j\u00f6v\u0151j\u00e9t: a legjobb kereskedelmi forgalomban kaphat\u00f3, l\u00e1nctalpas, kett\u0151s peng\u00e9j\u0171 f\u0171ny\u00edr\u00f3<\/h2>\t\t\t\t<\/div>\n\t\t\t\t<\/div>\n\t\t\t\t<div class=\"elementor-element elementor-element-cf09778 elementor-widget elementor-widget-text-editor\" data-id=\"cf09778\" data-element_type=\"widget\" data-e-type=\"widget\" data-widget_type=\"text-editor.default\">\n\t\t\t\t<div class=\"elementor-widget-container\">\n\t\t\t\t\t\t\t\t\t<p>Unod m\u00e1r, hogy sz\u00e1mtalan \u00f3r\u00e1t t\u00f6ltesz a napon, \u00e9s a hagyom\u00e1nyos f\u0171ny\u00edr\u00f3t tolod \u00e9s man\u0151verezed a kertben? B\u00facs\u00fazz el a k\u00e9zi munk\u00e1t\u00f3l, \u00e9s \u00fcdv\u00f6z\u00f6ld a gyep\u00e1pol\u00e1s j\u00f6v\u0151j\u00e9t forradalmian \u00faj, k\u00e9t peng\u00e9s, t\u00e1vir\u00e1ny\u00edt\u00e1s\u00fa f\u0171ny\u00edr\u00f3val! <a class=\"wpil_keyword_link\" title=\"Zero Turn Mower\" href=\"https:\/\/www.robotlawnsmower.com\/hu\/product\/lanctalpas-nulla-fordulatu-rc-funyiro-1000mm-16le\/\" target=\"_blank\" rel=\"noopener\" data-wpil-keyword-link=\"linked\">Zero Turn Mower<\/a> a p\u00e1ly\u00e1kon.<\/p><p>Elm\u00faltak azok az id\u0151k, amikor a terjedelmes g\u00e9pekkel \u00e9s a korl\u00e1tozott man\u0151verez\u0151k\u00e9pess\u00e9ggel kellett k\u00fcszk\u00f6dni. Innovat\u00edv Best kereskedelmi nullafordul\u00f3s f\u0171ny\u00edr\u00f3nk egyes\u00edti a t\u00e1vir\u00e1ny\u00edt\u00f3s technol\u00f3gia pontoss\u00e1g\u00e1t a nulla fordul\u00e1si k\u00e9pess\u00e9gek agilit\u00e1s\u00e1val \u00e9s a nyomvonalak stabilit\u00e1s\u00e1val, \u00edgy minden alkalommal kiv\u00e1l\u00f3 ny\u00edr\u00e1si \u00e9lm\u00e9nyt biztos\u00edt.<\/p><p>Mi\u00e9rt v\u00e1lassza a mi <a href=\"https:\/\/www.robotlawnsmower.com\/hu\/pazsitapolas-jovo-felfedezese-taviranyito-nulla-fordulat-funyirok-bevezetese\/\" target=\"_blank\">K\u00e9t peng\u00e9s, kereskedelmi forgalomban kaphat\u00f3, nulla fordul\u00e1si sug\u00e1r\u00fa f\u0171ny\u00edr\u00f3<\/a><\/p><p>K\u00e9pzelje el, hogy k\u00f6nnyed\u00e9n vezeti f\u0171ny\u00edr\u00f3j\u00e1t az akad\u00e1lyok k\u00f6r\u00fcl, sz\u0171k helyeken \u00e9s egyenetlen terepen, mindezt saj\u00e1t otthona k\u00e9nyelm\u00e9b\u0151l. T\u00e1vir\u00e1ny\u00edt\u00f3 rendszer\u00fcnkkel teljes m\u00e9rt\u00e9kben szab\u00e1lyozhatja a sebess\u00e9get, az ir\u00e1nyt \u00e9s a v\u00e1g\u00e1si magass\u00e1got, \u00edgy minim\u00e1lis er\u0151fesz\u00edt\u00e9ssel professzion\u00e1lis min\u0151s\u00e9g\u0171 eredm\u00e9nyeket \u00e9rhet el.<\/p><p>De az el\u0151ny\u00f6k nem \u00e9rnek v\u00e9get enn\u00e9l. A l\u00e1nctalpak be\u00e9p\u00edt\u00e9s\u00e9vel a hagyom\u00e1nyos kerekes f\u0171ny\u00edr\u00f3k korl\u00e1tait is megsz\u00fcntett\u00fck. Ak\u00e1r <a href=\"https:\/\/www.robotlawnsmower.com\/hu\/hogyan-kell-kaszalni-a-meredek-lejtoket\/\" title=\"Hogyan ny\u00edrjunk meredek lejt\u0151ket\" target=\"_blank\" rel=\"noopener\"  data-wpil-monitor-id=\"14\">meredek lejt\u0151k<\/a>, Nedves f\u0171 vagy egyenetlen terepen is f\u0171ny\u00edr\u00f3nk p\u00e1ratlan stabilit\u00e1st \u00e9s tapad\u00e1st biztos\u00edt, \u00edgy b\u00e1rmilyen k\u00f6r\u00fclm\u00e9nyek k\u00f6z\u00f6tt sima \u00e9s egyenletes v\u00e1g\u00e1st garant\u00e1l.<\/p><p>B\u00facs\u00fazzon el a k\u00e9zi f\u0171ny\u00edr\u00e1s f\u00e1radalmait\u00f3l, \u00e9s \u00fcdv\u00f6z\u00f6lje a t\u00e1vir\u00e1ny\u00edt\u00f3 technol\u00f3gia k\u00e9nyelm\u00e9t. A Zero Turn Mower on Tracks term\u00e9k\u00fcnkkel, <a href=\"https:\/\/www.robotlawnsmower.com\/hu\/legjobb-minositesu-rc-funyiro-a-hatekony-gyepapolashoz-es-gyomirtashoz\/\" title=\"A legjobb \u00e9rt\u00e9kel\u00e9s\u0171 RC f\u0171ny\u00edr\u00f3 hat\u00e9kony gyep\u00e1pol\u00e1shoz \u00e9s gyomirt\u00e1shoz\" target=\"_blank\" rel=\"noopener\"  data-wpil-monitor-id=\"13\">A gyep\u00e1pol\u00e1s m\u00e9g soha nem volt ilyen egyszer\u0171 \u00e9s hat\u00e9kony.<\/a>. Kevesebb id\u0151t t\u00f6lts\u00f6n munk\u00e1val, \u00e9s t\u00f6bb id\u0151t a k\u00fclt\u00e9ri t\u00e9r \u00e9lvez\u00e9s\u00e9vel, mik\u00f6zben t\u00f6k\u00e9letesen \u00e1polt gyepet hozhat l\u00e9tre, amelyre a szomsz\u00e9dok is irigykedni fognak.<\/p><p>Tapasztalja meg a gyep\u00e1pol\u00e1s j\u00f6v\u0151j\u00e9t m\u00e1r ma a mi <a class=\"wpil_keyword_link\" title=\"T\u00e1vir\u00e1ny\u00edt\u00f3 Zero Turn Mower on Tracks\" href=\"https:\/\/www.robotlawnsmower.com\/hu\/product\/remote-control-zero-turn-mower-on-tracks-1000mm-20hp\/\" target=\"_blank\" rel=\"noopener\" data-wpil-keyword-link=\"linked\" data-wpil-monitor-id=\"10\">T\u00e1vir\u00e1ny\u00edt\u00e1s\u00fa, k\u00e9t peng\u00e9s, nulla fordul\u00e1si sug\u00e1r\u00fa l\u00e1nctalpas f\u0171ny\u00edr\u00f3<\/a>. Ideje forradalmas\u00edtani a f\u0171ny\u00edr\u00e1s m\u00f3dj\u00e1t.<\/p>\t\t\t\t\t\t\t\t<\/div>\n\t\t\t\t<\/div>\n\t\t\t\t<div class=\"elementor-element elementor-element-91c747f elementor-widget elementor-widget-video\" data-id=\"91c747f\" data-element_type=\"widget\" data-e-type=\"widget\" data-settings=\"{&quot;youtube_url&quot;:&quot;https:\\\/\\\/youtu.be\\\/swKe5rc86To&quot;,&quot;video_type&quot;:&quot;youtube&quot;,&quot;controls&quot;:&quot;yes&quot;}\" data-widget_type=\"video.default\">\n\t\t\t\t<div class=\"elementor-widget-container\">\n\t\t\t\t\t\t\t<div class=\"elementor-wrapper elementor-open-inline\">\n\t\t\t<div class=\"elementor-video\"><\/div>\t\t<\/div>\n\t\t\t\t\t\t<\/div>\n\t\t\t\t<\/div>\n\t\t\t\t<div class=\"elementor-element elementor-element-0345354 elementor-widget elementor-widget-text-editor\" data-id=\"0345354\" data-element_type=\"widget\" data-e-type=\"widget\" data-widget_type=\"text-editor.default\">\n\t\t\t\t<div class=\"elementor-widget-container\">\n\t\t\t\t\t\t\t\t\t<h2>&nbsp;&nbsp; R1100 T\u00e1vir\u00e1ny\u00edt\u00e1s\u00fa, kereskedelmi forgalomban kaphat\u00f3, k\u00e9t peng\u00e9s, nulla fordul\u00e1si sug\u00e1r\u00fa f\u0171ny\u00edr\u00f3 l\u00e1nctalpakon param\u00e9terek<\/h2>\n<ul>\n<li>Ind\u00edt\u00e1si m\u00f3d: elektromos<\/li>\n<li>Motor m\u00e1rka: Loncin F\u00fcgg\u0151leges tengely\u0171 n\u00e9gy\u00fctem\u0171<\/li>\n<li>N\u00e9vleges teljes\u00edtm\u00e9ny: 20 LE, 25 LE, 27 LE<\/li>\n<li>V\u00e1g\u00e1si sz\u00e9less\u00e9g: 1100 mm<\/li>\n<li>V\u00e1g\u00e1si magass\u00e1g: 20-180 mm<\/li>\n<li>Pengemagass\u00e1g \u00e1ll\u00edt\u00e1s: 10-180mm<\/li>\n<li>Gyalogl\u00e1si sebess\u00e9g: 0-4,7Km\/h<\/li>\n<li>Maxim\u00e1lis d\u0151l\u00e9ssz\u00f6g: 45\u00b0<\/li>\n<li>T\u00f6lt\u00e9si m\u00f3d: \u00d6nt\u00f6lt\u0151 rendszer<\/li>\n<li>M\u0171k\u00f6d\u00e9si m\u00f3d: T\u00e1vir\u00e1ny\u00edt\u00f3 s\u00e9ta, t\u00e1vir\u00e1ny\u00edt\u00f3<\/li>\n<li>J\u00e1r\u00e1sm\u00f3d: Elektromos l\u00e1nctalpas \u00f6nj\u00e1r\u00f3<\/li>\n<li>N.W\/G.W: 300 kg\/370 kg<\/li>\n<li>M\u00e9retek: 1220*1400*620mm<\/li>\n<li>Csomag m\u00e9rete: 1270*1450*760mm<\/li>\n<\/ul>\n<div data-id=\"2d1aae3\" data-element_type=\"widget\" data-widget_type=\"text-editor.default\">\n<div>\n<p><strong>A mi\u00e9nk <a href=\"https:\/\/www.robotlawnsmower.com\/hu\/a-taviranyitos-nulla-fordulatu-funyirok-forradalmi-ternyerese-a-sineken\/\" target=\"_blank\">T\u00e1vir\u00e1ny\u00edt\u00e1s\u00fa, k\u00e9t peng\u00e9s, nulla fordul\u00e1si sug\u00e1r\u00fa l\u00e1nctalpas f\u0171ny\u00edr\u00f3<\/a> CE tan\u00fas\u00edtv\u00e1nnyal rendelkeznek, \u00e9s Euro V nem k\u00f6z\u00fati \u00e9s EPA kibocs\u00e1t\u00e1si szabv\u00e1nyoknak is megfelel\u0151 benzinmotorral vannak felszerelve.<\/strong><\/p>\n<\/div>\n<\/div>\n<div data-id=\"2362afc\" data-element_type=\"widget\" data-widget_type=\"heading.default\">\n<div>\n<h2>R1100 T\u00e1vir\u00e1ny\u00edt\u00e1s\u00fa, kereskedelmi forgalomban kaphat\u00f3, l\u00e1nctalpas, nulla fordul\u00e1si sug\u00e1r\u00fa f\u0171ny\u00edr\u00f3 \u2013 mennyi ter\u00fcletet tud lekasz\u00e1lni egy \u00f3ra alatt?<\/h2>\n<\/div>\n<\/div>\n<div data-id=\"459e826\" data-element_type=\"widget\" data-widget_type=\"text-editor.default\">\n<div>\n<p>R1100 sorozat <a class=\"wpil_keyword_link\" title=\"l\u00e1nctalpas t\u00e1vir\u00e1ny\u00edt\u00f3s f\u0171ny\u00edr\u00f3\" href=\"https:\/\/www.robotlawnsmower.com\/hu\/product\/lanctalpas-taviranyitos-funyiro-550mm-9-0le\/\" target=\"_blank\" rel=\"noopener\" data-wpil-keyword-link=\"linked\" data-wpil-monitor-id=\"9\">l\u00e1nctalpas t\u00e1vir\u00e1ny\u00edt\u00f3s f\u0171ny\u00edr\u00f3<\/a> egy \u00f3ra alatt 0,71 hekt\u00e1r (2860 n\u00e9gyzetm\u00e9ter) ter\u00fcletet kasz\u00e1l.<\/p>\n<\/div>\n<\/div>\t\t\t\t\t\t\t\t<\/div>\n\t\t\t\t<\/div>\n\t\t\t\t\t<\/div>\n\t\t<\/div>\n\t\t\t\t\t<\/div>\n\t\t<\/section>\n\t\t\t\t<\/div>\n\t\t<style>\r\n.lwrp.link-whisper-related-posts{\r\n            \r\n            margin-bottom: 0px;\nmargin-left: 0px;\r\n        }\r\n        .lwrp .lwrp-title{\r\n            \r\n            \r\n        }.lwrp .lwrp-description{\r\n            \r\n            \r\n\r\n        }\r\n        .lwrp .lwrp-list-container{\r\n        }\r\n        .lwrp .lwrp-list-multi-container{\r\n            display: flex;\r\n        }\r\n        .lwrp .lwrp-list-double{\r\n            width: 48%;\r\n        }\r\n        .lwrp .lwrp-list-triple{\r\n            width: 32%;\r\n        }\r\n        .lwrp .lwrp-list-row-container{\r\n            display: flex;\r\n            justify-content: space-between;\r\n        }\r\n        .lwrp .lwrp-list-row-container .lwrp-list-item{\r\n            width: calc(50% - 20px);\r\n        }\r\n        .lwrp .lwrp-list-item:not(.lwrp-no-posts-message-item){\r\n            \r\n            margin-top: 0px;\nmargin-right: 0px;\nmargin-bottom: 0px;\nmargin-left: 0px;\r\n        }\r\n        .lwrp .lwrp-list-item img{\r\n            max-width: 100%;\r\n            height: auto;\r\n            object-fit: cover;\r\n            aspect-ratio: 1 \/ 1;\r\n        }\r\n        .lwrp .lwrp-list-item.lwrp-empty-list-item{\r\n            background: initial !important;\r\n        }\r\n        .lwrp .lwrp-list-item .lwrp-list-link .lwrp-list-link-title-text,\r\n        .lwrp .lwrp-list-item .lwrp-list-no-posts-message{\r\n            \r\n            \r\n            \r\n            \r\n        }@media screen and (max-width: 480px) {\r\n            .lwrp.link-whisper-related-posts{\r\n                \r\n                margin-bottom: 0px;\nmargin-left: 0px;\r\n            }\r\n            .lwrp .lwrp-title{\r\n                \r\n                \r\n            }.lwrp .lwrp-description{\r\n                \r\n                \r\n            }\r\n            .lwrp .lwrp-list-multi-container{\r\n                flex-direction: column;\r\n            }\r\n            .lwrp .lwrp-list-multi-container ul.lwrp-list{\r\n                margin-top: 0px;\r\n                margin-bottom: 0px;\r\n                padding-top: 0px;\r\n                padding-bottom: 0px;\r\n            }\r\n            .lwrp .lwrp-list-double,\r\n            .lwrp .lwrp-list-triple{\r\n                width: 100%;\r\n            }\r\n            .lwrp .lwrp-list-row-container{\r\n                justify-content: initial;\r\n                flex-direction: column;\r\n            }\r\n            .lwrp .lwrp-list-row-container .lwrp-list-item{\r\n                width: 100%;\r\n            }\r\n            .lwrp .lwrp-list-item:not(.lwrp-no-posts-message-item){\r\n                \r\n                margin-top: 0px;\nmargin-right: 0px;\nmargin-bottom: 0px;\nmargin-left: 0px;\r\n            }\r\n            .lwrp .lwrp-list-item .lwrp-list-link .lwrp-list-link-title-text,\r\n            .lwrp .lwrp-list-item .lwrp-list-no-posts-message{\r\n                \r\n                \r\n                \r\n                \r\n            };\r\n        }<\/style>\r\n<div id=\"link-whisper-related-posts-widget\" class=\"link-whisper-related-posts lwrp\">\r\n            <h4 class=\"lwrp-title\">Kapcsol\u00f3d\u00f3 bejegyz\u00e9sek<\/h4>    \r\n        <div class=\"lwrp-list-container\">\r\n                                            <div class=\"lwrp-list-multi-container\">\r\n                    <ul class=\"lwrp-list lwrp-list-double lwrp-list-left\">\r\n                        <li class=\"lwrp-list-item\"><a href=\"https:\/\/www.robotlawnsmower.com\/hu\/taviranyitos-funyiro-4wd4wd-rc-funyiroval\/\" class=\"lwrp-list-link\"><span class=\"lwrp-list-link-title-text\">t\u00e1vir\u00e1ny\u00edt\u00f3s f\u0171ny\u00edr\u00f3 4WD,4WD rc f\u0171ny\u00edr\u00f3val<\/span><\/a><\/li><li class=\"lwrp-list-item\"><a href=\"https:\/\/www.robotlawnsmower.com\/hu\/mi-az-a-taviranyitos-funyiro\/\" class=\"lwrp-list-link\"><span class=\"lwrp-list-link-title-text\">Mi az a t\u00e1vir\u00e1ny\u00edt\u00f3s f\u0171ny\u00edr\u00f3?<\/span><\/a><\/li>                    <\/ul>\r\n                    <ul class=\"lwrp-list lwrp-list-double lwrp-list-right\">\r\n                        <li class=\"lwrp-list-item\"><a href=\"https:\/\/www.robotlawnsmower.com\/hu\/hirismeret\/\" class=\"lwrp-list-link\"><span class=\"lwrp-list-link-title-text\">Blog<\/span><\/a><\/li><li class=\"lwrp-list-item\"><a href=\"https:\/\/www.robotlawnsmower.com\/hu\/taviranyitos-funyirokat-kinalunk-oem\/\" class=\"lwrp-list-link\"><span class=\"lwrp-list-link-title-text\">OEM t\u00e1vir\u00e1ny\u00edt\u00f3s f\u0171ny\u00edr\u00f3kat k\u00edn\u00e1lunk<\/span><\/a><\/li>                    <\/ul>\r\n                <\/div>\r\n                        <\/div>\r\n<\/div>","protected":false},"excerpt":{"rendered":"<p>Forradalmas\u00edtsa a gyep\u00e1pol\u00e1st legjobb kereskedelmi forgalomban l\u00e9v\u0151 nulla fordulat\u00fa f\u0171ny\u00edr\u00f3nkkal a Tracks-en. A professzion\u00e1lis eredm\u00e9nyek \u00e9rdek\u00e9ben k\u00f6nnyed\u00e9n man\u0151verezhet sz\u0171k helyeken \u00e9s egyenetlen terepen.<br \/>\nT\u00e1vir\u00e1ny\u00edt\u00e1s\u00fa, kett\u0151s peng\u00e9j\u0171, nulla fordul\u00e1si sug\u00e1r\u00fa f\u0171ny\u00edr\u00f3, az \u00e9ksz\u00edjhajt\u00e1s\u00fa kialak\u00edt\u00e1s hat\u00e9konyan meghosszabb\u00edtja a motor \u00e9lettartam\u00e1t \u00e9s cs\u00f6kkenti az \u00fczemeltet\u00e9si k\u00f6lts\u00e9geket.<\/p>","protected":false},"featured_media":3205,"comment_status":"open","ping_status":"closed","template":"","meta":{"site-sidebar-layout":"no-sidebar","site-content-layout":"","ast-site-content-layout":"full-width-container","site-content-style":"default","site-sidebar-style":"default","ast-global-header-display":"","ast-banner-title-visibility":"","ast-main-header-display":"","ast-hfb-above-header-display":"","ast-hfb-below-header-display":"","ast-hfb-mobile-header-display":"","site-post-title":"disabled","ast-breadcrumbs-content":"","ast-featured-img":"","footer-sml-layout":"","ast-disable-related-posts":"","theme-transparent-header-meta":"default","adv-header-id-meta":"","stick-header-meta":"default","header-above-stick-meta":"","header-main-stick-meta":"","header-below-stick-meta":"","astra-migrate-meta-layouts":"set","ast-page-background-enabled":"default","ast-page-background-meta":{"desktop":{"background-color":"var(--ast-global-color-4)","background-image":"","background-repeat":"repeat","background-position":"center center","background-size":"auto","background-attachment":"scroll","background-type":"","background-media":"","overlay-type":"","overlay-color":"","overlay-opacity":"","overlay-gradient":""},"tablet":{"background-color":"","background-image":"","background-repeat":"repeat","background-position":"center center","background-size":"auto","background-attachment":"scroll","background-type":"","background-media":"","overlay-type":"","overlay-color":"","overlay-opacity":"","overlay-gradient":""},"mobile":{"background-color":"","background-image":"","background-repeat":"repeat","background-position":"center center","background-size":"auto","background-attachment":"scroll","background-type":"","background-media":"","overlay-type":"","overlay-color":"","overlay-opacity":"","overlay-gradient":""}},"ast-content-background-meta":{"desktop":{"background-color":"var(--ast-global-color-5)","background-image":"","background-repeat":"repeat","background-position":"center center","background-size":"auto","background-attachment":"scroll","background-type":"","background-media":"","overlay-type":"","overlay-color":"","overlay-opacity":"","overlay-gradient":""},"tablet":{"background-color":"var(--ast-global-color-5)","background-image":"","background-repeat":"repeat","background-position":"center center","background-size":"auto","background-attachment":"scroll","background-type":"","background-media":"","overlay-type":"","overlay-color":"","overlay-opacity":"","overlay-gradient":""},"mobile":{"background-color":"var(--ast-global-color-5)","background-image":"","background-repeat":"repeat","background-position":"center center","background-size":"auto","background-attachment":"scroll","background-type":"","background-media":"","overlay-type":"","overlay-color":"","overlay-opacity":"","overlay-gradient":""}}},"product_brand":[],"product_cat":[96],"product_tag":[339,173,156,159,174,252,166,54,55,181,103,253,172,247,140,101,262,263,264,160,238,167,266,267,63,268,269,105,270,102,147,117,271,272,106,149,175,239,236,273,107,148,274,150,275,108,177,155,276,168,109,112,110,114],"class_list":{"0":"post-3189","1":"product","2":"type-product","3":"status-publish","4":"has-post-thumbnail","6":"product_cat-remote-mower-with-tracks-45-slope","7":"product_tag-best-commercial-zero-turn-mower","8":"product_tag-best-remote-control-lawn-mower","9":"product_tag-commercial-remote-control-lawn-mower","10":"product_tag-remote-control-lawn-mower-commercial","11":"product_tag-remote-control-mower-with-tracks","12":"product_tag-remote-control-riding-lawn-mower","13":"product_tag-remote-control-robot-lawn-mower","14":"product_tag-remote-control-track-lawn-mower","15":"product_tag-remote-control-track-mower","16":"product_tag-remote-control-tracked-lawn-mower","17":"product_tag-remote-control-tracked-mower","18":"product_tag-remote-control-tractor-lawn-mower","19":"product_tag-remote-control-zero-turn-lawn-mower","20":"product_tag-remote-controll-lawn-mower","21":"product_tag-remote-controlled-lawn-mower","22":"product_tag-remote-lawn-mower-with-tracks","23":"product_tag-remote-mower-on-tracks","24":"product_tag-remote-track-mower","25":"product_tag-robot-lawn-mower-on-tracks","26":"product_tag-robot-remote-control-lawn-mower","27":"product_tag-robot-tracked-lawn-mower","28":"product_tag-robotic-remote-control-lawn-mower","29":"product_tag-track-drive-zero-turn-mower","30":"product_tag-track-driven-lawn-mowe","31":"product_tag-track-lawn-mower","32":"product_tag-track-lawn-mower-for-sale","33":"product_tag-track-loader-mower","34":"product_tag-track-mower","35":"product_tag-track-mower-for-sale","36":"product_tag-track-remote-control-mower","37":"product_tag-track-zero-turn-mower","38":"product_tag-track-zero-turn-mower-tracker-lawn-mower-tracked-mower-tracks-for-lawn-mower-mower-with-tracks","39":"product_tag-tracked-brush-mower","40":"product_tag-tracked-flail-mower","41":"product_tag-tracked-lawn-mower","42":"product_tag-tracked-mower","43":"product_tag-tracked-remote-control-lawn-mower","44":"product_tag-tracked-robot-mower","45":"product_tag-tracked-slope-mower","46":"product_tag-tracked-zero-turn-lawn-mower","47":"product_tag-tracked-zero-turn-mower","48":"product_tag-tracker-lawn-mower","49":"product_tag-tracks-for-a-zero-turn-mower","50":"product_tag-tracks-for-lawn-mower","51":"product_tag-tracks-for-mower","52":"product_tag-tracks-for-zero-turn-mower","53":"product_tag-tracks-on-zero-turn-mower","54":"product_tag-wireless-remote-control-lawn-mower","55":"product_tag-zero-turn-lawn-mower-tracks","56":"product_tag-zero-turn-lawn-mower-with-tracks","57":"product_tag-zero-turn-mower-on-tracks","58":"product_tag-zero-turn-mower-tracks","59":"product_tag-zero-turn-mower-with-tracks","60":"product_tag-zero-turn-track-mower","61":"desktop-align-left","62":"tablet-align-left","63":"mobile-align-left","64":"ast-product-gallery-layout-horizontal-slider","65":"ast-product-single-variable","66":"ast-product-tabs-layout-horizontal","68":"first","69":"instock","70":"sale","71":"shipping-taxable","72":"purchasable","73":"product-type-variable","74":"has-default-attributes","75":"wvs-archive-product-wrapper"},"jetpack_sharing_enabled":true,"_links":{"self":[{"href":"https:\/\/www.robotlawnsmower.com\/hu\/wp-json\/wp\/v2\/product\/3189","targetHints":{"allow":["GET"]}}],"collection":[{"href":"https:\/\/www.robotlawnsmower.com\/hu\/wp-json\/wp\/v2\/product"}],"about":[{"href":"https:\/\/www.robotlawnsmower.com\/hu\/wp-json\/wp\/v2\/types\/product"}],"replies":[{"embeddable":true,"href":"https:\/\/www.robotlawnsmower.com\/hu\/wp-json\/wp\/v2\/comments?post=3189"}],"version-history":[{"count":12,"href":"https:\/\/www.robotlawnsmower.com\/hu\/wp-json\/wp\/v2\/product\/3189\/revisions"}],"predecessor-version":[{"id":3218,"href":"https:\/\/www.robotlawnsmower.com\/hu\/wp-json\/wp\/v2\/product\/3189\/revisions\/3218"}],"wp:featuredmedia":[{"embeddable":true,"href":"https:\/\/www.robotlawnsmower.com\/hu\/wp-json\/wp\/v2\/media\/3205"}],"wp:attachment":[{"href":"https:\/\/www.robotlawnsmower.com\/hu\/wp-json\/wp\/v2\/media?parent=3189"}],"wp:term":[{"taxonomy":"product_brand","embeddable":true,"href":"https:\/\/www.robotlawnsmower.com\/hu\/wp-json\/wp\/v2\/product_brand?post=3189"},{"taxonomy":"product_cat","embeddable":true,"href":"https:\/\/www.robotlawnsmower.com\/hu\/wp-json\/wp\/v2\/product_cat?post=3189"},{"taxonomy":"product_tag","embeddable":true,"href":"https:\/\/www.robotlawnsmower.com\/hu\/wp-json\/wp\/v2\/product_tag?post=3189"}],"curies":[{"name":"wp","href":"https:\/\/api.w.org\/{rel}","templated":true}]}}