{"id":2700,"date":"2025-02-10T09:49:04","date_gmt":"2025-02-10T09:49:04","guid":{"rendered":"https:\/\/www.robotlawnsmower.com\/?post_type=product&#038;p=2700"},"modified":"2025-12-11T00:56:19","modified_gmt":"2025-12-11T00:56:19","slug":"taviranyitos-homaro","status":"publish","type":"product","link":"https:\/\/www.robotlawnsmower.com\/hu\/product\/remote-control-snow-blower\/","title":{"rendered":"T\u00e1vir\u00e1ny\u00edt\u00f3s h\u00f3mar\u00f3"},"content":{"rendered":"<p>**Tapasztalja meg a p\u00e1ratlan k\u00e9nyelmet t\u00e1vir\u00e1ny\u00edt\u00f3s h\u00f3mar\u00f3nkkal!**<\/p>\n<p>Belef\u00e1radt a h\u00f3eltakar\u00edt\u00e1s h\u00e1tborzongat\u00f3 munk\u00e1j\u00e1ba? Ne keressen tov\u00e1bb! T\u00e1vir\u00e1ny\u00edt\u00f3s h\u00f3mar\u00f3nk forradalmas\u00edtja t\u00e9li \u00e9lm\u00e9ny\u00e9t.<\/p>\n<p>Ez az innovat\u00edv g\u00e9p a legmodernebb technol\u00f3gi\u00e1t felhaszn\u00e1l\u00f3bar\u00e1t kialak\u00edt\u00e1ssal \u00f6tv\u00f6zi, \u00edgy k\u00f6nnyed\u00e9n kezelheti a h\u00f3eltakar\u00edt\u00e1st saj\u00e1t otthona k\u00e9nyelm\u00e9b\u0151l. A t\u00e1vir\u00e1ny\u00edt\u00f3 n\u00e9h\u00e1ny egyszer\u0171 parancs\u00e1val ez a nagy teljes\u00edtm\u00e9ny\u0171 h\u00f3mar\u00f3 m\u0171k\u00f6d\u00e9sbe l\u00e9p, \u00e9s k\u00f6nnyed\u00e9n elt\u00e1vol\u00edtja a havat az aut\u00f3behajt\u00f3kr\u00f3l, s\u00e9t\u00e1nyokr\u00f3l \u00e9s teraszokr\u00f3l.<\/p>\n<p>A t\u00e1vir\u00e1ny\u00edt\u00f3 prec\u00edzen szab\u00e1lyozza a h\u00f3mar\u00f3 ir\u00e1ny\u00e1t \u00e9s sebess\u00e9g\u00e9t, \u00edgy hat\u00e9kony \u00e9s pontos h\u00f3eltakar\u00edt\u00e1st biztos\u00edt. Legyen sz\u00f3 er\u0151s havaz\u00e1sr\u00f3l vagy csak enyhe felh\u0151szakad\u00e1sr\u00f3l, h\u00f3mar\u00f3nk megvan az er\u0151 \u00e9s a mozg\u00e9konys\u00e1g, hogy mindent megbirk\u00f3zzon.<\/p>\n<p>A robusztus motorral \u00e9s strapab\u00edr\u00f3 konstrukci\u00f3val felszerelt h\u00f3mar\u00f3 \u00fagy k\u00e9sz\u00fclt, hogy ellen\u00e1lljon a t\u00e9li viszontags\u00e1goknak. Megb\u00edzhat\u00f3, k\u00f6nnyen karbantarthat\u00f3, \u00e9s \u00fagy tervezt\u00e9k, hogy \u00e9veken \u00e1t megb\u00edzhat\u00f3 szolg\u00e1ltat\u00e1st ny\u00fajtson.<\/p>\n<p>Ne hagyja, hogy a h\u00f3 t\u00f6bb\u00e9 megzavarja az \u00e9let\u00e9t. Friss\u00edtsen t\u00e1vir\u00e1ny\u00edt\u00f3s h\u00f3mar\u00f3nkra m\u00e9g ma, \u00e9s \u00e9lvezze az \u00e1ltala k\u00edn\u00e1lt szabads\u00e1got \u00e9s k\u00e9nyelmet. Mondjon b\u00facs\u00fat a lap\u00e1tol\u00e1snak, \u00e9s \u00fcdv a h\u00f3mentes paradicsomban!<\/p>\n<style>\r\n.lwrp.link-whisper-related-posts{\r\n            \r\n            margin-bottom: 0px;\nmargin-left: 0px;\r\n        }\r\n        .lwrp .lwrp-title{\r\n            \r\n            \r\n        }.lwrp .lwrp-description{\r\n            \r\n            \r\n\r\n        }\r\n        .lwrp .lwrp-list-container{\r\n        }\r\n        .lwrp .lwrp-list-multi-container{\r\n            display: flex;\r\n        }\r\n        .lwrp .lwrp-list-double{\r\n            width: 48%;\r\n        }\r\n        .lwrp .lwrp-list-triple{\r\n            width: 32%;\r\n        }\r\n        .lwrp .lwrp-list-row-container{\r\n            display: flex;\r\n            justify-content: space-between;\r\n        }\r\n        .lwrp .lwrp-list-row-container .lwrp-list-item{\r\n            width: calc(50% - 20px);\r\n        }\r\n        .lwrp .lwrp-list-item:not(.lwrp-no-posts-message-item){\r\n            \r\n            margin-top: 0px;\nmargin-right: 0px;\nmargin-bottom: 0px;\nmargin-left: 0px;\r\n        }\r\n        .lwrp .lwrp-list-item img{\r\n            max-width: 100%;\r\n            height: auto;\r\n            object-fit: cover;\r\n            aspect-ratio: 1 \/ 1;\r\n        }\r\n        .lwrp .lwrp-list-item.lwrp-empty-list-item{\r\n            background: initial !important;\r\n        }\r\n        .lwrp .lwrp-list-item .lwrp-list-link .lwrp-list-link-title-text,\r\n        .lwrp .lwrp-list-item .lwrp-list-no-posts-message{\r\n            \r\n            \r\n            \r\n            \r\n        }@media screen and (max-width: 480px) {\r\n            .lwrp.link-whisper-related-posts{\r\n                \r\n                margin-bottom: 0px;\nmargin-left: 0px;\r\n            }\r\n            .lwrp .lwrp-title{\r\n                \r\n                \r\n            }.lwrp .lwrp-description{\r\n                \r\n                \r\n            }\r\n            .lwrp .lwrp-list-multi-container{\r\n                flex-direction: column;\r\n            }\r\n            .lwrp .lwrp-list-multi-container ul.lwrp-list{\r\n                margin-top: 0px;\r\n                margin-bottom: 0px;\r\n                padding-top: 0px;\r\n                padding-bottom: 0px;\r\n            }\r\n            .lwrp .lwrp-list-double,\r\n            .lwrp .lwrp-list-triple{\r\n                width: 100%;\r\n            }\r\n            .lwrp .lwrp-list-row-container{\r\n                justify-content: initial;\r\n                flex-direction: column;\r\n            }\r\n            .lwrp .lwrp-list-row-container .lwrp-list-item{\r\n                width: 100%;\r\n            }\r\n            .lwrp .lwrp-list-item:not(.lwrp-no-posts-message-item){\r\n                \r\n                margin-top: 0px;\nmargin-right: 0px;\nmargin-bottom: 0px;\nmargin-left: 0px;\r\n            }\r\n            .lwrp .lwrp-list-item .lwrp-list-link .lwrp-list-link-title-text,\r\n            .lwrp .lwrp-list-item .lwrp-list-no-posts-message{\r\n                \r\n                \r\n                \r\n                \r\n            };\r\n        }<\/style>\r\n<div id=\"link-whisper-related-posts-widget\" class=\"link-whisper-related-posts lwrp\">\r\n            <h4 class=\"lwrp-title\">Kapcsol\u00f3d\u00f3 bejegyz\u00e9sek<\/h4>    \r\n        <div class=\"lwrp-list-container\">\r\n                                            <div class=\"lwrp-list-multi-container\">\r\n                    <ul class=\"lwrp-list lwrp-list-double lwrp-list-left\">\r\n                        <li class=\"lwrp-list-item\"><a href=\"https:\/\/www.robotlawnsmower.com\/hu\/szeker\/\" class=\"lwrp-list-link\"><span class=\"lwrp-list-link-title-text\">Kos\u00e1r<\/span><\/a><\/li><li class=\"lwrp-list-item\"><a href=\"https:\/\/www.robotlawnsmower.com\/hu\/kerjen-arajanlatot\/\" class=\"lwrp-list-link\"><span class=\"lwrp-list-link-title-text\">K\u00e9rjen \u00e1raj\u00e1nlatot<\/span><\/a><\/li>                    <\/ul>\r\n                    <ul class=\"lwrp-list lwrp-list-double lwrp-list-right\">\r\n                        <li class=\"lwrp-list-item\"><a href=\"https:\/\/www.robotlawnsmower.com\/hu\/product\/lanctalpas-nulla-fordulatu-rc-funyiro-1000mm-16le\/\" class=\"lwrp-list-link\"><img width=\"1024\" height=\"1024\" src=\"https:\/\/www.robotlawnsmower.com\/wp-content\/uploads\/2024\/01\/Gasoline_Remote_Control_Crawler_Lawn_Mower_R550-L196_edited_1.png\" class=\"attachment- size- wvs-archive-product-image wp-post-image\" alt=\"\" srcset=\"https:\/\/www.robotlawnsmower.com\/wp-content\/uploads\/2024\/01\/Gasoline_Remote_Control_Crawler_Lawn_Mower_R550-L196_edited_1.png 1024w, https:\/\/www.robotlawnsmower.com\/wp-content\/uploads\/2024\/01\/Gasoline_Remote_Control_Crawler_Lawn_Mower_R550-L196_edited_1-300x300.png 300w, https:\/\/www.robotlawnsmower.com\/wp-content\/uploads\/2024\/01\/Gasoline_Remote_Control_Crawler_Lawn_Mower_R550-L196_edited_1-100x100.png 100w, https:\/\/www.robotlawnsmower.com\/wp-content\/uploads\/2024\/01\/Gasoline_Remote_Control_Crawler_Lawn_Mower_R550-L196_edited_1-600x600.png 600w, https:\/\/www.robotlawnsmower.com\/wp-content\/uploads\/2024\/01\/Gasoline_Remote_Control_Crawler_Lawn_Mower_R550-L196_edited_1-150x150.png 150w, https:\/\/www.robotlawnsmower.com\/wp-content\/uploads\/2024\/01\/Gasoline_Remote_Control_Crawler_Lawn_Mower_R550-L196_edited_1-768x768.png 768w\" sizes=\"(max-width: 1024px) 100vw, 1024px\" \/><br><span class=\"lwrp-list-link-title-text\">L\u00e1nctalpas nullfordul\u00f3s RC f\u0171ny\u00edr\u00f3 1000mm 16LE<\/span><\/a><\/li><li class=\"lwrp-list-item\"><a href=\"https:\/\/www.robotlawnsmower.com\/hu\/hogyan-nyirja-a-fuvet-egy-taviranyitos-24v-os-funyiro\/\" class=\"lwrp-list-link\"><span class=\"lwrp-list-link-title-text\">Hogyan ny\u00edrja a f\u00fcvet egy t\u00e1vir\u00e1ny\u00edt\u00f3s 24V-os f\u0171ny\u00edr\u00f3?<\/span><\/a><\/li>                    <\/ul>\r\n                <\/div>\r\n                        <\/div>\r\n<\/div>","protected":false},"excerpt":{"rendered":"<p>Tapasztalja meg a p\u00e1ratlan k\u00e9nyelmet t\u00e1vir\u00e1ny\u00edt\u00f3s h\u00f3mar\u00f3nkkal!<\/p>","protected":false},"featured_media":2699,"comment_status":"closed","ping_status":"closed","template":"","meta":{"site-sidebar-layout":"default","site-content-layout":"","ast-site-content-layout":"default","site-content-style":"default","site-sidebar-style":"default","ast-global-header-display":"","ast-banner-title-visibility":"","ast-main-header-display":"","ast-hfb-above-header-display":"","ast-hfb-below-header-display":"","ast-hfb-mobile-header-display":"","site-post-title":"","ast-breadcrumbs-content":"","ast-featured-img":"","footer-sml-layout":"","ast-disable-related-posts":"","theme-transparent-header-meta":"default","adv-header-id-meta":"","stick-header-meta":"default","header-above-stick-meta":"","header-main-stick-meta":"","header-below-stick-meta":"","astra-migrate-meta-layouts":"set","ast-page-background-enabled":"default","ast-page-background-meta":{"desktop":{"background-color":"var(--ast-global-color-4)","background-image":"","background-repeat":"repeat","background-position":"center center","background-size":"auto","background-attachment":"scroll","background-type":"","background-media":"","overlay-type":"","overlay-color":"","overlay-opacity":"","overlay-gradient":""},"tablet":{"background-color":"","background-image":"","background-repeat":"repeat","background-position":"center center","background-size":"auto","background-attachment":"scroll","background-type":"","background-media":"","overlay-type":"","overlay-color":"","overlay-opacity":"","overlay-gradient":""},"mobile":{"background-color":"","background-image":"","background-repeat":"repeat","background-position":"center center","background-size":"auto","background-attachment":"scroll","background-type":"","background-media":"","overlay-type":"","overlay-color":"","overlay-opacity":"","overlay-gradient":""}},"ast-content-background-meta":{"desktop":{"background-color":"var(--ast-global-color-5)","background-image":"","background-repeat":"repeat","background-position":"center center","background-size":"auto","background-attachment":"scroll","background-type":"","background-media":"","overlay-type":"","overlay-color":"","overlay-opacity":"","overlay-gradient":""},"tablet":{"background-color":"var(--ast-global-color-5)","background-image":"","background-repeat":"repeat","background-position":"center center","background-size":"auto","background-attachment":"scroll","background-type":"","background-media":"","overlay-type":"","overlay-color":"","overlay-opacity":"","overlay-gradient":""},"mobile":{"background-color":"var(--ast-global-color-5)","background-image":"","background-repeat":"repeat","background-position":"center center","background-size":"auto","background-attachment":"scroll","background-type":"","background-media":"","overlay-type":"","overlay-color":"","overlay-opacity":"","overlay-gradient":""}}},"product_brand":[],"product_cat":[15],"product_tag":[],"class_list":{"0":"post-2700","1":"product","2":"type-product","3":"status-publish","4":"has-post-thumbnail","6":"product_cat-uncategorized","7":"desktop-align-left","8":"tablet-align-left","9":"mobile-align-left","10":"ast-product-gallery-layout-horizontal-slider","11":"ast-product-single-variable","12":"ast-product-tabs-layout-horizontal","14":"first","15":"instock","16":"sale","17":"shipping-taxable","18":"purchasable","19":"product-type-variable","20":"wvs-archive-product-wrapper"},"yoast_head":"<!-- This site is optimized with the Yoast SEO Premium plugin v26.7 (Yoast SEO v27.5) - https:\/\/yoast.com\/product\/yoast-seo-premium-wordpress\/ -->\n<title>Remote control Snow blower - Robotlawnsmower<\/title>\n<meta name=\"description\" content=\"Remote-controlled snow thrower: effortlessly clear snow from anywhere with the convenience of remote operation!\" \/>\n<meta name=\"robots\" content=\"index, follow, max-snippet:-1, max-image-preview:large, max-video-preview:-1\" \/>\n<link rel=\"canonical\" href=\"https:\/\/www.robotlawnsmower.com\/hu\/product\/taviranyitos-homaro\/\" \/>\n<meta property=\"og:locale\" content=\"hu_HU\" \/>\n<meta property=\"og:type\" content=\"article\" \/>\n<meta property=\"og:title\" content=\"Remote control Snow blower\" \/>\n<meta property=\"og:description\" content=\"Remote-controlled snow thrower: effortlessly clear snow from anywhere with the convenience of remote operation!\" \/>\n<meta property=\"og:url\" content=\"https:\/\/www.robotlawnsmower.com\/hu\/product\/taviranyitos-homaro\/\" \/>\n<meta property=\"og:site_name\" content=\"Robotlawnsmower\" \/>\n<meta property=\"article:publisher\" content=\"https:\/\/www.facebook.com\/@rclawnmowers\" \/>\n<meta property=\"article:modified_time\" content=\"2025-12-11T00:56:19+00:00\" \/>\n<meta property=\"og:image\" content=\"https:\/\/www.robotlawnsmower.com\/wp-content\/uploads\/2025\/02\/snow-blower1.png\" \/>\n\t<meta property=\"og:image:width\" content=\"1417\" \/>\n\t<meta property=\"og:image:height\" content=\"1239\" \/>\n\t<meta property=\"og:image:type\" content=\"image\/png\" \/>\n<meta name=\"twitter:card\" content=\"summary_large_image\" \/>\n<meta name=\"twitter:site\" content=\"@rclawnmowers\" \/>\n<meta name=\"twitter:label1\" content=\"El\u00e9rhet\u0151s\u00e9g\" \/>\n\t<meta name=\"twitter:data1\" content=\"K\u00e9szleten\" \/>\n<script type=\"application\/ld+json\" class=\"yoast-schema-graph\">{\"@context\":\"https:\\\/\\\/schema.org\",\"@graph\":[{\"@type\":\"WebPage\",\"@id\":\"https:\\\/\\\/www.robotlawnsmower.com\\\/product\\\/remote-control-snow-blower\\\/\",\"url\":\"https:\\\/\\\/www.robotlawnsmower.com\\\/product\\\/remote-control-snow-blower\\\/\",\"name\":\"Remote control Snow blower - Robotlawnsmower\",\"isPartOf\":{\"@id\":\"https:\\\/\\\/www.robotlawnsmower.com\\\/#website\"},\"primaryImageOfPage\":{\"@id\":\"https:\\\/\\\/www.robotlawnsmower.com\\\/product\\\/remote-control-snow-blower\\\/#primaryimage\"},\"image\":{\"@id\":\"https:\\\/\\\/www.robotlawnsmower.com\\\/product\\\/remote-control-snow-blower\\\/#primaryimage\"},\"thumbnailUrl\":\"https:\\\/\\\/www.robotlawnsmower.com\\\/wp-content\\\/uploads\\\/2025\\\/02\\\/snow-blower1.png\",\"datePublished\":\"2025-02-10T09:49:04+00:00\",\"dateModified\":\"2025-12-11T00:56:19+00:00\",\"description\":\"Remote-controlled snow thrower: effortlessly clear snow from anywhere with the convenience of remote operation!\",\"breadcrumb\":{\"@id\":\"https:\\\/\\\/www.robotlawnsmower.com\\\/product\\\/remote-control-snow-blower\\\/#breadcrumb\"},\"inLanguage\":\"hu\",\"potentialAction\":[{\"@type\":\"ReadAction\",\"target\":[\"https:\\\/\\\/www.robotlawnsmower.com\\\/product\\\/remote-control-snow-blower\\\/\"]}]},{\"@type\":\"ImageObject\",\"inLanguage\":\"hu\",\"@id\":\"https:\\\/\\\/www.robotlawnsmower.com\\\/product\\\/remote-control-snow-blower\\\/#primaryimage\",\"url\":\"https:\\\/\\\/www.robotlawnsmower.com\\\/wp-content\\\/uploads\\\/2025\\\/02\\\/snow-blower1.png\",\"contentUrl\":\"https:\\\/\\\/www.robotlawnsmower.com\\\/wp-content\\\/uploads\\\/2025\\\/02\\\/snow-blower1.png\",\"width\":1417,\"height\":1239,\"caption\":\"snow blower1\"},{\"@type\":\"BreadcrumbList\",\"@id\":\"https:\\\/\\\/www.robotlawnsmower.com\\\/product\\\/remote-control-snow-blower\\\/#breadcrumb\",\"itemListElement\":[{\"@type\":\"ListItem\",\"position\":1,\"name\":\"Home\",\"item\":\"https:\\\/\\\/www.robotlawnsmower.com\\\/\"},{\"@type\":\"ListItem\",\"position\":2,\"name\":\"Product\",\"item\":\"https:\\\/\\\/www.robotlawnsmower.com\\\/product\\\/\"},{\"@type\":\"ListItem\",\"position\":3,\"name\":\"Remote control Snow blower\"}]},{\"@type\":\"WebSite\",\"@id\":\"https:\\\/\\\/www.robotlawnsmower.com\\\/#website\",\"url\":\"https:\\\/\\\/www.robotlawnsmower.com\\\/\",\"name\":\"Robotlawnsmower\",\"description\":\"Robot remote control lawn mower supplier\",\"publisher\":{\"@id\":\"https:\\\/\\\/www.robotlawnsmower.com\\\/#organization\"},\"alternateName\":\"Remote control Robot lawn mower\",\"potentialAction\":[{\"@type\":\"SearchAction\",\"target\":{\"@type\":\"EntryPoint\",\"urlTemplate\":\"https:\\\/\\\/www.robotlawnsmower.com\\\/?s={search_term_string}\"},\"query-input\":{\"@type\":\"PropertyValueSpecification\",\"valueRequired\":true,\"valueName\":\"search_term_string\"}}],\"inLanguage\":\"hu\"},{\"@type\":\"Organization\",\"@id\":\"https:\\\/\\\/www.robotlawnsmower.com\\\/#organization\",\"name\":\"SHANDONG LUSTRE INDUSTRIAL CO., LIMITED\",\"url\":\"https:\\\/\\\/www.robotlawnsmower.com\\\/\",\"logo\":{\"@type\":\"ImageObject\",\"inLanguage\":\"hu\",\"@id\":\"https:\\\/\\\/www.robotlawnsmower.com\\\/#\\\/schema\\\/logo\\\/image\\\/\",\"url\":\"https:\\\/\\\/www.robotlawnsmower.com\\\/wp-content\\\/uploads\\\/2023\\\/11\\\/logo.png\",\"contentUrl\":\"https:\\\/\\\/www.robotlawnsmower.com\\\/wp-content\\\/uploads\\\/2023\\\/11\\\/logo.png\",\"width\":350,\"height\":100,\"caption\":\"SHANDONG LUSTRE INDUSTRIAL CO., LIMITED\"},\"image\":{\"@id\":\"https:\\\/\\\/www.robotlawnsmower.com\\\/#\\\/schema\\\/logo\\\/image\\\/\"},\"sameAs\":[\"https:\\\/\\\/www.facebook.com\\\/@rclawnmowers\",\"https:\\\/\\\/x.com\\\/rclawnmowers\"]}]}<\/script>\n<meta property=\"og:availability\" content=\"instock\" \/>\n<meta property=\"product:availability\" content=\"instock\" \/>\n<meta property=\"product:condition\" content=\"new\" \/>\n<!-- \/ Yoast SEO Premium plugin. -->","yoast_head_json":{"title":"T\u00e1vir\u00e1ny\u00edt\u00f3s h\u00f3mar\u00f3 - Robotf\u0171ny\u00edr\u00f3","description":"T\u00e1vir\u00e1ny\u00edt\u00f3s h\u00f3mar\u00f3: k\u00f6nnyed\u00e9n takar\u00edtsa el a havat b\u00e1rhonnan a t\u00e1vvez\u00e9rl\u00e9s k\u00e9nyelm\u00e9vel!","robots":{"index":"index","follow":"follow","max-snippet":"max-snippet:-1","max-image-preview":"max-image-preview:large","max-video-preview":"max-video-preview:-1"},"canonical":"https:\/\/www.robotlawnsmower.com\/hu\/product\/taviranyitos-homaro\/","og_locale":"hu_HU","og_type":"article","og_title":"Remote control Snow blower","og_description":"Remote-controlled snow thrower: effortlessly clear snow from anywhere with the convenience of remote operation!","og_url":"https:\/\/www.robotlawnsmower.com\/hu\/product\/taviranyitos-homaro\/","og_site_name":"Robotlawnsmower","article_publisher":"https:\/\/www.facebook.com\/@rclawnmowers","article_modified_time":"2025-12-11T00:56:19+00:00","og_image":[{"width":1417,"height":1239,"url":"https:\/\/www.robotlawnsmower.com\/wp-content\/uploads\/2025\/02\/snow-blower1.png","type":"image\/png"}],"twitter_card":"summary_large_image","twitter_site":"@rclawnmowers","twitter_misc":{"El\u00e9rhet\u0151s\u00e9g":"K\u00e9szleten"},"schema":{"@context":"https:\/\/schema.org","@graph":[{"@type":"WebPage","@id":"https:\/\/www.robotlawnsmower.com\/product\/remote-control-snow-blower\/","url":"https:\/\/www.robotlawnsmower.com\/product\/remote-control-snow-blower\/","name":"T\u00e1vir\u00e1ny\u00edt\u00f3s h\u00f3mar\u00f3 - Robotf\u0171ny\u00edr\u00f3","isPartOf":{"@id":"https:\/\/www.robotlawnsmower.com\/#website"},"primaryImageOfPage":{"@id":"https:\/\/www.robotlawnsmower.com\/product\/remote-control-snow-blower\/#primaryimage"},"image":{"@id":"https:\/\/www.robotlawnsmower.com\/product\/remote-control-snow-blower\/#primaryimage"},"thumbnailUrl":"https:\/\/www.robotlawnsmower.com\/wp-content\/uploads\/2025\/02\/snow-blower1.png","datePublished":"2025-02-10T09:49:04+00:00","dateModified":"2025-12-11T00:56:19+00:00","description":"T\u00e1vir\u00e1ny\u00edt\u00f3s h\u00f3mar\u00f3: k\u00f6nnyed\u00e9n takar\u00edtsa el a havat b\u00e1rhonnan a t\u00e1vvez\u00e9rl\u00e9s k\u00e9nyelm\u00e9vel!","breadcrumb":{"@id":"https:\/\/www.robotlawnsmower.com\/product\/remote-control-snow-blower\/#breadcrumb"},"inLanguage":"hu","potentialAction":[{"@type":"ReadAction","target":["https:\/\/www.robotlawnsmower.com\/product\/remote-control-snow-blower\/"]}]},{"@type":"ImageObject","inLanguage":"hu","@id":"https:\/\/www.robotlawnsmower.com\/product\/remote-control-snow-blower\/#primaryimage","url":"https:\/\/www.robotlawnsmower.com\/wp-content\/uploads\/2025\/02\/snow-blower1.png","contentUrl":"https:\/\/www.robotlawnsmower.com\/wp-content\/uploads\/2025\/02\/snow-blower1.png","width":1417,"height":1239,"caption":"snow blower1"},{"@type":"BreadcrumbList","@id":"https:\/\/www.robotlawnsmower.com\/product\/remote-control-snow-blower\/#breadcrumb","itemListElement":[{"@type":"ListItem","position":1,"name":"Home","item":"https:\/\/www.robotlawnsmower.com\/"},{"@type":"ListItem","position":2,"name":"Product","item":"https:\/\/www.robotlawnsmower.com\/product\/"},{"@type":"ListItem","position":3,"name":"Remote control Snow blower"}]},{"@type":"WebSite","@id":"https:\/\/www.robotlawnsmower.com\/#website","url":"https:\/\/www.robotlawnsmower.com\/","name":"Robotf\u0171ny\u00edr\u00f3","description":"Robot t\u00e1vir\u00e1ny\u00edt\u00f3s f\u0171ny\u00edr\u00f3 besz\u00e1ll\u00edt\u00f3","publisher":{"@id":"https:\/\/www.robotlawnsmower.com\/#organization"},"alternateName":"Remote control Robot lawn mower","potentialAction":[{"@type":"SearchAction","target":{"@type":"EntryPoint","urlTemplate":"https:\/\/www.robotlawnsmower.com\/?s={search_term_string}"},"query-input":{"@type":"PropertyValueSpecification","valueRequired":true,"valueName":"search_term_string"}}],"inLanguage":"hu"},{"@type":"Organization","@id":"https:\/\/www.robotlawnsmower.com\/#organization","name":"SHANDONG LUSTER INDUSTRIAL CO., LIMITED","url":"https:\/\/www.robotlawnsmower.com\/","logo":{"@type":"ImageObject","inLanguage":"hu","@id":"https:\/\/www.robotlawnsmower.com\/#\/schema\/logo\/image\/","url":"https:\/\/www.robotlawnsmower.com\/wp-content\/uploads\/2023\/11\/logo.png","contentUrl":"https:\/\/www.robotlawnsmower.com\/wp-content\/uploads\/2023\/11\/logo.png","width":350,"height":100,"caption":"SHANDONG LUSTRE INDUSTRIAL CO., LIMITED"},"image":{"@id":"https:\/\/www.robotlawnsmower.com\/#\/schema\/logo\/image\/"},"sameAs":["https:\/\/www.facebook.com\/@rclawnmowers","https:\/\/x.com\/rclawnmowers"]}]},"og_availability":"instock","product_availability":"instock","product_condition":"new"},"jetpack_sharing_enabled":true,"_links":{"self":[{"href":"https:\/\/www.robotlawnsmower.com\/hu\/wp-json\/wp\/v2\/product\/2700","targetHints":{"allow":["GET"]}}],"collection":[{"href":"https:\/\/www.robotlawnsmower.com\/hu\/wp-json\/wp\/v2\/product"}],"about":[{"href":"https:\/\/www.robotlawnsmower.com\/hu\/wp-json\/wp\/v2\/types\/product"}],"replies":[{"embeddable":true,"href":"https:\/\/www.robotlawnsmower.com\/hu\/wp-json\/wp\/v2\/comments?post=2700"}],"version-history":[{"count":1,"href":"https:\/\/www.robotlawnsmower.com\/hu\/wp-json\/wp\/v2\/product\/2700\/revisions"}],"predecessor-version":[{"id":2701,"href":"https:\/\/www.robotlawnsmower.com\/hu\/wp-json\/wp\/v2\/product\/2700\/revisions\/2701"}],"wp:featuredmedia":[{"embeddable":true,"href":"https:\/\/www.robotlawnsmower.com\/hu\/wp-json\/wp\/v2\/media\/2699"}],"wp:attachment":[{"href":"https:\/\/www.robotlawnsmower.com\/hu\/wp-json\/wp\/v2\/media?parent=2700"}],"wp:term":[{"taxonomy":"product_brand","embeddable":true,"href":"https:\/\/www.robotlawnsmower.com\/hu\/wp-json\/wp\/v2\/product_brand?post=2700"},{"taxonomy":"product_cat","embeddable":true,"href":"https:\/\/www.robotlawnsmower.com\/hu\/wp-json\/wp\/v2\/product_cat?post=2700"},{"taxonomy":"product_tag","embeddable":true,"href":"https:\/\/www.robotlawnsmower.com\/hu\/wp-json\/wp\/v2\/product_tag?post=2700"}],"curies":[{"name":"wp","href":"https:\/\/api.w.org\/{rel}","templated":true}]}}