{"id":2695,"date":"2025-11-27T06:51:50","date_gmt":"2025-11-27T06:51:50","guid":{"rendered":"https:\/\/www.robotlawnsmower.com\/?post_type=product&#038;p=2695"},"modified":"2026-04-17T06:31:01","modified_gmt":"2026-04-17T06:31:01","slug":"tavoli-funyiro-potalkatreszek","status":"publish","type":"product","link":"https:\/\/www.robotlawnsmower.com\/hu\/product\/remote-mower-spare-parts\/","title":{"rendered":"P\u00f3talkatr\u00e9szek"},"content":{"rendered":"<p>t\u00e1voli f\u0171ny\u00edr\u00f3 p\u00f3talkatr\u00e9szek<br \/>\nT\u00e1vir\u00e1ny\u00edt\u00e1s\u00fa f\u0171ny\u00edr\u00f3k p\u00f3talkatr\u00e9szei. A k\u00e9pek csak t\u00e1j\u00e9koztat\u00f3 jelleg\u0171ek. A besz\u00e1ll\u00edt\u00f3k v\u00e1ltoz\u00e1sai vagy a term\u00e9kek friss\u00edt\u00e9sei miatt a t\u00e9nyleges term\u00e9kek elt\u00e9rhetnek a k\u00e9pekt\u0151l. Ha a sz\u00fcks\u00e9ges p\u00f3talkatr\u00e9sz nem szerepel a list\u00e1ban, k\u00e9rj\u00fck, <a class=\"wpil_keyword_link\" href=\"https:\/\/www.robotlawnsmower.com\/hu\/erintkezes\/\" target=\"_blank\"  rel=\"noopener\" title=\"\u00e9rintkez\u00e9s\" data-wpil-keyword-link=\"linked\"  data-wpil-monitor-id=\"1\">\u00e9rintkez\u00e9s<\/a> \u00fcgyf\u00e9lszolg\u00e1lat.<\/p>\n<style>\r\n.lwrp.link-whisper-related-posts{\r\n            \r\n            margin-bottom: 0px;\nmargin-left: 0px;\r\n        }\r\n        .lwrp .lwrp-title{\r\n            \r\n            \r\n        }.lwrp .lwrp-description{\r\n            \r\n            \r\n\r\n        }\r\n        .lwrp .lwrp-list-container{\r\n        }\r\n        .lwrp .lwrp-list-multi-container{\r\n            display: flex;\r\n        }\r\n        .lwrp .lwrp-list-double{\r\n            width: 48%;\r\n        }\r\n        .lwrp .lwrp-list-triple{\r\n            width: 32%;\r\n        }\r\n        .lwrp .lwrp-list-row-container{\r\n            display: flex;\r\n            justify-content: space-between;\r\n        }\r\n        .lwrp .lwrp-list-row-container .lwrp-list-item{\r\n            width: calc(50% - 20px);\r\n        }\r\n        .lwrp .lwrp-list-item:not(.lwrp-no-posts-message-item){\r\n            \r\n            margin-top: 0px;\nmargin-right: 0px;\nmargin-bottom: 0px;\nmargin-left: 0px;\r\n        }\r\n        .lwrp .lwrp-list-item img{\r\n            max-width: 100%;\r\n            height: auto;\r\n            object-fit: cover;\r\n            aspect-ratio: 1 \/ 1;\r\n        }\r\n        .lwrp .lwrp-list-item.lwrp-empty-list-item{\r\n            background: initial !important;\r\n        }\r\n        .lwrp .lwrp-list-item .lwrp-list-link .lwrp-list-link-title-text,\r\n        .lwrp .lwrp-list-item .lwrp-list-no-posts-message{\r\n            \r\n            \r\n            \r\n            \r\n        }@media screen and (max-width: 480px) {\r\n            .lwrp.link-whisper-related-posts{\r\n                \r\n                margin-bottom: 0px;\nmargin-left: 0px;\r\n            }\r\n            .lwrp .lwrp-title{\r\n                \r\n                \r\n            }.lwrp .lwrp-description{\r\n                \r\n                \r\n            }\r\n            .lwrp .lwrp-list-multi-container{\r\n                flex-direction: column;\r\n            }\r\n            .lwrp .lwrp-list-multi-container ul.lwrp-list{\r\n                margin-top: 0px;\r\n                margin-bottom: 0px;\r\n                padding-top: 0px;\r\n                padding-bottom: 0px;\r\n            }\r\n            .lwrp .lwrp-list-double,\r\n            .lwrp .lwrp-list-triple{\r\n                width: 100%;\r\n            }\r\n            .lwrp .lwrp-list-row-container{\r\n                justify-content: initial;\r\n                flex-direction: column;\r\n            }\r\n            .lwrp .lwrp-list-row-container .lwrp-list-item{\r\n                width: 100%;\r\n            }\r\n            .lwrp .lwrp-list-item:not(.lwrp-no-posts-message-item){\r\n                \r\n                margin-top: 0px;\nmargin-right: 0px;\nmargin-bottom: 0px;\nmargin-left: 0px;\r\n            }\r\n            .lwrp .lwrp-list-item .lwrp-list-link .lwrp-list-link-title-text,\r\n            .lwrp .lwrp-list-item .lwrp-list-no-posts-message{\r\n                \r\n                \r\n                \r\n                \r\n            };\r\n        }<\/style>\r\n<div id=\"link-whisper-related-posts-widget\" class=\"link-whisper-related-posts lwrp\">\r\n            <h4 class=\"lwrp-title\">Kapcsol\u00f3d\u00f3 bejegyz\u00e9sek<\/h4>    \r\n        <div class=\"lwrp-list-container\">\r\n                                            <div class=\"lwrp-list-multi-container\">\r\n                    <ul class=\"lwrp-list lwrp-list-double lwrp-list-left\">\r\n                        <li class=\"lwrp-list-item\"><a href=\"https:\/\/www.robotlawnsmower.com\/hu\/fedezze-fel-a-legjobb-taviranyitos-funyirot-a-problemamentes-udvarert\/\" class=\"lwrp-list-link\"><span class=\"lwrp-list-link-title-text\">Fedezze fel a legjobb t\u00e1vvez\u00e9relhet\u0151 f\u0171ny\u00edr\u00f3t a probl\u00e9mamentes udvarhoz<\/span><\/a><\/li><li class=\"lwrp-list-item\"><a href=\"https:\/\/www.robotlawnsmower.com\/hu\/product\/taviranyitos-funyiro-800mm-meredek-lejtohoz\/\" class=\"lwrp-list-link\"><img width=\"433\" height=\"433\" src=\"https:\/\/www.robotlawnsmower.com\/wp-content\/uploads\/2024\/01\/China-remote-control-tank-lawn-mower-.webp\" class=\"attachment- size- wvs-archive-product-image wp-post-image\" alt=\"T\u00e1vir\u00e1ny\u00edt\u00f3s f\u0171ny\u00edr\u00f3 meredek lejt\u0151h\u00f6z\" srcset=\"https:\/\/www.robotlawnsmower.com\/wp-content\/uploads\/2024\/01\/China-remote-control-tank-lawn-mower-.webp 433w, https:\/\/www.robotlawnsmower.com\/wp-content\/uploads\/2024\/01\/China-remote-control-tank-lawn-mower--300x300.webp 300w, https:\/\/www.robotlawnsmower.com\/wp-content\/uploads\/2024\/01\/China-remote-control-tank-lawn-mower--100x100.webp 100w, https:\/\/www.robotlawnsmower.com\/wp-content\/uploads\/2024\/01\/China-remote-control-tank-lawn-mower--150x150.webp 150w\" sizes=\"(max-width: 433px) 100vw, 433px\" \/><br><span class=\"lwrp-list-link-title-text\">T\u00e1vir\u00e1ny\u00edt\u00f3s f\u0171ny\u00edr\u00f3 800 mm-es meredek lejt\u0151h\u00f6z<\/span><\/a><\/li>                    <\/ul>\r\n                    <ul class=\"lwrp-list lwrp-list-double lwrp-list-right\">\r\n                        <li class=\"lwrp-list-item\"><a href=\"https:\/\/www.robotlawnsmower.com\/hu\/taviranyitos-funyiro-hasznalat-es-karbantartas\/\" class=\"lwrp-list-link\"><span class=\"lwrp-list-link-title-text\">T\u00e1vir\u00e1ny\u00edt\u00f3s f\u0171ny\u00edr\u00f3 haszn\u00e1lat \u00e9s karbantart\u00e1s<\/span><\/a><\/li><li class=\"lwrp-list-item\"><a href=\"https:\/\/www.robotlawnsmower.com\/hu\/visszaterites\/\" class=\"lwrp-list-link\"><span class=\"lwrp-list-link-title-text\">Visszat\u00e9r\u00edt\u00e9si \u00e9s visszak\u00fcld\u00e9si szab\u00e1lyzat<\/span><\/a><\/li>                    <\/ul>\r\n                <\/div>\r\n                        <\/div>\r\n<\/div>","protected":false},"excerpt":{"rendered":"<p>t\u00e1voli f\u0171ny\u00edr\u00f3 p\u00f3talkatr\u00e9szek<br \/>\nT\u00e1vir\u00e1ny\u00edt\u00e1s\u00fa f\u0171ny\u00edr\u00f3k p\u00f3talkatr\u00e9szei. A k\u00e9pek csak t\u00e1j\u00e9koztat\u00f3 jelleg\u0171ek. A besz\u00e1ll\u00edt\u00f3k v\u00e1ltoz\u00e1sai vagy a term\u00e9kek friss\u00edt\u00e9sei miatt a t\u00e9nyleges term\u00e9kek elt\u00e9rhetnek a k\u00e9pekt\u0151l. Ha a sz\u00fcks\u00e9ges p\u00f3talkatr\u00e9sz nem szerepel a list\u00e1ban, k\u00e9rj\u00fck, <a class=\"wpil_keyword_link\" href=\"https:\/\/www.robotlawnsmower.com\/hu\/erintkezes\/\" target=\"_blank\"  rel=\"noopener\" title=\"\u00e9rintkez\u00e9s\" data-wpil-keyword-link=\"linked\"  data-wpil-monitor-id=\"2\">\u00e9rintkez\u00e9s<\/a> \u00fcgyf\u00e9lszolg\u00e1lat.<\/p>","protected":false},"featured_media":3090,"comment_status":"closed","ping_status":"closed","template":"","meta":{"site-sidebar-layout":"default","site-content-layout":"","ast-site-content-layout":"default","site-content-style":"default","site-sidebar-style":"default","ast-global-header-display":"","ast-banner-title-visibility":"","ast-main-header-display":"","ast-hfb-above-header-display":"","ast-hfb-below-header-display":"","ast-hfb-mobile-header-display":"","site-post-title":"","ast-breadcrumbs-content":"","ast-featured-img":"","footer-sml-layout":"","ast-disable-related-posts":"","theme-transparent-header-meta":"default","adv-header-id-meta":"","stick-header-meta":"default","header-above-stick-meta":"","header-main-stick-meta":"","header-below-stick-meta":"","astra-migrate-meta-layouts":"set","ast-page-background-enabled":"default","ast-page-background-meta":{"desktop":{"background-color":"var(--ast-global-color-4)","background-image":"","background-repeat":"repeat","background-position":"center center","background-size":"auto","background-attachment":"scroll","background-type":"","background-media":"","overlay-type":"","overlay-color":"","overlay-opacity":"","overlay-gradient":""},"tablet":{"background-color":"","background-image":"","background-repeat":"repeat","background-position":"center center","background-size":"auto","background-attachment":"scroll","background-type":"","background-media":"","overlay-type":"","overlay-color":"","overlay-opacity":"","overlay-gradient":""},"mobile":{"background-color":"","background-image":"","background-repeat":"repeat","background-position":"center center","background-size":"auto","background-attachment":"scroll","background-type":"","background-media":"","overlay-type":"","overlay-color":"","overlay-opacity":"","overlay-gradient":""}},"ast-content-background-meta":{"desktop":{"background-color":"var(--ast-global-color-5)","background-image":"","background-repeat":"repeat","background-position":"center center","background-size":"auto","background-attachment":"scroll","background-type":"","background-media":"","overlay-type":"","overlay-color":"","overlay-opacity":"","overlay-gradient":""},"tablet":{"background-color":"var(--ast-global-color-5)","background-image":"","background-repeat":"repeat","background-position":"center center","background-size":"auto","background-attachment":"scroll","background-type":"","background-media":"","overlay-type":"","overlay-color":"","overlay-opacity":"","overlay-gradient":""},"mobile":{"background-color":"var(--ast-global-color-5)","background-image":"","background-repeat":"repeat","background-position":"center center","background-size":"auto","background-attachment":"scroll","background-type":"","background-media":"","overlay-type":"","overlay-color":"","overlay-opacity":"","overlay-gradient":""}}},"product_brand":[],"product_cat":[98,96,347,97],"product_tag":[349,348],"class_list":{"0":"post-2695","1":"product","2":"type-product","3":"status-publish","4":"has-post-thumbnail","6":"product_cat-remote-mower-wheels","7":"product_cat-remote-mower-with-tracks-45-slope","8":"product_cat-snow-blowersnow-thrower","9":"product_cat-tracked-rc-mowers-55-slope","10":"product_tag-dc-charger","11":"product_tag-remote-mower-spare-parts","12":"desktop-align-left","13":"tablet-align-left","14":"mobile-align-left","15":"ast-product-gallery-layout-horizontal-slider","16":"ast-product-gallery-with-no-image","17":"ast-product-single-variable","18":"ast-product-tabs-layout-horizontal","20":"first","21":"instock","22":"sale","23":"shipping-taxable","24":"purchasable","25":"product-type-variable","26":"wvs-archive-product-wrapper"},"yoast_head":"<!-- This site is optimized with the Yoast SEO Premium plugin v26.7 (Yoast SEO v27.5) - https:\/\/yoast.com\/product\/yoast-seo-premium-wordpress\/ -->\n<title>Spare parts - Robotlawnsmower<\/title>\n<meta name=\"robots\" content=\"index, follow, max-snippet:-1, max-image-preview:large, max-video-preview:-1\" \/>\n<link rel=\"canonical\" href=\"https:\/\/www.robotlawnsmower.com\/hu\/product\/tavoli-funyiro-potalkatreszek\/\" \/>\n<meta property=\"og:locale\" content=\"hu_HU\" \/>\n<meta property=\"og:type\" content=\"article\" \/>\n<meta property=\"og:title\" content=\"Spare parts\" \/>\n<meta property=\"og:description\" content=\"remote mower spare parts Spare parts for remote control lawn mowers. Images are for reference only. Due to supplier changes or product updates, the actual items may differ. If the spare part you need is not listed, please contact customer service.\" \/>\n<meta property=\"og:url\" content=\"https:\/\/www.robotlawnsmower.com\/hu\/product\/tavoli-funyiro-potalkatreszek\/\" \/>\n<meta property=\"og:site_name\" content=\"Robotlawnsmower\" \/>\n<meta property=\"article:publisher\" content=\"https:\/\/www.facebook.com\/@rclawnmowers\" \/>\n<meta property=\"article:modified_time\" content=\"2026-04-17T06:31:01+00:00\" \/>\n<meta property=\"og:image\" content=\"https:\/\/www.robotlawnsmower.com\/wp-content\/uploads\/2025\/11\/remote-control-lawn-mower-spare-part.jpg\" \/>\n\t<meta property=\"og:image:width\" content=\"800\" \/>\n\t<meta property=\"og:image:height\" content=\"800\" \/>\n\t<meta property=\"og:image:type\" content=\"image\/jpeg\" \/>\n<meta name=\"twitter:card\" content=\"summary_large_image\" \/>\n<meta name=\"twitter:site\" content=\"@rclawnmowers\" \/>\n<meta name=\"twitter:label1\" content=\"El\u00e9rhet\u0151s\u00e9g\" \/>\n\t<meta name=\"twitter:data1\" content=\"K\u00e9szleten\" \/>\n<script type=\"application\/ld+json\" class=\"yoast-schema-graph\">{\"@context\":\"https:\\\/\\\/schema.org\",\"@graph\":[{\"@type\":\"WebPage\",\"@id\":\"https:\\\/\\\/www.robotlawnsmower.com\\\/product\\\/remote-mower-spare-parts\\\/\",\"url\":\"https:\\\/\\\/www.robotlawnsmower.com\\\/product\\\/remote-mower-spare-parts\\\/\",\"name\":\"Spare parts - Robotlawnsmower\",\"isPartOf\":{\"@id\":\"https:\\\/\\\/www.robotlawnsmower.com\\\/#website\"},\"primaryImageOfPage\":{\"@id\":\"https:\\\/\\\/www.robotlawnsmower.com\\\/product\\\/remote-mower-spare-parts\\\/#primaryimage\"},\"image\":{\"@id\":\"https:\\\/\\\/www.robotlawnsmower.com\\\/product\\\/remote-mower-spare-parts\\\/#primaryimage\"},\"thumbnailUrl\":\"https:\\\/\\\/www.robotlawnsmower.com\\\/wp-content\\\/uploads\\\/2025\\\/11\\\/remote-control-lawn-mower-spare-part.jpg\",\"datePublished\":\"2025-11-27T06:51:50+00:00\",\"dateModified\":\"2026-04-17T06:31:01+00:00\",\"breadcrumb\":{\"@id\":\"https:\\\/\\\/www.robotlawnsmower.com\\\/product\\\/remote-mower-spare-parts\\\/#breadcrumb\"},\"inLanguage\":\"hu\",\"potentialAction\":[{\"@type\":\"ReadAction\",\"target\":[\"https:\\\/\\\/www.robotlawnsmower.com\\\/product\\\/remote-mower-spare-parts\\\/\"]}]},{\"@type\":\"ImageObject\",\"inLanguage\":\"hu\",\"@id\":\"https:\\\/\\\/www.robotlawnsmower.com\\\/product\\\/remote-mower-spare-parts\\\/#primaryimage\",\"url\":\"https:\\\/\\\/www.robotlawnsmower.com\\\/wp-content\\\/uploads\\\/2025\\\/11\\\/remote-control-lawn-mower-spare-part.jpg\",\"contentUrl\":\"https:\\\/\\\/www.robotlawnsmower.com\\\/wp-content\\\/uploads\\\/2025\\\/11\\\/remote-control-lawn-mower-spare-part.jpg\",\"width\":800,\"height\":800},{\"@type\":\"BreadcrumbList\",\"@id\":\"https:\\\/\\\/www.robotlawnsmower.com\\\/product\\\/remote-mower-spare-parts\\\/#breadcrumb\",\"itemListElement\":[{\"@type\":\"ListItem\",\"position\":1,\"name\":\"Home\",\"item\":\"https:\\\/\\\/www.robotlawnsmower.com\\\/\"},{\"@type\":\"ListItem\",\"position\":2,\"name\":\"Product\",\"item\":\"https:\\\/\\\/www.robotlawnsmower.com\\\/product\\\/\"},{\"@type\":\"ListItem\",\"position\":3,\"name\":\"Spare parts\"}]},{\"@type\":\"WebSite\",\"@id\":\"https:\\\/\\\/www.robotlawnsmower.com\\\/#website\",\"url\":\"https:\\\/\\\/www.robotlawnsmower.com\\\/\",\"name\":\"Robotlawnsmower\",\"description\":\"Robot remote control lawn mower supplier\",\"publisher\":{\"@id\":\"https:\\\/\\\/www.robotlawnsmower.com\\\/#organization\"},\"alternateName\":\"Remote control Robot lawn mower\",\"potentialAction\":[{\"@type\":\"SearchAction\",\"target\":{\"@type\":\"EntryPoint\",\"urlTemplate\":\"https:\\\/\\\/www.robotlawnsmower.com\\\/?s={search_term_string}\"},\"query-input\":{\"@type\":\"PropertyValueSpecification\",\"valueRequired\":true,\"valueName\":\"search_term_string\"}}],\"inLanguage\":\"hu\"},{\"@type\":\"Organization\",\"@id\":\"https:\\\/\\\/www.robotlawnsmower.com\\\/#organization\",\"name\":\"SHANDONG LUSTRE INDUSTRIAL CO., LIMITED\",\"url\":\"https:\\\/\\\/www.robotlawnsmower.com\\\/\",\"logo\":{\"@type\":\"ImageObject\",\"inLanguage\":\"hu\",\"@id\":\"https:\\\/\\\/www.robotlawnsmower.com\\\/#\\\/schema\\\/logo\\\/image\\\/\",\"url\":\"https:\\\/\\\/www.robotlawnsmower.com\\\/wp-content\\\/uploads\\\/2023\\\/11\\\/logo.png\",\"contentUrl\":\"https:\\\/\\\/www.robotlawnsmower.com\\\/wp-content\\\/uploads\\\/2023\\\/11\\\/logo.png\",\"width\":350,\"height\":100,\"caption\":\"SHANDONG LUSTRE INDUSTRIAL CO., LIMITED\"},\"image\":{\"@id\":\"https:\\\/\\\/www.robotlawnsmower.com\\\/#\\\/schema\\\/logo\\\/image\\\/\"},\"sameAs\":[\"https:\\\/\\\/www.facebook.com\\\/@rclawnmowers\",\"https:\\\/\\\/x.com\\\/rclawnmowers\"]}]}<\/script>\n<meta property=\"og:availability\" content=\"instock\" \/>\n<meta property=\"product:availability\" content=\"instock\" \/>\n<meta property=\"product:condition\" content=\"new\" \/>\n<!-- \/ Yoast SEO Premium plugin. -->","yoast_head_json":{"title":"P\u00f3talkatr\u00e9szek - Robotf\u0171ny\u00edr\u00f3","robots":{"index":"index","follow":"follow","max-snippet":"max-snippet:-1","max-image-preview":"max-image-preview:large","max-video-preview":"max-video-preview:-1"},"canonical":"https:\/\/www.robotlawnsmower.com\/hu\/product\/tavoli-funyiro-potalkatreszek\/","og_locale":"hu_HU","og_type":"article","og_title":"Spare parts","og_description":"remote mower spare parts Spare parts for remote control lawn mowers. Images are for reference only. Due to supplier changes or product updates, the actual items may differ. If the spare part you need is not listed, please contact customer service.","og_url":"https:\/\/www.robotlawnsmower.com\/hu\/product\/tavoli-funyiro-potalkatreszek\/","og_site_name":"Robotlawnsmower","article_publisher":"https:\/\/www.facebook.com\/@rclawnmowers","article_modified_time":"2026-04-17T06:31:01+00:00","og_image":[{"width":800,"height":800,"url":"https:\/\/www.robotlawnsmower.com\/wp-content\/uploads\/2025\/11\/remote-control-lawn-mower-spare-part.jpg","type":"image\/jpeg"}],"twitter_card":"summary_large_image","twitter_site":"@rclawnmowers","twitter_misc":{"El\u00e9rhet\u0151s\u00e9g":"K\u00e9szleten"},"schema":{"@context":"https:\/\/schema.org","@graph":[{"@type":"WebPage","@id":"https:\/\/www.robotlawnsmower.com\/product\/remote-mower-spare-parts\/","url":"https:\/\/www.robotlawnsmower.com\/product\/remote-mower-spare-parts\/","name":"P\u00f3talkatr\u00e9szek - Robotf\u0171ny\u00edr\u00f3","isPartOf":{"@id":"https:\/\/www.robotlawnsmower.com\/#website"},"primaryImageOfPage":{"@id":"https:\/\/www.robotlawnsmower.com\/product\/remote-mower-spare-parts\/#primaryimage"},"image":{"@id":"https:\/\/www.robotlawnsmower.com\/product\/remote-mower-spare-parts\/#primaryimage"},"thumbnailUrl":"https:\/\/www.robotlawnsmower.com\/wp-content\/uploads\/2025\/11\/remote-control-lawn-mower-spare-part.jpg","datePublished":"2025-11-27T06:51:50+00:00","dateModified":"2026-04-17T06:31:01+00:00","breadcrumb":{"@id":"https:\/\/www.robotlawnsmower.com\/product\/remote-mower-spare-parts\/#breadcrumb"},"inLanguage":"hu","potentialAction":[{"@type":"ReadAction","target":["https:\/\/www.robotlawnsmower.com\/product\/remote-mower-spare-parts\/"]}]},{"@type":"ImageObject","inLanguage":"hu","@id":"https:\/\/www.robotlawnsmower.com\/product\/remote-mower-spare-parts\/#primaryimage","url":"https:\/\/www.robotlawnsmower.com\/wp-content\/uploads\/2025\/11\/remote-control-lawn-mower-spare-part.jpg","contentUrl":"https:\/\/www.robotlawnsmower.com\/wp-content\/uploads\/2025\/11\/remote-control-lawn-mower-spare-part.jpg","width":800,"height":800},{"@type":"BreadcrumbList","@id":"https:\/\/www.robotlawnsmower.com\/product\/remote-mower-spare-parts\/#breadcrumb","itemListElement":[{"@type":"ListItem","position":1,"name":"Home","item":"https:\/\/www.robotlawnsmower.com\/"},{"@type":"ListItem","position":2,"name":"Product","item":"https:\/\/www.robotlawnsmower.com\/product\/"},{"@type":"ListItem","position":3,"name":"Spare parts"}]},{"@type":"WebSite","@id":"https:\/\/www.robotlawnsmower.com\/#website","url":"https:\/\/www.robotlawnsmower.com\/","name":"Robotf\u0171ny\u00edr\u00f3","description":"Robot t\u00e1vir\u00e1ny\u00edt\u00f3s f\u0171ny\u00edr\u00f3 besz\u00e1ll\u00edt\u00f3","publisher":{"@id":"https:\/\/www.robotlawnsmower.com\/#organization"},"alternateName":"Remote control Robot lawn mower","potentialAction":[{"@type":"SearchAction","target":{"@type":"EntryPoint","urlTemplate":"https:\/\/www.robotlawnsmower.com\/?s={search_term_string}"},"query-input":{"@type":"PropertyValueSpecification","valueRequired":true,"valueName":"search_term_string"}}],"inLanguage":"hu"},{"@type":"Organization","@id":"https:\/\/www.robotlawnsmower.com\/#organization","name":"SHANDONG LUSTER INDUSTRIAL CO., LIMITED","url":"https:\/\/www.robotlawnsmower.com\/","logo":{"@type":"ImageObject","inLanguage":"hu","@id":"https:\/\/www.robotlawnsmower.com\/#\/schema\/logo\/image\/","url":"https:\/\/www.robotlawnsmower.com\/wp-content\/uploads\/2023\/11\/logo.png","contentUrl":"https:\/\/www.robotlawnsmower.com\/wp-content\/uploads\/2023\/11\/logo.png","width":350,"height":100,"caption":"SHANDONG LUSTRE INDUSTRIAL CO., LIMITED"},"image":{"@id":"https:\/\/www.robotlawnsmower.com\/#\/schema\/logo\/image\/"},"sameAs":["https:\/\/www.facebook.com\/@rclawnmowers","https:\/\/x.com\/rclawnmowers"]}]},"og_availability":"instock","product_availability":"instock","product_condition":"new"},"jetpack_sharing_enabled":true,"_links":{"self":[{"href":"https:\/\/www.robotlawnsmower.com\/hu\/wp-json\/wp\/v2\/product\/2695","targetHints":{"allow":["GET"]}}],"collection":[{"href":"https:\/\/www.robotlawnsmower.com\/hu\/wp-json\/wp\/v2\/product"}],"about":[{"href":"https:\/\/www.robotlawnsmower.com\/hu\/wp-json\/wp\/v2\/types\/product"}],"replies":[{"embeddable":true,"href":"https:\/\/www.robotlawnsmower.com\/hu\/wp-json\/wp\/v2\/comments?post=2695"}],"version-history":[{"count":4,"href":"https:\/\/www.robotlawnsmower.com\/hu\/wp-json\/wp\/v2\/product\/2695\/revisions"}],"predecessor-version":[{"id":3153,"href":"https:\/\/www.robotlawnsmower.com\/hu\/wp-json\/wp\/v2\/product\/2695\/revisions\/3153"}],"wp:featuredmedia":[{"embeddable":true,"href":"https:\/\/www.robotlawnsmower.com\/hu\/wp-json\/wp\/v2\/media\/3090"}],"wp:attachment":[{"href":"https:\/\/www.robotlawnsmower.com\/hu\/wp-json\/wp\/v2\/media?parent=2695"}],"wp:term":[{"taxonomy":"product_brand","embeddable":true,"href":"https:\/\/www.robotlawnsmower.com\/hu\/wp-json\/wp\/v2\/product_brand?post=2695"},{"taxonomy":"product_cat","embeddable":true,"href":"https:\/\/www.robotlawnsmower.com\/hu\/wp-json\/wp\/v2\/product_cat?post=2695"},{"taxonomy":"product_tag","embeddable":true,"href":"https:\/\/www.robotlawnsmower.com\/hu\/wp-json\/wp\/v2\/product_tag?post=2695"}],"curies":[{"name":"wp","href":"https:\/\/api.w.org\/{rel}","templated":true}]}}