{"id":719,"date":"2024-02-02T07:53:28","date_gmt":"2024-02-02T07:53:28","guid":{"rendered":"https:\/\/www.robotlawnsmower.com\/?page_id=719"},"modified":"2024-05-11T02:27:55","modified_gmt":"2024-05-11T02:27:55","slug":"garancia","status":"publish","type":"page","link":"https:\/\/www.robotlawnsmower.com\/hu\/warranty\/","title":{"rendered":"Garancia"},"content":{"rendered":"<div data-elementor-type=\"wp-page\" data-elementor-id=\"719\" class=\"elementor elementor-719\" data-elementor-post-type=\"page\">\n\t\t\t\t\t\t<section class=\"elementor-section elementor-top-section elementor-element elementor-element-c940fc8 elementor-section-boxed elementor-section-height-default elementor-section-height-default\" data-id=\"c940fc8\" data-element_type=\"section\" data-e-type=\"section\">\n\t\t\t\t\t\t<div class=\"elementor-container elementor-column-gap-default\">\n\t\t\t\t\t<div class=\"elementor-column elementor-col-100 elementor-top-column elementor-element elementor-element-5d954d2\" data-id=\"5d954d2\" data-element_type=\"column\" data-e-type=\"column\">\n\t\t\t<div class=\"elementor-widget-wrap elementor-element-populated\">\n\t\t\t\t\t\t<div class=\"elementor-element elementor-element-0046606 elementor-widget elementor-widget-heading\" data-id=\"0046606\" data-element_type=\"widget\" data-e-type=\"widget\" data-widget_type=\"heading.default\">\n\t\t\t\t<div class=\"elementor-widget-container\">\n\t\t\t\t\t<h1 class=\"elementor-heading-title elementor-size-default\">Robotf\u0171ny\u00edr\u00f3 GARANCIA SZAB\u00c1LYZAT<\/h1>\t\t\t\t<\/div>\n\t\t\t\t<\/div>\n\t\t\t\t<div class=\"elementor-element elementor-element-b2632b8 elementor-widget elementor-widget-text-editor\" data-id=\"b2632b8\" data-element_type=\"widget\" data-e-type=\"widget\" data-widget_type=\"text-editor.default\">\n\t\t\t\t<div class=\"elementor-widget-container\">\n\t\t\t\t\t\t\t\t\t<div class=\"entry-content clear\"><div class=\"elementor elementor-23022\" data-elementor-type=\"wp-page\" data-elementor-id=\"23022\" data-elementor-post-type=\"page\"><section class=\"elementor-section elementor-top-section elementor-element elementor-element-a06907a elementor-section-boxed elementor-section-height-default elementor-section-height-default\" data-id=\"a06907a\" data-element_type=\"section\"><div class=\"elementor-container elementor-column-gap-default\"><div class=\"elementor-column elementor-col-100 elementor-top-column elementor-element elementor-element-a58d244\" data-id=\"a58d244\" data-element_type=\"column\"><div class=\"elementor-widget-wrap elementor-element-populated\"><div class=\"elementor-element elementor-element-d882063 elementor-widget elementor-widget-heading\" data-id=\"d882063\" data-element_type=\"widget\" data-widget_type=\"heading.default\"><div class=\"elementor-widget-container\"><h2 class=\"elementor-heading-title elementor-size-default\">J\u00f3t\u00e1ll\u00e1si id\u0151szak<\/h2><\/div><\/div><div class=\"elementor-element elementor-element-a0466a4 elementor-widget elementor-widget-text-editor\" data-id=\"a0466a4\" data-element_type=\"widget\" data-widget_type=\"text-editor.default\"><div class=\"elementor-widget-container\"><p>1 \u00e9v vagy 200 \u00f3ra term\u00e9khaszn\u00e1lat, att\u00f3l f\u00fcgg\u0151en, hogy melyik k\u00f6vetkezik be el\u0151bb. B\u00e1rmely eredeti fogyaszt\u00f3, aki a <a href=\"https:\/\/www.robotlawnsmower.com\/hu\/hogyan-valasszunk-kettos-teljesitmenyu-taviranyitos-funyirot\/\" target=\"_blank\" rel=\"noopener\" >t\u00e1vir\u00e1ny\u00edt\u00f3s f\u0171ny\u00edr\u00f3<\/a> ezen a weboldalon a berendez\u00e9s min\u0151s\u00e9gi garanci\u00e1lis id\u0151szak\u00e1t \u00e9lvezi, amely a v\u00e1s\u00e1rl\u00e1s napj\u00e1t\u00f3l kezd\u0151dik<\/p><\/div><\/div><div class=\"elementor-element elementor-element-d2008c0 elementor-widget elementor-widget-heading\" data-id=\"d2008c0\" data-element_type=\"widget\" data-widget_type=\"heading.default\"><div class=\"elementor-widget-container\"><h2 class=\"elementor-heading-title elementor-size-default\">Garanci\u00e1lis jogorvoslat<\/h2><\/div><\/div><div class=\"elementor-element elementor-element-eefa745 elementor-widget elementor-widget-text-editor\" data-id=\"eefa745\" data-element_type=\"widget\" data-widget_type=\"text-editor.default\"><div class=\"elementor-widget-container\"><p>Ha a term\u00e9k a j\u00f3t\u00e1ll\u00e1si id\u0151 alatt anyag- \u00e9s gy\u00e1rt\u00e1si hib\u00e1ss\u00e1 v\u00e1lik, a gy\u00e1rt\u00f3 vagy meghatalmazott forgalmaz\u00f3ja az \u00e9rintett alkatr\u00e9szt ingyenesen megjav\u00edtja, kicser\u00e9li, illetve a v\u00e1s\u00e1rl\u00f3 \u00e1ltal kifizetett v\u00e9tel\u00e1rat visszat\u00e9r\u00edti.<\/p><p>A felaj\u00e1nlott jogorvoslat (jav\u00edt\u00e1s, csere vagy visszat\u00e9r\u00edt\u00e9s) a gy\u00e1rt\u00f3 kiz\u00e1r\u00f3lagos bel\u00e1t\u00e1sa szerint t\u00f6rt\u00e9nik. Bizonyos felt\u00e9telek, korl\u00e1toz\u00e1sok \u00e9s kiz\u00e1r\u00e1sok vonatkozhatnak.<\/p><p>Ha kell n\u00e9h\u00e1ny kieg\u00e9sz\u00edt\u0151 <a href=\"https:\/\/www.robotlawnsmower.com\/hu\/szallitas\/\" target=\"_blank\" rel=\"noopener\" >sz\u00e1ll\u00edt\u00e1s<\/a> k\u00f6lts\u00e9g, a vev\u0151nek csak a sz\u00e1ll\u00edt\u00e1si k\u00f6lts\u00e9get kell fizetnie, \u00e9s ingyenesen beszerezheti az alkatr\u00e9szeket.<\/p><\/div><\/div><div class=\"elementor-element elementor-element-680792e elementor-widget elementor-widget-heading\" data-id=\"680792e\" data-element_type=\"widget\" data-widget_type=\"heading.default\"><div class=\"elementor-widget-container\"><h2 class=\"elementor-heading-title elementor-size-default\">Garanci\u00e1lis kiz\u00e1r\u00e1sok.<\/h2><\/div><\/div><div class=\"elementor-element elementor-element-6646b29 elementor-widget elementor-widget-text-editor\" data-id=\"6646b29\" data-element_type=\"widget\" data-widget_type=\"text-editor.default\"><div class=\"elementor-widget-container\"><ul><li>Nem eredeti gy\u00e1rt\u00f3i jav\u00edt\u00f3alkatr\u00e9szek haszn\u00e1lata eset\u00e9n, ha azok id\u0151 el\u0151tti kop\u00e1st vagy a term\u00e9k k\u00e1rosod\u00e1s\u00e1t okozz\u00e1k, a garancia \u00e9rv\u00e9ny\u00e9t veszti.<\/li><li>A gy\u00e1rt\u00f3 \u00e1ltal a term\u00e9khez nem enged\u00e9lyezett alkatr\u00e9sz, tartoz\u00e9k vagy tartoz\u00e9k beszerel\u00e9se vagy haszn\u00e1lata \u00e1ltal okozott k\u00e1rok.<\/li><li>Helytelen haszn\u00e1latb\u00f3l, vissza\u00e9l\u00e9sb\u0151l, \u00e1talak\u00edt\u00e1sb\u00f3l, nem megfelel\u0151 \u00f6sszeszerel\u00e9sb\u0151l, nem megfelel\u0151 be\u00e1ll\u00edt\u00e1sb\u00f3l, hanyags\u00e1gb\u00f3l vagy balesetb\u0151l ered\u0151 k\u00e1rok.<\/li><li>Id\u0151szakos kop\u00e1s, bele\u00e9rtve a kop\u00f3 alkatr\u00e9szeket, p\u00e9ld\u00e1ul \u00f6veket, gumiabroncsokat \u00e9s k\u00e9seket. Anyag- \u00e9s gy\u00e1rt\u00e1si hib\u00e1k, de nem kop\u00e1s.<\/li><li>Olyan k\u00e1rok, amelyek abb\u00f3l erednek, hogy nem haszn\u00e1lt \u00faj \u00fczemanyagot, vagy a term\u00e9ket nem megfelel\u0151en t\u00e1rolt\u00e1k haszn\u00e1laton k\u00edv\u00fcl.<\/li><li>10%-n\u00e9l t\u00f6bb etanolt tartalmaz\u00f3 benzinkever\u00e9kek haszn\u00e1lata \u00e1ltal okozott k\u00e1rok.<\/li><\/ul><\/div><\/div><div class=\"elementor-element elementor-element-0d66ea0 elementor-widget elementor-widget-text-editor\" data-id=\"0d66ea0\" data-element_type=\"widget\" data-widget_type=\"text-editor.default\"><div class=\"elementor-widget-container\"><p>K\u00e9rj\u00fck, tudassa velem, ha b\u00e1rmilyen egy\u00e9b k\u00e9rd\u00e9se vagy agg\u00e1lya van a garanci\u00e1val kapcsolatban.<\/p><\/div><\/div><div class=\"elementor-element elementor-element-e7136d3 elementor-widget elementor-widget-heading\" data-id=\"e7136d3\" data-element_type=\"widget\" data-widget_type=\"heading.default\"><div class=\"elementor-widget-container\"><h2 class=\"elementor-heading-title elementor-size-default\">J\u00f3t\u00e1ll\u00e1si ig\u00e9nyek.<\/h2><\/div><\/div><div class=\"elementor-element elementor-element-7c47f56 elementor-widget elementor-widget-text-editor\" data-id=\"7c47f56\" data-element_type=\"widget\" data-widget_type=\"text-editor.default\"><div class=\"elementor-widget-container\"><p>A j\u00f3t\u00e1ll\u00e1si ig\u00e9ny \u00e9rv\u00e9nyes\u00edt\u00e9s\u00e9hez a v\u00e1s\u00e1rl\u00f3knak meg kell tenni\u00fck <a href=\"https:\/\/www.robotlawnsmower.com\/hu\/erintkezes\/\" target=\"_blank\" rel=\"noopener\" >\u00e9rintkez\u00e9s<\/a> a gy\u00e1rt\u00f3 hivatalos viszontelad\u00f3ja (a hivatalos viszontelad\u00f3 megtal\u00e1l\u00e1s\u00e1hoz l\u00e1togasson el weboldalunkra a https:\/\/www.robotlawnsmower.com c\u00edmen). A garanci\u00e1lis szervizel\u00e9st a gy\u00e1rt\u00f3 felhatalmazott k\u00e9pvisel\u0151j\u00e9nek kell elv\u00e9geznie. Ezen t\u00falmen\u0151en a vev\u0151 saj\u00e1t k\u00f6lts\u00e9g\u00e9re \u00e9s kock\u00e1zat\u00e1ra k\u00f6teles a term\u00e9ket a garanci\u00e1lis szerviz helysz\u00edn\u00e9re \u00e9s onnan visszasz\u00e1ll\u00edtani.<\/p><\/div><\/div><\/div><\/div><\/div><\/section><\/div><\/div>\t\t\t\t\t\t\t\t<\/div>\n\t\t\t\t<\/div>\n\t\t\t\t\t<\/div>\n\t\t<\/div>\n\t\t\t\t\t<\/div>\n\t\t<\/section>\n\t\t\t\t<\/div>\n\t\t<style>\r\n.lwrp.link-whisper-related-posts{\r\n            \r\n            margin-bottom: 0px;\nmargin-left: 0px;\r\n        }\r\n        .lwrp .lwrp-title{\r\n            \r\n            \r\n        }.lwrp .lwrp-description{\r\n            \r\n            \r\n\r\n        }\r\n        .lwrp .lwrp-list-container{\r\n        }\r\n        .lwrp .lwrp-list-multi-container{\r\n            display: flex;\r\n        }\r\n        .lwrp .lwrp-list-double{\r\n            width: 48%;\r\n        }\r\n        .lwrp .lwrp-list-triple{\r\n            width: 32%;\r\n        }\r\n        .lwrp .lwrp-list-row-container{\r\n            display: flex;\r\n            justify-content: space-between;\r\n        }\r\n        .lwrp .lwrp-list-row-container .lwrp-list-item{\r\n            width: calc(50% - 20px);\r\n        }\r\n        .lwrp .lwrp-list-item:not(.lwrp-no-posts-message-item){\r\n            \r\n            margin-top: 0px;\nmargin-right: 0px;\nmargin-bottom: 0px;\nmargin-left: 0px;\r\n        }\r\n        .lwrp .lwrp-list-item img{\r\n            max-width: 100%;\r\n            height: auto;\r\n            object-fit: cover;\r\n            aspect-ratio: 1 \/ 1;\r\n        }\r\n        .lwrp .lwrp-list-item.lwrp-empty-list-item{\r\n            background: initial !important;\r\n        }\r\n        .lwrp .lwrp-list-item .lwrp-list-link .lwrp-list-link-title-text,\r\n        .lwrp .lwrp-list-item .lwrp-list-no-posts-message{\r\n            \r\n            \r\n            \r\n            \r\n        }@media screen and (max-width: 480px) {\r\n            .lwrp.link-whisper-related-posts{\r\n                \r\n                margin-bottom: 0px;\nmargin-left: 0px;\r\n            }\r\n            .lwrp .lwrp-title{\r\n                \r\n                \r\n            }.lwrp .lwrp-description{\r\n                \r\n                \r\n            }\r\n            .lwrp .lwrp-list-multi-container{\r\n                flex-direction: column;\r\n            }\r\n            .lwrp .lwrp-list-multi-container ul.lwrp-list{\r\n                margin-top: 0px;\r\n                margin-bottom: 0px;\r\n                padding-top: 0px;\r\n                padding-bottom: 0px;\r\n            }\r\n            .lwrp .lwrp-list-double,\r\n            .lwrp .lwrp-list-triple{\r\n                width: 100%;\r\n            }\r\n            .lwrp .lwrp-list-row-container{\r\n                justify-content: initial;\r\n                flex-direction: column;\r\n            }\r\n            .lwrp .lwrp-list-row-container .lwrp-list-item{\r\n                width: 100%;\r\n            }\r\n            .lwrp .lwrp-list-item:not(.lwrp-no-posts-message-item){\r\n                \r\n                margin-top: 0px;\nmargin-right: 0px;\nmargin-bottom: 0px;\nmargin-left: 0px;\r\n            }\r\n            .lwrp .lwrp-list-item .lwrp-list-link .lwrp-list-link-title-text,\r\n            .lwrp .lwrp-list-item .lwrp-list-no-posts-message{\r\n                \r\n                \r\n                \r\n                \r\n            };\r\n        }<\/style>\r\n<div id=\"link-whisper-related-posts-widget\" class=\"link-whisper-related-posts lwrp\">\r\n            <h4 class=\"lwrp-title\">Kapcsol\u00f3d\u00f3 bejegyz\u00e9sek<\/h4>    \r\n        <div class=\"lwrp-list-container\">\r\n                                            <div class=\"lwrp-list-multi-container\">\r\n                    <ul class=\"lwrp-list lwrp-list-double lwrp-list-left\">\r\n                        <li class=\"lwrp-list-item\"><a href=\"https:\/\/www.robotlawnsmower.com\/hu\/a-taviranyitos-funyirot-ausztraliaba-szallitjak\/\" class=\"lwrp-list-link\"><span class=\"lwrp-list-link-title-text\">A t\u00e1vir\u00e1ny\u00edt\u00f3s f\u0171ny\u00edr\u00f3t Ausztr\u00e1li\u00e1ba sz\u00e1ll\u00edtj\u00e1k<\/span><\/a><\/li><li class=\"lwrp-list-item\"><a href=\"https:\/\/www.robotlawnsmower.com\/hu\/a-taviranyitos-funyirok-meredek-forradalmanak-elsajatitasa-a-kihivasokkal-teli-terepen\/\" class=\"lwrp-list-link\"><span class=\"lwrp-list-link-title-text\">A meredek elsaj\u00e1t\u00edt\u00e1sa: A t\u00e1vir\u00e1ny\u00edt\u00f3s f\u0171ny\u00edr\u00f3k forradalma kih\u00edv\u00e1st jelent\u0151 terepre<\/span><\/a><\/li>                    <\/ul>\r\n                    <ul class=\"lwrp-list lwrp-list-double lwrp-list-right\">\r\n                        <li class=\"lwrp-list-item\"><a href=\"https:\/\/www.robotlawnsmower.com\/hu\/az-uj-taviranyitos-lanctalpas-funyirok-forradalmasitjak-a-gyepapolast\/\" class=\"lwrp-list-link\"><span class=\"lwrp-list-link-title-text\">Az \u00faj, t\u00e1vir\u00e1ny\u00edt\u00f3s, hevederes f\u0171ny\u00edr\u00f3k forradalmas\u00edtj\u00e1k a f\u0171\u00e1pol\u00e1st<\/span><\/a><\/li><li class=\"lwrp-list-item\"><a href=\"https:\/\/www.robotlawnsmower.com\/hu\/hogyan-nyirja-a-fuvet-egy-taviranyitos-24v-os-funyiro\/\" class=\"lwrp-list-link\"><span class=\"lwrp-list-link-title-text\">Hogyan ny\u00edrja a f\u00fcvet egy t\u00e1vir\u00e1ny\u00edt\u00f3s 24V-os f\u0171ny\u00edr\u00f3?<\/span><\/a><\/li>                    <\/ul>\r\n                <\/div>\r\n                        <\/div>\r\n<\/div>","protected":false},"excerpt":{"rendered":"<p>Robotlawnsmower WARRANTY POLICY Warranty Period 1 years or 200 hours of Product use, whichever occurs first.\u00a0 Any original consumer who purchases a remote control lawn mower on this website will enjoy the quality guarantee period of the equipment, starting from the date of purchase Warranty Remedy If the product becomes defective in material and workmanship [&hellip;]<\/p>\n","protected":false},"author":1,"featured_media":0,"parent":0,"menu_order":0,"comment_status":"closed","ping_status":"closed","template":"","meta":{"site-sidebar-layout":"no-sidebar","site-content-layout":"","ast-site-content-layout":"full-width-container","site-content-style":"default","site-sidebar-style":"default","ast-global-header-display":"","ast-banner-title-visibility":"","ast-main-header-display":"","ast-hfb-above-header-display":"","ast-hfb-below-header-display":"","ast-hfb-mobile-header-display":"","site-post-title":"disabled","ast-breadcrumbs-content":"","ast-featured-img":"disabled","footer-sml-layout":"","ast-disable-related-posts":"","theme-transparent-header-meta":"default","adv-header-id-meta":"","stick-header-meta":"default","header-above-stick-meta":"","header-main-stick-meta":"","header-below-stick-meta":"","astra-migrate-meta-layouts":"set","ast-page-background-enabled":"default","ast-page-background-meta":{"desktop":{"background-color":"var(--ast-global-color-4)","background-image":"","background-repeat":"repeat","background-position":"center center","background-size":"auto","background-attachment":"scroll","background-type":"","background-media":"","overlay-type":"","overlay-color":"","overlay-opacity":"","overlay-gradient":""},"tablet":{"background-color":"","background-image":"","background-repeat":"repeat","background-position":"center center","background-size":"auto","background-attachment":"scroll","background-type":"","background-media":"","overlay-type":"","overlay-color":"","overlay-opacity":"","overlay-gradient":""},"mobile":{"background-color":"","background-image":"","background-repeat":"repeat","background-position":"center center","background-size":"auto","background-attachment":"scroll","background-type":"","background-media":"","overlay-type":"","overlay-color":"","overlay-opacity":"","overlay-gradient":""}},"ast-content-background-meta":{"desktop":{"background-color":"var(--ast-global-color-5)","background-image":"","background-repeat":"repeat","background-position":"center center","background-size":"auto","background-attachment":"scroll","background-type":"","background-media":"","overlay-type":"","overlay-color":"","overlay-opacity":"","overlay-gradient":""},"tablet":{"background-color":"var(--ast-global-color-5)","background-image":"","background-repeat":"repeat","background-position":"center center","background-size":"auto","background-attachment":"scroll","background-type":"","background-media":"","overlay-type":"","overlay-color":"","overlay-opacity":"","overlay-gradient":""},"mobile":{"background-color":"var(--ast-global-color-5)","background-image":"","background-repeat":"repeat","background-position":"center center","background-size":"auto","background-attachment":"scroll","background-type":"","background-media":"","overlay-type":"","overlay-color":"","overlay-opacity":"","overlay-gradient":""}},"footnotes":""},"class_list":["post-719","page","type-page","status-publish","hentry"],"yoast_head":"<!-- This site is optimized with the Yoast SEO Premium plugin v26.7 (Yoast SEO v27.4) - https:\/\/yoast.com\/product\/yoast-seo-premium-wordpress\/ -->\n<title>Warranty - Robotlawnsmower<\/title>\n<meta name=\"description\" content=\"Warranty Robotlawnsmower\" \/>\n<meta name=\"robots\" content=\"index, follow, max-snippet:-1, max-image-preview:large, max-video-preview:-1\" \/>\n<link rel=\"canonical\" href=\"https:\/\/www.robotlawnsmower.com\/hu\/garancia\/\" \/>\n<meta property=\"og:locale\" content=\"hu_HU\" \/>\n<meta property=\"og:type\" content=\"article\" \/>\n<meta property=\"og:title\" content=\"Warranty\" \/>\n<meta property=\"og:description\" content=\"Warranty Robotlawnsmower\" \/>\n<meta property=\"og:url\" content=\"https:\/\/www.robotlawnsmower.com\/hu\/garancia\/\" \/>\n<meta property=\"og:site_name\" content=\"Robotlawnsmower\" \/>\n<meta property=\"article:publisher\" content=\"https:\/\/www.facebook.com\/@rclawnmowers\" \/>\n<meta property=\"article:modified_time\" content=\"2024-05-11T02:27:55+00:00\" \/>\n<meta property=\"og:image\" content=\"https:\/\/www.robotlawnsmower.com\/wp-content\/uploads\/2024\/01\/remote-control-lawn-mower.png\" \/>\n\t<meta property=\"og:image:width\" content=\"1600\" \/>\n\t<meta property=\"og:image:height\" content=\"649\" \/>\n\t<meta property=\"og:image:type\" content=\"image\/png\" \/>\n<meta name=\"twitter:card\" content=\"summary_large_image\" \/>\n<meta name=\"twitter:site\" content=\"@rclawnmowers\" \/>\n<meta name=\"twitter:label1\" content=\"Becs\u00fclt olvas\u00e1si id\u0151\" \/>\n\t<meta name=\"twitter:data1\" content=\"2 perc\" \/>\n<script type=\"application\/ld+json\" class=\"yoast-schema-graph\">{\"@context\":\"https:\\\/\\\/schema.org\",\"@graph\":[{\"@type\":\"WebPage\",\"@id\":\"https:\\\/\\\/www.robotlawnsmower.com\\\/warranty\\\/\",\"url\":\"https:\\\/\\\/www.robotlawnsmower.com\\\/warranty\\\/\",\"name\":\"Warranty - Robotlawnsmower\",\"isPartOf\":{\"@id\":\"https:\\\/\\\/www.robotlawnsmower.com\\\/#website\"},\"datePublished\":\"2024-02-02T07:53:28+00:00\",\"dateModified\":\"2024-05-11T02:27:55+00:00\",\"description\":\"Warranty Robotlawnsmower\",\"breadcrumb\":{\"@id\":\"https:\\\/\\\/www.robotlawnsmower.com\\\/warranty\\\/#breadcrumb\"},\"inLanguage\":\"hu\",\"potentialAction\":[{\"@type\":\"ReadAction\",\"target\":[\"https:\\\/\\\/www.robotlawnsmower.com\\\/warranty\\\/\"]}]},{\"@type\":\"BreadcrumbList\",\"@id\":\"https:\\\/\\\/www.robotlawnsmower.com\\\/warranty\\\/#breadcrumb\",\"itemListElement\":[{\"@type\":\"ListItem\",\"position\":1,\"name\":\"Home\",\"item\":\"https:\\\/\\\/www.robotlawnsmower.com\\\/\"},{\"@type\":\"ListItem\",\"position\":2,\"name\":\"Warranty\"}]},{\"@type\":\"WebSite\",\"@id\":\"https:\\\/\\\/www.robotlawnsmower.com\\\/#website\",\"url\":\"https:\\\/\\\/www.robotlawnsmower.com\\\/\",\"name\":\"Robotlawnsmower\",\"description\":\"Robot remote control lawn mower supplier\",\"publisher\":{\"@id\":\"https:\\\/\\\/www.robotlawnsmower.com\\\/#organization\"},\"alternateName\":\"Remote control Robot lawn mower\",\"potentialAction\":[{\"@type\":\"SearchAction\",\"target\":{\"@type\":\"EntryPoint\",\"urlTemplate\":\"https:\\\/\\\/www.robotlawnsmower.com\\\/?s={search_term_string}\"},\"query-input\":{\"@type\":\"PropertyValueSpecification\",\"valueRequired\":true,\"valueName\":\"search_term_string\"}}],\"inLanguage\":\"hu\"},{\"@type\":\"Organization\",\"@id\":\"https:\\\/\\\/www.robotlawnsmower.com\\\/#organization\",\"name\":\"SHANDONG LUSTRE INDUSTRIAL CO., LIMITED\",\"url\":\"https:\\\/\\\/www.robotlawnsmower.com\\\/\",\"logo\":{\"@type\":\"ImageObject\",\"inLanguage\":\"hu\",\"@id\":\"https:\\\/\\\/www.robotlawnsmower.com\\\/#\\\/schema\\\/logo\\\/image\\\/\",\"url\":\"https:\\\/\\\/www.robotlawnsmower.com\\\/wp-content\\\/uploads\\\/2023\\\/11\\\/logo.png\",\"contentUrl\":\"https:\\\/\\\/www.robotlawnsmower.com\\\/wp-content\\\/uploads\\\/2023\\\/11\\\/logo.png\",\"width\":350,\"height\":100,\"caption\":\"SHANDONG LUSTRE INDUSTRIAL CO., LIMITED\"},\"image\":{\"@id\":\"https:\\\/\\\/www.robotlawnsmower.com\\\/#\\\/schema\\\/logo\\\/image\\\/\"},\"sameAs\":[\"https:\\\/\\\/www.facebook.com\\\/@rclawnmowers\",\"https:\\\/\\\/x.com\\\/rclawnmowers\"]}]}<\/script>\n<!-- \/ Yoast SEO Premium plugin. -->","yoast_head_json":{"title":"Garancia - Robotf\u0171ny\u00edr\u00f3","description":"Garanci\u00e1lis robotf\u0171ny\u00edr\u00f3","robots":{"index":"index","follow":"follow","max-snippet":"max-snippet:-1","max-image-preview":"max-image-preview:large","max-video-preview":"max-video-preview:-1"},"canonical":"https:\/\/www.robotlawnsmower.com\/hu\/garancia\/","og_locale":"hu_HU","og_type":"article","og_title":"Warranty","og_description":"Warranty Robotlawnsmower","og_url":"https:\/\/www.robotlawnsmower.com\/hu\/garancia\/","og_site_name":"Robotlawnsmower","article_publisher":"https:\/\/www.facebook.com\/@rclawnmowers","article_modified_time":"2024-05-11T02:27:55+00:00","og_image":[{"width":1600,"height":649,"url":"https:\/\/www.robotlawnsmower.com\/wp-content\/uploads\/2024\/01\/remote-control-lawn-mower.png","type":"image\/png"}],"twitter_card":"summary_large_image","twitter_site":"@rclawnmowers","twitter_misc":{"Becs\u00fclt olvas\u00e1si id\u0151":"2 perc"},"schema":{"@context":"https:\/\/schema.org","@graph":[{"@type":"WebPage","@id":"https:\/\/www.robotlawnsmower.com\/warranty\/","url":"https:\/\/www.robotlawnsmower.com\/warranty\/","name":"Garancia - Robotf\u0171ny\u00edr\u00f3","isPartOf":{"@id":"https:\/\/www.robotlawnsmower.com\/#website"},"datePublished":"2024-02-02T07:53:28+00:00","dateModified":"2024-05-11T02:27:55+00:00","description":"Garanci\u00e1lis robotf\u0171ny\u00edr\u00f3","breadcrumb":{"@id":"https:\/\/www.robotlawnsmower.com\/warranty\/#breadcrumb"},"inLanguage":"hu","potentialAction":[{"@type":"ReadAction","target":["https:\/\/www.robotlawnsmower.com\/warranty\/"]}]},{"@type":"BreadcrumbList","@id":"https:\/\/www.robotlawnsmower.com\/warranty\/#breadcrumb","itemListElement":[{"@type":"ListItem","position":1,"name":"Home","item":"https:\/\/www.robotlawnsmower.com\/"},{"@type":"ListItem","position":2,"name":"Warranty"}]},{"@type":"WebSite","@id":"https:\/\/www.robotlawnsmower.com\/#website","url":"https:\/\/www.robotlawnsmower.com\/","name":"Robotf\u0171ny\u00edr\u00f3","description":"Robot t\u00e1vir\u00e1ny\u00edt\u00f3s f\u0171ny\u00edr\u00f3 besz\u00e1ll\u00edt\u00f3","publisher":{"@id":"https:\/\/www.robotlawnsmower.com\/#organization"},"alternateName":"Remote control Robot lawn mower","potentialAction":[{"@type":"SearchAction","target":{"@type":"EntryPoint","urlTemplate":"https:\/\/www.robotlawnsmower.com\/?s={search_term_string}"},"query-input":{"@type":"PropertyValueSpecification","valueRequired":true,"valueName":"search_term_string"}}],"inLanguage":"hu"},{"@type":"Organization","@id":"https:\/\/www.robotlawnsmower.com\/#organization","name":"SHANDONG LUSTER INDUSTRIAL CO., LIMITED","url":"https:\/\/www.robotlawnsmower.com\/","logo":{"@type":"ImageObject","inLanguage":"hu","@id":"https:\/\/www.robotlawnsmower.com\/#\/schema\/logo\/image\/","url":"https:\/\/www.robotlawnsmower.com\/wp-content\/uploads\/2023\/11\/logo.png","contentUrl":"https:\/\/www.robotlawnsmower.com\/wp-content\/uploads\/2023\/11\/logo.png","width":350,"height":100,"caption":"SHANDONG LUSTRE INDUSTRIAL CO., LIMITED"},"image":{"@id":"https:\/\/www.robotlawnsmower.com\/#\/schema\/logo\/image\/"},"sameAs":["https:\/\/www.facebook.com\/@rclawnmowers","https:\/\/x.com\/rclawnmowers"]}]}},"jetpack_sharing_enabled":true,"_links":{"self":[{"href":"https:\/\/www.robotlawnsmower.com\/hu\/wp-json\/wp\/v2\/pages\/719","targetHints":{"allow":["GET"]}}],"collection":[{"href":"https:\/\/www.robotlawnsmower.com\/hu\/wp-json\/wp\/v2\/pages"}],"about":[{"href":"https:\/\/www.robotlawnsmower.com\/hu\/wp-json\/wp\/v2\/types\/page"}],"author":[{"embeddable":true,"href":"https:\/\/www.robotlawnsmower.com\/hu\/wp-json\/wp\/v2\/users\/1"}],"replies":[{"embeddable":true,"href":"https:\/\/www.robotlawnsmower.com\/hu\/wp-json\/wp\/v2\/comments?post=719"}],"version-history":[{"count":9,"href":"https:\/\/www.robotlawnsmower.com\/hu\/wp-json\/wp\/v2\/pages\/719\/revisions"}],"predecessor-version":[{"id":1554,"href":"https:\/\/www.robotlawnsmower.com\/hu\/wp-json\/wp\/v2\/pages\/719\/revisions\/1554"}],"wp:attachment":[{"href":"https:\/\/www.robotlawnsmower.com\/hu\/wp-json\/wp\/v2\/media?parent=719"}],"curies":[{"name":"wp","href":"https:\/\/api.w.org\/{rel}","templated":true}]}}