{"id":3,"date":"2023-11-09T07:43:14","date_gmt":"2023-11-09T07:43:14","guid":{"rendered":"http:\/\/robotlawnsmower.com\/?page_id=3"},"modified":"2024-05-11T02:19:43","modified_gmt":"2024-05-11T02:19:43","slug":"adatvedelmi-szabalyzat","status":"publish","type":"page","link":"https:\/\/www.robotlawnsmower.com\/hu\/privacy-policy\/","title":{"rendered":"Adatv\u00e9delmi szab\u00e1lyzat"},"content":{"rendered":"<h2 class=\"wp-block-heading\">Kik vagyunk<\/h2>\r\n\r\n\r\n\r\n<p><strong class=\"privacy-policy-tutorial\">Javasolt sz\u00f6veg: <\/strong>Weboldalunk c\u00edme: <a href=\"https:\/\/www.robotlawnsmower.com\/hu\/\" target=\"_blank\">https:\/\/www.robotlawnsmower.com<\/a>.<\/p>\r\n\r\n\r\n\r\n<h2 class=\"wp-block-heading\">Megjegyz\u00e9sek<\/h2>\r\n\r\n\r\n\r\n<p><strong class=\"privacy-policy-tutorial\">Javasolt sz\u00f6veg: <\/strong>Amikor a l\u00e1togat\u00f3k megjegyz\u00e9seket f\u0171znek az oldalhoz, gy\u0171jtj\u00fck a megjegyz\u00e9s \u0171rlapon megjelen\u0151 adatokat, valamint a l\u00e1togat\u00f3 IP-c\u00edm\u00e9t \u00e9s a b\u00f6ng\u00e9sz\u0151 felhaszn\u00e1l\u00f3i \u00fcgyn\u00f6k karakterl\u00e1nc\u00e1t, hogy seg\u00edts\u00fck a spam \u00e9szlel\u00e9s\u00e9t.<\/p>\r\n\r\n\r\n\r\n<p>Az \u00d6n e-mail c\u00edm\u00e9b\u0151l l\u00e9trehozott anonim karakterl\u00e1nc (m\u00e1s n\u00e9ven hash) a Gravatar szolg\u00e1ltat\u00e1shoz ker\u00fclhet, hogy ellen\u0151rizze, haszn\u00e1lja-e. A Gravatar szolg\u00e1ltat\u00e1s adatv\u00e9delmi szab\u00e1lyzata itt \u00e9rhet\u0151 el: https:\/\/automattic.com\/privacy\/. Hozz\u00e1sz\u00f3l\u00e1sod j\u00f3v\u00e1hagy\u00e1sa ut\u00e1n profilk\u00e9ped a nyilv\u00e1noss\u00e1g sz\u00e1m\u00e1ra l\u00e1that\u00f3v\u00e1 v\u00e1lik a hozz\u00e1sz\u00f3l\u00e1soddal \u00f6sszef\u00fcgg\u00e9sben.<\/p>\r\n\r\n\r\n\r\n<h2 class=\"wp-block-heading\">M\u00e9dia<\/h2>\r\n\r\n\r\n\r\n<p><strong class=\"privacy-policy-tutorial\">Javasolt sz\u00f6veg: <\/strong>Ha k\u00e9peket t\u00f6lt fel a webhelyre, ker\u00fclje a be\u00e1gyazott helyadatokat (EXIF GPS) tartalmaz\u00f3 k\u00e9pek felt\u00f6lt\u00e9s\u00e9t. A webhely l\u00e1togat\u00f3i let\u00f6lthetik \u00e9s kivonhatj\u00e1k a webhelyen tal\u00e1lhat\u00f3 k\u00e9pekb\u0151l a helyadatokat.<\/p>\r\n\r\n\r\n\r\n<h2 class=\"wp-block-heading\">Cookie-k<\/h2>\r\n\r\n\r\n\r\n<p><strong class=\"privacy-policy-tutorial\">Javasolt sz\u00f6veg: <\/strong>Ha megjegyz\u00e9st \u00edr oldalunkhoz, enged\u00e9lyezheti nev\u00e9nek, e-mail c\u00edm\u00e9nek \u00e9s webhely\u00e9nek cookie-kba val\u00f3 ment\u00e9s\u00e9t. Ezek az \u00d6n k\u00e9nyelm\u00e9t szolg\u00e1lj\u00e1k, hogy ne kelljen \u00fajra megadnia adatait, amikor \u00fajabb megjegyz\u00e9st \u00edr. Ezek a s\u00fctik egy \u00e9vig eltartanak.<\/p>\r\n\r\n\r\n\r\n<p>Ha megl\u00e1togatja bejelentkez\u00e9si oldalunkat, ideiglenes cookie-t \u00e1ll\u00edtunk be annak meg\u00e1llap\u00edt\u00e1s\u00e1ra, hogy b\u00f6ng\u00e9sz\u0151je elfogadja-e a cookie-kat. Ez a s\u00fcti nem tartalmaz szem\u00e9lyes adatokat, \u00e9s a b\u00f6ng\u00e9sz\u0151 bez\u00e1r\u00e1sakor t\u00f6rl\u0151dik.<\/p>\r\n\r\n\r\n\r\n<p>Amikor bejelentkezik, t\u00f6bb cookie-t is be\u00e1ll\u00edtunk, amelyek elmentik a bejelentkez\u00e9si adatait \u00e9s a k\u00e9perny\u0151 megjelen\u00edt\u00e9si lehet\u0151s\u00e9geit. A bejelentkez\u00e9si cookie-k k\u00e9t napig, a k\u00e9perny\u0151be\u00e1ll\u00edt\u00e1si cookie-k pedig egy \u00e9vig m\u0171k\u00f6dnek. Ha az \u201eEml\u00e9kezz r\u00e1m\u201d lehet\u0151s\u00e9get v\u00e1lasztja, a bejelentkez\u00e9s k\u00e9t h\u00e9tig megmarad. Ha kijelentkezik fi\u00f3kj\u00e1b\u00f3l, a bejelentkez\u00e9si cookie-k t\u00f6rl\u0151dnek.<\/p>\r\n\r\n\r\n\r\n<p>Ha szerkeszt vagy k\u00f6zz\u00e9tesz egy cikket, a b\u00f6ng\u00e9sz\u0151 egy tov\u00e1bbi cookie-t ment el. Ez a cookie nem tartalmaz szem\u00e9lyes adatokat, \u00e9s egyszer\u0171en csak az \u00e9ppen szerkesztett cikk bejegyz\u00e9sazonos\u00edt\u00f3j\u00e1t jelzi. 1 nap m\u00falva lej\u00e1r.<\/p>\r\n\r\n\r\n\r\n<h2 class=\"wp-block-heading\">Be\u00e1gyazott tartalom m\u00e1s webhelyekr\u0151l<\/h2>\r\n\r\n\r\n\r\n<p><strong class=\"privacy-policy-tutorial\">Javasolt sz\u00f6veg: <\/strong>Az ezen az oldalon tal\u00e1lhat\u00f3 cikkek tartalmazhatnak be\u00e1gyazott tartalmat (pl. vide\u00f3k, k\u00e9pek, cikkek stb.). A m\u00e1s webhelyekr\u0151l sz\u00e1rmaz\u00f3 be\u00e1gyazott tartalom pontosan ugyan\u00fagy viselkedik, mintha a l\u00e1togat\u00f3 megl\u00e1togatta volna a m\u00e1sik webhelyet.<\/p>\r\n\r\n\r\n\r\n<p>Ezek a webhelyek adatokat gy\u0171jthetnek \u00d6nr\u0151l, cookie-kat haszn\u00e1lhatnak, tov\u00e1bbi, harmadik f\u00e9lt\u0151l sz\u00e1rmaz\u00f3 nyomon k\u00f6vet\u00e9st \u00e1gyazhatnak be, \u00e9s nyomon k\u00f6vethetik az \u00d6n interakci\u00f3j\u00e1t a be\u00e1gyazott tartalommal, bele\u00e9rtve a be\u00e1gyazott tartalommal val\u00f3 interakci\u00f3 nyomon k\u00f6vet\u00e9s\u00e9t is, ha rendelkezik fi\u00f3kkal, \u00e9s be van jelentkezve az adott webhelyre.<\/p>\r\n\r\n\r\n\r\n<h2 class=\"wp-block-heading\">Kivel osztjuk meg adatait<\/h2>\r\n\r\n\r\n\r\n<p><strong class=\"privacy-policy-tutorial\">Javasolt sz\u00f6veg: <\/strong>Ha jelsz\u00f3-vissza\u00e1ll\u00edt\u00e1st k\u00e9r, az IP-c\u00edme szerepelni fog a vissza\u00e1ll\u00edt\u00f3 e-mailben.<\/p>\r\n\r\n\r\n\r\n<h2 class=\"wp-block-heading\">Mennyi ideig \u0151rizz\u00fck meg adatait<\/h2>\r\n\r\n\r\n\r\n<p><strong class=\"privacy-policy-tutorial\">Javasolt sz\u00f6veg: <\/strong>Ha megjegyz\u00e9st \u00edr, a megjegyz\u00e9st \u00e9s metaadatait hat\u00e1rozatlan ideig meg\u0151rizz\u00fck. Ez az\u00e9rt van \u00edgy, hogy minden tov\u00e1bbi megjegyz\u00e9st automatikusan felismerj\u00fcnk \u00e9s j\u00f3v\u00e1hagyhassunk, ahelyett, hogy moder\u00e1l\u00e1si sorban tartan\u00e1nk \u0151ket.<\/p>\r\n\r\n\r\n\r\n<p>Azon felhaszn\u00e1l\u00f3k sz\u00e1m\u00e1ra, akik regisztr\u00e1lnak a weboldalunkon (ha vannak), az \u00e1ltaluk megadott szem\u00e9lyes adatokat a felhaszn\u00e1l\u00f3i profiljukban is t\u00e1roljuk. Minden felhaszn\u00e1l\u00f3 b\u00e1rmikor megtekintheti, szerkesztheti vagy t\u00f6r\u00f6lheti szem\u00e9lyes adatait (kiv\u00e9ve, hogy nem m\u00f3dos\u00edthatja felhaszn\u00e1l\u00f3nev\u00e9t). A webhely rendszergazd\u00e1i is l\u00e1thatj\u00e1k \u00e9s szerkeszthetik ezeket az inform\u00e1ci\u00f3kat.<\/p>\r\n\r\n\r\n\r\n<h2 class=\"wp-block-heading\">Milyen jogai vannak az adataival kapcsolatban<\/h2>\r\n\r\n\r\n\r\n<p><strong class=\"privacy-policy-tutorial\">Javasolt sz\u00f6veg: <\/strong>Ha rendelkezik fi\u00f3kkal ezen az oldalon, vagy megjegyz\u00e9seket f\u0171z\u00f6tt hozz\u00e1, k\u00e9rhet egy export\u00e1lt f\u00e1jlt az \u00d6nr\u0151l t\u00e1rolt szem\u00e9lyes adatokr\u00f3l, bele\u00e9rtve az \u00d6n \u00e1ltal rendelkez\u00e9s\u00fcnkre bocs\u00e1tott adatokat is. Azt is k\u00e9rheti, hogy t\u00f6r\u00f6lj\u00fck az \u00d6nr\u0151l t\u00e1rolt szem\u00e9lyes adatokat. Ez nem tartalmazza azokat az adatokat, amelyeket adminisztrat\u00edv, jogi vagy biztons\u00e1gi c\u00e9lb\u00f3l k\u00f6telesek vagyunk meg\u0151rizni.<\/p>\r\n\r\n\r\n\r\n<h2 class=\"wp-block-heading\">Hov\u00e1 k\u00fcldik az adatait<\/h2>\r\n\r\n\r\n\r\n<p><strong class=\"privacy-policy-tutorial\">Javasolt sz\u00f6veg: <\/strong>A l\u00e1togat\u00f3k megjegyz\u00e9sei egy automata spam\u00e9szlel\u0151 szolg\u00e1ltat\u00e1son kereszt\u00fcl ellen\u0151rizhet\u0151k.<\/p>\r\n<style>\r\n.lwrp.link-whisper-related-posts{\r\n            \r\n            margin-bottom: 0px;\nmargin-left: 0px;\r\n        }\r\n        .lwrp .lwrp-title{\r\n            \r\n            \r\n        }.lwrp .lwrp-description{\r\n            \r\n            \r\n\r\n        }\r\n        .lwrp .lwrp-list-container{\r\n        }\r\n        .lwrp .lwrp-list-multi-container{\r\n            display: flex;\r\n        }\r\n        .lwrp .lwrp-list-double{\r\n            width: 48%;\r\n        }\r\n        .lwrp .lwrp-list-triple{\r\n            width: 32%;\r\n        }\r\n        .lwrp .lwrp-list-row-container{\r\n            display: flex;\r\n            justify-content: space-between;\r\n        }\r\n        .lwrp .lwrp-list-row-container .lwrp-list-item{\r\n            width: calc(50% - 20px);\r\n        }\r\n        .lwrp .lwrp-list-item:not(.lwrp-no-posts-message-item){\r\n            \r\n            margin-top: 0px;\nmargin-right: 0px;\nmargin-bottom: 0px;\nmargin-left: 0px;\r\n        }\r\n        .lwrp .lwrp-list-item img{\r\n            max-width: 100%;\r\n            height: auto;\r\n            object-fit: cover;\r\n            aspect-ratio: 1 \/ 1;\r\n        }\r\n        .lwrp .lwrp-list-item.lwrp-empty-list-item{\r\n            background: initial !important;\r\n        }\r\n        .lwrp .lwrp-list-item .lwrp-list-link .lwrp-list-link-title-text,\r\n        .lwrp .lwrp-list-item .lwrp-list-no-posts-message{\r\n            \r\n            \r\n            \r\n            \r\n        }@media screen and (max-width: 480px) {\r\n            .lwrp.link-whisper-related-posts{\r\n                \r\n                margin-bottom: 0px;\nmargin-left: 0px;\r\n            }\r\n            .lwrp .lwrp-title{\r\n                \r\n                \r\n            }.lwrp .lwrp-description{\r\n                \r\n                \r\n            }\r\n            .lwrp .lwrp-list-multi-container{\r\n                flex-direction: column;\r\n            }\r\n            .lwrp .lwrp-list-multi-container ul.lwrp-list{\r\n                margin-top: 0px;\r\n                margin-bottom: 0px;\r\n                padding-top: 0px;\r\n                padding-bottom: 0px;\r\n            }\r\n            .lwrp .lwrp-list-double,\r\n            .lwrp .lwrp-list-triple{\r\n                width: 100%;\r\n            }\r\n            .lwrp .lwrp-list-row-container{\r\n                justify-content: initial;\r\n                flex-direction: column;\r\n            }\r\n            .lwrp .lwrp-list-row-container .lwrp-list-item{\r\n                width: 100%;\r\n            }\r\n            .lwrp .lwrp-list-item:not(.lwrp-no-posts-message-item){\r\n                \r\n                margin-top: 0px;\nmargin-right: 0px;\nmargin-bottom: 0px;\nmargin-left: 0px;\r\n            }\r\n            .lwrp .lwrp-list-item .lwrp-list-link .lwrp-list-link-title-text,\r\n            .lwrp .lwrp-list-item .lwrp-list-no-posts-message{\r\n                \r\n                \r\n                \r\n                \r\n            };\r\n        }<\/style>\r\n<div id=\"link-whisper-related-posts-widget\" class=\"link-whisper-related-posts lwrp\">\r\n            <h4 class=\"lwrp-title\">Kapcsol\u00f3d\u00f3 bejegyz\u00e9sek<\/h4>    \r\n        <div class=\"lwrp-list-container\">\r\n                                            <div class=\"lwrp-list-multi-container\">\r\n                    <ul class=\"lwrp-list lwrp-list-double lwrp-list-left\">\r\n                        <li class=\"lwrp-list-item\"><a href=\"https:\/\/www.robotlawnsmower.com\/hu\/a-motorolajat-megfeleloen-es-azonnal-ki-kell-cserelni-a-tavoli-funyirohoz\/\" class=\"lwrp-list-link\"><span class=\"lwrp-list-link-title-text\">A t\u00e1voli f\u0171ny\u00edr\u00f3 motorolaj\u00e1t megfelel\u0151en \u00e9s azonnal ki kell cser\u00e9lni<\/span><\/a><\/li><li class=\"lwrp-list-item\"><a href=\"https:\/\/www.robotlawnsmower.com\/hu\/taviranyitos-funyirokat-kinalunk-oem\/\" class=\"lwrp-list-link\"><span class=\"lwrp-list-link-title-text\">OEM t\u00e1vir\u00e1ny\u00edt\u00f3s f\u0171ny\u00edr\u00f3kat k\u00edn\u00e1lunk<\/span><\/a><\/li>                    <\/ul>\r\n                    <ul class=\"lwrp-list lwrp-list-double lwrp-list-right\">\r\n                        <li class=\"lwrp-list-item\"><a href=\"https:\/\/www.robotlawnsmower.com\/hu\/forradalmasitja-a-gyepapolast-a-taviranyitos-negykerekhajtasu-funyirok-jovoje\/\" class=\"lwrp-list-link\"><span class=\"lwrp-list-link-title-text\">Forradalmas\u00edt\u00f3 p\u00e1zsit\u00e1pol\u00e1s: A t\u00e1vir\u00e1ny\u00edt\u00f3s 4WD f\u0171ny\u00edr\u00f3k j\u00f6v\u0151je<\/span><\/a><\/li><li class=\"lwrp-list-item\"><a href=\"https:\/\/www.robotlawnsmower.com\/hu\/korszerusitett-funyirokat-kuldenek-magyarorszagra\/\" class=\"lwrp-list-link\"><span class=\"lwrp-list-link-title-text\">Korszer\u0171s\u00edtett f\u0171ny\u00edr\u00f3kat k\u00fcldenek Magyarorsz\u00e1gra<\/span><\/a><\/li>                    <\/ul>\r\n                <\/div>\r\n                        <\/div>\r\n<\/div>","protected":false},"excerpt":{"rendered":"<p>Who we are Suggested text: Our website address is: https:\/\/www.robotlawnsmower.com. Comments Suggested text: When visitors leave comments on the site we collect the data shown in the comments form, and also the visitor\u2019s IP address and browser user agent string to help spam detection. An anonymized string created from your email address (also called a [&hellip;]<\/p>\n","protected":false},"author":1,"featured_media":0,"parent":0,"menu_order":0,"comment_status":"closed","ping_status":"open","template":"","meta":{"site-sidebar-layout":"default","site-content-layout":"","ast-site-content-layout":"default","site-content-style":"default","site-sidebar-style":"default","ast-global-header-display":"","ast-banner-title-visibility":"","ast-main-header-display":"","ast-hfb-above-header-display":"","ast-hfb-below-header-display":"","ast-hfb-mobile-header-display":"","site-post-title":"","ast-breadcrumbs-content":"","ast-featured-img":"","footer-sml-layout":"","ast-disable-related-posts":"","theme-transparent-header-meta":"default","adv-header-id-meta":"","stick-header-meta":"default","header-above-stick-meta":"","header-main-stick-meta":"","header-below-stick-meta":"","astra-migrate-meta-layouts":"set","ast-page-background-enabled":"default","ast-page-background-meta":{"desktop":{"background-color":"var(--ast-global-color-4)","background-image":"","background-repeat":"repeat","background-position":"center center","background-size":"auto","background-attachment":"scroll","background-type":"","background-media":"","overlay-type":"","overlay-color":"","overlay-opacity":"","overlay-gradient":""},"tablet":{"background-color":"","background-image":"","background-repeat":"repeat","background-position":"center center","background-size":"auto","background-attachment":"scroll","background-type":"","background-media":"","overlay-type":"","overlay-color":"","overlay-opacity":"","overlay-gradient":""},"mobile":{"background-color":"","background-image":"","background-repeat":"repeat","background-position":"center center","background-size":"auto","background-attachment":"scroll","background-type":"","background-media":"","overlay-type":"","overlay-color":"","overlay-opacity":"","overlay-gradient":""}},"ast-content-background-meta":{"desktop":{"background-color":"var(--ast-global-color-5)","background-image":"","background-repeat":"repeat","background-position":"center center","background-size":"auto","background-attachment":"scroll","background-type":"","background-media":"","overlay-type":"","overlay-color":"","overlay-opacity":"","overlay-gradient":""},"tablet":{"background-color":"var(--ast-global-color-5)","background-image":"","background-repeat":"repeat","background-position":"center center","background-size":"auto","background-attachment":"scroll","background-type":"","background-media":"","overlay-type":"","overlay-color":"","overlay-opacity":"","overlay-gradient":""},"mobile":{"background-color":"var(--ast-global-color-5)","background-image":"","background-repeat":"repeat","background-position":"center center","background-size":"auto","background-attachment":"scroll","background-type":"","background-media":"","overlay-type":"","overlay-color":"","overlay-opacity":"","overlay-gradient":""}},"footnotes":""},"class_list":["post-3","page","type-page","status-publish","hentry"],"yoast_head":"<!-- This site is optimized with the Yoast SEO Premium plugin v26.7 (Yoast SEO v27.4) - https:\/\/yoast.com\/product\/yoast-seo-premium-wordpress\/ -->\n<title>Privacy Policy - Robotlawnsmower<\/title>\n<meta name=\"description\" content=\"Privacy Policy Robotlawnsmower\" \/>\n<meta name=\"robots\" content=\"index, follow, max-snippet:-1, max-image-preview:large, max-video-preview:-1\" \/>\n<link rel=\"canonical\" href=\"https:\/\/www.robotlawnsmower.com\/hu\/adatvedelmi-szabalyzat\/\" \/>\n<meta property=\"og:locale\" content=\"hu_HU\" \/>\n<meta property=\"og:type\" content=\"article\" \/>\n<meta property=\"og:title\" content=\"Privacy Policy\" \/>\n<meta property=\"og:description\" content=\"Privacy Policy Robotlawnsmower\" \/>\n<meta property=\"og:url\" content=\"https:\/\/www.robotlawnsmower.com\/hu\/adatvedelmi-szabalyzat\/\" \/>\n<meta property=\"og:site_name\" content=\"Robotlawnsmower\" \/>\n<meta property=\"article:publisher\" content=\"https:\/\/www.facebook.com\/@rclawnmowers\" \/>\n<meta property=\"article:modified_time\" content=\"2024-05-11T02:19:43+00:00\" \/>\n<meta property=\"og:image\" content=\"https:\/\/www.robotlawnsmower.com\/wp-content\/uploads\/2024\/01\/remote-control-lawn-mower.png\" \/>\n\t<meta property=\"og:image:width\" content=\"1600\" \/>\n\t<meta property=\"og:image:height\" content=\"649\" \/>\n\t<meta property=\"og:image:type\" content=\"image\/png\" \/>\n<meta name=\"twitter:card\" content=\"summary_large_image\" \/>\n<meta name=\"twitter:site\" content=\"@rclawnmowers\" \/>\n<meta name=\"twitter:label1\" content=\"Becs\u00fclt olvas\u00e1si id\u0151\" \/>\n\t<meta name=\"twitter:data1\" content=\"3 perc\" \/>\n<script type=\"application\/ld+json\" class=\"yoast-schema-graph\">{\"@context\":\"https:\\\/\\\/schema.org\",\"@graph\":[{\"@type\":\"WebPage\",\"@id\":\"https:\\\/\\\/www.robotlawnsmower.com\\\/privacy-policy\\\/\",\"url\":\"https:\\\/\\\/www.robotlawnsmower.com\\\/privacy-policy\\\/\",\"name\":\"Privacy Policy - Robotlawnsmower\",\"isPartOf\":{\"@id\":\"https:\\\/\\\/www.robotlawnsmower.com\\\/#website\"},\"datePublished\":\"2023-11-09T07:43:14+00:00\",\"dateModified\":\"2024-05-11T02:19:43+00:00\",\"description\":\"Privacy Policy Robotlawnsmower\",\"breadcrumb\":{\"@id\":\"https:\\\/\\\/www.robotlawnsmower.com\\\/privacy-policy\\\/#breadcrumb\"},\"inLanguage\":\"hu\",\"potentialAction\":[{\"@type\":\"ReadAction\",\"target\":[\"https:\\\/\\\/www.robotlawnsmower.com\\\/privacy-policy\\\/\"]}]},{\"@type\":\"BreadcrumbList\",\"@id\":\"https:\\\/\\\/www.robotlawnsmower.com\\\/privacy-policy\\\/#breadcrumb\",\"itemListElement\":[{\"@type\":\"ListItem\",\"position\":1,\"name\":\"Home\",\"item\":\"https:\\\/\\\/www.robotlawnsmower.com\\\/\"},{\"@type\":\"ListItem\",\"position\":2,\"name\":\"Privacy Policy\"}]},{\"@type\":\"WebSite\",\"@id\":\"https:\\\/\\\/www.robotlawnsmower.com\\\/#website\",\"url\":\"https:\\\/\\\/www.robotlawnsmower.com\\\/\",\"name\":\"Robotlawnsmower\",\"description\":\"Robot remote control lawn mower supplier\",\"publisher\":{\"@id\":\"https:\\\/\\\/www.robotlawnsmower.com\\\/#organization\"},\"alternateName\":\"Remote control Robot lawn mower\",\"potentialAction\":[{\"@type\":\"SearchAction\",\"target\":{\"@type\":\"EntryPoint\",\"urlTemplate\":\"https:\\\/\\\/www.robotlawnsmower.com\\\/?s={search_term_string}\"},\"query-input\":{\"@type\":\"PropertyValueSpecification\",\"valueRequired\":true,\"valueName\":\"search_term_string\"}}],\"inLanguage\":\"hu\"},{\"@type\":\"Organization\",\"@id\":\"https:\\\/\\\/www.robotlawnsmower.com\\\/#organization\",\"name\":\"SHANDONG LUSTRE INDUSTRIAL CO., LIMITED\",\"url\":\"https:\\\/\\\/www.robotlawnsmower.com\\\/\",\"logo\":{\"@type\":\"ImageObject\",\"inLanguage\":\"hu\",\"@id\":\"https:\\\/\\\/www.robotlawnsmower.com\\\/#\\\/schema\\\/logo\\\/image\\\/\",\"url\":\"https:\\\/\\\/www.robotlawnsmower.com\\\/wp-content\\\/uploads\\\/2023\\\/11\\\/logo.png\",\"contentUrl\":\"https:\\\/\\\/www.robotlawnsmower.com\\\/wp-content\\\/uploads\\\/2023\\\/11\\\/logo.png\",\"width\":350,\"height\":100,\"caption\":\"SHANDONG LUSTRE INDUSTRIAL CO., LIMITED\"},\"image\":{\"@id\":\"https:\\\/\\\/www.robotlawnsmower.com\\\/#\\\/schema\\\/logo\\\/image\\\/\"},\"sameAs\":[\"https:\\\/\\\/www.facebook.com\\\/@rclawnmowers\",\"https:\\\/\\\/x.com\\\/rclawnmowers\"]}]}<\/script>\n<!-- \/ Yoast SEO Premium plugin. -->","yoast_head_json":{"title":"Adatv\u00e9delmi szab\u00e1lyzat \u2013 Robotlawnsmower","description":"Adatv\u00e9delmi szab\u00e1lyzat Robotlawnsmower","robots":{"index":"index","follow":"follow","max-snippet":"max-snippet:-1","max-image-preview":"max-image-preview:large","max-video-preview":"max-video-preview:-1"},"canonical":"https:\/\/www.robotlawnsmower.com\/hu\/adatvedelmi-szabalyzat\/","og_locale":"hu_HU","og_type":"article","og_title":"Privacy Policy","og_description":"Privacy Policy Robotlawnsmower","og_url":"https:\/\/www.robotlawnsmower.com\/hu\/adatvedelmi-szabalyzat\/","og_site_name":"Robotlawnsmower","article_publisher":"https:\/\/www.facebook.com\/@rclawnmowers","article_modified_time":"2024-05-11T02:19:43+00:00","og_image":[{"width":1600,"height":649,"url":"https:\/\/www.robotlawnsmower.com\/wp-content\/uploads\/2024\/01\/remote-control-lawn-mower.png","type":"image\/png"}],"twitter_card":"summary_large_image","twitter_site":"@rclawnmowers","twitter_misc":{"Becs\u00fclt olvas\u00e1si id\u0151":"3 perc"},"schema":{"@context":"https:\/\/schema.org","@graph":[{"@type":"WebPage","@id":"https:\/\/www.robotlawnsmower.com\/privacy-policy\/","url":"https:\/\/www.robotlawnsmower.com\/privacy-policy\/","name":"Adatv\u00e9delmi szab\u00e1lyzat \u2013 Robotlawnsmower","isPartOf":{"@id":"https:\/\/www.robotlawnsmower.com\/#website"},"datePublished":"2023-11-09T07:43:14+00:00","dateModified":"2024-05-11T02:19:43+00:00","description":"Adatv\u00e9delmi szab\u00e1lyzat Robotlawnsmower","breadcrumb":{"@id":"https:\/\/www.robotlawnsmower.com\/privacy-policy\/#breadcrumb"},"inLanguage":"hu","potentialAction":[{"@type":"ReadAction","target":["https:\/\/www.robotlawnsmower.com\/privacy-policy\/"]}]},{"@type":"BreadcrumbList","@id":"https:\/\/www.robotlawnsmower.com\/privacy-policy\/#breadcrumb","itemListElement":[{"@type":"ListItem","position":1,"name":"Home","item":"https:\/\/www.robotlawnsmower.com\/"},{"@type":"ListItem","position":2,"name":"Privacy Policy"}]},{"@type":"WebSite","@id":"https:\/\/www.robotlawnsmower.com\/#website","url":"https:\/\/www.robotlawnsmower.com\/","name":"Robotf\u0171ny\u00edr\u00f3","description":"Robot t\u00e1vir\u00e1ny\u00edt\u00f3s f\u0171ny\u00edr\u00f3 besz\u00e1ll\u00edt\u00f3","publisher":{"@id":"https:\/\/www.robotlawnsmower.com\/#organization"},"alternateName":"Remote control Robot lawn mower","potentialAction":[{"@type":"SearchAction","target":{"@type":"EntryPoint","urlTemplate":"https:\/\/www.robotlawnsmower.com\/?s={search_term_string}"},"query-input":{"@type":"PropertyValueSpecification","valueRequired":true,"valueName":"search_term_string"}}],"inLanguage":"hu"},{"@type":"Organization","@id":"https:\/\/www.robotlawnsmower.com\/#organization","name":"SHANDONG LUSTER INDUSTRIAL CO., LIMITED","url":"https:\/\/www.robotlawnsmower.com\/","logo":{"@type":"ImageObject","inLanguage":"hu","@id":"https:\/\/www.robotlawnsmower.com\/#\/schema\/logo\/image\/","url":"https:\/\/www.robotlawnsmower.com\/wp-content\/uploads\/2023\/11\/logo.png","contentUrl":"https:\/\/www.robotlawnsmower.com\/wp-content\/uploads\/2023\/11\/logo.png","width":350,"height":100,"caption":"SHANDONG LUSTRE INDUSTRIAL CO., LIMITED"},"image":{"@id":"https:\/\/www.robotlawnsmower.com\/#\/schema\/logo\/image\/"},"sameAs":["https:\/\/www.facebook.com\/@rclawnmowers","https:\/\/x.com\/rclawnmowers"]}]}},"jetpack_sharing_enabled":true,"_links":{"self":[{"href":"https:\/\/www.robotlawnsmower.com\/hu\/wp-json\/wp\/v2\/pages\/3","targetHints":{"allow":["GET"]}}],"collection":[{"href":"https:\/\/www.robotlawnsmower.com\/hu\/wp-json\/wp\/v2\/pages"}],"about":[{"href":"https:\/\/www.robotlawnsmower.com\/hu\/wp-json\/wp\/v2\/types\/page"}],"author":[{"embeddable":true,"href":"https:\/\/www.robotlawnsmower.com\/hu\/wp-json\/wp\/v2\/users\/1"}],"replies":[{"embeddable":true,"href":"https:\/\/www.robotlawnsmower.com\/hu\/wp-json\/wp\/v2\/comments?post=3"}],"version-history":[{"count":2,"href":"https:\/\/www.robotlawnsmower.com\/hu\/wp-json\/wp\/v2\/pages\/3\/revisions"}],"predecessor-version":[{"id":1545,"href":"https:\/\/www.robotlawnsmower.com\/hu\/wp-json\/wp\/v2\/pages\/3\/revisions\/1545"}],"wp:attachment":[{"href":"https:\/\/www.robotlawnsmower.com\/hu\/wp-json\/wp\/v2\/media?parent=3"}],"curies":[{"name":"wp","href":"https:\/\/api.w.org\/{rel}","templated":true}]}}