{"id":2695,"date":"2025-11-27T06:51:50","date_gmt":"2025-11-27T06:51:50","guid":{"rendered":"https:\/\/www.robotlawnsmower.com\/?post_type=product&#038;p=2695"},"modified":"2026-04-17T06:31:01","modified_gmt":"2026-04-17T06:31:01","slug":"pieces-detachees-pour-tondeuse-a-distance","status":"publish","type":"product","link":"https:\/\/www.robotlawnsmower.com\/fr\/product\/remote-mower-spare-parts\/","title":{"rendered":"Pi\u00e8ces de rechange"},"content":{"rendered":"<p>pi\u00e8ces d\u00e9tach\u00e9es pour tondeuse \u00e0 distance<br \/>\nPi\u00e8ces d\u00e9tach\u00e9es pour tondeuses \u00e0 gazon t\u00e9l\u00e9command\u00e9es. Les images sont fournies \u00e0 titre indicatif uniquement. En raison de changements chez les fournisseurs ou de mises \u00e0 jour des produits, les articles r\u00e9els peuvent diff\u00e9rer. Si la pi\u00e8ce d\u00e9tach\u00e9e dont vous avez besoin ne figure pas dans la liste, veuillez <a class=\"wpil_keyword_link\" href=\"https:\/\/www.robotlawnsmower.com\/fr\/contact\/\" target=\"_blank\"  rel=\"noopener\" title=\"contact\" data-wpil-keyword-link=\"linked\"  data-wpil-monitor-id=\"1\">contact<\/a> service \u00e0 la client\u00e8le.<\/p>\n<style>\r\n.lwrp.link-whisper-related-posts{\r\n            \r\n            margin-bottom: 0px;\nmargin-left: 0px;\r\n        }\r\n        .lwrp .lwrp-title{\r\n            \r\n            \r\n        }.lwrp .lwrp-description{\r\n            \r\n            \r\n\r\n        }\r\n        .lwrp .lwrp-list-container{\r\n        }\r\n        .lwrp .lwrp-list-multi-container{\r\n            display: flex;\r\n        }\r\n        .lwrp .lwrp-list-double{\r\n            width: 48%;\r\n        }\r\n        .lwrp .lwrp-list-triple{\r\n            width: 32%;\r\n        }\r\n        .lwrp .lwrp-list-row-container{\r\n            display: flex;\r\n            justify-content: space-between;\r\n        }\r\n        .lwrp .lwrp-list-row-container .lwrp-list-item{\r\n            width: calc(50% - 20px);\r\n        }\r\n        .lwrp .lwrp-list-item:not(.lwrp-no-posts-message-item){\r\n            \r\n            margin-top: 0px;\nmargin-right: 0px;\nmargin-bottom: 0px;\nmargin-left: 0px;\r\n        }\r\n        .lwrp .lwrp-list-item img{\r\n            max-width: 100%;\r\n            height: auto;\r\n            object-fit: cover;\r\n            aspect-ratio: 1 \/ 1;\r\n        }\r\n        .lwrp .lwrp-list-item.lwrp-empty-list-item{\r\n            background: initial !important;\r\n        }\r\n        .lwrp .lwrp-list-item .lwrp-list-link .lwrp-list-link-title-text,\r\n        .lwrp .lwrp-list-item .lwrp-list-no-posts-message{\r\n            \r\n            \r\n            \r\n            \r\n        }@media screen and (max-width: 480px) {\r\n            .lwrp.link-whisper-related-posts{\r\n                \r\n                margin-bottom: 0px;\nmargin-left: 0px;\r\n            }\r\n            .lwrp .lwrp-title{\r\n                \r\n                \r\n            }.lwrp .lwrp-description{\r\n                \r\n                \r\n            }\r\n            .lwrp .lwrp-list-multi-container{\r\n                flex-direction: column;\r\n            }\r\n            .lwrp .lwrp-list-multi-container ul.lwrp-list{\r\n                margin-top: 0px;\r\n                margin-bottom: 0px;\r\n                padding-top: 0px;\r\n                padding-bottom: 0px;\r\n            }\r\n            .lwrp .lwrp-list-double,\r\n            .lwrp .lwrp-list-triple{\r\n                width: 100%;\r\n            }\r\n            .lwrp .lwrp-list-row-container{\r\n                justify-content: initial;\r\n                flex-direction: column;\r\n            }\r\n            .lwrp .lwrp-list-row-container .lwrp-list-item{\r\n                width: 100%;\r\n            }\r\n            .lwrp .lwrp-list-item:not(.lwrp-no-posts-message-item){\r\n                \r\n                margin-top: 0px;\nmargin-right: 0px;\nmargin-bottom: 0px;\nmargin-left: 0px;\r\n            }\r\n            .lwrp .lwrp-list-item .lwrp-list-link .lwrp-list-link-title-text,\r\n            .lwrp .lwrp-list-item .lwrp-list-no-posts-message{\r\n                \r\n                \r\n                \r\n                \r\n            };\r\n        }<\/style>\r\n<div id=\"link-whisper-related-posts-widget\" class=\"link-whisper-related-posts lwrp\">\r\n            <h4 class=\"lwrp-title\">Articles Similaires<\/h4>    \r\n        <div class=\"lwrp-list-container\">\r\n                                            <div class=\"lwrp-list-multi-container\">\r\n                    <ul class=\"lwrp-list lwrp-list-double lwrp-list-left\">\r\n                        <li class=\"lwrp-list-item\"><a href=\"https:\/\/www.robotlawnsmower.com\/fr\/decouvrez-la-meilleure-tondeuse-a-gazon-telecommandee-pour-une-cour-sans-tracas\/\" class=\"lwrp-list-link\"><span class=\"lwrp-list-link-title-text\">D\u00e9couvrez la meilleure tondeuse \u00e0 gazon t\u00e9l\u00e9command\u00e9e pour un jardin sans tracas<\/span><\/a><\/li><li class=\"lwrp-list-item\"><a href=\"https:\/\/www.robotlawnsmower.com\/fr\/produit\/tondeuse-a-gazon-telecommandee-pour-pente-raide-800mm\/\" class=\"lwrp-list-link\"><img width=\"433\" height=\"433\" src=\"https:\/\/www.robotlawnsmower.com\/wp-content\/uploads\/2024\/01\/China-remote-control-tank-lawn-mower-.webp\" class=\"attachment- size- wvs-archive-product-image wp-post-image\" alt=\"Tondeuse \u00e0 gazon t\u00e9l\u00e9command\u00e9e pour pente raide\" srcset=\"https:\/\/www.robotlawnsmower.com\/wp-content\/uploads\/2024\/01\/China-remote-control-tank-lawn-mower-.webp 433w, https:\/\/www.robotlawnsmower.com\/wp-content\/uploads\/2024\/01\/China-remote-control-tank-lawn-mower--300x300.webp 300w, https:\/\/www.robotlawnsmower.com\/wp-content\/uploads\/2024\/01\/China-remote-control-tank-lawn-mower--100x100.webp 100w, https:\/\/www.robotlawnsmower.com\/wp-content\/uploads\/2024\/01\/China-remote-control-tank-lawn-mower--150x150.webp 150w\" sizes=\"(max-width: 433px) 100vw, 433px\" \/><br><span class=\"lwrp-list-link-title-text\">Tondeuse \u00e0 gazon t\u00e9l\u00e9command\u00e9e pour pente raide 800mm<\/span><\/a><\/li>                    <\/ul>\r\n                    <ul class=\"lwrp-list lwrp-list-double lwrp-list-right\">\r\n                        <li class=\"lwrp-list-item\"><a href=\"https:\/\/www.robotlawnsmower.com\/fr\/utilisation-et-entretien-de-la-tondeuse-a-gazon-telecommandee\/\" class=\"lwrp-list-link\"><span class=\"lwrp-list-link-title-text\">Utilisation et entretien d&#039;une tondeuse \u00e0 gazon t\u00e9l\u00e9command\u00e9e<\/span><\/a><\/li><li class=\"lwrp-list-item\"><a href=\"https:\/\/www.robotlawnsmower.com\/fr\/remboursementretour\/\" class=\"lwrp-list-link\"><span class=\"lwrp-list-link-title-text\">Politique de remboursement et de retour<\/span><\/a><\/li>                    <\/ul>\r\n                <\/div>\r\n                        <\/div>\r\n<\/div>","protected":false},"excerpt":{"rendered":"<p>pi\u00e8ces d\u00e9tach\u00e9es pour tondeuse \u00e0 distance<br \/>\nPi\u00e8ces d\u00e9tach\u00e9es pour tondeuses \u00e0 gazon t\u00e9l\u00e9command\u00e9es. Les images sont fournies \u00e0 titre indicatif uniquement. En raison de changements chez les fournisseurs ou de mises \u00e0 jour des produits, les articles r\u00e9els peuvent diff\u00e9rer. Si la pi\u00e8ce d\u00e9tach\u00e9e dont vous avez besoin ne figure pas dans la liste, veuillez <a class=\"wpil_keyword_link\" href=\"https:\/\/www.robotlawnsmower.com\/fr\/contact\/\" target=\"_blank\"  rel=\"noopener\" title=\"contact\" data-wpil-keyword-link=\"linked\"  data-wpil-monitor-id=\"2\">contact<\/a> service \u00e0 la client\u00e8le.<\/p>","protected":false},"featured_media":3090,"comment_status":"closed","ping_status":"closed","template":"","meta":{"site-sidebar-layout":"default","site-content-layout":"","ast-site-content-layout":"default","site-content-style":"default","site-sidebar-style":"default","ast-global-header-display":"","ast-banner-title-visibility":"","ast-main-header-display":"","ast-hfb-above-header-display":"","ast-hfb-below-header-display":"","ast-hfb-mobile-header-display":"","site-post-title":"","ast-breadcrumbs-content":"","ast-featured-img":"","footer-sml-layout":"","ast-disable-related-posts":"","theme-transparent-header-meta":"default","adv-header-id-meta":"","stick-header-meta":"default","header-above-stick-meta":"","header-main-stick-meta":"","header-below-stick-meta":"","astra-migrate-meta-layouts":"set","ast-page-background-enabled":"default","ast-page-background-meta":{"desktop":{"background-color":"var(--ast-global-color-4)","background-image":"","background-repeat":"repeat","background-position":"center center","background-size":"auto","background-attachment":"scroll","background-type":"","background-media":"","overlay-type":"","overlay-color":"","overlay-opacity":"","overlay-gradient":""},"tablet":{"background-color":"","background-image":"","background-repeat":"repeat","background-position":"center center","background-size":"auto","background-attachment":"scroll","background-type":"","background-media":"","overlay-type":"","overlay-color":"","overlay-opacity":"","overlay-gradient":""},"mobile":{"background-color":"","background-image":"","background-repeat":"repeat","background-position":"center center","background-size":"auto","background-attachment":"scroll","background-type":"","background-media":"","overlay-type":"","overlay-color":"","overlay-opacity":"","overlay-gradient":""}},"ast-content-background-meta":{"desktop":{"background-color":"var(--ast-global-color-5)","background-image":"","background-repeat":"repeat","background-position":"center center","background-size":"auto","background-attachment":"scroll","background-type":"","background-media":"","overlay-type":"","overlay-color":"","overlay-opacity":"","overlay-gradient":""},"tablet":{"background-color":"var(--ast-global-color-5)","background-image":"","background-repeat":"repeat","background-position":"center center","background-size":"auto","background-attachment":"scroll","background-type":"","background-media":"","overlay-type":"","overlay-color":"","overlay-opacity":"","overlay-gradient":""},"mobile":{"background-color":"var(--ast-global-color-5)","background-image":"","background-repeat":"repeat","background-position":"center center","background-size":"auto","background-attachment":"scroll","background-type":"","background-media":"","overlay-type":"","overlay-color":"","overlay-opacity":"","overlay-gradient":""}}},"product_brand":[],"product_cat":[98,96,347,97],"product_tag":[349,348],"class_list":{"0":"post-2695","1":"product","2":"type-product","3":"status-publish","4":"has-post-thumbnail","6":"product_cat-remote-mower-wheels","7":"product_cat-remote-mower-with-tracks-45-slope","8":"product_cat-snow-blowersnow-thrower","9":"product_cat-tracked-rc-mowers-55-slope","10":"product_tag-dc-charger","11":"product_tag-remote-mower-spare-parts","12":"desktop-align-left","13":"tablet-align-left","14":"mobile-align-left","15":"ast-product-gallery-layout-horizontal-slider","16":"ast-product-gallery-with-no-image","17":"ast-product-single-variable","18":"ast-product-tabs-layout-horizontal","20":"first","21":"instock","22":"sale","23":"shipping-taxable","24":"purchasable","25":"product-type-variable","26":"wvs-archive-product-wrapper"},"yoast_head":"<!-- This site is optimized with the Yoast SEO Premium plugin v26.7 (Yoast SEO v27.5) - https:\/\/yoast.com\/product\/yoast-seo-premium-wordpress\/ -->\n<title>Spare parts - Robotlawnsmower<\/title>\n<meta name=\"robots\" content=\"index, follow, max-snippet:-1, max-image-preview:large, max-video-preview:-1\" \/>\n<link rel=\"canonical\" href=\"https:\/\/www.robotlawnsmower.com\/fr\/produit\/pieces-detachees-pour-tondeuse-a-distance\/\" \/>\n<meta property=\"og:locale\" content=\"fr_FR\" \/>\n<meta property=\"og:type\" content=\"article\" \/>\n<meta property=\"og:title\" content=\"Spare parts\" \/>\n<meta property=\"og:description\" content=\"remote mower spare parts Spare parts for remote control lawn mowers. Images are for reference only. Due to supplier changes or product updates, the actual items may differ. If the spare part you need is not listed, please contact customer service.\" \/>\n<meta property=\"og:url\" content=\"https:\/\/www.robotlawnsmower.com\/fr\/produit\/pieces-detachees-pour-tondeuse-a-distance\/\" \/>\n<meta property=\"og:site_name\" content=\"Robotlawnsmower\" \/>\n<meta property=\"article:publisher\" content=\"https:\/\/www.facebook.com\/@rclawnmowers\" \/>\n<meta property=\"article:modified_time\" content=\"2026-04-17T06:31:01+00:00\" \/>\n<meta property=\"og:image\" content=\"https:\/\/www.robotlawnsmower.com\/wp-content\/uploads\/2025\/11\/remote-control-lawn-mower-spare-part.jpg\" \/>\n\t<meta property=\"og:image:width\" content=\"800\" \/>\n\t<meta property=\"og:image:height\" content=\"800\" \/>\n\t<meta property=\"og:image:type\" content=\"image\/jpeg\" \/>\n<meta name=\"twitter:card\" content=\"summary_large_image\" \/>\n<meta name=\"twitter:site\" content=\"@rclawnmowers\" \/>\n<meta name=\"twitter:label1\" content=\"Disponibilit\u00e9\" \/>\n\t<meta name=\"twitter:data1\" content=\"En stock\" \/>\n<script type=\"application\/ld+json\" class=\"yoast-schema-graph\">{\"@context\":\"https:\\\/\\\/schema.org\",\"@graph\":[{\"@type\":\"WebPage\",\"@id\":\"https:\\\/\\\/www.robotlawnsmower.com\\\/product\\\/remote-mower-spare-parts\\\/\",\"url\":\"https:\\\/\\\/www.robotlawnsmower.com\\\/product\\\/remote-mower-spare-parts\\\/\",\"name\":\"Spare parts - Robotlawnsmower\",\"isPartOf\":{\"@id\":\"https:\\\/\\\/www.robotlawnsmower.com\\\/#website\"},\"primaryImageOfPage\":{\"@id\":\"https:\\\/\\\/www.robotlawnsmower.com\\\/product\\\/remote-mower-spare-parts\\\/#primaryimage\"},\"image\":{\"@id\":\"https:\\\/\\\/www.robotlawnsmower.com\\\/product\\\/remote-mower-spare-parts\\\/#primaryimage\"},\"thumbnailUrl\":\"https:\\\/\\\/www.robotlawnsmower.com\\\/wp-content\\\/uploads\\\/2025\\\/11\\\/remote-control-lawn-mower-spare-part.jpg\",\"datePublished\":\"2025-11-27T06:51:50+00:00\",\"dateModified\":\"2026-04-17T06:31:01+00:00\",\"breadcrumb\":{\"@id\":\"https:\\\/\\\/www.robotlawnsmower.com\\\/product\\\/remote-mower-spare-parts\\\/#breadcrumb\"},\"inLanguage\":\"fr-FR\",\"potentialAction\":[{\"@type\":\"ReadAction\",\"target\":[\"https:\\\/\\\/www.robotlawnsmower.com\\\/product\\\/remote-mower-spare-parts\\\/\"]}]},{\"@type\":\"ImageObject\",\"inLanguage\":\"fr-FR\",\"@id\":\"https:\\\/\\\/www.robotlawnsmower.com\\\/product\\\/remote-mower-spare-parts\\\/#primaryimage\",\"url\":\"https:\\\/\\\/www.robotlawnsmower.com\\\/wp-content\\\/uploads\\\/2025\\\/11\\\/remote-control-lawn-mower-spare-part.jpg\",\"contentUrl\":\"https:\\\/\\\/www.robotlawnsmower.com\\\/wp-content\\\/uploads\\\/2025\\\/11\\\/remote-control-lawn-mower-spare-part.jpg\",\"width\":800,\"height\":800},{\"@type\":\"BreadcrumbList\",\"@id\":\"https:\\\/\\\/www.robotlawnsmower.com\\\/product\\\/remote-mower-spare-parts\\\/#breadcrumb\",\"itemListElement\":[{\"@type\":\"ListItem\",\"position\":1,\"name\":\"Home\",\"item\":\"https:\\\/\\\/www.robotlawnsmower.com\\\/\"},{\"@type\":\"ListItem\",\"position\":2,\"name\":\"Product\",\"item\":\"https:\\\/\\\/www.robotlawnsmower.com\\\/product\\\/\"},{\"@type\":\"ListItem\",\"position\":3,\"name\":\"Spare parts\"}]},{\"@type\":\"WebSite\",\"@id\":\"https:\\\/\\\/www.robotlawnsmower.com\\\/#website\",\"url\":\"https:\\\/\\\/www.robotlawnsmower.com\\\/\",\"name\":\"Robotlawnsmower\",\"description\":\"Robot remote control lawn mower supplier\",\"publisher\":{\"@id\":\"https:\\\/\\\/www.robotlawnsmower.com\\\/#organization\"},\"alternateName\":\"Remote control Robot lawn mower\",\"potentialAction\":[{\"@type\":\"SearchAction\",\"target\":{\"@type\":\"EntryPoint\",\"urlTemplate\":\"https:\\\/\\\/www.robotlawnsmower.com\\\/?s={search_term_string}\"},\"query-input\":{\"@type\":\"PropertyValueSpecification\",\"valueRequired\":true,\"valueName\":\"search_term_string\"}}],\"inLanguage\":\"fr-FR\"},{\"@type\":\"Organization\",\"@id\":\"https:\\\/\\\/www.robotlawnsmower.com\\\/#organization\",\"name\":\"SHANDONG LUSTRE INDUSTRIAL CO., LIMITED\",\"url\":\"https:\\\/\\\/www.robotlawnsmower.com\\\/\",\"logo\":{\"@type\":\"ImageObject\",\"inLanguage\":\"fr-FR\",\"@id\":\"https:\\\/\\\/www.robotlawnsmower.com\\\/#\\\/schema\\\/logo\\\/image\\\/\",\"url\":\"https:\\\/\\\/www.robotlawnsmower.com\\\/wp-content\\\/uploads\\\/2023\\\/11\\\/logo.png\",\"contentUrl\":\"https:\\\/\\\/www.robotlawnsmower.com\\\/wp-content\\\/uploads\\\/2023\\\/11\\\/logo.png\",\"width\":350,\"height\":100,\"caption\":\"SHANDONG LUSTRE INDUSTRIAL CO., LIMITED\"},\"image\":{\"@id\":\"https:\\\/\\\/www.robotlawnsmower.com\\\/#\\\/schema\\\/logo\\\/image\\\/\"},\"sameAs\":[\"https:\\\/\\\/www.facebook.com\\\/@rclawnmowers\",\"https:\\\/\\\/x.com\\\/rclawnmowers\"]}]}<\/script>\n<meta property=\"og:availability\" content=\"instock\" \/>\n<meta property=\"product:availability\" content=\"instock\" \/>\n<meta property=\"product:condition\" content=\"new\" \/>\n<!-- \/ Yoast SEO Premium plugin. -->","yoast_head_json":{"title":"Pi\u00e8ces d\u00e9tach\u00e9es - Robot tondeuse \u00e0 gazon","robots":{"index":"index","follow":"follow","max-snippet":"max-snippet:-1","max-image-preview":"max-image-preview:large","max-video-preview":"max-video-preview:-1"},"canonical":"https:\/\/www.robotlawnsmower.com\/fr\/produit\/pieces-detachees-pour-tondeuse-a-distance\/","og_locale":"fr_FR","og_type":"article","og_title":"Spare parts","og_description":"remote mower spare parts Spare parts for remote control lawn mowers. Images are for reference only. Due to supplier changes or product updates, the actual items may differ. If the spare part you need is not listed, please contact customer service.","og_url":"https:\/\/www.robotlawnsmower.com\/fr\/produit\/pieces-detachees-pour-tondeuse-a-distance\/","og_site_name":"Robotlawnsmower","article_publisher":"https:\/\/www.facebook.com\/@rclawnmowers","article_modified_time":"2026-04-17T06:31:01+00:00","og_image":[{"width":800,"height":800,"url":"https:\/\/www.robotlawnsmower.com\/wp-content\/uploads\/2025\/11\/remote-control-lawn-mower-spare-part.jpg","type":"image\/jpeg"}],"twitter_card":"summary_large_image","twitter_site":"@rclawnmowers","twitter_misc":{"Disponibilit\u00e9":"En stock"},"schema":{"@context":"https:\/\/schema.org","@graph":[{"@type":"WebPage","@id":"https:\/\/www.robotlawnsmower.com\/product\/remote-mower-spare-parts\/","url":"https:\/\/www.robotlawnsmower.com\/product\/remote-mower-spare-parts\/","name":"Pi\u00e8ces d\u00e9tach\u00e9es - Robot tondeuse \u00e0 gazon","isPartOf":{"@id":"https:\/\/www.robotlawnsmower.com\/#website"},"primaryImageOfPage":{"@id":"https:\/\/www.robotlawnsmower.com\/product\/remote-mower-spare-parts\/#primaryimage"},"image":{"@id":"https:\/\/www.robotlawnsmower.com\/product\/remote-mower-spare-parts\/#primaryimage"},"thumbnailUrl":"https:\/\/www.robotlawnsmower.com\/wp-content\/uploads\/2025\/11\/remote-control-lawn-mower-spare-part.jpg","datePublished":"2025-11-27T06:51:50+00:00","dateModified":"2026-04-17T06:31:01+00:00","breadcrumb":{"@id":"https:\/\/www.robotlawnsmower.com\/product\/remote-mower-spare-parts\/#breadcrumb"},"inLanguage":"fr-FR","potentialAction":[{"@type":"ReadAction","target":["https:\/\/www.robotlawnsmower.com\/product\/remote-mower-spare-parts\/"]}]},{"@type":"ImageObject","inLanguage":"fr-FR","@id":"https:\/\/www.robotlawnsmower.com\/product\/remote-mower-spare-parts\/#primaryimage","url":"https:\/\/www.robotlawnsmower.com\/wp-content\/uploads\/2025\/11\/remote-control-lawn-mower-spare-part.jpg","contentUrl":"https:\/\/www.robotlawnsmower.com\/wp-content\/uploads\/2025\/11\/remote-control-lawn-mower-spare-part.jpg","width":800,"height":800},{"@type":"BreadcrumbList","@id":"https:\/\/www.robotlawnsmower.com\/product\/remote-mower-spare-parts\/#breadcrumb","itemListElement":[{"@type":"ListItem","position":1,"name":"Home","item":"https:\/\/www.robotlawnsmower.com\/"},{"@type":"ListItem","position":2,"name":"Product","item":"https:\/\/www.robotlawnsmower.com\/product\/"},{"@type":"ListItem","position":3,"name":"Spare parts"}]},{"@type":"WebSite","@id":"https:\/\/www.robotlawnsmower.com\/#website","url":"https:\/\/www.robotlawnsmower.com\/","name":"Robot tondeuse \u00e0 gazon","description":"Fournisseur de robots tondeuses \u00e0 gazon t\u00e9l\u00e9command\u00e9s","publisher":{"@id":"https:\/\/www.robotlawnsmower.com\/#organization"},"alternateName":"Remote control Robot lawn mower","potentialAction":[{"@type":"SearchAction","target":{"@type":"EntryPoint","urlTemplate":"https:\/\/www.robotlawnsmower.com\/?s={search_term_string}"},"query-input":{"@type":"PropertyValueSpecification","valueRequired":true,"valueName":"search_term_string"}}],"inLanguage":"fr-FR"},{"@type":"Organization","@id":"https:\/\/www.robotlawnsmower.com\/#organization","name":"SHANDONG LUSTRE INDUSTRIAL CO., LIMITED","url":"https:\/\/www.robotlawnsmower.com\/","logo":{"@type":"ImageObject","inLanguage":"fr-FR","@id":"https:\/\/www.robotlawnsmower.com\/#\/schema\/logo\/image\/","url":"https:\/\/www.robotlawnsmower.com\/wp-content\/uploads\/2023\/11\/logo.png","contentUrl":"https:\/\/www.robotlawnsmower.com\/wp-content\/uploads\/2023\/11\/logo.png","width":350,"height":100,"caption":"SHANDONG LUSTRE INDUSTRIAL CO., LIMITED"},"image":{"@id":"https:\/\/www.robotlawnsmower.com\/#\/schema\/logo\/image\/"},"sameAs":["https:\/\/www.facebook.com\/@rclawnmowers","https:\/\/x.com\/rclawnmowers"]}]},"og_availability":"instock","product_availability":"instock","product_condition":"new"},"jetpack_sharing_enabled":true,"_links":{"self":[{"href":"https:\/\/www.robotlawnsmower.com\/fr\/wp-json\/wp\/v2\/product\/2695","targetHints":{"allow":["GET"]}}],"collection":[{"href":"https:\/\/www.robotlawnsmower.com\/fr\/wp-json\/wp\/v2\/product"}],"about":[{"href":"https:\/\/www.robotlawnsmower.com\/fr\/wp-json\/wp\/v2\/types\/product"}],"replies":[{"embeddable":true,"href":"https:\/\/www.robotlawnsmower.com\/fr\/wp-json\/wp\/v2\/comments?post=2695"}],"version-history":[{"count":4,"href":"https:\/\/www.robotlawnsmower.com\/fr\/wp-json\/wp\/v2\/product\/2695\/revisions"}],"predecessor-version":[{"id":3153,"href":"https:\/\/www.robotlawnsmower.com\/fr\/wp-json\/wp\/v2\/product\/2695\/revisions\/3153"}],"wp:featuredmedia":[{"embeddable":true,"href":"https:\/\/www.robotlawnsmower.com\/fr\/wp-json\/wp\/v2\/media\/3090"}],"wp:attachment":[{"href":"https:\/\/www.robotlawnsmower.com\/fr\/wp-json\/wp\/v2\/media?parent=2695"}],"wp:term":[{"taxonomy":"product_brand","embeddable":true,"href":"https:\/\/www.robotlawnsmower.com\/fr\/wp-json\/wp\/v2\/product_brand?post=2695"},{"taxonomy":"product_cat","embeddable":true,"href":"https:\/\/www.robotlawnsmower.com\/fr\/wp-json\/wp\/v2\/product_cat?post=2695"},{"taxonomy":"product_tag","embeddable":true,"href":"https:\/\/www.robotlawnsmower.com\/fr\/wp-json\/wp\/v2\/product_tag?post=2695"}],"curies":[{"name":"wp","href":"https:\/\/api.w.org\/{rel}","templated":true}]}}