{"id":719,"date":"2024-02-02T07:53:28","date_gmt":"2024-02-02T07:53:28","guid":{"rendered":"https:\/\/www.robotlawnsmower.com\/?page_id=719"},"modified":"2024-05-11T02:27:55","modified_gmt":"2024-05-11T02:27:55","slug":"garantie","status":"publish","type":"page","link":"https:\/\/www.robotlawnsmower.com\/fr\/warranty\/","title":{"rendered":"Garantie"},"content":{"rendered":"<div data-elementor-type=\"wp-page\" data-elementor-id=\"719\" class=\"elementor elementor-719\" data-elementor-post-type=\"page\">\n\t\t\t\t\t\t<section class=\"elementor-section elementor-top-section elementor-element elementor-element-c940fc8 elementor-section-boxed elementor-section-height-default elementor-section-height-default\" data-id=\"c940fc8\" data-element_type=\"section\" data-e-type=\"section\">\n\t\t\t\t\t\t<div class=\"elementor-container elementor-column-gap-default\">\n\t\t\t\t\t<div class=\"elementor-column elementor-col-100 elementor-top-column elementor-element elementor-element-5d954d2\" data-id=\"5d954d2\" data-element_type=\"column\" data-e-type=\"column\">\n\t\t\t<div class=\"elementor-widget-wrap elementor-element-populated\">\n\t\t\t\t\t\t<div class=\"elementor-element elementor-element-0046606 elementor-widget elementor-widget-heading\" data-id=\"0046606\" data-element_type=\"widget\" data-e-type=\"widget\" data-widget_type=\"heading.default\">\n\t\t\t\t<div class=\"elementor-widget-container\">\n\t\t\t\t\t<h1 class=\"elementor-heading-title elementor-size-default\">POLITIQUE DE GARANTIE des robots tondeuses<\/h1>\t\t\t\t<\/div>\n\t\t\t\t<\/div>\n\t\t\t\t<div class=\"elementor-element elementor-element-b2632b8 elementor-widget elementor-widget-text-editor\" data-id=\"b2632b8\" data-element_type=\"widget\" data-e-type=\"widget\" data-widget_type=\"text-editor.default\">\n\t\t\t\t<div class=\"elementor-widget-container\">\n\t\t\t\t\t\t\t\t\t<div class=\"entry-content clear\"><div class=\"elementor elementor-23022\" data-elementor-type=\"wp-page\" data-elementor-id=\"23022\" data-elementor-post-type=\"page\"><section class=\"elementor-section elementor-top-section elementor-element elementor-element-a06907a elementor-section-boxed elementor-section-height-default elementor-section-height-default\" data-id=\"a06907a\" data-element_type=\"section\"><div class=\"elementor-container elementor-column-gap-default\"><div class=\"elementor-column elementor-col-100 elementor-top-column elementor-element elementor-element-a58d244\" data-id=\"a58d244\" data-element_type=\"column\"><div class=\"elementor-widget-wrap elementor-element-populated\"><div class=\"elementor-element elementor-element-d882063 elementor-widget elementor-widget-heading\" data-id=\"d882063\" data-element_type=\"widget\" data-widget_type=\"heading.default\"><div class=\"elementor-widget-container\"><h2 class=\"elementor-heading-title elementor-size-default\">P\u00e9riode de garantie<\/h2><\/div><\/div><div class=\"elementor-element elementor-element-a0466a4 elementor-widget elementor-widget-text-editor\" data-id=\"a0466a4\" data-element_type=\"widget\" data-widget_type=\"text-editor.default\"><div class=\"elementor-widget-container\"><p>1 an ou 200 heures d&#039;utilisation du produit, selon la premi\u00e8re \u00e9ventualit\u00e9. Tout consommateur original qui ach\u00e8te un <a href=\"https:\/\/www.robotlawnsmower.com\/fr\/comment-choisir-une-tondeuse-a-gazon-a-double-alimentation-avec-telecommande\/\" target=\"_blank\" rel=\"noopener\" >tondeuse \u00e0 gazon t\u00e9l\u00e9command\u00e9e<\/a> sur ce site, vous b\u00e9n\u00e9ficierez de la p\u00e9riode de garantie de qualit\u00e9 de l&#039;\u00e9quipement, \u00e0 compter de la date d&#039;achat<\/p><\/div><\/div><div class=\"elementor-element elementor-element-d2008c0 elementor-widget elementor-widget-heading\" data-id=\"d2008c0\" data-element_type=\"widget\" data-widget_type=\"heading.default\"><div class=\"elementor-widget-container\"><h2 class=\"elementor-heading-title elementor-size-default\">Recours en mati\u00e8re de garantie<\/h2><\/div><\/div><div class=\"elementor-element elementor-element-eefa745 elementor-widget elementor-widget-text-editor\" data-id=\"eefa745\" data-element_type=\"widget\" data-widget_type=\"text-editor.default\"><div class=\"elementor-widget-container\"><p>Si le produit pr\u00e9sente un d\u00e9faut de mat\u00e9riau ou de fabrication pendant la p\u00e9riode de garantie, le fabricant ou son distributeur agr\u00e9\u00e9 r\u00e9parera ou remplacera gratuitement la pi\u00e8ce concern\u00e9e ou remboursera le prix d&#039;achat pay\u00e9 par l&#039;acheteur.<\/p><p>Le choix du rem\u00e8de propos\u00e9 (r\u00e9paration, remplacement ou remboursement) est \u00e0 la seule discr\u00e9tion du fabricant. Certaines conditions, limitations et exclusions peuvent s&#039;appliquer.<\/p><p>Si certains accessoires ont besoin <a href=\"https:\/\/www.robotlawnsmower.com\/fr\/expedition\/\" target=\"_blank\" rel=\"noopener\" >exp\u00e9dition<\/a> co\u00fbt, l&#039;acheteur n&#039;a qu&#039;\u00e0 payer les frais d&#039;exp\u00e9dition et obtenir les pi\u00e8ces et accessoires gratuitement.<\/p><\/div><\/div><div class=\"elementor-element elementor-element-680792e elementor-widget elementor-widget-heading\" data-id=\"680792e\" data-element_type=\"widget\" data-widget_type=\"heading.default\"><div class=\"elementor-widget-container\"><h2 class=\"elementor-heading-title elementor-size-default\">Exclusions de garantie.<\/h2><\/div><\/div><div class=\"elementor-element elementor-element-6646b29 elementor-widget elementor-widget-text-editor\" data-id=\"6646b29\" data-element_type=\"widget\" data-widget_type=\"text-editor.default\"><div class=\"elementor-widget-container\"><ul><li>En cas d&#039;utilisation de pi\u00e8ces de rechange non originales du fabricant, si elles provoquent une usure pr\u00e9matur\u00e9e ou des dommages au produit, la garantie sera annul\u00e9e.<\/li><li>Dommages caus\u00e9s par l\u2019installation ou l\u2019utilisation de toute pi\u00e8ce, accessoire ou accessoire non approuv\u00e9 par le fabricant pour une utilisation avec le produit.<\/li><li>Dommages caus\u00e9s par une mauvaise utilisation, un abus, une alt\u00e9ration, un assemblage incorrect, un r\u00e9glage incorrect, une n\u00e9gligence ou un accident.<\/li><li>Usure p\u00e9riodique, y compris les pi\u00e8ces d&#039;usure telles que les courroies, les pneus et les lames. D\u00e9fauts de mat\u00e9riaux et de fabrication, mais pas d&#039;usure.<\/li><li>Dommages caus\u00e9s par la non-utilisation de carburant neuf ou par un stockage incorrect du produit lorsqu&#039;il n&#039;est pas utilis\u00e9.<\/li><li>Dommages caus\u00e9s par l\u2019utilisation de m\u00e9langes d\u2019essence contenant plus de 10% d\u2019\u00e9thanol.<\/li><\/ul><\/div><\/div><div class=\"elementor-element elementor-element-0d66ea0 elementor-widget elementor-widget-text-editor\" data-id=\"0d66ea0\" data-element_type=\"widget\" data-widget_type=\"text-editor.default\"><div class=\"elementor-widget-container\"><p>N&#039;h\u00e9sitez pas \u00e0 me contacter si vous avez d&#039;autres questions ou pr\u00e9occupations concernant la garantie.<\/p><\/div><\/div><div class=\"elementor-element elementor-element-e7136d3 elementor-widget elementor-widget-heading\" data-id=\"e7136d3\" data-element_type=\"widget\" data-widget_type=\"heading.default\"><div class=\"elementor-widget-container\"><h2 class=\"elementor-heading-title elementor-size-default\">R\u00e9clamations au titre de la garantie.<\/h2><\/div><\/div><div class=\"elementor-element elementor-element-7c47f56 elementor-widget elementor-widget-text-editor\" data-id=\"7c47f56\" data-element_type=\"widget\" data-widget_type=\"text-editor.default\"><div class=\"elementor-widget-container\"><p>Pour faire une r\u00e9clamation au titre de la garantie, les acheteurs doivent <a href=\"https:\/\/www.robotlawnsmower.com\/fr\/contact\/\" target=\"_blank\" rel=\"noopener\" >contact<\/a> le revendeur agr\u00e9\u00e9 du fabricant (pour trouver un revendeur agr\u00e9\u00e9, visitez notre site Web \u00e0 l&#039;adresse https:\/\/www.robotlawnsmower.com). Le service de garantie doit \u00eatre effectu\u00e9 par un repr\u00e9sentant autoris\u00e9 du fabricant. De plus, l&#039;acheteur est responsable du transport du produit vers et depuis le lieu de service de garantie \u00e0 ses propres frais et risques.<\/p><\/div><\/div><\/div><\/div><\/div><\/section><\/div><\/div>\t\t\t\t\t\t\t\t<\/div>\n\t\t\t\t<\/div>\n\t\t\t\t\t<\/div>\n\t\t<\/div>\n\t\t\t\t\t<\/div>\n\t\t<\/section>\n\t\t\t\t<\/div>\n\t\t<style>\r\n.lwrp.link-whisper-related-posts{\r\n            \r\n            margin-bottom: 0px;\nmargin-left: 0px;\r\n        }\r\n        .lwrp .lwrp-title{\r\n            \r\n            \r\n        }.lwrp .lwrp-description{\r\n            \r\n            \r\n\r\n        }\r\n        .lwrp .lwrp-list-container{\r\n        }\r\n        .lwrp .lwrp-list-multi-container{\r\n            display: flex;\r\n        }\r\n        .lwrp .lwrp-list-double{\r\n            width: 48%;\r\n        }\r\n        .lwrp .lwrp-list-triple{\r\n            width: 32%;\r\n        }\r\n        .lwrp .lwrp-list-row-container{\r\n            display: flex;\r\n            justify-content: space-between;\r\n        }\r\n        .lwrp .lwrp-list-row-container .lwrp-list-item{\r\n            width: calc(50% - 20px);\r\n        }\r\n        .lwrp .lwrp-list-item:not(.lwrp-no-posts-message-item){\r\n            \r\n            margin-top: 0px;\nmargin-right: 0px;\nmargin-bottom: 0px;\nmargin-left: 0px;\r\n        }\r\n        .lwrp .lwrp-list-item img{\r\n            max-width: 100%;\r\n            height: auto;\r\n            object-fit: cover;\r\n            aspect-ratio: 1 \/ 1;\r\n        }\r\n        .lwrp .lwrp-list-item.lwrp-empty-list-item{\r\n            background: initial !important;\r\n        }\r\n        .lwrp .lwrp-list-item .lwrp-list-link .lwrp-list-link-title-text,\r\n        .lwrp .lwrp-list-item .lwrp-list-no-posts-message{\r\n            \r\n            \r\n            \r\n            \r\n        }@media screen and (max-width: 480px) {\r\n            .lwrp.link-whisper-related-posts{\r\n                \r\n                margin-bottom: 0px;\nmargin-left: 0px;\r\n            }\r\n            .lwrp .lwrp-title{\r\n                \r\n                \r\n            }.lwrp .lwrp-description{\r\n                \r\n                \r\n            }\r\n            .lwrp .lwrp-list-multi-container{\r\n                flex-direction: column;\r\n            }\r\n            .lwrp .lwrp-list-multi-container ul.lwrp-list{\r\n                margin-top: 0px;\r\n                margin-bottom: 0px;\r\n                padding-top: 0px;\r\n                padding-bottom: 0px;\r\n            }\r\n            .lwrp .lwrp-list-double,\r\n            .lwrp .lwrp-list-triple{\r\n                width: 100%;\r\n            }\r\n            .lwrp .lwrp-list-row-container{\r\n                justify-content: initial;\r\n                flex-direction: column;\r\n            }\r\n            .lwrp .lwrp-list-row-container .lwrp-list-item{\r\n                width: 100%;\r\n            }\r\n            .lwrp .lwrp-list-item:not(.lwrp-no-posts-message-item){\r\n                \r\n                margin-top: 0px;\nmargin-right: 0px;\nmargin-bottom: 0px;\nmargin-left: 0px;\r\n            }\r\n            .lwrp .lwrp-list-item .lwrp-list-link .lwrp-list-link-title-text,\r\n            .lwrp .lwrp-list-item .lwrp-list-no-posts-message{\r\n                \r\n                \r\n                \r\n                \r\n            };\r\n        }<\/style>\r\n<div id=\"link-whisper-related-posts-widget\" class=\"link-whisper-related-posts lwrp\">\r\n            <h4 class=\"lwrp-title\">Articles Similaires<\/h4>    \r\n        <div class=\"lwrp-list-container\">\r\n                                            <div class=\"lwrp-list-multi-container\">\r\n                    <ul class=\"lwrp-list lwrp-list-double lwrp-list-left\">\r\n                        <li class=\"lwrp-list-item\"><a href=\"https:\/\/www.robotlawnsmower.com\/fr\/la-tondeuse-telecommandee-sera-expediee-en-australie\/\" class=\"lwrp-list-link\"><span class=\"lwrp-list-link-title-text\">La tondeuse t\u00e9l\u00e9command\u00e9e sera exp\u00e9di\u00e9e en Australie<\/span><\/a><\/li><li class=\"lwrp-list-item\"><a href=\"https:\/\/www.robotlawnsmower.com\/fr\/maitriser-les-pentes-raides-la-revolution-des-tondeuses-a-gazon-telecommandees-pour-les-terrains-difficiles\/\" class=\"lwrp-list-link\"><span class=\"lwrp-list-link-title-text\">Ma\u00eetriser les pentes raides : la r\u00e9volution des tondeuses \u00e0 gazon t\u00e9l\u00e9command\u00e9es pour les terrains difficiles<\/span><\/a><\/li>                    <\/ul>\r\n                    <ul class=\"lwrp-list lwrp-list-double lwrp-list-right\">\r\n                        <li class=\"lwrp-list-item\"><a href=\"https:\/\/www.robotlawnsmower.com\/fr\/les-nouvelles-tondeuses-a-gazon-telecommandees-a-chenilles-revolutionnent-lentretien-des-pelouses\/\" class=\"lwrp-list-link\"><span class=\"lwrp-list-link-title-text\">Les nouvelles tondeuses \u00e0 gazon t\u00e9l\u00e9command\u00e9es avec chenilles r\u00e9volutionnent l&#039;entretien des pelouses<\/span><\/a><\/li><li class=\"lwrp-list-item\"><a href=\"https:\/\/www.robotlawnsmower.com\/fr\/comment-une-tondeuse-a-gazon-telecommandee-24v-coupe-lherbe\/\" class=\"lwrp-list-link\"><span class=\"lwrp-list-link-title-text\">Comment une tondeuse \u00e0 gazon t\u00e9l\u00e9command\u00e9e 24 V coupe-t-elle l&#039;herbe ?<\/span><\/a><\/li>                    <\/ul>\r\n                <\/div>\r\n                        <\/div>\r\n<\/div>","protected":false},"excerpt":{"rendered":"<p>Robotlawnsmower WARRANTY POLICY Warranty Period 1 years or 200 hours of Product use, whichever occurs first.\u00a0 Any original consumer who purchases a remote control lawn mower on this website will enjoy the quality guarantee period of the equipment, starting from the date of purchase Warranty Remedy If the product becomes defective in material and workmanship [&hellip;]<\/p>\n","protected":false},"author":1,"featured_media":0,"parent":0,"menu_order":0,"comment_status":"closed","ping_status":"closed","template":"","meta":{"site-sidebar-layout":"no-sidebar","site-content-layout":"","ast-site-content-layout":"full-width-container","site-content-style":"default","site-sidebar-style":"default","ast-global-header-display":"","ast-banner-title-visibility":"","ast-main-header-display":"","ast-hfb-above-header-display":"","ast-hfb-below-header-display":"","ast-hfb-mobile-header-display":"","site-post-title":"disabled","ast-breadcrumbs-content":"","ast-featured-img":"disabled","footer-sml-layout":"","ast-disable-related-posts":"","theme-transparent-header-meta":"default","adv-header-id-meta":"","stick-header-meta":"default","header-above-stick-meta":"","header-main-stick-meta":"","header-below-stick-meta":"","astra-migrate-meta-layouts":"set","ast-page-background-enabled":"default","ast-page-background-meta":{"desktop":{"background-color":"var(--ast-global-color-4)","background-image":"","background-repeat":"repeat","background-position":"center center","background-size":"auto","background-attachment":"scroll","background-type":"","background-media":"","overlay-type":"","overlay-color":"","overlay-opacity":"","overlay-gradient":""},"tablet":{"background-color":"","background-image":"","background-repeat":"repeat","background-position":"center center","background-size":"auto","background-attachment":"scroll","background-type":"","background-media":"","overlay-type":"","overlay-color":"","overlay-opacity":"","overlay-gradient":""},"mobile":{"background-color":"","background-image":"","background-repeat":"repeat","background-position":"center center","background-size":"auto","background-attachment":"scroll","background-type":"","background-media":"","overlay-type":"","overlay-color":"","overlay-opacity":"","overlay-gradient":""}},"ast-content-background-meta":{"desktop":{"background-color":"var(--ast-global-color-5)","background-image":"","background-repeat":"repeat","background-position":"center center","background-size":"auto","background-attachment":"scroll","background-type":"","background-media":"","overlay-type":"","overlay-color":"","overlay-opacity":"","overlay-gradient":""},"tablet":{"background-color":"var(--ast-global-color-5)","background-image":"","background-repeat":"repeat","background-position":"center center","background-size":"auto","background-attachment":"scroll","background-type":"","background-media":"","overlay-type":"","overlay-color":"","overlay-opacity":"","overlay-gradient":""},"mobile":{"background-color":"var(--ast-global-color-5)","background-image":"","background-repeat":"repeat","background-position":"center center","background-size":"auto","background-attachment":"scroll","background-type":"","background-media":"","overlay-type":"","overlay-color":"","overlay-opacity":"","overlay-gradient":""}},"footnotes":""},"class_list":["post-719","page","type-page","status-publish","hentry"],"yoast_head":"<!-- This site is optimized with the Yoast SEO Premium plugin v26.7 (Yoast SEO v27.4) - https:\/\/yoast.com\/product\/yoast-seo-premium-wordpress\/ -->\n<title>Warranty - Robotlawnsmower<\/title>\n<meta name=\"description\" content=\"Warranty Robotlawnsmower\" \/>\n<meta name=\"robots\" content=\"index, follow, max-snippet:-1, max-image-preview:large, max-video-preview:-1\" \/>\n<link rel=\"canonical\" href=\"https:\/\/www.robotlawnsmower.com\/fr\/garantie\/\" \/>\n<meta property=\"og:locale\" content=\"fr_FR\" \/>\n<meta property=\"og:type\" content=\"article\" \/>\n<meta property=\"og:title\" content=\"Warranty\" \/>\n<meta property=\"og:description\" content=\"Warranty Robotlawnsmower\" \/>\n<meta property=\"og:url\" content=\"https:\/\/www.robotlawnsmower.com\/fr\/garantie\/\" \/>\n<meta property=\"og:site_name\" content=\"Robotlawnsmower\" \/>\n<meta property=\"article:publisher\" content=\"https:\/\/www.facebook.com\/@rclawnmowers\" \/>\n<meta property=\"article:modified_time\" content=\"2024-05-11T02:27:55+00:00\" \/>\n<meta property=\"og:image\" content=\"https:\/\/www.robotlawnsmower.com\/wp-content\/uploads\/2024\/01\/remote-control-lawn-mower.png\" \/>\n\t<meta property=\"og:image:width\" content=\"1600\" \/>\n\t<meta property=\"og:image:height\" content=\"649\" \/>\n\t<meta property=\"og:image:type\" content=\"image\/png\" \/>\n<meta name=\"twitter:card\" content=\"summary_large_image\" \/>\n<meta name=\"twitter:site\" content=\"@rclawnmowers\" \/>\n<meta name=\"twitter:label1\" content=\"Dur\u00e9e de lecture estim\u00e9e\" \/>\n\t<meta name=\"twitter:data1\" content=\"2 minutes\" \/>\n<script type=\"application\/ld+json\" class=\"yoast-schema-graph\">{\"@context\":\"https:\\\/\\\/schema.org\",\"@graph\":[{\"@type\":\"WebPage\",\"@id\":\"https:\\\/\\\/www.robotlawnsmower.com\\\/warranty\\\/\",\"url\":\"https:\\\/\\\/www.robotlawnsmower.com\\\/warranty\\\/\",\"name\":\"Warranty - Robotlawnsmower\",\"isPartOf\":{\"@id\":\"https:\\\/\\\/www.robotlawnsmower.com\\\/#website\"},\"datePublished\":\"2024-02-02T07:53:28+00:00\",\"dateModified\":\"2024-05-11T02:27:55+00:00\",\"description\":\"Warranty Robotlawnsmower\",\"breadcrumb\":{\"@id\":\"https:\\\/\\\/www.robotlawnsmower.com\\\/warranty\\\/#breadcrumb\"},\"inLanguage\":\"fr-FR\",\"potentialAction\":[{\"@type\":\"ReadAction\",\"target\":[\"https:\\\/\\\/www.robotlawnsmower.com\\\/warranty\\\/\"]}]},{\"@type\":\"BreadcrumbList\",\"@id\":\"https:\\\/\\\/www.robotlawnsmower.com\\\/warranty\\\/#breadcrumb\",\"itemListElement\":[{\"@type\":\"ListItem\",\"position\":1,\"name\":\"Home\",\"item\":\"https:\\\/\\\/www.robotlawnsmower.com\\\/\"},{\"@type\":\"ListItem\",\"position\":2,\"name\":\"Warranty\"}]},{\"@type\":\"WebSite\",\"@id\":\"https:\\\/\\\/www.robotlawnsmower.com\\\/#website\",\"url\":\"https:\\\/\\\/www.robotlawnsmower.com\\\/\",\"name\":\"Robotlawnsmower\",\"description\":\"Robot remote control lawn mower supplier\",\"publisher\":{\"@id\":\"https:\\\/\\\/www.robotlawnsmower.com\\\/#organization\"},\"alternateName\":\"Remote control Robot lawn mower\",\"potentialAction\":[{\"@type\":\"SearchAction\",\"target\":{\"@type\":\"EntryPoint\",\"urlTemplate\":\"https:\\\/\\\/www.robotlawnsmower.com\\\/?s={search_term_string}\"},\"query-input\":{\"@type\":\"PropertyValueSpecification\",\"valueRequired\":true,\"valueName\":\"search_term_string\"}}],\"inLanguage\":\"fr-FR\"},{\"@type\":\"Organization\",\"@id\":\"https:\\\/\\\/www.robotlawnsmower.com\\\/#organization\",\"name\":\"SHANDONG LUSTRE INDUSTRIAL CO., LIMITED\",\"url\":\"https:\\\/\\\/www.robotlawnsmower.com\\\/\",\"logo\":{\"@type\":\"ImageObject\",\"inLanguage\":\"fr-FR\",\"@id\":\"https:\\\/\\\/www.robotlawnsmower.com\\\/#\\\/schema\\\/logo\\\/image\\\/\",\"url\":\"https:\\\/\\\/www.robotlawnsmower.com\\\/wp-content\\\/uploads\\\/2023\\\/11\\\/logo.png\",\"contentUrl\":\"https:\\\/\\\/www.robotlawnsmower.com\\\/wp-content\\\/uploads\\\/2023\\\/11\\\/logo.png\",\"width\":350,\"height\":100,\"caption\":\"SHANDONG LUSTRE INDUSTRIAL CO., LIMITED\"},\"image\":{\"@id\":\"https:\\\/\\\/www.robotlawnsmower.com\\\/#\\\/schema\\\/logo\\\/image\\\/\"},\"sameAs\":[\"https:\\\/\\\/www.facebook.com\\\/@rclawnmowers\",\"https:\\\/\\\/x.com\\\/rclawnmowers\"]}]}<\/script>\n<!-- \/ Yoast SEO Premium plugin. -->","yoast_head_json":{"title":"Garantie - Robot tondeuse","description":"Garantie Robot tondeuse","robots":{"index":"index","follow":"follow","max-snippet":"max-snippet:-1","max-image-preview":"max-image-preview:large","max-video-preview":"max-video-preview:-1"},"canonical":"https:\/\/www.robotlawnsmower.com\/fr\/garantie\/","og_locale":"fr_FR","og_type":"article","og_title":"Warranty","og_description":"Warranty Robotlawnsmower","og_url":"https:\/\/www.robotlawnsmower.com\/fr\/garantie\/","og_site_name":"Robotlawnsmower","article_publisher":"https:\/\/www.facebook.com\/@rclawnmowers","article_modified_time":"2024-05-11T02:27:55+00:00","og_image":[{"width":1600,"height":649,"url":"https:\/\/www.robotlawnsmower.com\/wp-content\/uploads\/2024\/01\/remote-control-lawn-mower.png","type":"image\/png"}],"twitter_card":"summary_large_image","twitter_site":"@rclawnmowers","twitter_misc":{"Dur\u00e9e de lecture estim\u00e9e":"2 minutes"},"schema":{"@context":"https:\/\/schema.org","@graph":[{"@type":"WebPage","@id":"https:\/\/www.robotlawnsmower.com\/warranty\/","url":"https:\/\/www.robotlawnsmower.com\/warranty\/","name":"Garantie - Robot tondeuse","isPartOf":{"@id":"https:\/\/www.robotlawnsmower.com\/#website"},"datePublished":"2024-02-02T07:53:28+00:00","dateModified":"2024-05-11T02:27:55+00:00","description":"Garantie Robot tondeuse","breadcrumb":{"@id":"https:\/\/www.robotlawnsmower.com\/warranty\/#breadcrumb"},"inLanguage":"fr-FR","potentialAction":[{"@type":"ReadAction","target":["https:\/\/www.robotlawnsmower.com\/warranty\/"]}]},{"@type":"BreadcrumbList","@id":"https:\/\/www.robotlawnsmower.com\/warranty\/#breadcrumb","itemListElement":[{"@type":"ListItem","position":1,"name":"Home","item":"https:\/\/www.robotlawnsmower.com\/"},{"@type":"ListItem","position":2,"name":"Warranty"}]},{"@type":"WebSite","@id":"https:\/\/www.robotlawnsmower.com\/#website","url":"https:\/\/www.robotlawnsmower.com\/","name":"Robot tondeuse \u00e0 gazon","description":"Fournisseur de robots tondeuses \u00e0 gazon t\u00e9l\u00e9command\u00e9s","publisher":{"@id":"https:\/\/www.robotlawnsmower.com\/#organization"},"alternateName":"Remote control Robot lawn mower","potentialAction":[{"@type":"SearchAction","target":{"@type":"EntryPoint","urlTemplate":"https:\/\/www.robotlawnsmower.com\/?s={search_term_string}"},"query-input":{"@type":"PropertyValueSpecification","valueRequired":true,"valueName":"search_term_string"}}],"inLanguage":"fr-FR"},{"@type":"Organization","@id":"https:\/\/www.robotlawnsmower.com\/#organization","name":"SHANDONG LUSTRE INDUSTRIAL CO., LIMITED","url":"https:\/\/www.robotlawnsmower.com\/","logo":{"@type":"ImageObject","inLanguage":"fr-FR","@id":"https:\/\/www.robotlawnsmower.com\/#\/schema\/logo\/image\/","url":"https:\/\/www.robotlawnsmower.com\/wp-content\/uploads\/2023\/11\/logo.png","contentUrl":"https:\/\/www.robotlawnsmower.com\/wp-content\/uploads\/2023\/11\/logo.png","width":350,"height":100,"caption":"SHANDONG LUSTRE INDUSTRIAL CO., LIMITED"},"image":{"@id":"https:\/\/www.robotlawnsmower.com\/#\/schema\/logo\/image\/"},"sameAs":["https:\/\/www.facebook.com\/@rclawnmowers","https:\/\/x.com\/rclawnmowers"]}]}},"jetpack_sharing_enabled":true,"_links":{"self":[{"href":"https:\/\/www.robotlawnsmower.com\/fr\/wp-json\/wp\/v2\/pages\/719","targetHints":{"allow":["GET"]}}],"collection":[{"href":"https:\/\/www.robotlawnsmower.com\/fr\/wp-json\/wp\/v2\/pages"}],"about":[{"href":"https:\/\/www.robotlawnsmower.com\/fr\/wp-json\/wp\/v2\/types\/page"}],"author":[{"embeddable":true,"href":"https:\/\/www.robotlawnsmower.com\/fr\/wp-json\/wp\/v2\/users\/1"}],"replies":[{"embeddable":true,"href":"https:\/\/www.robotlawnsmower.com\/fr\/wp-json\/wp\/v2\/comments?post=719"}],"version-history":[{"count":9,"href":"https:\/\/www.robotlawnsmower.com\/fr\/wp-json\/wp\/v2\/pages\/719\/revisions"}],"predecessor-version":[{"id":1554,"href":"https:\/\/www.robotlawnsmower.com\/fr\/wp-json\/wp\/v2\/pages\/719\/revisions\/1554"}],"wp:attachment":[{"href":"https:\/\/www.robotlawnsmower.com\/fr\/wp-json\/wp\/v2\/media?parent=719"}],"curies":[{"name":"wp","href":"https:\/\/api.w.org\/{rel}","templated":true}]}}