{"id":3189,"date":"2025-12-16T02:55:32","date_gmt":"2025-12-16T02:55:32","guid":{"rendered":"https:\/\/www.robotlawnsmower.com\/?post_type=product&#038;p=3189"},"modified":"2025-12-18T03:44:20","modified_gmt":"2025-12-18T03:44:20","slug":"cortacesped-de-giro-cero-con-control-remoto-y-doble-cuchilla-sobre-orugas-de-1000-mm","status":"publish","type":"product","link":"https:\/\/www.robotlawnsmower.com\/es\/product\/remote-control-twin-blade-zero-turn-mower-on-tracks-1000mm\/","title":{"rendered":"Cortac\u00e9sped de giro cero con control remoto y doble cuchilla sobre orugas de 1100 mm."},"content":{"rendered":"<div data-elementor-type=\"product-post\" data-elementor-id=\"3189\" class=\"elementor elementor-3189\" data-elementor-post-type=\"product\">\n\t\t\t\t\t\t<section class=\"elementor-section elementor-top-section elementor-element elementor-element-947b6ce elementor-section-boxed elementor-section-height-default elementor-section-height-default\" data-id=\"947b6ce\" data-element_type=\"section\" data-e-type=\"section\">\n\t\t\t\t\t\t<div class=\"elementor-container elementor-column-gap-default\">\n\t\t\t\t\t<div class=\"elementor-column elementor-col-100 elementor-top-column elementor-element elementor-element-9a70de4\" data-id=\"9a70de4\" data-element_type=\"column\" data-e-type=\"column\">\n\t\t\t<div class=\"elementor-widget-wrap elementor-element-populated\">\n\t\t\t\t\t\t<div class=\"elementor-element elementor-element-0c15f7e elementor-widget elementor-widget-heading\" data-id=\"0c15f7e\" data-element_type=\"widget\" data-e-type=\"widget\" data-widget_type=\"heading.default\">\n\t\t\t\t<div class=\"elementor-widget-container\">\n\t\t\t\t\t<h2 class=\"elementor-heading-title elementor-size-default\">Presentamos el futuro del cuidado del c\u00e9sped: la mejor cortadora comercial de giro cero sobre orugas, con doble cuchilla.<\/h2>\t\t\t\t<\/div>\n\t\t\t\t<\/div>\n\t\t\t\t<div class=\"elementor-element elementor-element-cf09778 elementor-widget elementor-widget-text-editor\" data-id=\"cf09778\" data-element_type=\"widget\" data-e-type=\"widget\" data-widget_type=\"text-editor.default\">\n\t\t\t\t<div class=\"elementor-widget-container\">\n\t\t\t\t\t\t\t\t\t<p>\u00bfEst\u00e1s cansado de pasar horas y horas bajo el sol, empujando y maniobrando una cortadora de c\u00e9sped tradicional por tu jard\u00edn? Desp\u00eddete del trabajo manual y dale la bienvenida al futuro del cuidado del c\u00e9sped con nuestra revolucionaria cortadora de c\u00e9sped de doble cuchilla con control remoto. <a class=\"wpil_keyword_link\" title=\"Cortadora de giro cero\" href=\"https:\/\/www.robotlawnsmower.com\/es\/product\/cortadora-de-cesped-rc-de-giro-cero-con-orugas-1000-mm-16-hp\/\" target=\"_blank\" rel=\"noopener\" data-wpil-keyword-link=\"linked\">Cortadora de giro cero<\/a> En Pistas.<\/p><p>Atr\u00e1s quedaron los d\u00edas de luchar con m\u00e1quinas voluminosas y maniobrabilidad limitada. Nuestra innovadora cortadora de c\u00e9sped comercial de giro cero Best combina la precisi\u00f3n de la tecnolog\u00eda de control remoto con la agilidad de las capacidades de giro cero y la estabilidad de las orugas, lo que garantiza una experiencia de corte superior en todo momento.<\/p><p>\u00bfPor qu\u00e9 elegir nuestro <a href=\"https:\/\/www.robotlawnsmower.com\/es\/introduccion-a-las-cortadoras-de-cesped-future-explore-con-control-remoto-y-giro-cero\/\" target=\"_blank\">Cortac\u00e9sped comercial de doble cuchilla y giro cero<\/a><\/p><p>Imag\u00ednese poder guiar su cortadora de c\u00e9sped sin esfuerzo para sortear obst\u00e1culos, atravesar espacios reducidos y atravesar terrenos irregulares, todo desde la comodidad de su hogar. Con nuestro sistema de control remoto, tiene control total sobre la velocidad, la direcci\u00f3n y la altura de corte, lo que le permite lograr resultados de calidad profesional con el m\u00ednimo esfuerzo.<\/p><p>Pero las ventajas no terminan ah\u00ed. Al incorporar orugas en nuestro dise\u00f1o, hemos eliminado las limitaciones de los cortac\u00e9spedes tradicionales con ruedas. Tanto si se enfrenta a <a href=\"https:\/\/www.robotlawnsmower.com\/es\/como-cortar-el-cesped-en-pendientes-pronunciadas\/\" title=\"C\u00f3mo cortar el c\u00e9sped en pendientes pronunciadas\" target=\"_blank\" rel=\"noopener\"  data-wpil-monitor-id=\"14\">pendientes pronunciadas<\/a>, hierba h\u00fameda o terreno irregular, nuestra cortadora ofrece una estabilidad y tracci\u00f3n inigualables, lo que garantiza un corte suave y uniforme en cualquier condici\u00f3n.<\/p><p>Desp\u00eddase de las molestias del corte manual y d\u00e9 la bienvenida a la comodidad de la tecnolog\u00eda de control remoto. Con nuestro cortac\u00e9sped de giro cero sobre orugas, <a href=\"https:\/\/www.robotlawnsmower.com\/es\/cortadora-de-cesped-rc-mejor-calificada-para-un-cuidado-eficiente-del-cesped-y-control-de-malezas\/\" title=\"Cortadora de c\u00e9sped RC mejor calificada para un cuidado eficiente del c\u00e9sped y control de malezas\" target=\"_blank\" rel=\"noopener\"  data-wpil-monitor-id=\"13\">El cuidado del c\u00e9sped nunca ha sido tan f\u00e1cil ni tan eficiente.<\/a>. Dedique menos tiempo al trabajo y m\u00e1s tiempo a disfrutar de su espacio exterior, al tiempo que consigue un c\u00e9sped perfectamente cuidado que ser\u00e1 la envidia de su vecindario.<\/p><p>Experimente hoy mismo el futuro del cuidado del c\u00e9sped con nuestro <a class=\"wpil_keyword_link\" title=\"Cortadora de c\u00e9sped con control remoto y giro cero sobre orugas\" href=\"https:\/\/www.robotlawnsmower.com\/es\/product\/remote-control-zero-turn-mower-on-tracks-1000mm-20hp\/\" target=\"_blank\" rel=\"noopener\" data-wpil-keyword-link=\"linked\" data-wpil-monitor-id=\"10\">Cortac\u00e9sped de doble cuchilla con control remoto y giro cero sobre orugas<\/a>. Es hora de revolucionar la forma en que corta el c\u00e9sped.<\/p>\t\t\t\t\t\t\t\t<\/div>\n\t\t\t\t<\/div>\n\t\t\t\t<div class=\"elementor-element elementor-element-91c747f elementor-widget elementor-widget-video\" data-id=\"91c747f\" data-element_type=\"widget\" data-e-type=\"widget\" data-settings=\"{&quot;youtube_url&quot;:&quot;https:\\\/\\\/youtu.be\\\/swKe5rc86To&quot;,&quot;video_type&quot;:&quot;youtube&quot;,&quot;controls&quot;:&quot;yes&quot;}\" data-widget_type=\"video.default\">\n\t\t\t\t<div class=\"elementor-widget-container\">\n\t\t\t\t\t\t\t<div class=\"elementor-wrapper elementor-open-inline\">\n\t\t\t<div class=\"elementor-video\"><\/div>\t\t<\/div>\n\t\t\t\t\t\t<\/div>\n\t\t\t\t<\/div>\n\t\t\t\t<div class=\"elementor-element elementor-element-0345354 elementor-widget elementor-widget-text-editor\" data-id=\"0345354\" data-element_type=\"widget\" data-e-type=\"widget\" data-widget_type=\"text-editor.default\">\n\t\t\t\t<div class=\"elementor-widget-container\">\n\t\t\t\t\t\t\t\t\t<h2>&nbsp;&nbsp; R1100 Control remoto comercial Cortac\u00e9sped comercial de giro cero de doble cuchilla sobre orugas Par\u00e1metros<\/h2>\n<ul>\n<li>M\u00e9todo de arranque: El\u00e9ctrico<\/li>\n<li>Marca del motor: Loncin, cuatro tiempos, eje vertical.<\/li>\n<li>Potencia nominal: 20 CV, 25 CV, 27 CV<\/li>\n<li>Ancho de corte: 1100 mm<\/li>\n<li>Altura de corte: 20-180 mm<\/li>\n<li>Ajuste de altura de la hoja: 10-180 mm<\/li>\n<li>Velocidad al caminar: 0-4,7 km\/h<\/li>\n<li>Pendiente m\u00e1xima de trabajo: 45\u00b0<\/li>\n<li>M\u00e9todo de carga: Sistema de carga autom\u00e1tica<\/li>\n<li>M\u00e9todo de operaci\u00f3n: Control remoto para caminar, control remoto<\/li>\n<li>Modo de andar: Veh\u00edculo autopropulsado con orugas el\u00e9ctricas<\/li>\n<li>N.W\/G.W: 300 kg\/370 kg<\/li>\n<li>Dimensiones: 1220*1400*620mm<\/li>\n<li>Tama\u00f1o del paquete: 1270*1450*760 mm<\/li>\n<\/ul>\n<div data-id=\"2d1aae3\" data-element_type=\"widget\" data-widget_type=\"text-editor.default\">\n<div>\n<p><strong>Nuestro <a href=\"https:\/\/www.robotlawnsmower.com\/es\/el-revolucionario-ascenso-de-las-cortadoras-de-cesped-de-radio-de-giro-cero-con-control-remoto-sobre-orugas\/\" target=\"_blank\">Cortac\u00e9sped de giro cero con doble cuchilla y control remoto sobre orugas<\/a> Cuentan con la certificaci\u00f3n CE y est\u00e1n equipados con motores de gasolina que cumplen con las normas de emisiones Euro V para veh\u00edculos no de carretera y EPA.<\/strong><\/p>\n<\/div>\n<\/div>\n<div data-id=\"2362afc\" data-element_type=\"widget\" data-widget_type=\"heading.default\">\n<div>\n<h2>R1100 Cortac\u00e9sped comercial con control remoto y giro cero sobre orugas, \u00bfqu\u00e9 superficie puede cortar en una hora?<\/h2>\n<\/div>\n<\/div>\n<div data-id=\"459e826\" data-element_type=\"widget\" data-widget_type=\"text-editor.default\">\n<div>\n<p>Serie R1100 <a class=\"wpil_keyword_link\" title=\"Cortadora de c\u00e9sped con control remoto y orugas\" href=\"https:\/\/www.robotlawnsmower.com\/es\/product\/cortadora-de-cesped-con-control-remoto-de-orugas-de-550-mm-y-90-cv\/\" target=\"_blank\" rel=\"noopener\" data-wpil-keyword-link=\"linked\" data-wpil-monitor-id=\"9\">Cortadora de c\u00e9sped con control remoto y orugas<\/a> Corta 0,71 acres (2860 metros cuadrados) en una hora.<\/p>\n<\/div>\n<\/div>\t\t\t\t\t\t\t\t<\/div>\n\t\t\t\t<\/div>\n\t\t\t\t\t<\/div>\n\t\t<\/div>\n\t\t\t\t\t<\/div>\n\t\t<\/section>\n\t\t\t\t<\/div>\n\t\t<style>\r\n.lwrp.link-whisper-related-posts{\r\n            \r\n            margin-bottom: 0px;\nmargin-left: 0px;\r\n        }\r\n        .lwrp .lwrp-title{\r\n            \r\n            \r\n        }.lwrp .lwrp-description{\r\n            \r\n            \r\n\r\n        }\r\n        .lwrp .lwrp-list-container{\r\n        }\r\n        .lwrp .lwrp-list-multi-container{\r\n            display: flex;\r\n        }\r\n        .lwrp .lwrp-list-double{\r\n            width: 48%;\r\n        }\r\n        .lwrp .lwrp-list-triple{\r\n            width: 32%;\r\n        }\r\n        .lwrp .lwrp-list-row-container{\r\n            display: flex;\r\n            justify-content: space-between;\r\n        }\r\n        .lwrp .lwrp-list-row-container .lwrp-list-item{\r\n            width: calc(50% - 20px);\r\n        }\r\n        .lwrp .lwrp-list-item:not(.lwrp-no-posts-message-item){\r\n            \r\n            margin-top: 0px;\nmargin-right: 0px;\nmargin-bottom: 0px;\nmargin-left: 0px;\r\n        }\r\n        .lwrp .lwrp-list-item img{\r\n            max-width: 100%;\r\n            height: auto;\r\n            object-fit: cover;\r\n            aspect-ratio: 1 \/ 1;\r\n        }\r\n        .lwrp .lwrp-list-item.lwrp-empty-list-item{\r\n            background: initial !important;\r\n        }\r\n        .lwrp .lwrp-list-item .lwrp-list-link .lwrp-list-link-title-text,\r\n        .lwrp .lwrp-list-item .lwrp-list-no-posts-message{\r\n            \r\n            \r\n            \r\n            \r\n        }@media screen and (max-width: 480px) {\r\n            .lwrp.link-whisper-related-posts{\r\n                \r\n                margin-bottom: 0px;\nmargin-left: 0px;\r\n            }\r\n            .lwrp .lwrp-title{\r\n                \r\n                \r\n            }.lwrp .lwrp-description{\r\n                \r\n                \r\n            }\r\n            .lwrp .lwrp-list-multi-container{\r\n                flex-direction: column;\r\n            }\r\n            .lwrp .lwrp-list-multi-container ul.lwrp-list{\r\n                margin-top: 0px;\r\n                margin-bottom: 0px;\r\n                padding-top: 0px;\r\n                padding-bottom: 0px;\r\n            }\r\n            .lwrp .lwrp-list-double,\r\n            .lwrp .lwrp-list-triple{\r\n                width: 100%;\r\n            }\r\n            .lwrp .lwrp-list-row-container{\r\n                justify-content: initial;\r\n                flex-direction: column;\r\n            }\r\n            .lwrp .lwrp-list-row-container .lwrp-list-item{\r\n                width: 100%;\r\n            }\r\n            .lwrp .lwrp-list-item:not(.lwrp-no-posts-message-item){\r\n                \r\n                margin-top: 0px;\nmargin-right: 0px;\nmargin-bottom: 0px;\nmargin-left: 0px;\r\n            }\r\n            .lwrp .lwrp-list-item .lwrp-list-link .lwrp-list-link-title-text,\r\n            .lwrp .lwrp-list-item .lwrp-list-no-posts-message{\r\n                \r\n                \r\n                \r\n                \r\n            };\r\n        }<\/style>\r\n<div id=\"link-whisper-related-posts-widget\" class=\"link-whisper-related-posts lwrp\">\r\n            <h4 class=\"lwrp-title\">Publicaciones relacionadas<\/h4>    \r\n        <div class=\"lwrp-list-container\">\r\n                                            <div class=\"lwrp-list-multi-container\">\r\n                    <ul class=\"lwrp-list lwrp-list-double lwrp-list-left\">\r\n                        <li class=\"lwrp-list-item\"><a href=\"https:\/\/www.robotlawnsmower.com\/es\/cortadora-de-cesped-con-control-remoto-y-traccion-en-las-4-ruedas-cortadora-de-cesped-con-control-remoto-y-traccion-en-las-4-ruedas\/\" class=\"lwrp-list-link\"><span class=\"lwrp-list-link-title-text\">Cortadora de c\u00e9sped con control remoto con tracci\u00f3n en las 4 ruedas, cortadora de c\u00e9sped RC con tracci\u00f3n en las 4 ruedas<\/span><\/a><\/li><li class=\"lwrp-list-item\"><a href=\"https:\/\/www.robotlawnsmower.com\/es\/que-es-una-cortadora-de-cesped-con-control-remoto\/\" class=\"lwrp-list-link\"><span class=\"lwrp-list-link-title-text\">\u00bfQu\u00e9 es un cortac\u00e9sped con control remoto?<\/span><\/a><\/li>                    <\/ul>\r\n                    <ul class=\"lwrp-list lwrp-list-double lwrp-list-right\">\r\n                        <li class=\"lwrp-list-item\"><a href=\"https:\/\/www.robotlawnsmower.com\/es\/conocimiento-de-noticias\/\" class=\"lwrp-list-link\"><span class=\"lwrp-list-link-title-text\">Blog<\/span><\/a><\/li><li class=\"lwrp-list-item\"><a href=\"https:\/\/www.robotlawnsmower.com\/es\/ofrecemos-cortadoras-de-cesped-con-control-remoto-oem\/\" class=\"lwrp-list-link\"><span class=\"lwrp-list-link-title-text\">Ofrecemos cortadoras de c\u00e9sped con control remoto OEM<\/span><\/a><\/li>                    <\/ul>\r\n                <\/div>\r\n                        <\/div>\r\n<\/div>","protected":false},"excerpt":{"rendered":"<p>Revolucione el cuidado del c\u00e9sped con nuestra mejor cortadora de c\u00e9sped comercial de radio de giro cero sobre orugas. Maneje sin esfuerzo en espacios reducidos y terrenos irregulares para obtener resultados profesionales.<br \/>\nCortac\u00e9sped de giro cero con control remoto y doble cuchilla. El dise\u00f1o con transmisi\u00f3n por correa prolonga eficazmente la vida \u00fatil del motor y reduce los gastos de funcionamiento.<\/p>","protected":false},"featured_media":3205,"comment_status":"open","ping_status":"closed","template":"","meta":{"site-sidebar-layout":"no-sidebar","site-content-layout":"","ast-site-content-layout":"full-width-container","site-content-style":"default","site-sidebar-style":"default","ast-global-header-display":"","ast-banner-title-visibility":"","ast-main-header-display":"","ast-hfb-above-header-display":"","ast-hfb-below-header-display":"","ast-hfb-mobile-header-display":"","site-post-title":"disabled","ast-breadcrumbs-content":"","ast-featured-img":"","footer-sml-layout":"","ast-disable-related-posts":"","theme-transparent-header-meta":"default","adv-header-id-meta":"","stick-header-meta":"default","header-above-stick-meta":"","header-main-stick-meta":"","header-below-stick-meta":"","astra-migrate-meta-layouts":"set","ast-page-background-enabled":"default","ast-page-background-meta":{"desktop":{"background-color":"var(--ast-global-color-4)","background-image":"","background-repeat":"repeat","background-position":"center center","background-size":"auto","background-attachment":"scroll","background-type":"","background-media":"","overlay-type":"","overlay-color":"","overlay-opacity":"","overlay-gradient":""},"tablet":{"background-color":"","background-image":"","background-repeat":"repeat","background-position":"center center","background-size":"auto","background-attachment":"scroll","background-type":"","background-media":"","overlay-type":"","overlay-color":"","overlay-opacity":"","overlay-gradient":""},"mobile":{"background-color":"","background-image":"","background-repeat":"repeat","background-position":"center center","background-size":"auto","background-attachment":"scroll","background-type":"","background-media":"","overlay-type":"","overlay-color":"","overlay-opacity":"","overlay-gradient":""}},"ast-content-background-meta":{"desktop":{"background-color":"var(--ast-global-color-5)","background-image":"","background-repeat":"repeat","background-position":"center center","background-size":"auto","background-attachment":"scroll","background-type":"","background-media":"","overlay-type":"","overlay-color":"","overlay-opacity":"","overlay-gradient":""},"tablet":{"background-color":"var(--ast-global-color-5)","background-image":"","background-repeat":"repeat","background-position":"center center","background-size":"auto","background-attachment":"scroll","background-type":"","background-media":"","overlay-type":"","overlay-color":"","overlay-opacity":"","overlay-gradient":""},"mobile":{"background-color":"var(--ast-global-color-5)","background-image":"","background-repeat":"repeat","background-position":"center center","background-size":"auto","background-attachment":"scroll","background-type":"","background-media":"","overlay-type":"","overlay-color":"","overlay-opacity":"","overlay-gradient":""}}},"product_brand":[],"product_cat":[96],"product_tag":[339,173,156,159,174,252,166,54,55,181,103,253,172,247,140,101,262,263,264,160,238,167,266,267,63,268,269,105,270,102,147,117,271,272,106,149,175,239,236,273,107,148,274,150,275,108,177,155,276,168,109,112,110,114],"class_list":{"0":"post-3189","1":"product","2":"type-product","3":"status-publish","4":"has-post-thumbnail","6":"product_cat-remote-mower-with-tracks-45-slope","7":"product_tag-best-commercial-zero-turn-mower","8":"product_tag-best-remote-control-lawn-mower","9":"product_tag-commercial-remote-control-lawn-mower","10":"product_tag-remote-control-lawn-mower-commercial","11":"product_tag-remote-control-mower-with-tracks","12":"product_tag-remote-control-riding-lawn-mower","13":"product_tag-remote-control-robot-lawn-mower","14":"product_tag-remote-control-track-lawn-mower","15":"product_tag-remote-control-track-mower","16":"product_tag-remote-control-tracked-lawn-mower","17":"product_tag-remote-control-tracked-mower","18":"product_tag-remote-control-tractor-lawn-mower","19":"product_tag-remote-control-zero-turn-lawn-mower","20":"product_tag-remote-controll-lawn-mower","21":"product_tag-remote-controlled-lawn-mower","22":"product_tag-remote-lawn-mower-with-tracks","23":"product_tag-remote-mower-on-tracks","24":"product_tag-remote-track-mower","25":"product_tag-robot-lawn-mower-on-tracks","26":"product_tag-robot-remote-control-lawn-mower","27":"product_tag-robot-tracked-lawn-mower","28":"product_tag-robotic-remote-control-lawn-mower","29":"product_tag-track-drive-zero-turn-mower","30":"product_tag-track-driven-lawn-mowe","31":"product_tag-track-lawn-mower","32":"product_tag-track-lawn-mower-for-sale","33":"product_tag-track-loader-mower","34":"product_tag-track-mower","35":"product_tag-track-mower-for-sale","36":"product_tag-track-remote-control-mower","37":"product_tag-track-zero-turn-mower","38":"product_tag-track-zero-turn-mower-tracker-lawn-mower-tracked-mower-tracks-for-lawn-mower-mower-with-tracks","39":"product_tag-tracked-brush-mower","40":"product_tag-tracked-flail-mower","41":"product_tag-tracked-lawn-mower","42":"product_tag-tracked-mower","43":"product_tag-tracked-remote-control-lawn-mower","44":"product_tag-tracked-robot-mower","45":"product_tag-tracked-slope-mower","46":"product_tag-tracked-zero-turn-lawn-mower","47":"product_tag-tracked-zero-turn-mower","48":"product_tag-tracker-lawn-mower","49":"product_tag-tracks-for-a-zero-turn-mower","50":"product_tag-tracks-for-lawn-mower","51":"product_tag-tracks-for-mower","52":"product_tag-tracks-for-zero-turn-mower","53":"product_tag-tracks-on-zero-turn-mower","54":"product_tag-wireless-remote-control-lawn-mower","55":"product_tag-zero-turn-lawn-mower-tracks","56":"product_tag-zero-turn-lawn-mower-with-tracks","57":"product_tag-zero-turn-mower-on-tracks","58":"product_tag-zero-turn-mower-tracks","59":"product_tag-zero-turn-mower-with-tracks","60":"product_tag-zero-turn-track-mower","61":"desktop-align-left","62":"tablet-align-left","63":"mobile-align-left","64":"ast-product-gallery-layout-horizontal-slider","65":"ast-product-single-variable","66":"ast-product-tabs-layout-horizontal","68":"first","69":"instock","70":"sale","71":"shipping-taxable","72":"purchasable","73":"product-type-variable","74":"has-default-attributes","75":"wvs-archive-product-wrapper"},"jetpack_sharing_enabled":true,"_links":{"self":[{"href":"https:\/\/www.robotlawnsmower.com\/es\/wp-json\/wp\/v2\/product\/3189","targetHints":{"allow":["GET"]}}],"collection":[{"href":"https:\/\/www.robotlawnsmower.com\/es\/wp-json\/wp\/v2\/product"}],"about":[{"href":"https:\/\/www.robotlawnsmower.com\/es\/wp-json\/wp\/v2\/types\/product"}],"replies":[{"embeddable":true,"href":"https:\/\/www.robotlawnsmower.com\/es\/wp-json\/wp\/v2\/comments?post=3189"}],"version-history":[{"count":12,"href":"https:\/\/www.robotlawnsmower.com\/es\/wp-json\/wp\/v2\/product\/3189\/revisions"}],"predecessor-version":[{"id":3218,"href":"https:\/\/www.robotlawnsmower.com\/es\/wp-json\/wp\/v2\/product\/3189\/revisions\/3218"}],"wp:featuredmedia":[{"embeddable":true,"href":"https:\/\/www.robotlawnsmower.com\/es\/wp-json\/wp\/v2\/media\/3205"}],"wp:attachment":[{"href":"https:\/\/www.robotlawnsmower.com\/es\/wp-json\/wp\/v2\/media?parent=3189"}],"wp:term":[{"taxonomy":"product_brand","embeddable":true,"href":"https:\/\/www.robotlawnsmower.com\/es\/wp-json\/wp\/v2\/product_brand?post=3189"},{"taxonomy":"product_cat","embeddable":true,"href":"https:\/\/www.robotlawnsmower.com\/es\/wp-json\/wp\/v2\/product_cat?post=3189"},{"taxonomy":"product_tag","embeddable":true,"href":"https:\/\/www.robotlawnsmower.com\/es\/wp-json\/wp\/v2\/product_tag?post=3189"}],"curies":[{"name":"wp","href":"https:\/\/api.w.org\/{rel}","templated":true}]}}