{"id":719,"date":"2024-02-02T07:53:28","date_gmt":"2024-02-02T07:53:28","guid":{"rendered":"https:\/\/www.robotlawnsmower.com\/?page_id=719"},"modified":"2024-05-11T02:27:55","modified_gmt":"2024-05-11T02:27:55","slug":"garantia","status":"publish","type":"page","link":"https:\/\/www.robotlawnsmower.com\/es\/warranty\/","title":{"rendered":"Garant\u00eda"},"content":{"rendered":"<div data-elementor-type=\"wp-page\" data-elementor-id=\"719\" class=\"elementor elementor-719\" data-elementor-post-type=\"page\">\n\t\t\t\t\t\t<section class=\"elementor-section elementor-top-section elementor-element elementor-element-c940fc8 elementor-section-boxed elementor-section-height-default elementor-section-height-default\" data-id=\"c940fc8\" data-element_type=\"section\" data-e-type=\"section\">\n\t\t\t\t\t\t<div class=\"elementor-container elementor-column-gap-default\">\n\t\t\t\t\t<div class=\"elementor-column elementor-col-100 elementor-top-column elementor-element elementor-element-5d954d2\" data-id=\"5d954d2\" data-element_type=\"column\" data-e-type=\"column\">\n\t\t\t<div class=\"elementor-widget-wrap elementor-element-populated\">\n\t\t\t\t\t\t<div class=\"elementor-element elementor-element-0046606 elementor-widget elementor-widget-heading\" data-id=\"0046606\" data-element_type=\"widget\" data-e-type=\"widget\" data-widget_type=\"heading.default\">\n\t\t\t\t<div class=\"elementor-widget-container\">\n\t\t\t\t\t<h1 class=\"elementor-heading-title elementor-size-default\">POL\u00cdTICA DE GARANT\u00cdA Robot cortac\u00e9sped<\/h1>\t\t\t\t<\/div>\n\t\t\t\t<\/div>\n\t\t\t\t<div class=\"elementor-element elementor-element-b2632b8 elementor-widget elementor-widget-text-editor\" data-id=\"b2632b8\" data-element_type=\"widget\" data-e-type=\"widget\" data-widget_type=\"text-editor.default\">\n\t\t\t\t<div class=\"elementor-widget-container\">\n\t\t\t\t\t\t\t\t\t<div class=\"entry-content clear\"><div class=\"elementor elementor-23022\" data-elementor-type=\"wp-page\" data-elementor-id=\"23022\" data-elementor-post-type=\"page\"><section class=\"elementor-section elementor-top-section elementor-element elementor-element-a06907a elementor-section-boxed elementor-section-height-default elementor-section-height-default\" data-id=\"a06907a\" data-element_type=\"section\"><div class=\"elementor-container elementor-column-gap-default\"><div class=\"elementor-column elementor-col-100 elementor-top-column elementor-element elementor-element-a58d244\" data-id=\"a58d244\" data-element_type=\"column\"><div class=\"elementor-widget-wrap elementor-element-populated\"><div class=\"elementor-element elementor-element-d882063 elementor-widget elementor-widget-heading\" data-id=\"d882063\" data-element_type=\"widget\" data-widget_type=\"heading.default\"><div class=\"elementor-widget-container\"><h2 class=\"elementor-heading-title elementor-size-default\">Periodo de garant\u00eda<\/h2><\/div><\/div><div class=\"elementor-element elementor-element-a0466a4 elementor-widget elementor-widget-text-editor\" data-id=\"a0466a4\" data-element_type=\"widget\" data-widget_type=\"text-editor.default\"><div class=\"elementor-widget-container\"><p>1 a\u00f1o o 200 horas de uso del producto, lo que ocurra primero. Cualquier consumidor original que compre un <a href=\"https:\/\/www.robotlawnsmower.com\/es\/como-elegir-un-cortacesped-con-control-remoto-de-doble-potencia\/\" target=\"_blank\" rel=\"noopener\" >cortadora de c\u00e9sped con control remoto<\/a> En este sitio web disfrutar\u00e1 del periodo de garant\u00eda de calidad del equipo, a partir de la fecha de compra.<\/p><\/div><\/div><div class=\"elementor-element elementor-element-d2008c0 elementor-widget elementor-widget-heading\" data-id=\"d2008c0\" data-element_type=\"widget\" data-widget_type=\"heading.default\"><div class=\"elementor-widget-container\"><h2 class=\"elementor-heading-title elementor-size-default\">Soluci\u00f3n de garant\u00eda<\/h2><\/div><\/div><div class=\"elementor-element elementor-element-eefa745 elementor-widget elementor-widget-text-editor\" data-id=\"eefa745\" data-element_type=\"widget\" data-widget_type=\"text-editor.default\"><div class=\"elementor-widget-container\"><p>Si el producto presenta defectos de material o mano de obra durante el per\u00edodo de garant\u00eda, el fabricante o su distribuidor autorizado reparar\u00e1 o reemplazar\u00e1 la pieza afectada sin cargo o reembolsar\u00e1 el precio de compra pagado por el comprador.<\/p><p>La soluci\u00f3n ofrecida (reparaci\u00f3n, reemplazo o reembolso) queda a criterio exclusivo del fabricante. Pueden aplicarse ciertas condiciones, limitaciones y exclusiones.<\/p><p>Si se necesitan algunos accesorios <a href=\"https:\/\/www.robotlawnsmower.com\/es\/envio\/\" target=\"_blank\" rel=\"noopener\" >env\u00edo<\/a> Costo, el comprador solo necesita pagar el costo de env\u00edo y obtener los accesorios de las piezas de forma gratuita.<\/p><\/div><\/div><div class=\"elementor-element elementor-element-680792e elementor-widget elementor-widget-heading\" data-id=\"680792e\" data-element_type=\"widget\" data-widget_type=\"heading.default\"><div class=\"elementor-widget-container\"><h2 class=\"elementor-heading-title elementor-size-default\">Exclusiones de garant\u00eda.<\/h2><\/div><\/div><div class=\"elementor-element elementor-element-6646b29 elementor-widget elementor-widget-text-editor\" data-id=\"6646b29\" data-element_type=\"widget\" data-widget_type=\"text-editor.default\"><div class=\"elementor-widget-container\"><ul><li>Utilizando piezas de repuesto que no sean del fabricante original, si \u00e9stas provocan un desgaste prematuro o da\u00f1os al producto, la garant\u00eda quedar\u00e1 anulada.<\/li><li>Da\u00f1os causados por la instalaci\u00f3n o uso de cualquier pieza, accesorio o complemento no aprobado por el fabricante para su uso con el producto.<\/li><li>Da\u00f1os causados por mal uso, abuso, alteraci\u00f3n, montaje inadecuado, ajuste inadecuado, negligencia o accidente.<\/li><li>Desgaste peri\u00f3dico, incluidas piezas de desgaste como correas, neum\u00e1ticos y cuchillas. Defectos de material y fabricaci\u00f3n, pero no desgaste natural.<\/li><li>Da\u00f1os causados por no utilizar combustible nuevo o por no almacenar adecuadamente el producto cuando no est\u00e1 en uso.<\/li><li>Da\u00f1os causados por el uso de mezclas de gasolina que contengan m\u00e1s de 10% de etanol.<\/li><\/ul><\/div><\/div><div class=\"elementor-element elementor-element-0d66ea0 elementor-widget elementor-widget-text-editor\" data-id=\"0d66ea0\" data-element_type=\"widget\" data-widget_type=\"text-editor.default\"><div class=\"elementor-widget-container\"><p>D\u00e9jame saber si tienes alguna otra pregunta o inquietud sobre la garant\u00eda.<\/p><\/div><\/div><div class=\"elementor-element elementor-element-e7136d3 elementor-widget elementor-widget-heading\" data-id=\"e7136d3\" data-element_type=\"widget\" data-widget_type=\"heading.default\"><div class=\"elementor-widget-container\"><h2 class=\"elementor-heading-title elementor-size-default\">Reclamaciones de garant\u00eda.<\/h2><\/div><\/div><div class=\"elementor-element elementor-element-7c47f56 elementor-widget elementor-widget-text-editor\" data-id=\"7c47f56\" data-element_type=\"widget\" data-widget_type=\"text-editor.default\"><div class=\"elementor-widget-container\"><p>Para realizar un reclamo de garant\u00eda, los compradores deben: <a href=\"https:\/\/www.robotlawnsmower.com\/es\/contacto\/\" target=\"_blank\" rel=\"noopener\" >contacto<\/a> El distribuidor autorizado del fabricante (para encontrar un distribuidor autorizado, visite nuestro sitio web en https:\/\/www.robotlawnsmower.com). El servicio de garant\u00eda debe ser realizado por un representante autorizado del fabricante. Adem\u00e1s, el comprador es responsable de transportar el producto hacia y desde el lugar de servicio de garant\u00eda por su cuenta y riesgo.<\/p><\/div><\/div><\/div><\/div><\/div><\/section><\/div><\/div>\t\t\t\t\t\t\t\t<\/div>\n\t\t\t\t<\/div>\n\t\t\t\t\t<\/div>\n\t\t<\/div>\n\t\t\t\t\t<\/div>\n\t\t<\/section>\n\t\t\t\t<\/div>\n\t\t<style>\r\n.lwrp.link-whisper-related-posts{\r\n            \r\n            margin-bottom: 0px;\nmargin-left: 0px;\r\n        }\r\n        .lwrp .lwrp-title{\r\n            \r\n            \r\n        }.lwrp .lwrp-description{\r\n            \r\n            \r\n\r\n        }\r\n        .lwrp .lwrp-list-container{\r\n        }\r\n        .lwrp .lwrp-list-multi-container{\r\n            display: flex;\r\n        }\r\n        .lwrp .lwrp-list-double{\r\n            width: 48%;\r\n        }\r\n        .lwrp .lwrp-list-triple{\r\n            width: 32%;\r\n        }\r\n        .lwrp .lwrp-list-row-container{\r\n            display: flex;\r\n            justify-content: space-between;\r\n        }\r\n        .lwrp .lwrp-list-row-container .lwrp-list-item{\r\n            width: calc(50% - 20px);\r\n        }\r\n        .lwrp .lwrp-list-item:not(.lwrp-no-posts-message-item){\r\n            \r\n            margin-top: 0px;\nmargin-right: 0px;\nmargin-bottom: 0px;\nmargin-left: 0px;\r\n        }\r\n        .lwrp .lwrp-list-item img{\r\n            max-width: 100%;\r\n            height: auto;\r\n            object-fit: cover;\r\n            aspect-ratio: 1 \/ 1;\r\n        }\r\n        .lwrp .lwrp-list-item.lwrp-empty-list-item{\r\n            background: initial !important;\r\n        }\r\n        .lwrp .lwrp-list-item .lwrp-list-link .lwrp-list-link-title-text,\r\n        .lwrp .lwrp-list-item .lwrp-list-no-posts-message{\r\n            \r\n            \r\n            \r\n            \r\n        }@media screen and (max-width: 480px) {\r\n            .lwrp.link-whisper-related-posts{\r\n                \r\n                margin-bottom: 0px;\nmargin-left: 0px;\r\n            }\r\n            .lwrp .lwrp-title{\r\n                \r\n                \r\n            }.lwrp .lwrp-description{\r\n                \r\n                \r\n            }\r\n            .lwrp .lwrp-list-multi-container{\r\n                flex-direction: column;\r\n            }\r\n            .lwrp .lwrp-list-multi-container ul.lwrp-list{\r\n                margin-top: 0px;\r\n                margin-bottom: 0px;\r\n                padding-top: 0px;\r\n                padding-bottom: 0px;\r\n            }\r\n            .lwrp .lwrp-list-double,\r\n            .lwrp .lwrp-list-triple{\r\n                width: 100%;\r\n            }\r\n            .lwrp .lwrp-list-row-container{\r\n                justify-content: initial;\r\n                flex-direction: column;\r\n            }\r\n            .lwrp .lwrp-list-row-container .lwrp-list-item{\r\n                width: 100%;\r\n            }\r\n            .lwrp .lwrp-list-item:not(.lwrp-no-posts-message-item){\r\n                \r\n                margin-top: 0px;\nmargin-right: 0px;\nmargin-bottom: 0px;\nmargin-left: 0px;\r\n            }\r\n            .lwrp .lwrp-list-item .lwrp-list-link .lwrp-list-link-title-text,\r\n            .lwrp .lwrp-list-item .lwrp-list-no-posts-message{\r\n                \r\n                \r\n                \r\n                \r\n            };\r\n        }<\/style>\r\n<div id=\"link-whisper-related-posts-widget\" class=\"link-whisper-related-posts lwrp\">\r\n            <h4 class=\"lwrp-title\">Publicaciones relacionadas<\/h4>    \r\n        <div class=\"lwrp-list-container\">\r\n                                            <div class=\"lwrp-list-multi-container\">\r\n                    <ul class=\"lwrp-list lwrp-list-double lwrp-list-left\">\r\n                        <li class=\"lwrp-list-item\"><a href=\"https:\/\/www.robotlawnsmower.com\/es\/la-cortadora-de-cesped-con-control-remoto-se-enviara-a-australia\/\" class=\"lwrp-list-link\"><span class=\"lwrp-list-link-title-text\">La cortadora de c\u00e9sped con control remoto se enviar\u00e1 a Australia.<\/span><\/a><\/li><li class=\"lwrp-list-item\"><a href=\"https:\/\/www.robotlawnsmower.com\/es\/dominando-las-pendientes-pronunciadas-la-revolucion-de-las-cortadoras-de-cesped-controladas-a-distancia-para-terrenos-desafiantes\/\" class=\"lwrp-list-link\"><span class=\"lwrp-list-link-title-text\">Dominando las pendientes: la revoluci\u00f3n de las cortadoras de c\u00e9sped controladas a distancia para terrenos desafiantes<\/span><\/a><\/li>                    <\/ul>\r\n                    <ul class=\"lwrp-list lwrp-list-double lwrp-list-right\">\r\n                        <li class=\"lwrp-list-item\"><a href=\"https:\/\/www.robotlawnsmower.com\/es\/las-nuevas-cortadoras-de-cesped-con-control-remoto-y-orugas-revolucionan-el-cuidado-del-cesped\/\" class=\"lwrp-list-link\"><span class=\"lwrp-list-link-title-text\">Las nuevas cortadoras de c\u00e9sped con control remoto y orugas revolucionan el cuidado del c\u00e9sped<\/span><\/a><\/li><li class=\"lwrp-list-item\"><a href=\"https:\/\/www.robotlawnsmower.com\/es\/como-corta-el-cesped-un-cortacesped-de-24-v-con-control-remoto\/\" class=\"lwrp-list-link\"><span class=\"lwrp-list-link-title-text\">\u00bfC\u00f3mo corta el c\u00e9sped un cortac\u00e9sped de 24 V controlado a distancia?<\/span><\/a><\/li>                    <\/ul>\r\n                <\/div>\r\n                        <\/div>\r\n<\/div>","protected":false},"excerpt":{"rendered":"<p>Robotlawnsmower WARRANTY POLICY Warranty Period 1 years or 200 hours of Product use, whichever occurs first.\u00a0 Any original consumer who purchases a remote control lawn mower on this website will enjoy the quality guarantee period of the equipment, starting from the date of purchase Warranty Remedy If the product becomes defective in material and workmanship [&hellip;]<\/p>\n","protected":false},"author":1,"featured_media":0,"parent":0,"menu_order":0,"comment_status":"closed","ping_status":"closed","template":"","meta":{"site-sidebar-layout":"no-sidebar","site-content-layout":"","ast-site-content-layout":"full-width-container","site-content-style":"default","site-sidebar-style":"default","ast-global-header-display":"","ast-banner-title-visibility":"","ast-main-header-display":"","ast-hfb-above-header-display":"","ast-hfb-below-header-display":"","ast-hfb-mobile-header-display":"","site-post-title":"disabled","ast-breadcrumbs-content":"","ast-featured-img":"disabled","footer-sml-layout":"","ast-disable-related-posts":"","theme-transparent-header-meta":"default","adv-header-id-meta":"","stick-header-meta":"default","header-above-stick-meta":"","header-main-stick-meta":"","header-below-stick-meta":"","astra-migrate-meta-layouts":"set","ast-page-background-enabled":"default","ast-page-background-meta":{"desktop":{"background-color":"var(--ast-global-color-4)","background-image":"","background-repeat":"repeat","background-position":"center center","background-size":"auto","background-attachment":"scroll","background-type":"","background-media":"","overlay-type":"","overlay-color":"","overlay-opacity":"","overlay-gradient":""},"tablet":{"background-color":"","background-image":"","background-repeat":"repeat","background-position":"center center","background-size":"auto","background-attachment":"scroll","background-type":"","background-media":"","overlay-type":"","overlay-color":"","overlay-opacity":"","overlay-gradient":""},"mobile":{"background-color":"","background-image":"","background-repeat":"repeat","background-position":"center center","background-size":"auto","background-attachment":"scroll","background-type":"","background-media":"","overlay-type":"","overlay-color":"","overlay-opacity":"","overlay-gradient":""}},"ast-content-background-meta":{"desktop":{"background-color":"var(--ast-global-color-5)","background-image":"","background-repeat":"repeat","background-position":"center center","background-size":"auto","background-attachment":"scroll","background-type":"","background-media":"","overlay-type":"","overlay-color":"","overlay-opacity":"","overlay-gradient":""},"tablet":{"background-color":"var(--ast-global-color-5)","background-image":"","background-repeat":"repeat","background-position":"center center","background-size":"auto","background-attachment":"scroll","background-type":"","background-media":"","overlay-type":"","overlay-color":"","overlay-opacity":"","overlay-gradient":""},"mobile":{"background-color":"var(--ast-global-color-5)","background-image":"","background-repeat":"repeat","background-position":"center center","background-size":"auto","background-attachment":"scroll","background-type":"","background-media":"","overlay-type":"","overlay-color":"","overlay-opacity":"","overlay-gradient":""}},"footnotes":""},"class_list":["post-719","page","type-page","status-publish","hentry"],"yoast_head":"<!-- This site is optimized with the Yoast SEO Premium plugin v26.7 (Yoast SEO v27.4) - https:\/\/yoast.com\/product\/yoast-seo-premium-wordpress\/ -->\n<title>Warranty - Robotlawnsmower<\/title>\n<meta name=\"description\" content=\"Warranty Robotlawnsmower\" \/>\n<meta name=\"robots\" content=\"index, follow, max-snippet:-1, max-image-preview:large, max-video-preview:-1\" \/>\n<link rel=\"canonical\" href=\"https:\/\/www.robotlawnsmower.com\/es\/garantia\/\" \/>\n<meta property=\"og:locale\" content=\"es_ES\" \/>\n<meta property=\"og:type\" content=\"article\" \/>\n<meta property=\"og:title\" content=\"Warranty\" \/>\n<meta property=\"og:description\" content=\"Warranty Robotlawnsmower\" \/>\n<meta property=\"og:url\" content=\"https:\/\/www.robotlawnsmower.com\/es\/garantia\/\" \/>\n<meta property=\"og:site_name\" content=\"Robotlawnsmower\" \/>\n<meta property=\"article:publisher\" content=\"https:\/\/www.facebook.com\/@rclawnmowers\" \/>\n<meta property=\"article:modified_time\" content=\"2024-05-11T02:27:55+00:00\" \/>\n<meta property=\"og:image\" content=\"https:\/\/www.robotlawnsmower.com\/wp-content\/uploads\/2024\/01\/remote-control-lawn-mower.png\" \/>\n\t<meta property=\"og:image:width\" content=\"1600\" \/>\n\t<meta property=\"og:image:height\" content=\"649\" \/>\n\t<meta property=\"og:image:type\" content=\"image\/png\" \/>\n<meta name=\"twitter:card\" content=\"summary_large_image\" \/>\n<meta name=\"twitter:site\" content=\"@rclawnmowers\" \/>\n<meta name=\"twitter:label1\" content=\"Tiempo de lectura\" \/>\n\t<meta name=\"twitter:data1\" content=\"2 minutos\" \/>\n<script type=\"application\/ld+json\" class=\"yoast-schema-graph\">{\"@context\":\"https:\\\/\\\/schema.org\",\"@graph\":[{\"@type\":\"WebPage\",\"@id\":\"https:\\\/\\\/www.robotlawnsmower.com\\\/warranty\\\/\",\"url\":\"https:\\\/\\\/www.robotlawnsmower.com\\\/warranty\\\/\",\"name\":\"Warranty - Robotlawnsmower\",\"isPartOf\":{\"@id\":\"https:\\\/\\\/www.robotlawnsmower.com\\\/#website\"},\"datePublished\":\"2024-02-02T07:53:28+00:00\",\"dateModified\":\"2024-05-11T02:27:55+00:00\",\"description\":\"Warranty Robotlawnsmower\",\"breadcrumb\":{\"@id\":\"https:\\\/\\\/www.robotlawnsmower.com\\\/warranty\\\/#breadcrumb\"},\"inLanguage\":\"es\",\"potentialAction\":[{\"@type\":\"ReadAction\",\"target\":[\"https:\\\/\\\/www.robotlawnsmower.com\\\/warranty\\\/\"]}]},{\"@type\":\"BreadcrumbList\",\"@id\":\"https:\\\/\\\/www.robotlawnsmower.com\\\/warranty\\\/#breadcrumb\",\"itemListElement\":[{\"@type\":\"ListItem\",\"position\":1,\"name\":\"Home\",\"item\":\"https:\\\/\\\/www.robotlawnsmower.com\\\/\"},{\"@type\":\"ListItem\",\"position\":2,\"name\":\"Warranty\"}]},{\"@type\":\"WebSite\",\"@id\":\"https:\\\/\\\/www.robotlawnsmower.com\\\/#website\",\"url\":\"https:\\\/\\\/www.robotlawnsmower.com\\\/\",\"name\":\"Robotlawnsmower\",\"description\":\"Robot remote control lawn mower supplier\",\"publisher\":{\"@id\":\"https:\\\/\\\/www.robotlawnsmower.com\\\/#organization\"},\"alternateName\":\"Remote control Robot lawn mower\",\"potentialAction\":[{\"@type\":\"SearchAction\",\"target\":{\"@type\":\"EntryPoint\",\"urlTemplate\":\"https:\\\/\\\/www.robotlawnsmower.com\\\/?s={search_term_string}\"},\"query-input\":{\"@type\":\"PropertyValueSpecification\",\"valueRequired\":true,\"valueName\":\"search_term_string\"}}],\"inLanguage\":\"es\"},{\"@type\":\"Organization\",\"@id\":\"https:\\\/\\\/www.robotlawnsmower.com\\\/#organization\",\"name\":\"SHANDONG LUSTRE INDUSTRIAL CO., LIMITED\",\"url\":\"https:\\\/\\\/www.robotlawnsmower.com\\\/\",\"logo\":{\"@type\":\"ImageObject\",\"inLanguage\":\"es\",\"@id\":\"https:\\\/\\\/www.robotlawnsmower.com\\\/#\\\/schema\\\/logo\\\/image\\\/\",\"url\":\"https:\\\/\\\/www.robotlawnsmower.com\\\/wp-content\\\/uploads\\\/2023\\\/11\\\/logo.png\",\"contentUrl\":\"https:\\\/\\\/www.robotlawnsmower.com\\\/wp-content\\\/uploads\\\/2023\\\/11\\\/logo.png\",\"width\":350,\"height\":100,\"caption\":\"SHANDONG LUSTRE INDUSTRIAL CO., LIMITED\"},\"image\":{\"@id\":\"https:\\\/\\\/www.robotlawnsmower.com\\\/#\\\/schema\\\/logo\\\/image\\\/\"},\"sameAs\":[\"https:\\\/\\\/www.facebook.com\\\/@rclawnmowers\",\"https:\\\/\\\/x.com\\\/rclawnmowers\"]}]}<\/script>\n<!-- \/ Yoast SEO Premium plugin. -->","yoast_head_json":{"title":"Garant\u00eda - Robot cortac\u00e9sped","description":"Garant\u00eda del robot cortac\u00e9sped","robots":{"index":"index","follow":"follow","max-snippet":"max-snippet:-1","max-image-preview":"max-image-preview:large","max-video-preview":"max-video-preview:-1"},"canonical":"https:\/\/www.robotlawnsmower.com\/es\/garantia\/","og_locale":"es_ES","og_type":"article","og_title":"Warranty","og_description":"Warranty Robotlawnsmower","og_url":"https:\/\/www.robotlawnsmower.com\/es\/garantia\/","og_site_name":"Robotlawnsmower","article_publisher":"https:\/\/www.facebook.com\/@rclawnmowers","article_modified_time":"2024-05-11T02:27:55+00:00","og_image":[{"width":1600,"height":649,"url":"https:\/\/www.robotlawnsmower.com\/wp-content\/uploads\/2024\/01\/remote-control-lawn-mower.png","type":"image\/png"}],"twitter_card":"summary_large_image","twitter_site":"@rclawnmowers","twitter_misc":{"Tiempo de lectura":"2 minutos"},"schema":{"@context":"https:\/\/schema.org","@graph":[{"@type":"WebPage","@id":"https:\/\/www.robotlawnsmower.com\/warranty\/","url":"https:\/\/www.robotlawnsmower.com\/warranty\/","name":"Garant\u00eda - Robot cortac\u00e9sped","isPartOf":{"@id":"https:\/\/www.robotlawnsmower.com\/#website"},"datePublished":"2024-02-02T07:53:28+00:00","dateModified":"2024-05-11T02:27:55+00:00","description":"Garant\u00eda del robot cortac\u00e9sped","breadcrumb":{"@id":"https:\/\/www.robotlawnsmower.com\/warranty\/#breadcrumb"},"inLanguage":"es","potentialAction":[{"@type":"ReadAction","target":["https:\/\/www.robotlawnsmower.com\/warranty\/"]}]},{"@type":"BreadcrumbList","@id":"https:\/\/www.robotlawnsmower.com\/warranty\/#breadcrumb","itemListElement":[{"@type":"ListItem","position":1,"name":"Home","item":"https:\/\/www.robotlawnsmower.com\/"},{"@type":"ListItem","position":2,"name":"Warranty"}]},{"@type":"WebSite","@id":"https:\/\/www.robotlawnsmower.com\/#website","url":"https:\/\/www.robotlawnsmower.com\/","name":"Cortadora de c\u00e9sped rob\u00f3tica","description":"Proveedor de cortadoras de c\u00e9sped rob\u00f3ticas con control remoto","publisher":{"@id":"https:\/\/www.robotlawnsmower.com\/#organization"},"alternateName":"Remote control Robot lawn mower","potentialAction":[{"@type":"SearchAction","target":{"@type":"EntryPoint","urlTemplate":"https:\/\/www.robotlawnsmower.com\/?s={search_term_string}"},"query-input":{"@type":"PropertyValueSpecification","valueRequired":true,"valueName":"search_term_string"}}],"inLanguage":"es"},{"@type":"Organization","@id":"https:\/\/www.robotlawnsmower.com\/#organization","name":"SHANDONG LUSTRE INDUSTRIAL CO., LIMITADA","url":"https:\/\/www.robotlawnsmower.com\/","logo":{"@type":"ImageObject","inLanguage":"es","@id":"https:\/\/www.robotlawnsmower.com\/#\/schema\/logo\/image\/","url":"https:\/\/www.robotlawnsmower.com\/wp-content\/uploads\/2023\/11\/logo.png","contentUrl":"https:\/\/www.robotlawnsmower.com\/wp-content\/uploads\/2023\/11\/logo.png","width":350,"height":100,"caption":"SHANDONG LUSTRE INDUSTRIAL CO., LIMITED"},"image":{"@id":"https:\/\/www.robotlawnsmower.com\/#\/schema\/logo\/image\/"},"sameAs":["https:\/\/www.facebook.com\/@rclawnmowers","https:\/\/x.com\/rclawnmowers"]}]}},"jetpack_sharing_enabled":true,"_links":{"self":[{"href":"https:\/\/www.robotlawnsmower.com\/es\/wp-json\/wp\/v2\/pages\/719","targetHints":{"allow":["GET"]}}],"collection":[{"href":"https:\/\/www.robotlawnsmower.com\/es\/wp-json\/wp\/v2\/pages"}],"about":[{"href":"https:\/\/www.robotlawnsmower.com\/es\/wp-json\/wp\/v2\/types\/page"}],"author":[{"embeddable":true,"href":"https:\/\/www.robotlawnsmower.com\/es\/wp-json\/wp\/v2\/users\/1"}],"replies":[{"embeddable":true,"href":"https:\/\/www.robotlawnsmower.com\/es\/wp-json\/wp\/v2\/comments?post=719"}],"version-history":[{"count":9,"href":"https:\/\/www.robotlawnsmower.com\/es\/wp-json\/wp\/v2\/pages\/719\/revisions"}],"predecessor-version":[{"id":1554,"href":"https:\/\/www.robotlawnsmower.com\/es\/wp-json\/wp\/v2\/pages\/719\/revisions\/1554"}],"wp:attachment":[{"href":"https:\/\/www.robotlawnsmower.com\/es\/wp-json\/wp\/v2\/media?parent=719"}],"curies":[{"name":"wp","href":"https:\/\/api.w.org\/{rel}","templated":true}]}}