{"id":2700,"date":"2025-02-10T09:49:04","date_gmt":"2025-02-10T09:49:04","guid":{"rendered":"https:\/\/www.robotlawnsmower.com\/?post_type=product&#038;p=2700"},"modified":"2025-12-11T00:56:19","modified_gmt":"2025-12-11T00:56:19","slug":"schneefrase-mit-fernbedienung","status":"publish","type":"product","link":"https:\/\/www.robotlawnsmower.com\/de\/product\/remote-control-snow-blower\/","title":{"rendered":"Schneefr\u00e4se mit Fernbedienung"},"content":{"rendered":"<p>**Erleben Sie unvergleichlichen Komfort mit unserer ferngesteuerten Schneefr\u00e4se!**<\/p>\n<p>Haben Sie genug von der knochenharten Schneer\u00e4umung? Dann sind Sie hier richtig! Unsere ferngesteuerte Schneefr\u00e4se revolutioniert Ihr Wintererlebnis.<\/p>\n<p>Diese innovative Maschine kombiniert Spitzentechnologie mit benutzerfreundlichem Design, sodass Sie die Schneer\u00e4umung ganz bequem von zu Hause aus erledigen k\u00f6nnen. Mit nur wenigen einfachen Befehlen \u00fcber Ihre Fernbedienung springt dieser leistungsstarke Schneefr\u00e4se in Aktion und r\u00e4umt m\u00fchelos Schnee von Einfahrten, Gehwegen und Terrassen.<\/p>\n<p>Die Fernbedienung erm\u00f6glicht eine pr\u00e4zise Kontrolle \u00fcber Richtung und Geschwindigkeit der Schneefr\u00e4se und sorgt so f\u00fcr eine effiziente und pr\u00e4zise Schneer\u00e4umung. Egal, ob Sie es mit starkem Schneefall oder nur leichtem Schneegest\u00f6ber zu tun haben, unsere Schneefr\u00e4se hat die Kraft und Wendigkeit, um alles zu bew\u00e4ltigen.<\/p>\n<p>Ausgestattet mit einem robusten Motor und einer langlebigen Konstruktion ist dieser Schneefr\u00e4se so konstruiert, dass er den H\u00e4rten des Winters standh\u00e4lt. Er ist zuverl\u00e4ssig, leicht zu warten und so konzipiert, dass er jahrelang zuverl\u00e4ssig seinen Dienst verrichtet.<\/p>\n<p>Lassen Sie nicht zu, dass Schnee Ihr Leben l\u00e4nger st\u00f6rt. Steigen Sie noch heute auf unsere ferngesteuerte Schneefr\u00e4se um und genie\u00dfen Sie die Freiheit und den Komfort, die sie mit sich bringt. Verabschieden Sie sich vom Schneeschaufeln und begr\u00fc\u00dfen Sie ein schneefreies Paradies!<\/p>\n<style>\r\n.lwrp.link-whisper-related-posts{\r\n            \r\n            margin-bottom: 0px;\nmargin-left: 0px;\r\n        }\r\n        .lwrp .lwrp-title{\r\n            \r\n            \r\n        }.lwrp .lwrp-description{\r\n            \r\n            \r\n\r\n        }\r\n        .lwrp .lwrp-list-container{\r\n        }\r\n        .lwrp .lwrp-list-multi-container{\r\n            display: flex;\r\n        }\r\n        .lwrp .lwrp-list-double{\r\n            width: 48%;\r\n        }\r\n        .lwrp .lwrp-list-triple{\r\n            width: 32%;\r\n        }\r\n        .lwrp .lwrp-list-row-container{\r\n            display: flex;\r\n            justify-content: space-between;\r\n        }\r\n        .lwrp .lwrp-list-row-container .lwrp-list-item{\r\n            width: calc(50% - 20px);\r\n        }\r\n        .lwrp .lwrp-list-item:not(.lwrp-no-posts-message-item){\r\n            \r\n            margin-top: 0px;\nmargin-right: 0px;\nmargin-bottom: 0px;\nmargin-left: 0px;\r\n        }\r\n        .lwrp .lwrp-list-item img{\r\n            max-width: 100%;\r\n            height: auto;\r\n            object-fit: cover;\r\n            aspect-ratio: 1 \/ 1;\r\n        }\r\n        .lwrp .lwrp-list-item.lwrp-empty-list-item{\r\n            background: initial !important;\r\n        }\r\n        .lwrp .lwrp-list-item .lwrp-list-link .lwrp-list-link-title-text,\r\n        .lwrp .lwrp-list-item .lwrp-list-no-posts-message{\r\n            \r\n            \r\n            \r\n            \r\n        }@media screen and (max-width: 480px) {\r\n            .lwrp.link-whisper-related-posts{\r\n                \r\n                margin-bottom: 0px;\nmargin-left: 0px;\r\n            }\r\n            .lwrp .lwrp-title{\r\n                \r\n                \r\n            }.lwrp .lwrp-description{\r\n                \r\n                \r\n            }\r\n            .lwrp .lwrp-list-multi-container{\r\n                flex-direction: column;\r\n            }\r\n            .lwrp .lwrp-list-multi-container ul.lwrp-list{\r\n                margin-top: 0px;\r\n                margin-bottom: 0px;\r\n                padding-top: 0px;\r\n                padding-bottom: 0px;\r\n            }\r\n            .lwrp .lwrp-list-double,\r\n            .lwrp .lwrp-list-triple{\r\n                width: 100%;\r\n            }\r\n            .lwrp .lwrp-list-row-container{\r\n                justify-content: initial;\r\n                flex-direction: column;\r\n            }\r\n            .lwrp .lwrp-list-row-container .lwrp-list-item{\r\n                width: 100%;\r\n            }\r\n            .lwrp .lwrp-list-item:not(.lwrp-no-posts-message-item){\r\n                \r\n                margin-top: 0px;\nmargin-right: 0px;\nmargin-bottom: 0px;\nmargin-left: 0px;\r\n            }\r\n            .lwrp .lwrp-list-item .lwrp-list-link .lwrp-list-link-title-text,\r\n            .lwrp .lwrp-list-item .lwrp-list-no-posts-message{\r\n                \r\n                \r\n                \r\n                \r\n            };\r\n        }<\/style>\r\n<div id=\"link-whisper-related-posts-widget\" class=\"link-whisper-related-posts lwrp\">\r\n            <h4 class=\"lwrp-title\">Verwandte Artikel<\/h4>    \r\n        <div class=\"lwrp-list-container\">\r\n                                            <div class=\"lwrp-list-multi-container\">\r\n                    <ul class=\"lwrp-list lwrp-list-double lwrp-list-left\">\r\n                        <li class=\"lwrp-list-item\"><a href=\"https:\/\/www.robotlawnsmower.com\/de\/warenkorb\/\" class=\"lwrp-list-link\"><span class=\"lwrp-list-link-title-text\">Warenkorb<\/span><\/a><\/li><li class=\"lwrp-list-item\"><a href=\"https:\/\/www.robotlawnsmower.com\/de\/angebot-anfordern\/\" class=\"lwrp-list-link\"><span class=\"lwrp-list-link-title-text\">Angebot anfordern<\/span><\/a><\/li>                    <\/ul>\r\n                    <ul class=\"lwrp-list lwrp-list-double lwrp-list-right\">\r\n                        <li class=\"lwrp-list-item\"><a href=\"https:\/\/www.robotlawnsmower.com\/de\/produkt\/rc-rasenmaher-mit-nullwendekreis-und-raupenfahrwerk-1000-mm-16-ps\/\" class=\"lwrp-list-link\"><img width=\"1024\" height=\"1024\" src=\"https:\/\/www.robotlawnsmower.com\/wp-content\/uploads\/2024\/01\/Gasoline_Remote_Control_Crawler_Lawn_Mower_R550-L196_edited_1.png\" class=\"attachment- size- wvs-archive-product-image wp-post-image\" alt=\"\" srcset=\"https:\/\/www.robotlawnsmower.com\/wp-content\/uploads\/2024\/01\/Gasoline_Remote_Control_Crawler_Lawn_Mower_R550-L196_edited_1.png 1024w, https:\/\/www.robotlawnsmower.com\/wp-content\/uploads\/2024\/01\/Gasoline_Remote_Control_Crawler_Lawn_Mower_R550-L196_edited_1-300x300.png 300w, https:\/\/www.robotlawnsmower.com\/wp-content\/uploads\/2024\/01\/Gasoline_Remote_Control_Crawler_Lawn_Mower_R550-L196_edited_1-100x100.png 100w, https:\/\/www.robotlawnsmower.com\/wp-content\/uploads\/2024\/01\/Gasoline_Remote_Control_Crawler_Lawn_Mower_R550-L196_edited_1-600x600.png 600w, https:\/\/www.robotlawnsmower.com\/wp-content\/uploads\/2024\/01\/Gasoline_Remote_Control_Crawler_Lawn_Mower_R550-L196_edited_1-150x150.png 150w, https:\/\/www.robotlawnsmower.com\/wp-content\/uploads\/2024\/01\/Gasoline_Remote_Control_Crawler_Lawn_Mower_R550-L196_edited_1-768x768.png 768w\" sizes=\"(max-width: 1024px) 100vw, 1024px\" \/><br><span class=\"lwrp-list-link-title-text\">RC-Rasenm\u00e4her mit Raupenantrieb und Nullwendekreis, 1000\u00a0mm, 16\u00a0PS<\/span><\/a><\/li><li class=\"lwrp-list-item\"><a href=\"https:\/\/www.robotlawnsmower.com\/de\/wie-schneidet-ein-ferngesteuerter-24-v-rasenmaher-gras\/\" class=\"lwrp-list-link\"><span class=\"lwrp-list-link-title-text\">Wie schneidet ein ferngesteuerter 24V-Rasenm\u00e4her Gras?<\/span><\/a><\/li>                    <\/ul>\r\n                <\/div>\r\n                        <\/div>\r\n<\/div>","protected":false},"excerpt":{"rendered":"<p>Erleben Sie unvergleichlichen Komfort mit unserer ferngesteuerten Schneefr\u00e4se!<\/p>","protected":false},"featured_media":2699,"comment_status":"closed","ping_status":"closed","template":"","meta":{"site-sidebar-layout":"default","site-content-layout":"","ast-site-content-layout":"default","site-content-style":"default","site-sidebar-style":"default","ast-global-header-display":"","ast-banner-title-visibility":"","ast-main-header-display":"","ast-hfb-above-header-display":"","ast-hfb-below-header-display":"","ast-hfb-mobile-header-display":"","site-post-title":"","ast-breadcrumbs-content":"","ast-featured-img":"","footer-sml-layout":"","ast-disable-related-posts":"","theme-transparent-header-meta":"default","adv-header-id-meta":"","stick-header-meta":"default","header-above-stick-meta":"","header-main-stick-meta":"","header-below-stick-meta":"","astra-migrate-meta-layouts":"set","ast-page-background-enabled":"default","ast-page-background-meta":{"desktop":{"background-color":"var(--ast-global-color-4)","background-image":"","background-repeat":"repeat","background-position":"center center","background-size":"auto","background-attachment":"scroll","background-type":"","background-media":"","overlay-type":"","overlay-color":"","overlay-opacity":"","overlay-gradient":""},"tablet":{"background-color":"","background-image":"","background-repeat":"repeat","background-position":"center center","background-size":"auto","background-attachment":"scroll","background-type":"","background-media":"","overlay-type":"","overlay-color":"","overlay-opacity":"","overlay-gradient":""},"mobile":{"background-color":"","background-image":"","background-repeat":"repeat","background-position":"center center","background-size":"auto","background-attachment":"scroll","background-type":"","background-media":"","overlay-type":"","overlay-color":"","overlay-opacity":"","overlay-gradient":""}},"ast-content-background-meta":{"desktop":{"background-color":"var(--ast-global-color-5)","background-image":"","background-repeat":"repeat","background-position":"center center","background-size":"auto","background-attachment":"scroll","background-type":"","background-media":"","overlay-type":"","overlay-color":"","overlay-opacity":"","overlay-gradient":""},"tablet":{"background-color":"var(--ast-global-color-5)","background-image":"","background-repeat":"repeat","background-position":"center center","background-size":"auto","background-attachment":"scroll","background-type":"","background-media":"","overlay-type":"","overlay-color":"","overlay-opacity":"","overlay-gradient":""},"mobile":{"background-color":"var(--ast-global-color-5)","background-image":"","background-repeat":"repeat","background-position":"center center","background-size":"auto","background-attachment":"scroll","background-type":"","background-media":"","overlay-type":"","overlay-color":"","overlay-opacity":"","overlay-gradient":""}}},"product_brand":[],"product_cat":[15],"product_tag":[],"class_list":{"0":"post-2700","1":"product","2":"type-product","3":"status-publish","4":"has-post-thumbnail","6":"product_cat-uncategorized","7":"desktop-align-left","8":"tablet-align-left","9":"mobile-align-left","10":"ast-product-gallery-layout-horizontal-slider","11":"ast-product-single-variable","12":"ast-product-tabs-layout-horizontal","14":"first","15":"instock","16":"sale","17":"shipping-taxable","18":"purchasable","19":"product-type-variable","20":"wvs-archive-product-wrapper"},"yoast_head":"<!-- This site is optimized with the Yoast SEO Premium plugin v26.7 (Yoast SEO v27.5) - https:\/\/yoast.com\/product\/yoast-seo-premium-wordpress\/ -->\n<title>Remote control Snow blower - Robotlawnsmower<\/title>\n<meta name=\"description\" content=\"Remote-controlled snow thrower: effortlessly clear snow from anywhere with the convenience of remote operation!\" \/>\n<meta name=\"robots\" content=\"index, follow, max-snippet:-1, max-image-preview:large, max-video-preview:-1\" \/>\n<link rel=\"canonical\" href=\"https:\/\/www.robotlawnsmower.com\/de\/produkt\/schneefrase-mit-fernbedienung\/\" \/>\n<meta property=\"og:locale\" content=\"de_DE\" \/>\n<meta property=\"og:type\" content=\"article\" \/>\n<meta property=\"og:title\" content=\"Remote control Snow blower\" \/>\n<meta property=\"og:description\" content=\"Remote-controlled snow thrower: effortlessly clear snow from anywhere with the convenience of remote operation!\" \/>\n<meta property=\"og:url\" content=\"https:\/\/www.robotlawnsmower.com\/de\/produkt\/schneefrase-mit-fernbedienung\/\" \/>\n<meta property=\"og:site_name\" content=\"Robotlawnsmower\" \/>\n<meta property=\"article:publisher\" content=\"https:\/\/www.facebook.com\/@rclawnmowers\" \/>\n<meta property=\"article:modified_time\" content=\"2025-12-11T00:56:19+00:00\" \/>\n<meta property=\"og:image\" content=\"https:\/\/www.robotlawnsmower.com\/wp-content\/uploads\/2025\/02\/snow-blower1.png\" \/>\n\t<meta property=\"og:image:width\" content=\"1417\" \/>\n\t<meta property=\"og:image:height\" content=\"1239\" \/>\n\t<meta property=\"og:image:type\" content=\"image\/png\" \/>\n<meta name=\"twitter:card\" content=\"summary_large_image\" \/>\n<meta name=\"twitter:site\" content=\"@rclawnmowers\" \/>\n<meta name=\"twitter:label1\" content=\"Verf\u00fcgbarkeit\" \/>\n\t<meta name=\"twitter:data1\" content=\"Auf Lager\" \/>\n<script type=\"application\/ld+json\" class=\"yoast-schema-graph\">{\"@context\":\"https:\\\/\\\/schema.org\",\"@graph\":[{\"@type\":\"WebPage\",\"@id\":\"https:\\\/\\\/www.robotlawnsmower.com\\\/product\\\/remote-control-snow-blower\\\/\",\"url\":\"https:\\\/\\\/www.robotlawnsmower.com\\\/product\\\/remote-control-snow-blower\\\/\",\"name\":\"Remote control Snow blower - Robotlawnsmower\",\"isPartOf\":{\"@id\":\"https:\\\/\\\/www.robotlawnsmower.com\\\/#website\"},\"primaryImageOfPage\":{\"@id\":\"https:\\\/\\\/www.robotlawnsmower.com\\\/product\\\/remote-control-snow-blower\\\/#primaryimage\"},\"image\":{\"@id\":\"https:\\\/\\\/www.robotlawnsmower.com\\\/product\\\/remote-control-snow-blower\\\/#primaryimage\"},\"thumbnailUrl\":\"https:\\\/\\\/www.robotlawnsmower.com\\\/wp-content\\\/uploads\\\/2025\\\/02\\\/snow-blower1.png\",\"datePublished\":\"2025-02-10T09:49:04+00:00\",\"dateModified\":\"2025-12-11T00:56:19+00:00\",\"description\":\"Remote-controlled snow thrower: effortlessly clear snow from anywhere with the convenience of remote operation!\",\"breadcrumb\":{\"@id\":\"https:\\\/\\\/www.robotlawnsmower.com\\\/product\\\/remote-control-snow-blower\\\/#breadcrumb\"},\"inLanguage\":\"de\",\"potentialAction\":[{\"@type\":\"ReadAction\",\"target\":[\"https:\\\/\\\/www.robotlawnsmower.com\\\/product\\\/remote-control-snow-blower\\\/\"]}]},{\"@type\":\"ImageObject\",\"inLanguage\":\"de\",\"@id\":\"https:\\\/\\\/www.robotlawnsmower.com\\\/product\\\/remote-control-snow-blower\\\/#primaryimage\",\"url\":\"https:\\\/\\\/www.robotlawnsmower.com\\\/wp-content\\\/uploads\\\/2025\\\/02\\\/snow-blower1.png\",\"contentUrl\":\"https:\\\/\\\/www.robotlawnsmower.com\\\/wp-content\\\/uploads\\\/2025\\\/02\\\/snow-blower1.png\",\"width\":1417,\"height\":1239,\"caption\":\"snow blower1\"},{\"@type\":\"BreadcrumbList\",\"@id\":\"https:\\\/\\\/www.robotlawnsmower.com\\\/product\\\/remote-control-snow-blower\\\/#breadcrumb\",\"itemListElement\":[{\"@type\":\"ListItem\",\"position\":1,\"name\":\"Home\",\"item\":\"https:\\\/\\\/www.robotlawnsmower.com\\\/\"},{\"@type\":\"ListItem\",\"position\":2,\"name\":\"Product\",\"item\":\"https:\\\/\\\/www.robotlawnsmower.com\\\/product\\\/\"},{\"@type\":\"ListItem\",\"position\":3,\"name\":\"Remote control Snow blower\"}]},{\"@type\":\"WebSite\",\"@id\":\"https:\\\/\\\/www.robotlawnsmower.com\\\/#website\",\"url\":\"https:\\\/\\\/www.robotlawnsmower.com\\\/\",\"name\":\"Robotlawnsmower\",\"description\":\"Robot remote control lawn mower supplier\",\"publisher\":{\"@id\":\"https:\\\/\\\/www.robotlawnsmower.com\\\/#organization\"},\"alternateName\":\"Remote control Robot lawn mower\",\"potentialAction\":[{\"@type\":\"SearchAction\",\"target\":{\"@type\":\"EntryPoint\",\"urlTemplate\":\"https:\\\/\\\/www.robotlawnsmower.com\\\/?s={search_term_string}\"},\"query-input\":{\"@type\":\"PropertyValueSpecification\",\"valueRequired\":true,\"valueName\":\"search_term_string\"}}],\"inLanguage\":\"de\"},{\"@type\":\"Organization\",\"@id\":\"https:\\\/\\\/www.robotlawnsmower.com\\\/#organization\",\"name\":\"SHANDONG LUSTRE INDUSTRIAL CO., LIMITED\",\"url\":\"https:\\\/\\\/www.robotlawnsmower.com\\\/\",\"logo\":{\"@type\":\"ImageObject\",\"inLanguage\":\"de\",\"@id\":\"https:\\\/\\\/www.robotlawnsmower.com\\\/#\\\/schema\\\/logo\\\/image\\\/\",\"url\":\"https:\\\/\\\/www.robotlawnsmower.com\\\/wp-content\\\/uploads\\\/2023\\\/11\\\/logo.png\",\"contentUrl\":\"https:\\\/\\\/www.robotlawnsmower.com\\\/wp-content\\\/uploads\\\/2023\\\/11\\\/logo.png\",\"width\":350,\"height\":100,\"caption\":\"SHANDONG LUSTRE INDUSTRIAL CO., LIMITED\"},\"image\":{\"@id\":\"https:\\\/\\\/www.robotlawnsmower.com\\\/#\\\/schema\\\/logo\\\/image\\\/\"},\"sameAs\":[\"https:\\\/\\\/www.facebook.com\\\/@rclawnmowers\",\"https:\\\/\\\/x.com\\\/rclawnmowers\"]}]}<\/script>\n<meta property=\"og:availability\" content=\"instock\" \/>\n<meta property=\"product:availability\" content=\"instock\" \/>\n<meta property=\"product:condition\" content=\"new\" \/>\n<!-- \/ Yoast SEO Premium plugin. -->","yoast_head_json":{"title":"Schneefr\u00e4se mit Fernbedienung - Rasenm\u00e4herroboter","description":"Ferngesteuerte Schneefr\u00e4se: R\u00e4umen Sie den Schnee m\u00fchelos von \u00fcberall aus mit der Bequemlichkeit der Fernbedienung!","robots":{"index":"index","follow":"follow","max-snippet":"max-snippet:-1","max-image-preview":"max-image-preview:large","max-video-preview":"max-video-preview:-1"},"canonical":"https:\/\/www.robotlawnsmower.com\/de\/produkt\/schneefrase-mit-fernbedienung\/","og_locale":"de_DE","og_type":"article","og_title":"Remote control Snow blower","og_description":"Remote-controlled snow thrower: effortlessly clear snow from anywhere with the convenience of remote operation!","og_url":"https:\/\/www.robotlawnsmower.com\/de\/produkt\/schneefrase-mit-fernbedienung\/","og_site_name":"Robotlawnsmower","article_publisher":"https:\/\/www.facebook.com\/@rclawnmowers","article_modified_time":"2025-12-11T00:56:19+00:00","og_image":[{"width":1417,"height":1239,"url":"https:\/\/www.robotlawnsmower.com\/wp-content\/uploads\/2025\/02\/snow-blower1.png","type":"image\/png"}],"twitter_card":"summary_large_image","twitter_site":"@rclawnmowers","twitter_misc":{"Verf\u00fcgbarkeit":"Auf Lager"},"schema":{"@context":"https:\/\/schema.org","@graph":[{"@type":"WebPage","@id":"https:\/\/www.robotlawnsmower.com\/product\/remote-control-snow-blower\/","url":"https:\/\/www.robotlawnsmower.com\/product\/remote-control-snow-blower\/","name":"Schneefr\u00e4se mit Fernbedienung - Rasenm\u00e4herroboter","isPartOf":{"@id":"https:\/\/www.robotlawnsmower.com\/#website"},"primaryImageOfPage":{"@id":"https:\/\/www.robotlawnsmower.com\/product\/remote-control-snow-blower\/#primaryimage"},"image":{"@id":"https:\/\/www.robotlawnsmower.com\/product\/remote-control-snow-blower\/#primaryimage"},"thumbnailUrl":"https:\/\/www.robotlawnsmower.com\/wp-content\/uploads\/2025\/02\/snow-blower1.png","datePublished":"2025-02-10T09:49:04+00:00","dateModified":"2025-12-11T00:56:19+00:00","description":"Ferngesteuerte Schneefr\u00e4se: R\u00e4umen Sie den Schnee m\u00fchelos von \u00fcberall aus mit der Bequemlichkeit der Fernbedienung!","breadcrumb":{"@id":"https:\/\/www.robotlawnsmower.com\/product\/remote-control-snow-blower\/#breadcrumb"},"inLanguage":"de","potentialAction":[{"@type":"ReadAction","target":["https:\/\/www.robotlawnsmower.com\/product\/remote-control-snow-blower\/"]}]},{"@type":"ImageObject","inLanguage":"de","@id":"https:\/\/www.robotlawnsmower.com\/product\/remote-control-snow-blower\/#primaryimage","url":"https:\/\/www.robotlawnsmower.com\/wp-content\/uploads\/2025\/02\/snow-blower1.png","contentUrl":"https:\/\/www.robotlawnsmower.com\/wp-content\/uploads\/2025\/02\/snow-blower1.png","width":1417,"height":1239,"caption":"snow blower1"},{"@type":"BreadcrumbList","@id":"https:\/\/www.robotlawnsmower.com\/product\/remote-control-snow-blower\/#breadcrumb","itemListElement":[{"@type":"ListItem","position":1,"name":"Home","item":"https:\/\/www.robotlawnsmower.com\/"},{"@type":"ListItem","position":2,"name":"Product","item":"https:\/\/www.robotlawnsmower.com\/product\/"},{"@type":"ListItem","position":3,"name":"Remote control Snow blower"}]},{"@type":"WebSite","@id":"https:\/\/www.robotlawnsmower.com\/#website","url":"https:\/\/www.robotlawnsmower.com\/","name":"Roboterrasenm\u00e4her","description":"Lieferant von ferngesteuerten Rasenm\u00e4herrobotern","publisher":{"@id":"https:\/\/www.robotlawnsmower.com\/#organization"},"alternateName":"Remote control Robot lawn mower","potentialAction":[{"@type":"SearchAction","target":{"@type":"EntryPoint","urlTemplate":"https:\/\/www.robotlawnsmower.com\/?s={search_term_string}"},"query-input":{"@type":"PropertyValueSpecification","valueRequired":true,"valueName":"search_term_string"}}],"inLanguage":"de"},{"@type":"Organization","@id":"https:\/\/www.robotlawnsmower.com\/#organization","name":"SHANDONG LUSTER INDUSTRIAL CO., LIMITED","url":"https:\/\/www.robotlawnsmower.com\/","logo":{"@type":"ImageObject","inLanguage":"de","@id":"https:\/\/www.robotlawnsmower.com\/#\/schema\/logo\/image\/","url":"https:\/\/www.robotlawnsmower.com\/wp-content\/uploads\/2023\/11\/logo.png","contentUrl":"https:\/\/www.robotlawnsmower.com\/wp-content\/uploads\/2023\/11\/logo.png","width":350,"height":100,"caption":"SHANDONG LUSTRE INDUSTRIAL CO., LIMITED"},"image":{"@id":"https:\/\/www.robotlawnsmower.com\/#\/schema\/logo\/image\/"},"sameAs":["https:\/\/www.facebook.com\/@rclawnmowers","https:\/\/x.com\/rclawnmowers"]}]},"og_availability":"instock","product_availability":"instock","product_condition":"new"},"jetpack_sharing_enabled":true,"_links":{"self":[{"href":"https:\/\/www.robotlawnsmower.com\/de\/wp-json\/wp\/v2\/product\/2700","targetHints":{"allow":["GET"]}}],"collection":[{"href":"https:\/\/www.robotlawnsmower.com\/de\/wp-json\/wp\/v2\/product"}],"about":[{"href":"https:\/\/www.robotlawnsmower.com\/de\/wp-json\/wp\/v2\/types\/product"}],"replies":[{"embeddable":true,"href":"https:\/\/www.robotlawnsmower.com\/de\/wp-json\/wp\/v2\/comments?post=2700"}],"version-history":[{"count":1,"href":"https:\/\/www.robotlawnsmower.com\/de\/wp-json\/wp\/v2\/product\/2700\/revisions"}],"predecessor-version":[{"id":2701,"href":"https:\/\/www.robotlawnsmower.com\/de\/wp-json\/wp\/v2\/product\/2700\/revisions\/2701"}],"wp:featuredmedia":[{"embeddable":true,"href":"https:\/\/www.robotlawnsmower.com\/de\/wp-json\/wp\/v2\/media\/2699"}],"wp:attachment":[{"href":"https:\/\/www.robotlawnsmower.com\/de\/wp-json\/wp\/v2\/media?parent=2700"}],"wp:term":[{"taxonomy":"product_brand","embeddable":true,"href":"https:\/\/www.robotlawnsmower.com\/de\/wp-json\/wp\/v2\/product_brand?post=2700"},{"taxonomy":"product_cat","embeddable":true,"href":"https:\/\/www.robotlawnsmower.com\/de\/wp-json\/wp\/v2\/product_cat?post=2700"},{"taxonomy":"product_tag","embeddable":true,"href":"https:\/\/www.robotlawnsmower.com\/de\/wp-json\/wp\/v2\/product_tag?post=2700"}],"curies":[{"name":"wp","href":"https:\/\/api.w.org\/{rel}","templated":true}]}}