{"id":719,"date":"2024-02-02T07:53:28","date_gmt":"2024-02-02T07:53:28","guid":{"rendered":"https:\/\/www.robotlawnsmower.com\/?page_id=719"},"modified":"2024-05-11T02:27:55","modified_gmt":"2024-05-11T02:27:55","slug":"garantie","status":"publish","type":"page","link":"https:\/\/www.robotlawnsmower.com\/de\/warranty\/","title":{"rendered":"Garantie"},"content":{"rendered":"<div data-elementor-type=\"wp-page\" data-elementor-id=\"719\" class=\"elementor elementor-719\" data-elementor-post-type=\"page\">\n\t\t\t\t\t\t<section class=\"elementor-section elementor-top-section elementor-element elementor-element-c940fc8 elementor-section-boxed elementor-section-height-default elementor-section-height-default\" data-id=\"c940fc8\" data-element_type=\"section\" data-e-type=\"section\">\n\t\t\t\t\t\t<div class=\"elementor-container elementor-column-gap-default\">\n\t\t\t\t\t<div class=\"elementor-column elementor-col-100 elementor-top-column elementor-element elementor-element-5d954d2\" data-id=\"5d954d2\" data-element_type=\"column\" data-e-type=\"column\">\n\t\t\t<div class=\"elementor-widget-wrap elementor-element-populated\">\n\t\t\t\t\t\t<div class=\"elementor-element elementor-element-0046606 elementor-widget elementor-widget-heading\" data-id=\"0046606\" data-element_type=\"widget\" data-e-type=\"widget\" data-widget_type=\"heading.default\">\n\t\t\t\t<div class=\"elementor-widget-container\">\n\t\t\t\t\t<h1 class=\"elementor-heading-title elementor-size-default\">GARANTIEBEDINGUNGEN f\u00fcr Rasenm\u00e4herroboter<\/h1>\t\t\t\t<\/div>\n\t\t\t\t<\/div>\n\t\t\t\t<div class=\"elementor-element elementor-element-b2632b8 elementor-widget elementor-widget-text-editor\" data-id=\"b2632b8\" data-element_type=\"widget\" data-e-type=\"widget\" data-widget_type=\"text-editor.default\">\n\t\t\t\t<div class=\"elementor-widget-container\">\n\t\t\t\t\t\t\t\t\t<div class=\"entry-content clear\"><div class=\"elementor elementor-23022\" data-elementor-type=\"wp-page\" data-elementor-id=\"23022\" data-elementor-post-type=\"page\"><section class=\"elementor-section elementor-top-section elementor-element elementor-element-a06907a elementor-section-boxed elementor-section-height-default elementor-section-height-default\" data-id=\"a06907a\" data-element_type=\"section\"><div class=\"elementor-container elementor-column-gap-default\"><div class=\"elementor-column elementor-col-100 elementor-top-column elementor-element elementor-element-a58d244\" data-id=\"a58d244\" data-element_type=\"column\"><div class=\"elementor-widget-wrap elementor-element-populated\"><div class=\"elementor-element elementor-element-d882063 elementor-widget elementor-widget-heading\" data-id=\"d882063\" data-element_type=\"widget\" data-widget_type=\"heading.default\"><div class=\"elementor-widget-container\"><h2 class=\"elementor-heading-title elementor-size-default\">Garantiezeit<\/h2><\/div><\/div><div class=\"elementor-element elementor-element-a0466a4 elementor-widget elementor-widget-text-editor\" data-id=\"a0466a4\" data-element_type=\"widget\" data-widget_type=\"text-editor.default\"><div class=\"elementor-widget-container\"><p>1 Jahr oder 200 Stunden Produktnutzung, je nachdem, was zuerst eintritt. Jeder Erstverbraucher, der ein <a href=\"https:\/\/www.robotlawnsmower.com\/de\/so-wahlen-sie-einen-rasenmaher-mit-dual-power-fernsteuerung-aus\/\" target=\"_blank\" rel=\"noopener\" >Rasenm\u00e4her mit Fernbedienung<\/a> auf dieser Website genie\u00dfen Sie die Qualit\u00e4tsgarantiezeit der Ausr\u00fcstung, beginnend mit dem Kaufdatum<\/p><\/div><\/div><div class=\"elementor-element elementor-element-d2008c0 elementor-widget elementor-widget-heading\" data-id=\"d2008c0\" data-element_type=\"widget\" data-widget_type=\"heading.default\"><div class=\"elementor-widget-container\"><h2 class=\"elementor-heading-title elementor-size-default\">Garantieanspruch<\/h2><\/div><\/div><div class=\"elementor-element elementor-element-eefa745 elementor-widget elementor-widget-text-editor\" data-id=\"eefa745\" data-element_type=\"widget\" data-widget_type=\"text-editor.default\"><div class=\"elementor-widget-container\"><p>Wenn w\u00e4hrend der Garantiezeit am Produkt Material- oder Verarbeitungsfehler auftreten, repariert oder ersetzt der Hersteller oder sein autorisierter Vertriebsh\u00e4ndler das betroffene Teil kostenlos oder erstattet dem K\u00e4ufer den Kaufpreis.<\/p><p>Die angebotene Abhilfe (Reparatur, Ersatz oder R\u00fcckerstattung) liegt im alleinigen Ermessen des Herstellers. Es k\u00f6nnen bestimmte Bedingungen, Einschr\u00e4nkungen und Ausschl\u00fcsse gelten.<\/p><p>Wenn einige Zubeh\u00f6rteile <a href=\"https:\/\/www.robotlawnsmower.com\/de\/versand\/\" target=\"_blank\" rel=\"noopener\" >Versand<\/a> Kosten, der K\u00e4ufer muss nur die Versandkosten bezahlen und erh\u00e4lt das Teilezubeh\u00f6r kostenlos.<\/p><\/div><\/div><div class=\"elementor-element elementor-element-680792e elementor-widget elementor-widget-heading\" data-id=\"680792e\" data-element_type=\"widget\" data-widget_type=\"heading.default\"><div class=\"elementor-widget-container\"><h2 class=\"elementor-heading-title elementor-size-default\">Garantieausschl\u00fcsse.<\/h2><\/div><\/div><div class=\"elementor-element elementor-element-6646b29 elementor-widget elementor-widget-text-editor\" data-id=\"6646b29\" data-element_type=\"widget\" data-widget_type=\"text-editor.default\"><div class=\"elementor-widget-container\"><ul><li>Bei Verwendung von nicht originalen Ersatzteilen des Herstellers erlischt die Garantie, wenn dadurch vorzeitiger Verschlei\u00df oder Sch\u00e4den am Produkt entstehen.<\/li><li>Sch\u00e4den, die durch die Installation oder Verwendung von Teilen, Zubeh\u00f6r oder Zubeh\u00f6rteilen entstehen, die vom Hersteller nicht f\u00fcr die Verwendung mit dem Produkt zugelassen sind.<\/li><li>Sch\u00e4den, die durch Missbrauch, Zweckentfremdung, Ver\u00e4nderung, unsachgem\u00e4\u00dfe Montage, unsachgem\u00e4\u00dfe Einstellung, Vernachl\u00e4ssigung oder Unf\u00e4lle entstanden sind.<\/li><li>Periodischer Verschlei\u00df, einschlie\u00dflich Verschlei\u00dfteile wie Riemen, Reifen und Klingen. Materialfehler und Verarbeitungsfehler, jedoch kein Verschlei\u00df.<\/li><li>Sch\u00e4den, die durch die Verwendung nicht frischen Kraftstoffs oder durch unsachgem\u00e4\u00dfe Lagerung des Produkts bei Nichtgebrauch entstehen.<\/li><li>Sch\u00e4den, die durch die Verwendung von Benzinmischungen mit mehr als 10% Ethanol entstehen.<\/li><\/ul><\/div><\/div><div class=\"elementor-element elementor-element-0d66ea0 elementor-widget elementor-widget-text-editor\" data-id=\"0d66ea0\" data-element_type=\"widget\" data-widget_type=\"text-editor.default\"><div class=\"elementor-widget-container\"><p>Bitte lassen Sie es mich wissen, wenn Sie weitere Fragen oder Bedenken hinsichtlich der Garantie haben.<\/p><\/div><\/div><div class=\"elementor-element elementor-element-e7136d3 elementor-widget elementor-widget-heading\" data-id=\"e7136d3\" data-element_type=\"widget\" data-widget_type=\"heading.default\"><div class=\"elementor-widget-container\"><h2 class=\"elementor-heading-title elementor-size-default\">Garantieanspr\u00fcche.<\/h2><\/div><\/div><div class=\"elementor-element elementor-element-7c47f56 elementor-widget elementor-widget-text-editor\" data-id=\"7c47f56\" data-element_type=\"widget\" data-widget_type=\"text-editor.default\"><div class=\"elementor-widget-container\"><p>Um einen Garantieanspruch geltend zu machen, m\u00fcssen K\u00e4ufer <a href=\"https:\/\/www.robotlawnsmower.com\/de\/kontakt\/\" target=\"_blank\" rel=\"noopener\" >Kontakt<\/a> der autorisierte H\u00e4ndler des Herstellers (um einen autorisierten H\u00e4ndler zu finden, besuchen Sie unsere Website unter https:\/\/www.robotlawnsmower.com). Der Garantieservice muss von einem autorisierten Vertreter des Herstellers durchgef\u00fchrt werden. Dar\u00fcber hinaus ist der K\u00e4ufer auf eigene Kosten und Gefahr f\u00fcr den Transport des Produkts zum und vom Garantieserviceort verantwortlich.<\/p><\/div><\/div><\/div><\/div><\/div><\/section><\/div><\/div>\t\t\t\t\t\t\t\t<\/div>\n\t\t\t\t<\/div>\n\t\t\t\t\t<\/div>\n\t\t<\/div>\n\t\t\t\t\t<\/div>\n\t\t<\/section>\n\t\t\t\t<\/div>\n\t\t<style>\r\n.lwrp.link-whisper-related-posts{\r\n            \r\n            margin-bottom: 0px;\nmargin-left: 0px;\r\n        }\r\n        .lwrp .lwrp-title{\r\n            \r\n            \r\n        }.lwrp .lwrp-description{\r\n            \r\n            \r\n\r\n        }\r\n        .lwrp .lwrp-list-container{\r\n        }\r\n        .lwrp .lwrp-list-multi-container{\r\n            display: flex;\r\n        }\r\n        .lwrp .lwrp-list-double{\r\n            width: 48%;\r\n        }\r\n        .lwrp .lwrp-list-triple{\r\n            width: 32%;\r\n        }\r\n        .lwrp .lwrp-list-row-container{\r\n            display: flex;\r\n            justify-content: space-between;\r\n        }\r\n        .lwrp .lwrp-list-row-container .lwrp-list-item{\r\n            width: calc(50% - 20px);\r\n        }\r\n        .lwrp .lwrp-list-item:not(.lwrp-no-posts-message-item){\r\n            \r\n            margin-top: 0px;\nmargin-right: 0px;\nmargin-bottom: 0px;\nmargin-left: 0px;\r\n        }\r\n        .lwrp .lwrp-list-item img{\r\n            max-width: 100%;\r\n            height: auto;\r\n            object-fit: cover;\r\n            aspect-ratio: 1 \/ 1;\r\n        }\r\n        .lwrp .lwrp-list-item.lwrp-empty-list-item{\r\n            background: initial !important;\r\n        }\r\n        .lwrp .lwrp-list-item .lwrp-list-link .lwrp-list-link-title-text,\r\n        .lwrp .lwrp-list-item .lwrp-list-no-posts-message{\r\n            \r\n            \r\n            \r\n            \r\n        }@media screen and (max-width: 480px) {\r\n            .lwrp.link-whisper-related-posts{\r\n                \r\n                margin-bottom: 0px;\nmargin-left: 0px;\r\n            }\r\n            .lwrp .lwrp-title{\r\n                \r\n                \r\n            }.lwrp .lwrp-description{\r\n                \r\n                \r\n            }\r\n            .lwrp .lwrp-list-multi-container{\r\n                flex-direction: column;\r\n            }\r\n            .lwrp .lwrp-list-multi-container ul.lwrp-list{\r\n                margin-top: 0px;\r\n                margin-bottom: 0px;\r\n                padding-top: 0px;\r\n                padding-bottom: 0px;\r\n            }\r\n            .lwrp .lwrp-list-double,\r\n            .lwrp .lwrp-list-triple{\r\n                width: 100%;\r\n            }\r\n            .lwrp .lwrp-list-row-container{\r\n                justify-content: initial;\r\n                flex-direction: column;\r\n            }\r\n            .lwrp .lwrp-list-row-container .lwrp-list-item{\r\n                width: 100%;\r\n            }\r\n            .lwrp .lwrp-list-item:not(.lwrp-no-posts-message-item){\r\n                \r\n                margin-top: 0px;\nmargin-right: 0px;\nmargin-bottom: 0px;\nmargin-left: 0px;\r\n            }\r\n            .lwrp .lwrp-list-item .lwrp-list-link .lwrp-list-link-title-text,\r\n            .lwrp .lwrp-list-item .lwrp-list-no-posts-message{\r\n                \r\n                \r\n                \r\n                \r\n            };\r\n        }<\/style>\r\n<div id=\"link-whisper-related-posts-widget\" class=\"link-whisper-related-posts lwrp\">\r\n            <h4 class=\"lwrp-title\">Verwandte Artikel<\/h4>    \r\n        <div class=\"lwrp-list-container\">\r\n                                            <div class=\"lwrp-list-multi-container\">\r\n                    <ul class=\"lwrp-list lwrp-list-double lwrp-list-left\">\r\n                        <li class=\"lwrp-list-item\"><a href=\"https:\/\/www.robotlawnsmower.com\/de\/der-ferngesteuerte-rasenmaher-wird-nach-australien-geliefert\/\" class=\"lwrp-list-link\"><span class=\"lwrp-list-link-title-text\">Der ferngesteuerte Rasenm\u00e4her wird nach Australien geliefert<\/span><\/a><\/li><li class=\"lwrp-list-item\"><a href=\"https:\/\/www.robotlawnsmower.com\/de\/meistern-des-steilen-gelandes-die-revolution-der-ferngesteuerten-rasenmaher-fur-anspruchsvolles-gelande\/\" class=\"lwrp-list-link\"><span class=\"lwrp-list-link-title-text\">Steile H\u00e4nge meistern: Die Revolution der ferngesteuerten Rasenm\u00e4her f\u00fcr anspruchsvolles Gel\u00e4nde<\/span><\/a><\/li>                    <\/ul>\r\n                    <ul class=\"lwrp-list lwrp-list-double lwrp-list-right\">\r\n                        <li class=\"lwrp-list-item\"><a href=\"https:\/\/www.robotlawnsmower.com\/de\/neue-ferngesteuerte-rasenmaher-mit-raupenfahrwerk-revolutionieren-die-rasenpflege\/\" class=\"lwrp-list-link\"><span class=\"lwrp-list-link-title-text\">Neue ferngesteuerte Rasenm\u00e4her mit Raupenfahrwerk revolutionieren die Rasenpflege<\/span><\/a><\/li><li class=\"lwrp-list-item\"><a href=\"https:\/\/www.robotlawnsmower.com\/de\/wie-schneidet-ein-ferngesteuerter-24-v-rasenmaher-gras\/\" class=\"lwrp-list-link\"><span class=\"lwrp-list-link-title-text\">Wie schneidet ein ferngesteuerter 24V-Rasenm\u00e4her Gras?<\/span><\/a><\/li>                    <\/ul>\r\n                <\/div>\r\n                        <\/div>\r\n<\/div>","protected":false},"excerpt":{"rendered":"<p>Robotlawnsmower WARRANTY POLICY Warranty Period 1 years or 200 hours of Product use, whichever occurs first.\u00a0 Any original consumer who purchases a remote control lawn mower on this website will enjoy the quality guarantee period of the equipment, starting from the date of purchase Warranty Remedy If the product becomes defective in material and workmanship [&hellip;]<\/p>\n","protected":false},"author":1,"featured_media":0,"parent":0,"menu_order":0,"comment_status":"closed","ping_status":"closed","template":"","meta":{"site-sidebar-layout":"no-sidebar","site-content-layout":"","ast-site-content-layout":"full-width-container","site-content-style":"default","site-sidebar-style":"default","ast-global-header-display":"","ast-banner-title-visibility":"","ast-main-header-display":"","ast-hfb-above-header-display":"","ast-hfb-below-header-display":"","ast-hfb-mobile-header-display":"","site-post-title":"disabled","ast-breadcrumbs-content":"","ast-featured-img":"disabled","footer-sml-layout":"","ast-disable-related-posts":"","theme-transparent-header-meta":"default","adv-header-id-meta":"","stick-header-meta":"default","header-above-stick-meta":"","header-main-stick-meta":"","header-below-stick-meta":"","astra-migrate-meta-layouts":"set","ast-page-background-enabled":"default","ast-page-background-meta":{"desktop":{"background-color":"var(--ast-global-color-4)","background-image":"","background-repeat":"repeat","background-position":"center center","background-size":"auto","background-attachment":"scroll","background-type":"","background-media":"","overlay-type":"","overlay-color":"","overlay-opacity":"","overlay-gradient":""},"tablet":{"background-color":"","background-image":"","background-repeat":"repeat","background-position":"center center","background-size":"auto","background-attachment":"scroll","background-type":"","background-media":"","overlay-type":"","overlay-color":"","overlay-opacity":"","overlay-gradient":""},"mobile":{"background-color":"","background-image":"","background-repeat":"repeat","background-position":"center center","background-size":"auto","background-attachment":"scroll","background-type":"","background-media":"","overlay-type":"","overlay-color":"","overlay-opacity":"","overlay-gradient":""}},"ast-content-background-meta":{"desktop":{"background-color":"var(--ast-global-color-5)","background-image":"","background-repeat":"repeat","background-position":"center center","background-size":"auto","background-attachment":"scroll","background-type":"","background-media":"","overlay-type":"","overlay-color":"","overlay-opacity":"","overlay-gradient":""},"tablet":{"background-color":"var(--ast-global-color-5)","background-image":"","background-repeat":"repeat","background-position":"center center","background-size":"auto","background-attachment":"scroll","background-type":"","background-media":"","overlay-type":"","overlay-color":"","overlay-opacity":"","overlay-gradient":""},"mobile":{"background-color":"var(--ast-global-color-5)","background-image":"","background-repeat":"repeat","background-position":"center center","background-size":"auto","background-attachment":"scroll","background-type":"","background-media":"","overlay-type":"","overlay-color":"","overlay-opacity":"","overlay-gradient":""}},"footnotes":""},"class_list":["post-719","page","type-page","status-publish","hentry"],"yoast_head":"<!-- This site is optimized with the Yoast SEO Premium plugin v26.7 (Yoast SEO v27.4) - https:\/\/yoast.com\/product\/yoast-seo-premium-wordpress\/ -->\n<title>Warranty - Robotlawnsmower<\/title>\n<meta name=\"description\" content=\"Warranty Robotlawnsmower\" \/>\n<meta name=\"robots\" content=\"index, follow, max-snippet:-1, max-image-preview:large, max-video-preview:-1\" \/>\n<link rel=\"canonical\" href=\"https:\/\/www.robotlawnsmower.com\/de\/garantie\/\" \/>\n<meta property=\"og:locale\" content=\"de_DE\" \/>\n<meta property=\"og:type\" content=\"article\" \/>\n<meta property=\"og:title\" content=\"Warranty\" \/>\n<meta property=\"og:description\" content=\"Warranty Robotlawnsmower\" \/>\n<meta property=\"og:url\" content=\"https:\/\/www.robotlawnsmower.com\/de\/garantie\/\" \/>\n<meta property=\"og:site_name\" content=\"Robotlawnsmower\" \/>\n<meta property=\"article:publisher\" content=\"https:\/\/www.facebook.com\/@rclawnmowers\" \/>\n<meta property=\"article:modified_time\" content=\"2024-05-11T02:27:55+00:00\" \/>\n<meta property=\"og:image\" content=\"https:\/\/www.robotlawnsmower.com\/wp-content\/uploads\/2024\/01\/remote-control-lawn-mower.png\" \/>\n\t<meta property=\"og:image:width\" content=\"1600\" \/>\n\t<meta property=\"og:image:height\" content=\"649\" \/>\n\t<meta property=\"og:image:type\" content=\"image\/png\" \/>\n<meta name=\"twitter:card\" content=\"summary_large_image\" \/>\n<meta name=\"twitter:site\" content=\"@rclawnmowers\" \/>\n<meta name=\"twitter:label1\" content=\"Gesch\u00e4tzte Lesezeit\" \/>\n\t<meta name=\"twitter:data1\" content=\"2\u00a0Minuten\" \/>\n<script type=\"application\/ld+json\" class=\"yoast-schema-graph\">{\"@context\":\"https:\\\/\\\/schema.org\",\"@graph\":[{\"@type\":\"WebPage\",\"@id\":\"https:\\\/\\\/www.robotlawnsmower.com\\\/warranty\\\/\",\"url\":\"https:\\\/\\\/www.robotlawnsmower.com\\\/warranty\\\/\",\"name\":\"Warranty - Robotlawnsmower\",\"isPartOf\":{\"@id\":\"https:\\\/\\\/www.robotlawnsmower.com\\\/#website\"},\"datePublished\":\"2024-02-02T07:53:28+00:00\",\"dateModified\":\"2024-05-11T02:27:55+00:00\",\"description\":\"Warranty Robotlawnsmower\",\"breadcrumb\":{\"@id\":\"https:\\\/\\\/www.robotlawnsmower.com\\\/warranty\\\/#breadcrumb\"},\"inLanguage\":\"de\",\"potentialAction\":[{\"@type\":\"ReadAction\",\"target\":[\"https:\\\/\\\/www.robotlawnsmower.com\\\/warranty\\\/\"]}]},{\"@type\":\"BreadcrumbList\",\"@id\":\"https:\\\/\\\/www.robotlawnsmower.com\\\/warranty\\\/#breadcrumb\",\"itemListElement\":[{\"@type\":\"ListItem\",\"position\":1,\"name\":\"Home\",\"item\":\"https:\\\/\\\/www.robotlawnsmower.com\\\/\"},{\"@type\":\"ListItem\",\"position\":2,\"name\":\"Warranty\"}]},{\"@type\":\"WebSite\",\"@id\":\"https:\\\/\\\/www.robotlawnsmower.com\\\/#website\",\"url\":\"https:\\\/\\\/www.robotlawnsmower.com\\\/\",\"name\":\"Robotlawnsmower\",\"description\":\"Robot remote control lawn mower supplier\",\"publisher\":{\"@id\":\"https:\\\/\\\/www.robotlawnsmower.com\\\/#organization\"},\"alternateName\":\"Remote control Robot lawn mower\",\"potentialAction\":[{\"@type\":\"SearchAction\",\"target\":{\"@type\":\"EntryPoint\",\"urlTemplate\":\"https:\\\/\\\/www.robotlawnsmower.com\\\/?s={search_term_string}\"},\"query-input\":{\"@type\":\"PropertyValueSpecification\",\"valueRequired\":true,\"valueName\":\"search_term_string\"}}],\"inLanguage\":\"de\"},{\"@type\":\"Organization\",\"@id\":\"https:\\\/\\\/www.robotlawnsmower.com\\\/#organization\",\"name\":\"SHANDONG LUSTRE INDUSTRIAL CO., LIMITED\",\"url\":\"https:\\\/\\\/www.robotlawnsmower.com\\\/\",\"logo\":{\"@type\":\"ImageObject\",\"inLanguage\":\"de\",\"@id\":\"https:\\\/\\\/www.robotlawnsmower.com\\\/#\\\/schema\\\/logo\\\/image\\\/\",\"url\":\"https:\\\/\\\/www.robotlawnsmower.com\\\/wp-content\\\/uploads\\\/2023\\\/11\\\/logo.png\",\"contentUrl\":\"https:\\\/\\\/www.robotlawnsmower.com\\\/wp-content\\\/uploads\\\/2023\\\/11\\\/logo.png\",\"width\":350,\"height\":100,\"caption\":\"SHANDONG LUSTRE INDUSTRIAL CO., LIMITED\"},\"image\":{\"@id\":\"https:\\\/\\\/www.robotlawnsmower.com\\\/#\\\/schema\\\/logo\\\/image\\\/\"},\"sameAs\":[\"https:\\\/\\\/www.facebook.com\\\/@rclawnmowers\",\"https:\\\/\\\/x.com\\\/rclawnmowers\"]}]}<\/script>\n<!-- \/ Yoast SEO Premium plugin. -->","yoast_head_json":{"title":"Garantie - Rasenm\u00e4herroboter","description":"Garantie M\u00e4hroboter","robots":{"index":"index","follow":"follow","max-snippet":"max-snippet:-1","max-image-preview":"max-image-preview:large","max-video-preview":"max-video-preview:-1"},"canonical":"https:\/\/www.robotlawnsmower.com\/de\/garantie\/","og_locale":"de_DE","og_type":"article","og_title":"Warranty","og_description":"Warranty Robotlawnsmower","og_url":"https:\/\/www.robotlawnsmower.com\/de\/garantie\/","og_site_name":"Robotlawnsmower","article_publisher":"https:\/\/www.facebook.com\/@rclawnmowers","article_modified_time":"2024-05-11T02:27:55+00:00","og_image":[{"width":1600,"height":649,"url":"https:\/\/www.robotlawnsmower.com\/wp-content\/uploads\/2024\/01\/remote-control-lawn-mower.png","type":"image\/png"}],"twitter_card":"summary_large_image","twitter_site":"@rclawnmowers","twitter_misc":{"Gesch\u00e4tzte Lesezeit":"2\u00a0Minuten"},"schema":{"@context":"https:\/\/schema.org","@graph":[{"@type":"WebPage","@id":"https:\/\/www.robotlawnsmower.com\/warranty\/","url":"https:\/\/www.robotlawnsmower.com\/warranty\/","name":"Garantie - Rasenm\u00e4herroboter","isPartOf":{"@id":"https:\/\/www.robotlawnsmower.com\/#website"},"datePublished":"2024-02-02T07:53:28+00:00","dateModified":"2024-05-11T02:27:55+00:00","description":"Garantie M\u00e4hroboter","breadcrumb":{"@id":"https:\/\/www.robotlawnsmower.com\/warranty\/#breadcrumb"},"inLanguage":"de","potentialAction":[{"@type":"ReadAction","target":["https:\/\/www.robotlawnsmower.com\/warranty\/"]}]},{"@type":"BreadcrumbList","@id":"https:\/\/www.robotlawnsmower.com\/warranty\/#breadcrumb","itemListElement":[{"@type":"ListItem","position":1,"name":"Home","item":"https:\/\/www.robotlawnsmower.com\/"},{"@type":"ListItem","position":2,"name":"Warranty"}]},{"@type":"WebSite","@id":"https:\/\/www.robotlawnsmower.com\/#website","url":"https:\/\/www.robotlawnsmower.com\/","name":"Roboterrasenm\u00e4her","description":"Lieferant von ferngesteuerten Rasenm\u00e4herrobotern","publisher":{"@id":"https:\/\/www.robotlawnsmower.com\/#organization"},"alternateName":"Remote control Robot lawn mower","potentialAction":[{"@type":"SearchAction","target":{"@type":"EntryPoint","urlTemplate":"https:\/\/www.robotlawnsmower.com\/?s={search_term_string}"},"query-input":{"@type":"PropertyValueSpecification","valueRequired":true,"valueName":"search_term_string"}}],"inLanguage":"de"},{"@type":"Organization","@id":"https:\/\/www.robotlawnsmower.com\/#organization","name":"SHANDONG LUSTER INDUSTRIAL CO., LIMITED","url":"https:\/\/www.robotlawnsmower.com\/","logo":{"@type":"ImageObject","inLanguage":"de","@id":"https:\/\/www.robotlawnsmower.com\/#\/schema\/logo\/image\/","url":"https:\/\/www.robotlawnsmower.com\/wp-content\/uploads\/2023\/11\/logo.png","contentUrl":"https:\/\/www.robotlawnsmower.com\/wp-content\/uploads\/2023\/11\/logo.png","width":350,"height":100,"caption":"SHANDONG LUSTRE INDUSTRIAL CO., LIMITED"},"image":{"@id":"https:\/\/www.robotlawnsmower.com\/#\/schema\/logo\/image\/"},"sameAs":["https:\/\/www.facebook.com\/@rclawnmowers","https:\/\/x.com\/rclawnmowers"]}]}},"jetpack_sharing_enabled":true,"_links":{"self":[{"href":"https:\/\/www.robotlawnsmower.com\/de\/wp-json\/wp\/v2\/pages\/719","targetHints":{"allow":["GET"]}}],"collection":[{"href":"https:\/\/www.robotlawnsmower.com\/de\/wp-json\/wp\/v2\/pages"}],"about":[{"href":"https:\/\/www.robotlawnsmower.com\/de\/wp-json\/wp\/v2\/types\/page"}],"author":[{"embeddable":true,"href":"https:\/\/www.robotlawnsmower.com\/de\/wp-json\/wp\/v2\/users\/1"}],"replies":[{"embeddable":true,"href":"https:\/\/www.robotlawnsmower.com\/de\/wp-json\/wp\/v2\/comments?post=719"}],"version-history":[{"count":9,"href":"https:\/\/www.robotlawnsmower.com\/de\/wp-json\/wp\/v2\/pages\/719\/revisions"}],"predecessor-version":[{"id":1554,"href":"https:\/\/www.robotlawnsmower.com\/de\/wp-json\/wp\/v2\/pages\/719\/revisions\/1554"}],"wp:attachment":[{"href":"https:\/\/www.robotlawnsmower.com\/de\/wp-json\/wp\/v2\/media?parent=719"}],"curies":[{"name":"wp","href":"https:\/\/api.w.org\/{rel}","templated":true}]}}