{"id":710,"date":"2024-02-04T07:19:56","date_gmt":"2024-02-04T07:19:56","guid":{"rendered":"https:\/\/www.robotlawnsmower.com\/?page_id=710"},"modified":"2024-05-11T02:26:54","modified_gmt":"2024-05-11T02:26:54","slug":"versand","status":"publish","type":"page","link":"https:\/\/www.robotlawnsmower.com\/de\/shipping\/","title":{"rendered":"Versand"},"content":{"rendered":"<div data-elementor-type=\"wp-page\" data-elementor-id=\"710\" class=\"elementor elementor-710\" data-elementor-post-type=\"page\">\n\t\t\t\t\t\t<section class=\"elementor-section elementor-top-section elementor-element elementor-element-f2e79b6 elementor-section-boxed elementor-section-height-default elementor-section-height-default\" data-id=\"f2e79b6\" data-element_type=\"section\" data-e-type=\"section\">\n\t\t\t\t\t\t<div class=\"elementor-container elementor-column-gap-default\">\n\t\t\t\t\t<div class=\"elementor-column elementor-col-100 elementor-top-column elementor-element elementor-element-7dcaf9a\" data-id=\"7dcaf9a\" data-element_type=\"column\" data-e-type=\"column\">\n\t\t\t<div class=\"elementor-widget-wrap elementor-element-populated\">\n\t\t\t\t\t\t<div class=\"elementor-element elementor-element-b622b7b elementor-widget elementor-widget-spacer\" data-id=\"b622b7b\" data-element_type=\"widget\" data-e-type=\"widget\" data-widget_type=\"spacer.default\">\n\t\t\t\t<div class=\"elementor-widget-container\">\n\t\t\t\t\t\t\t<div class=\"elementor-spacer\">\n\t\t\t<div class=\"elementor-spacer-inner\"><\/div>\n\t\t<\/div>\n\t\t\t\t\t\t<\/div>\n\t\t\t\t<\/div>\n\t\t\t\t<div class=\"elementor-element elementor-element-13779ee elementor-widget elementor-widget-heading\" data-id=\"13779ee\" data-element_type=\"widget\" data-e-type=\"widget\" data-widget_type=\"heading.default\">\n\t\t\t\t<div class=\"elementor-widget-container\">\n\t\t\t\t\t<h1 class=\"elementor-heading-title elementor-size-default\">Versandbedingungen<\/h1>\t\t\t\t<\/div>\n\t\t\t\t<\/div>\n\t\t\t\t<div class=\"elementor-element elementor-element-9fd60d0 elementor-widget elementor-widget-text-editor\" data-id=\"9fd60d0\" data-element_type=\"widget\" data-e-type=\"widget\" data-widget_type=\"text-editor.default\">\n\t\t\t\t<div class=\"elementor-widget-container\">\n\t\t\t\t\t\t\t\t\t<div class=\"elementor-element elementor-element-073c24f elementor-widget elementor-widget-heading\" data-id=\"073c24f\" data-element_type=\"widget\" data-widget_type=\"heading.default\"><div class=\"elementor-widget-container\"><h2 class=\"elementor-heading-title elementor-size-default\">In welche L\u00e4nder kann geliefert werden?<\/h2><\/div><\/div><div class=\"elementor-element elementor-element-4c6ee1f elementor-widget elementor-widget-text-editor\" data-id=\"4c6ee1f\" data-element_type=\"widget\" data-widget_type=\"text-editor.default\"><div class=\"elementor-widget-container\"><p>Wir k\u00f6nnen nach Deutschland, Frankreich, Italien, Japan, in die USA, nach Neuseeland, Australien, Kanada, Spanien usw. liefern. Einige L\u00e4nder sind hier nicht aufgef\u00fchrt. Bitte kontaktieren Sie uns vor der Bestellung.<\/p><\/div><\/div><div class=\"elementor-element elementor-element-07ee052 elementor-widget elementor-widget-heading\" data-id=\"07ee052\" data-element_type=\"widget\" data-widget_type=\"heading.default\"><div class=\"elementor-widget-container\"><h2 class=\"elementor-heading-title elementor-size-default\">Wann soll Ihre Bestellung versendet werden?<\/h2><\/div><\/div><div class=\"elementor-element elementor-element-9d09630 elementor-widget elementor-widget-text-editor\" data-id=\"9d09630\" data-element_type=\"widget\" data-widget_type=\"text-editor.default\"><div class=\"elementor-widget-container\"><p>Nach Eingang Ihrer Bestellung versenden wir diese innerhalb von 3\u20137 Tagen. Gro\u00dfbestellungen verz\u00f6gern sich und ben\u00f6tigen mehr Zeit f\u00fcr die Vorbereitung.<\/p><p>Der Versand erfolgt von Montag bis Freitag, ausgenommen Feiertage. Wenn Sie am Wochenende oder an einem Feiertag eine Bestellung aufgeben, machen Sie sich keine Sorgen! Wir bearbeiten die Bestellung am n\u00e4chsten Werktag und versenden sie so schnell wie m\u00f6glich an Sie. <br \/>Lassen Sie mich wissen, wenn ich Ihnen sonst noch weiterhelfen kann!<\/p><p>Nachdem Sie eine Bestellung aufgegeben haben, k\u00f6nnen wir, um sicherzustellen, dass Ihre Bestellung rechtzeitig versandt wird, keine \u00c4nderungen oder Stornierungen dieser Bestellung akzeptieren.<\/p><\/div><\/div><div class=\"elementor-element elementor-element-e7f0ea7 elementor-widget elementor-widget-heading\" data-id=\"e7f0ea7\" data-element_type=\"widget\" data-widget_type=\"heading.default\"><div class=\"elementor-widget-container\"><h2 class=\"elementor-heading-title elementor-size-default\">Wie hoch sind die Versandkosten?<\/h2><\/div><\/div><div class=\"elementor-element elementor-element-dae1340 elementor-widget elementor-widget-text-editor\" data-id=\"dae1340\" data-element_type=\"widget\" data-widget_type=\"text-editor.default\"><div class=\"elementor-widget-container\"><p>Wir haben zwei Arten von Tarifen.<\/p><ol><li>Versand an Ihren n\u00e4chstgelegenen Seehafen: US$300-US$400\/Set<\/li><li>DDU\/DDP zu Ihrem <a href=\"https:\/\/www.robotlawnsmower.com\/de\/\" target=\"_blank\" rel=\"noopener\" >heim<\/a> T\u00fcr: US\\$600-US\\$1200, abh\u00e4ngig vom Land und der Postleitzahl.<\/li><\/ol><\/div><\/div>\t\t\t\t\t\t\t\t<\/div>\n\t\t\t\t<\/div>\n\t\t\t\t\t<\/div>\n\t\t<\/div>\n\t\t\t\t\t<\/div>\n\t\t<\/section>\n\t\t\t\t<\/div>\n\t\t<style>\r\n.lwrp.link-whisper-related-posts{\r\n            \r\n            margin-bottom: 0px;\nmargin-left: 0px;\r\n        }\r\n        .lwrp .lwrp-title{\r\n            \r\n            \r\n        }.lwrp .lwrp-description{\r\n            \r\n            \r\n\r\n        }\r\n        .lwrp .lwrp-list-container{\r\n        }\r\n        .lwrp .lwrp-list-multi-container{\r\n            display: flex;\r\n        }\r\n        .lwrp .lwrp-list-double{\r\n            width: 48%;\r\n        }\r\n        .lwrp .lwrp-list-triple{\r\n            width: 32%;\r\n        }\r\n        .lwrp .lwrp-list-row-container{\r\n            display: flex;\r\n            justify-content: space-between;\r\n        }\r\n        .lwrp .lwrp-list-row-container .lwrp-list-item{\r\n            width: calc(50% - 20px);\r\n        }\r\n        .lwrp .lwrp-list-item:not(.lwrp-no-posts-message-item){\r\n            \r\n            margin-top: 0px;\nmargin-right: 0px;\nmargin-bottom: 0px;\nmargin-left: 0px;\r\n        }\r\n        .lwrp .lwrp-list-item img{\r\n            max-width: 100%;\r\n            height: auto;\r\n            object-fit: cover;\r\n            aspect-ratio: 1 \/ 1;\r\n        }\r\n        .lwrp .lwrp-list-item.lwrp-empty-list-item{\r\n            background: initial !important;\r\n        }\r\n        .lwrp .lwrp-list-item .lwrp-list-link .lwrp-list-link-title-text,\r\n        .lwrp .lwrp-list-item .lwrp-list-no-posts-message{\r\n            \r\n            \r\n            \r\n            \r\n        }@media screen and (max-width: 480px) {\r\n            .lwrp.link-whisper-related-posts{\r\n                \r\n                margin-bottom: 0px;\nmargin-left: 0px;\r\n            }\r\n            .lwrp .lwrp-title{\r\n                \r\n                \r\n            }.lwrp .lwrp-description{\r\n                \r\n                \r\n            }\r\n            .lwrp .lwrp-list-multi-container{\r\n                flex-direction: column;\r\n            }\r\n            .lwrp .lwrp-list-multi-container ul.lwrp-list{\r\n                margin-top: 0px;\r\n                margin-bottom: 0px;\r\n                padding-top: 0px;\r\n                padding-bottom: 0px;\r\n            }\r\n            .lwrp .lwrp-list-double,\r\n            .lwrp .lwrp-list-triple{\r\n                width: 100%;\r\n            }\r\n            .lwrp .lwrp-list-row-container{\r\n                justify-content: initial;\r\n                flex-direction: column;\r\n            }\r\n            .lwrp .lwrp-list-row-container .lwrp-list-item{\r\n                width: 100%;\r\n            }\r\n            .lwrp .lwrp-list-item:not(.lwrp-no-posts-message-item){\r\n                \r\n                margin-top: 0px;\nmargin-right: 0px;\nmargin-bottom: 0px;\nmargin-left: 0px;\r\n            }\r\n            .lwrp .lwrp-list-item .lwrp-list-link .lwrp-list-link-title-text,\r\n            .lwrp .lwrp-list-item .lwrp-list-no-posts-message{\r\n                \r\n                \r\n                \r\n                \r\n            };\r\n        }<\/style>\r\n<div id=\"link-whisper-related-posts-widget\" class=\"link-whisper-related-posts lwrp\">\r\n            <h4 class=\"lwrp-title\">Verwandte Artikel<\/h4>    \r\n        <div class=\"lwrp-list-container\">\r\n                                            <div class=\"lwrp-list-multi-container\">\r\n                    <ul class=\"lwrp-list lwrp-list-double lwrp-list-left\">\r\n                        <li class=\"lwrp-list-item\"><a href=\"https:\/\/www.robotlawnsmower.com\/de\/neue-ferngesteuerte-rasenmaher-mit-raupenfahrwerk-revolutionieren-die-rasenpflege\/\" class=\"lwrp-list-link\"><span class=\"lwrp-list-link-title-text\">Neue ferngesteuerte Rasenm\u00e4her mit Raupenfahrwerk revolutionieren die Rasenpflege<\/span><\/a><\/li><li class=\"lwrp-list-item\"><a href=\"https:\/\/www.robotlawnsmower.com\/de\/rasenmaher-werden-in-die-usa-geliefert\/\" class=\"lwrp-list-link\"><span class=\"lwrp-list-link-title-text\">Ferngesteuerte Rasenm\u00e4her werden in die USA geliefert<\/span><\/a><\/li>                    <\/ul>\r\n                    <ul class=\"lwrp-list lwrp-list-double lwrp-list-right\">\r\n                        <li class=\"lwrp-list-item\"><a href=\"https:\/\/www.robotlawnsmower.com\/de\/das-motorol-sollte-beim-rasenmaher-mit-fernbedienung-richtig-und-rechtzeitig-gewechselt-werden\/\" class=\"lwrp-list-link\"><span class=\"lwrp-list-link-title-text\">Das Motor\u00f6l sollte beim ferngesteuerten Rasenm\u00e4her richtig und rechtzeitig gewechselt werden<\/span><\/a><\/li><li class=\"lwrp-list-item\"><a href=\"https:\/\/www.robotlawnsmower.com\/de\/revolutionierung-der-landschaftsgestaltung-durch-den-ferngesteuerten-zero-turn-rasenmaher\/\" class=\"lwrp-list-link\"><span class=\"lwrp-list-link-title-text\">Revolution in der Landschaftsgestaltung: Der ferngesteuerte Zero-Turn-M\u00e4her auf Raupen<\/span><\/a><\/li>                    <\/ul>\r\n                <\/div>\r\n                        <\/div>\r\n<\/div>","protected":false},"excerpt":{"rendered":"<p>Shipping Policy Which countries can be shipped to\uff1f We can ship to German, Fance, Italy, Japan, United States, New Zealand, Australia, Canada, Spain\u2026\u2026 Some Place not listed here, please contact with us before order. When to ship your order? After receiving your order, we will ship it within 3-7 days,Bulk order shipments will be delayed [&hellip;]<\/p>\n","protected":false},"author":1,"featured_media":0,"parent":0,"menu_order":0,"comment_status":"closed","ping_status":"closed","template":"","meta":{"site-sidebar-layout":"no-sidebar","site-content-layout":"","ast-site-content-layout":"full-width-container","site-content-style":"default","site-sidebar-style":"default","ast-global-header-display":"","ast-banner-title-visibility":"","ast-main-header-display":"","ast-hfb-above-header-display":"","ast-hfb-below-header-display":"","ast-hfb-mobile-header-display":"","site-post-title":"disabled","ast-breadcrumbs-content":"","ast-featured-img":"disabled","footer-sml-layout":"","ast-disable-related-posts":"","theme-transparent-header-meta":"default","adv-header-id-meta":"","stick-header-meta":"default","header-above-stick-meta":"","header-main-stick-meta":"","header-below-stick-meta":"","astra-migrate-meta-layouts":"set","ast-page-background-enabled":"default","ast-page-background-meta":{"desktop":{"background-color":"var(--ast-global-color-4)","background-image":"","background-repeat":"repeat","background-position":"center center","background-size":"auto","background-attachment":"scroll","background-type":"","background-media":"","overlay-type":"","overlay-color":"","overlay-opacity":"","overlay-gradient":""},"tablet":{"background-color":"","background-image":"","background-repeat":"repeat","background-position":"center center","background-size":"auto","background-attachment":"scroll","background-type":"","background-media":"","overlay-type":"","overlay-color":"","overlay-opacity":"","overlay-gradient":""},"mobile":{"background-color":"","background-image":"","background-repeat":"repeat","background-position":"center center","background-size":"auto","background-attachment":"scroll","background-type":"","background-media":"","overlay-type":"","overlay-color":"","overlay-opacity":"","overlay-gradient":""}},"ast-content-background-meta":{"desktop":{"background-color":"var(--ast-global-color-5)","background-image":"","background-repeat":"repeat","background-position":"center center","background-size":"auto","background-attachment":"scroll","background-type":"","background-media":"","overlay-type":"","overlay-color":"","overlay-opacity":"","overlay-gradient":""},"tablet":{"background-color":"var(--ast-global-color-5)","background-image":"","background-repeat":"repeat","background-position":"center center","background-size":"auto","background-attachment":"scroll","background-type":"","background-media":"","overlay-type":"","overlay-color":"","overlay-opacity":"","overlay-gradient":""},"mobile":{"background-color":"var(--ast-global-color-5)","background-image":"","background-repeat":"repeat","background-position":"center center","background-size":"auto","background-attachment":"scroll","background-type":"","background-media":"","overlay-type":"","overlay-color":"","overlay-opacity":"","overlay-gradient":""}},"footnotes":""},"class_list":["post-710","page","type-page","status-publish","hentry"],"yoast_head":"<!-- This site is optimized with the Yoast SEO Premium plugin v26.7 (Yoast SEO v27.4) - https:\/\/yoast.com\/product\/yoast-seo-premium-wordpress\/ -->\n<title>Shipping - Robotlawnsmower<\/title>\n<meta name=\"description\" content=\"Shipping Robotlawnsmower\" \/>\n<meta name=\"robots\" content=\"index, follow, max-snippet:-1, max-image-preview:large, max-video-preview:-1\" \/>\n<link rel=\"canonical\" href=\"https:\/\/www.robotlawnsmower.com\/de\/versand\/\" \/>\n<meta property=\"og:locale\" content=\"de_DE\" \/>\n<meta property=\"og:type\" content=\"article\" \/>\n<meta property=\"og:title\" content=\"Shipping\" \/>\n<meta property=\"og:description\" content=\"Shipping Robotlawnsmower\" \/>\n<meta property=\"og:url\" content=\"https:\/\/www.robotlawnsmower.com\/de\/versand\/\" \/>\n<meta property=\"og:site_name\" content=\"Robotlawnsmower\" \/>\n<meta property=\"article:publisher\" content=\"https:\/\/www.facebook.com\/@rclawnmowers\" \/>\n<meta property=\"article:modified_time\" content=\"2024-05-11T02:26:54+00:00\" \/>\n<meta property=\"og:image\" content=\"https:\/\/www.robotlawnsmower.com\/wp-content\/uploads\/2024\/01\/remote-control-lawn-mower.png\" \/>\n\t<meta property=\"og:image:width\" content=\"1600\" \/>\n\t<meta property=\"og:image:height\" content=\"649\" \/>\n\t<meta property=\"og:image:type\" content=\"image\/png\" \/>\n<meta name=\"twitter:card\" content=\"summary_large_image\" \/>\n<meta name=\"twitter:site\" content=\"@rclawnmowers\" \/>\n<meta name=\"twitter:label1\" content=\"Gesch\u00e4tzte Lesezeit\" \/>\n\t<meta name=\"twitter:data1\" content=\"1\u00a0Minute\" \/>\n<script type=\"application\/ld+json\" class=\"yoast-schema-graph\">{\"@context\":\"https:\\\/\\\/schema.org\",\"@graph\":[{\"@type\":\"WebPage\",\"@id\":\"https:\\\/\\\/www.robotlawnsmower.com\\\/shipping\\\/\",\"url\":\"https:\\\/\\\/www.robotlawnsmower.com\\\/shipping\\\/\",\"name\":\"Shipping - Robotlawnsmower\",\"isPartOf\":{\"@id\":\"https:\\\/\\\/www.robotlawnsmower.com\\\/#website\"},\"datePublished\":\"2024-02-04T07:19:56+00:00\",\"dateModified\":\"2024-05-11T02:26:54+00:00\",\"description\":\"Shipping Robotlawnsmower\",\"breadcrumb\":{\"@id\":\"https:\\\/\\\/www.robotlawnsmower.com\\\/shipping\\\/#breadcrumb\"},\"inLanguage\":\"de\",\"potentialAction\":[{\"@type\":\"ReadAction\",\"target\":[\"https:\\\/\\\/www.robotlawnsmower.com\\\/shipping\\\/\"]}]},{\"@type\":\"BreadcrumbList\",\"@id\":\"https:\\\/\\\/www.robotlawnsmower.com\\\/shipping\\\/#breadcrumb\",\"itemListElement\":[{\"@type\":\"ListItem\",\"position\":1,\"name\":\"Home\",\"item\":\"https:\\\/\\\/www.robotlawnsmower.com\\\/\"},{\"@type\":\"ListItem\",\"position\":2,\"name\":\"Shipping\"}]},{\"@type\":\"WebSite\",\"@id\":\"https:\\\/\\\/www.robotlawnsmower.com\\\/#website\",\"url\":\"https:\\\/\\\/www.robotlawnsmower.com\\\/\",\"name\":\"Robotlawnsmower\",\"description\":\"Robot remote control lawn mower supplier\",\"publisher\":{\"@id\":\"https:\\\/\\\/www.robotlawnsmower.com\\\/#organization\"},\"alternateName\":\"Remote control Robot lawn mower\",\"potentialAction\":[{\"@type\":\"SearchAction\",\"target\":{\"@type\":\"EntryPoint\",\"urlTemplate\":\"https:\\\/\\\/www.robotlawnsmower.com\\\/?s={search_term_string}\"},\"query-input\":{\"@type\":\"PropertyValueSpecification\",\"valueRequired\":true,\"valueName\":\"search_term_string\"}}],\"inLanguage\":\"de\"},{\"@type\":\"Organization\",\"@id\":\"https:\\\/\\\/www.robotlawnsmower.com\\\/#organization\",\"name\":\"SHANDONG LUSTRE INDUSTRIAL CO., LIMITED\",\"url\":\"https:\\\/\\\/www.robotlawnsmower.com\\\/\",\"logo\":{\"@type\":\"ImageObject\",\"inLanguage\":\"de\",\"@id\":\"https:\\\/\\\/www.robotlawnsmower.com\\\/#\\\/schema\\\/logo\\\/image\\\/\",\"url\":\"https:\\\/\\\/www.robotlawnsmower.com\\\/wp-content\\\/uploads\\\/2023\\\/11\\\/logo.png\",\"contentUrl\":\"https:\\\/\\\/www.robotlawnsmower.com\\\/wp-content\\\/uploads\\\/2023\\\/11\\\/logo.png\",\"width\":350,\"height\":100,\"caption\":\"SHANDONG LUSTRE INDUSTRIAL CO., LIMITED\"},\"image\":{\"@id\":\"https:\\\/\\\/www.robotlawnsmower.com\\\/#\\\/schema\\\/logo\\\/image\\\/\"},\"sameAs\":[\"https:\\\/\\\/www.facebook.com\\\/@rclawnmowers\",\"https:\\\/\\\/x.com\\\/rclawnmowers\"]}]}<\/script>\n<!-- \/ Yoast SEO Premium plugin. -->","yoast_head_json":{"title":"Versand - Rasenm\u00e4herroboter","description":"Versand Roboterrasenm\u00e4her","robots":{"index":"index","follow":"follow","max-snippet":"max-snippet:-1","max-image-preview":"max-image-preview:large","max-video-preview":"max-video-preview:-1"},"canonical":"https:\/\/www.robotlawnsmower.com\/de\/versand\/","og_locale":"de_DE","og_type":"article","og_title":"Shipping","og_description":"Shipping Robotlawnsmower","og_url":"https:\/\/www.robotlawnsmower.com\/de\/versand\/","og_site_name":"Robotlawnsmower","article_publisher":"https:\/\/www.facebook.com\/@rclawnmowers","article_modified_time":"2024-05-11T02:26:54+00:00","og_image":[{"width":1600,"height":649,"url":"https:\/\/www.robotlawnsmower.com\/wp-content\/uploads\/2024\/01\/remote-control-lawn-mower.png","type":"image\/png"}],"twitter_card":"summary_large_image","twitter_site":"@rclawnmowers","twitter_misc":{"Gesch\u00e4tzte Lesezeit":"1\u00a0Minute"},"schema":{"@context":"https:\/\/schema.org","@graph":[{"@type":"WebPage","@id":"https:\/\/www.robotlawnsmower.com\/shipping\/","url":"https:\/\/www.robotlawnsmower.com\/shipping\/","name":"Versand - Rasenm\u00e4herroboter","isPartOf":{"@id":"https:\/\/www.robotlawnsmower.com\/#website"},"datePublished":"2024-02-04T07:19:56+00:00","dateModified":"2024-05-11T02:26:54+00:00","description":"Versand Roboterrasenm\u00e4her","breadcrumb":{"@id":"https:\/\/www.robotlawnsmower.com\/shipping\/#breadcrumb"},"inLanguage":"de","potentialAction":[{"@type":"ReadAction","target":["https:\/\/www.robotlawnsmower.com\/shipping\/"]}]},{"@type":"BreadcrumbList","@id":"https:\/\/www.robotlawnsmower.com\/shipping\/#breadcrumb","itemListElement":[{"@type":"ListItem","position":1,"name":"Home","item":"https:\/\/www.robotlawnsmower.com\/"},{"@type":"ListItem","position":2,"name":"Shipping"}]},{"@type":"WebSite","@id":"https:\/\/www.robotlawnsmower.com\/#website","url":"https:\/\/www.robotlawnsmower.com\/","name":"Roboterrasenm\u00e4her","description":"Lieferant von ferngesteuerten Rasenm\u00e4herrobotern","publisher":{"@id":"https:\/\/www.robotlawnsmower.com\/#organization"},"alternateName":"Remote control Robot lawn mower","potentialAction":[{"@type":"SearchAction","target":{"@type":"EntryPoint","urlTemplate":"https:\/\/www.robotlawnsmower.com\/?s={search_term_string}"},"query-input":{"@type":"PropertyValueSpecification","valueRequired":true,"valueName":"search_term_string"}}],"inLanguage":"de"},{"@type":"Organization","@id":"https:\/\/www.robotlawnsmower.com\/#organization","name":"SHANDONG LUSTER INDUSTRIAL CO., LIMITED","url":"https:\/\/www.robotlawnsmower.com\/","logo":{"@type":"ImageObject","inLanguage":"de","@id":"https:\/\/www.robotlawnsmower.com\/#\/schema\/logo\/image\/","url":"https:\/\/www.robotlawnsmower.com\/wp-content\/uploads\/2023\/11\/logo.png","contentUrl":"https:\/\/www.robotlawnsmower.com\/wp-content\/uploads\/2023\/11\/logo.png","width":350,"height":100,"caption":"SHANDONG LUSTRE INDUSTRIAL CO., LIMITED"},"image":{"@id":"https:\/\/www.robotlawnsmower.com\/#\/schema\/logo\/image\/"},"sameAs":["https:\/\/www.facebook.com\/@rclawnmowers","https:\/\/x.com\/rclawnmowers"]}]}},"jetpack_sharing_enabled":true,"_links":{"self":[{"href":"https:\/\/www.robotlawnsmower.com\/de\/wp-json\/wp\/v2\/pages\/710","targetHints":{"allow":["GET"]}}],"collection":[{"href":"https:\/\/www.robotlawnsmower.com\/de\/wp-json\/wp\/v2\/pages"}],"about":[{"href":"https:\/\/www.robotlawnsmower.com\/de\/wp-json\/wp\/v2\/types\/page"}],"author":[{"embeddable":true,"href":"https:\/\/www.robotlawnsmower.com\/de\/wp-json\/wp\/v2\/users\/1"}],"replies":[{"embeddable":true,"href":"https:\/\/www.robotlawnsmower.com\/de\/wp-json\/wp\/v2\/comments?post=710"}],"version-history":[{"count":19,"href":"https:\/\/www.robotlawnsmower.com\/de\/wp-json\/wp\/v2\/pages\/710\/revisions"}],"predecessor-version":[{"id":1551,"href":"https:\/\/www.robotlawnsmower.com\/de\/wp-json\/wp\/v2\/pages\/710\/revisions\/1551"}],"wp:attachment":[{"href":"https:\/\/www.robotlawnsmower.com\/de\/wp-json\/wp\/v2\/media?parent=710"}],"curies":[{"name":"wp","href":"https:\/\/api.w.org\/{rel}","templated":true}]}}