{"id":1641,"date":"2024-05-11T08:49:23","date_gmt":"2024-05-11T08:49:23","guid":{"rendered":"https:\/\/www.robotlawnsmower.com\/?page_id=1641"},"modified":"2024-05-11T08:49:23","modified_gmt":"2024-05-11T08:49:23","slug":"jjhh","status":"publish","type":"page","link":"https:\/\/www.robotlawnsmower.com\/de\/yhhh\/","title":{"rendered":"jjhh"},"content":{"rendered":"<p>pr\u00fcfen<\/p>\n<p>&nbsp;<\/p>\n<style>\r\n.lwrp.link-whisper-related-posts{\r\n            \r\n            margin-bottom: 0px;\nmargin-left: 0px;\r\n        }\r\n        .lwrp .lwrp-title{\r\n            \r\n            \r\n        }.lwrp .lwrp-description{\r\n            \r\n            \r\n\r\n        }\r\n        .lwrp .lwrp-list-container{\r\n        }\r\n        .lwrp .lwrp-list-multi-container{\r\n            display: flex;\r\n        }\r\n        .lwrp .lwrp-list-double{\r\n            width: 48%;\r\n        }\r\n        .lwrp .lwrp-list-triple{\r\n            width: 32%;\r\n        }\r\n        .lwrp .lwrp-list-row-container{\r\n            display: flex;\r\n            justify-content: space-between;\r\n        }\r\n        .lwrp .lwrp-list-row-container .lwrp-list-item{\r\n            width: calc(50% - 20px);\r\n        }\r\n        .lwrp .lwrp-list-item:not(.lwrp-no-posts-message-item){\r\n            \r\n            margin-top: 0px;\nmargin-right: 0px;\nmargin-bottom: 0px;\nmargin-left: 0px;\r\n        }\r\n        .lwrp .lwrp-list-item img{\r\n            max-width: 100%;\r\n            height: auto;\r\n            object-fit: cover;\r\n            aspect-ratio: 1 \/ 1;\r\n        }\r\n        .lwrp .lwrp-list-item.lwrp-empty-list-item{\r\n            background: initial !important;\r\n        }\r\n        .lwrp .lwrp-list-item .lwrp-list-link .lwrp-list-link-title-text,\r\n        .lwrp .lwrp-list-item .lwrp-list-no-posts-message{\r\n            \r\n            \r\n            \r\n            \r\n        }@media screen and (max-width: 480px) {\r\n            .lwrp.link-whisper-related-posts{\r\n                \r\n                margin-bottom: 0px;\nmargin-left: 0px;\r\n            }\r\n            .lwrp .lwrp-title{\r\n                \r\n                \r\n            }.lwrp .lwrp-description{\r\n                \r\n                \r\n            }\r\n            .lwrp .lwrp-list-multi-container{\r\n                flex-direction: column;\r\n            }\r\n            .lwrp .lwrp-list-multi-container ul.lwrp-list{\r\n                margin-top: 0px;\r\n                margin-bottom: 0px;\r\n                padding-top: 0px;\r\n                padding-bottom: 0px;\r\n            }\r\n            .lwrp .lwrp-list-double,\r\n            .lwrp .lwrp-list-triple{\r\n                width: 100%;\r\n            }\r\n            .lwrp .lwrp-list-row-container{\r\n                justify-content: initial;\r\n                flex-direction: column;\r\n            }\r\n            .lwrp .lwrp-list-row-container .lwrp-list-item{\r\n                width: 100%;\r\n            }\r\n            .lwrp .lwrp-list-item:not(.lwrp-no-posts-message-item){\r\n                \r\n                margin-top: 0px;\nmargin-right: 0px;\nmargin-bottom: 0px;\nmargin-left: 0px;\r\n            }\r\n            .lwrp .lwrp-list-item .lwrp-list-link .lwrp-list-link-title-text,\r\n            .lwrp .lwrp-list-item .lwrp-list-no-posts-message{\r\n                \r\n                \r\n                \r\n                \r\n            };\r\n        }<\/style>\r\n<div id=\"link-whisper-related-posts-widget\" class=\"link-whisper-related-posts lwrp\">\r\n            <h4 class=\"lwrp-title\">Verwandte Artikel<\/h4>    \r\n        <div class=\"lwrp-list-container\">\r\n                                            <div class=\"lwrp-list-multi-container\">\r\n                    <ul class=\"lwrp-list lwrp-list-double lwrp-list-left\">\r\n                        <li class=\"lwrp-list-item\"><a href=\"https:\/\/www.robotlawnsmower.com\/de\/rasenmaher-werden-in-die-usa-geliefert\/\" class=\"lwrp-list-link\"><span class=\"lwrp-list-link-title-text\">Ferngesteuerte Rasenm\u00e4her werden in die USA geliefert<\/span><\/a><\/li><li class=\"lwrp-list-item\"><a href=\"https:\/\/www.robotlawnsmower.com\/de\/ferngesteuerter-allrad-rasenmaher-revolutioniert-die-rasenpflege\/\" class=\"lwrp-list-link\"><span class=\"lwrp-list-link-title-text\">Ferngesteuerter Allrad-Rasenm\u00e4her: Revolution in der Rasenpflege<\/span><\/a><\/li>                    <\/ul>\r\n                    <ul class=\"lwrp-list lwrp-list-double lwrp-list-right\">\r\n                        <li class=\"lwrp-list-item\"><a href=\"https:\/\/www.robotlawnsmower.com\/de\/5-top-ferngesteuerte-boschungsmaher\/\" class=\"lwrp-list-link\"><span class=\"lwrp-list-link-title-text\">5 Top ferngesteuerte B\u00f6schungsm\u00e4her<\/span><\/a><\/li><li class=\"lwrp-list-item\"><a href=\"https:\/\/www.robotlawnsmower.com\/de\/die-zukunft-der-rasenpflege-die-revolution-der-rc-rasenmaher-mit-raupenantrieb-und-nullwendekreis\/\" class=\"lwrp-list-link\"><span class=\"lwrp-list-link-title-text\">Die Zukunft der Rasenpflege: Die Revolution der Zero Turn RC-Rasenm\u00e4her mit Raupenantrieb<\/span><\/a><\/li>                    <\/ul>\r\n                <\/div>\r\n                        <\/div>\r\n<\/div>","protected":false},"excerpt":{"rendered":"<p>test Verwandte Beitr\u00e4ge Ferngesteuerte Rasenm\u00e4her werden in die USA geliefertFerngesteuerter 4WD-Rasenm\u00e4her: Die Revolution der Rasenpflege 5 Top ferngesteuerte B\u00f6schungsm\u00e4herUnlocking the Future of Lawn Care: Die Revolution der kettengetriebenen Zero-Turn-Rasenm\u00e4her<\/p>","protected":false},"author":1,"featured_media":0,"parent":0,"menu_order":0,"comment_status":"closed","ping_status":"closed","template":"","meta":{"site-sidebar-layout":"default","site-content-layout":"","ast-site-content-layout":"default","site-content-style":"default","site-sidebar-style":"default","ast-global-header-display":"","ast-banner-title-visibility":"","ast-main-header-display":"","ast-hfb-above-header-display":"","ast-hfb-below-header-display":"","ast-hfb-mobile-header-display":"","site-post-title":"","ast-breadcrumbs-content":"","ast-featured-img":"","footer-sml-layout":"","ast-disable-related-posts":"","theme-transparent-header-meta":"default","adv-header-id-meta":"","stick-header-meta":"default","header-above-stick-meta":"","header-main-stick-meta":"","header-below-stick-meta":"","astra-migrate-meta-layouts":"set","ast-page-background-enabled":"default","ast-page-background-meta":{"desktop":{"background-color":"var(--ast-global-color-4)","background-image":"","background-repeat":"repeat","background-position":"center center","background-size":"auto","background-attachment":"scroll","background-type":"","background-media":"","overlay-type":"","overlay-color":"","overlay-opacity":"","overlay-gradient":""},"tablet":{"background-color":"","background-image":"","background-repeat":"repeat","background-position":"center center","background-size":"auto","background-attachment":"scroll","background-type":"","background-media":"","overlay-type":"","overlay-color":"","overlay-opacity":"","overlay-gradient":""},"mobile":{"background-color":"","background-image":"","background-repeat":"repeat","background-position":"center center","background-size":"auto","background-attachment":"scroll","background-type":"","background-media":"","overlay-type":"","overlay-color":"","overlay-opacity":"","overlay-gradient":""}},"ast-content-background-meta":{"desktop":{"background-color":"var(--ast-global-color-5)","background-image":"","background-repeat":"repeat","background-position":"center center","background-size":"auto","background-attachment":"scroll","background-type":"","background-media":"","overlay-type":"","overlay-color":"","overlay-opacity":"","overlay-gradient":""},"tablet":{"background-color":"var(--ast-global-color-5)","background-image":"","background-repeat":"repeat","background-position":"center center","background-size":"auto","background-attachment":"scroll","background-type":"","background-media":"","overlay-type":"","overlay-color":"","overlay-opacity":"","overlay-gradient":""},"mobile":{"background-color":"var(--ast-global-color-5)","background-image":"","background-repeat":"repeat","background-position":"center center","background-size":"auto","background-attachment":"scroll","background-type":"","background-media":"","overlay-type":"","overlay-color":"","overlay-opacity":"","overlay-gradient":""}},"footnotes":""},"class_list":["post-1641","page","type-page","status-publish","hentry"],"yoast_head":"<!-- This site is optimized with the Yoast SEO Premium plugin v26.7 (Yoast SEO v27.4) - https:\/\/yoast.com\/product\/yoast-seo-premium-wordpress\/ -->\n<title>yhhh - Robotlawnsmower<\/title>\n<meta name=\"description\" content=\"yhhh Robotlawnsmower\" \/>\n<meta name=\"robots\" content=\"index, follow, max-snippet:-1, max-image-preview:large, max-video-preview:-1\" \/>\n<link rel=\"canonical\" href=\"https:\/\/www.robotlawnsmower.com\/de\/jjhh\/\" \/>\n<meta property=\"og:locale\" content=\"de_DE\" \/>\n<meta property=\"og:type\" content=\"article\" \/>\n<meta property=\"og:title\" content=\"yhhh\" \/>\n<meta property=\"og:description\" content=\"yhhh Robotlawnsmower\" \/>\n<meta property=\"og:url\" content=\"https:\/\/www.robotlawnsmower.com\/de\/jjhh\/\" \/>\n<meta property=\"og:site_name\" content=\"Robotlawnsmower\" \/>\n<meta property=\"article:publisher\" content=\"https:\/\/www.facebook.com\/@rclawnmowers\" \/>\n<meta property=\"og:image\" content=\"https:\/\/www.robotlawnsmower.com\/wp-content\/uploads\/2024\/01\/remote-control-lawn-mower.png\" \/>\n\t<meta property=\"og:image:width\" content=\"1600\" \/>\n\t<meta property=\"og:image:height\" content=\"649\" \/>\n\t<meta property=\"og:image:type\" content=\"image\/png\" \/>\n<meta name=\"twitter:card\" content=\"summary_large_image\" \/>\n<meta name=\"twitter:site\" content=\"@rclawnmowers\" \/>\n<script type=\"application\/ld+json\" class=\"yoast-schema-graph\">{\"@context\":\"https:\\\/\\\/schema.org\",\"@graph\":[{\"@type\":\"WebPage\",\"@id\":\"https:\\\/\\\/www.robotlawnsmower.com\\\/yhhh\\\/\",\"url\":\"https:\\\/\\\/www.robotlawnsmower.com\\\/yhhh\\\/\",\"name\":\"yhhh - Robotlawnsmower\",\"isPartOf\":{\"@id\":\"https:\\\/\\\/www.robotlawnsmower.com\\\/#website\"},\"datePublished\":\"2024-05-11T08:49:23+00:00\",\"description\":\"yhhh Robotlawnsmower\",\"breadcrumb\":{\"@id\":\"https:\\\/\\\/www.robotlawnsmower.com\\\/yhhh\\\/#breadcrumb\"},\"inLanguage\":\"de\",\"potentialAction\":[{\"@type\":\"ReadAction\",\"target\":[\"https:\\\/\\\/www.robotlawnsmower.com\\\/yhhh\\\/\"]}]},{\"@type\":\"BreadcrumbList\",\"@id\":\"https:\\\/\\\/www.robotlawnsmower.com\\\/yhhh\\\/#breadcrumb\",\"itemListElement\":[{\"@type\":\"ListItem\",\"position\":1,\"name\":\"Home\",\"item\":\"https:\\\/\\\/www.robotlawnsmower.com\\\/\"},{\"@type\":\"ListItem\",\"position\":2,\"name\":\"yhhh\"}]},{\"@type\":\"WebSite\",\"@id\":\"https:\\\/\\\/www.robotlawnsmower.com\\\/#website\",\"url\":\"https:\\\/\\\/www.robotlawnsmower.com\\\/\",\"name\":\"Robotlawnsmower\",\"description\":\"Robot remote control lawn mower supplier\",\"publisher\":{\"@id\":\"https:\\\/\\\/www.robotlawnsmower.com\\\/#organization\"},\"alternateName\":\"Remote control Robot lawn mower\",\"potentialAction\":[{\"@type\":\"SearchAction\",\"target\":{\"@type\":\"EntryPoint\",\"urlTemplate\":\"https:\\\/\\\/www.robotlawnsmower.com\\\/?s={search_term_string}\"},\"query-input\":{\"@type\":\"PropertyValueSpecification\",\"valueRequired\":true,\"valueName\":\"search_term_string\"}}],\"inLanguage\":\"de\"},{\"@type\":\"Organization\",\"@id\":\"https:\\\/\\\/www.robotlawnsmower.com\\\/#organization\",\"name\":\"SHANDONG LUSTRE INDUSTRIAL CO., LIMITED\",\"url\":\"https:\\\/\\\/www.robotlawnsmower.com\\\/\",\"logo\":{\"@type\":\"ImageObject\",\"inLanguage\":\"de\",\"@id\":\"https:\\\/\\\/www.robotlawnsmower.com\\\/#\\\/schema\\\/logo\\\/image\\\/\",\"url\":\"https:\\\/\\\/www.robotlawnsmower.com\\\/wp-content\\\/uploads\\\/2023\\\/11\\\/logo.png\",\"contentUrl\":\"https:\\\/\\\/www.robotlawnsmower.com\\\/wp-content\\\/uploads\\\/2023\\\/11\\\/logo.png\",\"width\":350,\"height\":100,\"caption\":\"SHANDONG LUSTRE INDUSTRIAL CO., LIMITED\"},\"image\":{\"@id\":\"https:\\\/\\\/www.robotlawnsmower.com\\\/#\\\/schema\\\/logo\\\/image\\\/\"},\"sameAs\":[\"https:\\\/\\\/www.facebook.com\\\/@rclawnmowers\",\"https:\\\/\\\/x.com\\\/rclawnmowers\"]}]}<\/script>\n<!-- \/ Yoast SEO Premium plugin. -->","yoast_head_json":{"title":"yhhh - Rasenm\u00e4herroboter","description":"yhhh Roboterrasenm\u00e4her","robots":{"index":"index","follow":"follow","max-snippet":"max-snippet:-1","max-image-preview":"max-image-preview:large","max-video-preview":"max-video-preview:-1"},"canonical":"https:\/\/www.robotlawnsmower.com\/de\/jjhh\/","og_locale":"de_DE","og_type":"article","og_title":"yhhh","og_description":"yhhh Robotlawnsmower","og_url":"https:\/\/www.robotlawnsmower.com\/de\/jjhh\/","og_site_name":"Robotlawnsmower","article_publisher":"https:\/\/www.facebook.com\/@rclawnmowers","og_image":[{"width":1600,"height":649,"url":"https:\/\/www.robotlawnsmower.com\/wp-content\/uploads\/2024\/01\/remote-control-lawn-mower.png","type":"image\/png"}],"twitter_card":"summary_large_image","twitter_site":"@rclawnmowers","schema":{"@context":"https:\/\/schema.org","@graph":[{"@type":"WebPage","@id":"https:\/\/www.robotlawnsmower.com\/yhhh\/","url":"https:\/\/www.robotlawnsmower.com\/yhhh\/","name":"yhhh - Rasenm\u00e4herroboter","isPartOf":{"@id":"https:\/\/www.robotlawnsmower.com\/#website"},"datePublished":"2024-05-11T08:49:23+00:00","description":"yhhh Roboterrasenm\u00e4her","breadcrumb":{"@id":"https:\/\/www.robotlawnsmower.com\/yhhh\/#breadcrumb"},"inLanguage":"de","potentialAction":[{"@type":"ReadAction","target":["https:\/\/www.robotlawnsmower.com\/yhhh\/"]}]},{"@type":"BreadcrumbList","@id":"https:\/\/www.robotlawnsmower.com\/yhhh\/#breadcrumb","itemListElement":[{"@type":"ListItem","position":1,"name":"Home","item":"https:\/\/www.robotlawnsmower.com\/"},{"@type":"ListItem","position":2,"name":"yhhh"}]},{"@type":"WebSite","@id":"https:\/\/www.robotlawnsmower.com\/#website","url":"https:\/\/www.robotlawnsmower.com\/","name":"Roboterrasenm\u00e4her","description":"Lieferant von ferngesteuerten Rasenm\u00e4herrobotern","publisher":{"@id":"https:\/\/www.robotlawnsmower.com\/#organization"},"alternateName":"Remote control Robot lawn mower","potentialAction":[{"@type":"SearchAction","target":{"@type":"EntryPoint","urlTemplate":"https:\/\/www.robotlawnsmower.com\/?s={search_term_string}"},"query-input":{"@type":"PropertyValueSpecification","valueRequired":true,"valueName":"search_term_string"}}],"inLanguage":"de"},{"@type":"Organization","@id":"https:\/\/www.robotlawnsmower.com\/#organization","name":"SHANDONG LUSTER INDUSTRIAL CO., LIMITED","url":"https:\/\/www.robotlawnsmower.com\/","logo":{"@type":"ImageObject","inLanguage":"de","@id":"https:\/\/www.robotlawnsmower.com\/#\/schema\/logo\/image\/","url":"https:\/\/www.robotlawnsmower.com\/wp-content\/uploads\/2023\/11\/logo.png","contentUrl":"https:\/\/www.robotlawnsmower.com\/wp-content\/uploads\/2023\/11\/logo.png","width":350,"height":100,"caption":"SHANDONG LUSTRE INDUSTRIAL CO., LIMITED"},"image":{"@id":"https:\/\/www.robotlawnsmower.com\/#\/schema\/logo\/image\/"},"sameAs":["https:\/\/www.facebook.com\/@rclawnmowers","https:\/\/x.com\/rclawnmowers"]}]}},"jetpack_sharing_enabled":true,"_links":{"self":[{"href":"https:\/\/www.robotlawnsmower.com\/de\/wp-json\/wp\/v2\/pages\/1641","targetHints":{"allow":["GET"]}}],"collection":[{"href":"https:\/\/www.robotlawnsmower.com\/de\/wp-json\/wp\/v2\/pages"}],"about":[{"href":"https:\/\/www.robotlawnsmower.com\/de\/wp-json\/wp\/v2\/types\/page"}],"author":[{"embeddable":true,"href":"https:\/\/www.robotlawnsmower.com\/de\/wp-json\/wp\/v2\/users\/1"}],"replies":[{"embeddable":true,"href":"https:\/\/www.robotlawnsmower.com\/de\/wp-json\/wp\/v2\/comments?post=1641"}],"version-history":[{"count":1,"href":"https:\/\/www.robotlawnsmower.com\/de\/wp-json\/wp\/v2\/pages\/1641\/revisions"}],"predecessor-version":[{"id":1643,"href":"https:\/\/www.robotlawnsmower.com\/de\/wp-json\/wp\/v2\/pages\/1641\/revisions\/1643"}],"wp:attachment":[{"href":"https:\/\/www.robotlawnsmower.com\/de\/wp-json\/wp\/v2\/media?parent=1641"}],"curies":[{"name":"wp","href":"https:\/\/api.w.org\/{rel}","templated":true}]}}